{"id":2431,"date":"2018-04-13T18:26:08","date_gmt":"2018-04-13T16:26:08","guid":{"rendered":"https:\/\/dev.serversmtp.com\/?page_id=2431"},"modified":"2018-04-17T12:04:09","modified_gmt":"2018-04-17T10:04:09","slug":"enviar-email-transaccional","status":"publish","type":"page","link":"https:\/\/serversmtp.com\/es\/enviar-email-transaccional\/","title":{"rendered":"C\u00f3mo enviar un email transaccional"},"content":{"rendered":"<p>\u00bfQu\u00e9 es un&nbsp;<strong>email transaccional<\/strong>? En pocas palabras, se trata de un correo electr\u00f3nico activado por la <strong>acci\u00f3n de un usuario<\/strong>: por ejemplo, un email de bienvenida despu\u00e9s de un registro en una p\u00e1gina web, una confirmaci\u00f3n de restablecimiento de contrase\u00f1a, una respuesta autom\u00e1tica, un recibo de compra, una alerta de error.<\/p>\n<p>Los emails transaccionales tienen las <strong>tasas de apertura m\u00e1s altas<\/strong>, ya que son una respuesta directa a una acci\u00f3n anterior: lo que el usuario est\u00e1 de alguna manera ya esperando. Y, en general, tambi\u00e9n las tasas de click-through son extremadamente altas.<\/p>\n<p>De echo que los mensajes transaccionales son tan importantes para los negocios, es vital para un vendedor asegurarse de que est\u00e1n correctamente entregados a los destinatarios y que sean <strong>trazados en modo preciso<\/strong>. Con <a title=\"servidor smtp\" href=\"\/es\/tsmtpsignup-1.php\">turboSMTP<\/a>, puede hacer esto sin ning\u00fan esfuerzo.<\/p>\n<p>\u00bfC\u00f3mo?<\/p>\n<p>Usted s\u00f3lo tendr\u00e1 que registrarse y comenzar a enviar correos electr\u00f3nicos utilizando turboSMTP <strong>como su servidor SMTP<\/strong>. Esto maximizar\u00e1 la capacidad de entrega de todos los mensajes asegurando el n\u00famero m\u00e1s alto de emails en la bandeja de entrada.<\/p>\n<p>Puede utilizar nuestro panel de control para obtener <strong>resultados en directo sobre los emails transaccionales que ha enviado<\/strong>: la open rate, la bounce rate, el click rate y otros datos valiosos que le dar\u00e1 un control total sobre las acciones de los usuarios, y tambi\u00e9n una enorme ayuda a mejorar su comunicaci\u00f3n.<\/p>\n<p>Adem\u00e1s, si usted es un programador y necesita enviar correos electr\u00f3nicos transaccionales a trav\u00e9s de web, usted puede tomar ventaja de nuestro <strong><a title=\"SMTP API\" href=\"https:\/\/admin.serversmtp.com\/es\/servicio-smtp-api\">SMTP API<\/a><\/strong>: el m\u00e9todo de &#8220;Envio&#8221; que le permitir\u00e1 crear secuencias de comandos que turboSMTP ejecuta en su sitio web o aplicaci\u00f3n y as\u00ec entregar mensajes transaccional f\u00e1cilmente.<\/p>\n<p>Por \u00faltimo, aqu\u00ed hay algunos <strong>trucos bonus sobre c\u00f3mo hacer que sus correos electr\u00f3nicos transaccionales<\/strong> sean optimizados:<\/p>\n<ul>\n<li>Haga <strong>emails concisos y muy claros<\/strong>. El usuario ya sabe lo que est\u00e1 esperando, as\u00ed que sea sint\u00e9tico.<\/li>\n<li>Sea seguro que se env\u00edan s\u00f3lo <strong>unos segundos despu\u00e9s de la acci\u00f3n realizada<\/strong> por el usuario.<\/li>\n<li>Utilice <strong>plantilla bonitas y simple<\/strong> para alentar a hacer clic.<\/li>\n<li>Coloque sus <strong>datos de contacto<\/strong> en el pie de p\u00e1gina.<\/li>\n<li>Siempre env\u00ede desde una <strong>direcci\u00f3n activa<\/strong>, mejor si autenticada.<\/li>\n<li><strong>Preste atenci\u00f3n a la l\u00ednea de asunto<\/strong>: debe indicar claramente el contenido del correo electr\u00f3nico transaccional, para hacer que se destaque en la bandeja de entrada del usuario.<\/li>\n<\/ul>\n","protected":false},"excerpt":{"rendered":"<p>\u00bfQu\u00e9 es un&nbsp;email transaccional? En pocas palabras, se trata de un correo electr\u00f3nico activado por la acci\u00f3n de un usuario: por ejemplo, un email de bienvenida despu\u00e9s de un registro en una p\u00e1gina web, una confirmaci\u00f3n de restablecimiento de contrase\u00f1a, una respuesta autom\u00e1tica, un recibo de compra, una alerta de error. Los emails transaccionales tienen &#8230; <\/p>\n<p class=\"read-more-container\"><a title=\"C\u00f3mo enviar un email transaccional\" class=\"read-more button\" href=\"https:\/\/serversmtp.com\/es\/enviar-email-transaccional\/#more-2431\" aria-label=\"Leer m\u00e1s sobre C\u00f3mo enviar un email transaccional\">Discover more<\/a><\/p>\n","protected":false},"author":3,"featured_media":0,"parent":0,"menu_order":0,"comment_status":"closed","ping_status":"closed","template":"g1_template_page_sidebar_right.php","meta":{"_eb_attr":"","inline_featured_image":false,"_monsterinsights_skip_tracking":false,"_monsterinsights_sitenote_active":false,"_monsterinsights_sitenote_note":"","_monsterinsights_sitenote_category":0,"footnotes":""},"class_list":["post-2431","page","type-page","status-publish"],"yoast_head":"<!-- This site is optimized with the Yoast SEO plugin v25.3.1 - https:\/\/yoast.com\/wordpress\/plugins\/seo\/ -->\n<title>C\u00f3mo enviar un email transaccional - smtp mail server - professional SMTP service provider<\/title>\n<meta name=\"robots\" content=\"index, follow, max-snippet:-1, max-image-preview:large, max-video-preview:-1\" \/>\n<link rel=\"canonical\" href=\"https:\/\/serversmtp.com\/es\/enviar-email-transaccional\/\" \/>\n<meta name=\"twitter:label1\" content=\"Tiempo de lectura\" \/>\n\t<meta name=\"twitter:data1\" content=\"2 minutos\" \/>\n<!-- \/ Yoast SEO plugin. -->","yoast_head_json":{"title":"C\u00f3mo enviar un email transaccional - smtp mail server - professional SMTP service provider","robots":{"index":"index","follow":"follow","max-snippet":"max-snippet:-1","max-image-preview":"max-image-preview:large","max-video-preview":"max-video-preview:-1"},"canonical":"https:\/\/serversmtp.com\/es\/enviar-email-transaccional\/","twitter_misc":{"Tiempo de lectura":"2 minutos"},"schema":{"@context":"https:\/\/schema.org","@graph":[{"@type":"WebPage","@id":"https:\/\/serversmtp.com\/es\/enviar-email-transaccional\/","url":"https:\/\/serversmtp.com\/es\/enviar-email-transaccional\/","name":"C\u00f3mo enviar un email transaccional - smtp mail server - professional SMTP service provider","isPartOf":{"@id":"https:\/\/serversmtp.com\/it\/#website"},"datePublished":"2018-04-13T16:26:08+00:00","dateModified":"2018-04-17T10:04:09+00:00","breadcrumb":{"@id":"https:\/\/serversmtp.com\/es\/enviar-email-transaccional\/#breadcrumb"},"inLanguage":"es","potentialAction":[{"@type":"ReadAction","target":["https:\/\/serversmtp.com\/es\/enviar-email-transaccional\/"]}]},{"@type":"BreadcrumbList","@id":"https:\/\/serversmtp.com\/es\/enviar-email-transaccional\/#breadcrumb","itemListElement":[{"@type":"ListItem","position":1,"name":"Home","item":"https:\/\/serversmtp.com\/es\/"},{"@type":"ListItem","position":2,"name":"C\u00f3mo enviar un email transaccional"}]},{"@type":"WebSite","@id":"https:\/\/serversmtp.com\/it\/#website","url":"https:\/\/serversmtp.com\/it\/","name":"smtp mail server - professional SMTP service provider","description":"smtp mail server - professional SMTP service provider","publisher":{"@id":"https:\/\/serversmtp.com\/it\/#organization"},"potentialAction":[{"@type":"SearchAction","target":{"@type":"EntryPoint","urlTemplate":"https:\/\/serversmtp.com\/it\/?s={search_term_string}"},"query-input":{"@type":"PropertyValueSpecification","valueRequired":true,"valueName":"search_term_string"}}],"inLanguage":"es"},{"@type":"Organization","@id":"https:\/\/serversmtp.com\/it\/#organization","name":"Delivery Tech","url":"https:\/\/serversmtp.com\/it\/","logo":{"@type":"ImageObject","inLanguage":"es","@id":"https:\/\/serversmtp.com\/it\/#\/schema\/logo\/image\/","url":"https:\/\/serversmtp.com\/wp-content\/uploads\/2021\/11\/og-image-2.jpg","contentUrl":"https:\/\/serversmtp.com\/wp-content\/uploads\/2021\/11\/og-image-2.jpg","width":1200,"height":1128,"caption":"Delivery Tech"},"image":{"@id":"https:\/\/serversmtp.com\/it\/#\/schema\/logo\/image\/"}}]}},"_links":{"self":[{"href":"https:\/\/serversmtp.com\/es\/wp-json\/wp\/v2\/pages\/2431"}],"collection":[{"href":"https:\/\/serversmtp.com\/es\/wp-json\/wp\/v2\/pages"}],"about":[{"href":"https:\/\/serversmtp.com\/es\/wp-json\/wp\/v2\/types\/page"}],"author":[{"embeddable":true,"href":"https:\/\/serversmtp.com\/es\/wp-json\/wp\/v2\/users\/3"}],"replies":[{"embeddable":true,"href":"https:\/\/serversmtp.com\/es\/wp-json\/wp\/v2\/comments?post=2431"}],"version-history":[{"count":3,"href":"https:\/\/serversmtp.com\/es\/wp-json\/wp\/v2\/pages\/2431\/revisions"}],"predecessor-version":[{"id":2460,"href":"https:\/\/serversmtp.com\/es\/wp-json\/wp\/v2\/pages\/2431\/revisions\/2460"}],"wp:attachment":[{"href":"https:\/\/serversmtp.com\/es\/wp-json\/wp\/v2\/media?parent=2431"}],"curies":[{"name":"wp","href":"https:\/\/api.w.org\/{rel}","templated":true}]}}