{"id":2428,"date":"2018-04-13T18:23:47","date_gmt":"2018-04-13T16:23:47","guid":{"rendered":"https:\/\/dev.serversmtp.com\/?page_id=2428"},"modified":"2018-04-17T11:58:25","modified_gmt":"2018-04-17T09:58:25","slug":"enviar-correo-masivo","status":"publish","type":"page","link":"https:\/\/serversmtp.com\/es\/enviar-correo-masivo\/","title":{"rendered":"Como env\u00edar un correo masivo"},"content":{"rendered":"<p>Cuando se trata de <strong>enviar un correo masivo<\/strong> (como un boletin de noticias o una oferta comerciales a muchas direcciones), es crucial entender que s\u00f3lo un <strong>servidor SMTP profesional<\/strong> puede hacer el trabajo correctamente.<\/p>\n<p>De hecho, los servidores comunes de correo, como los asociados a los proveedores gratuitos (Yahoo, Gmail, etc) no est\u00e1n estructurados para gestionar un mailing&nbsp;masivo.<\/p>\n<p>En primer lugar, porque hay algunas <strong>limitaciones<\/strong> sobre el n\u00famero de direcciones que usted puede gestionar por envi\u00f3, y en segundo lugar, sus emails ser\u00e1n probablemente <strong>filtrados<\/strong> por la mayor\u00eda de los servidores. Usted, en una palabra, ser\u00e1 considerado como un spammer, incluso si usted est\u00e1 haciendo email marketing en forma regular.<\/p>\n<p>Horrible, \u00bfno es as\u00ed?<\/p>\n<p>As\u00ed que para garantizar que sus emails sean entregados correctamente a todos los destinatarios, debe contar con un servidor SMTP que ha sido <strong>acertadamente dise\u00f1ado para los correos masivos<\/strong>: que mantiene un di\u00e1logo constante con todos los principales proveedores de Internet (ISP) y trabaja duro para <strong>evitar cualquier tipo de peligro de listas negras<\/strong>. Es la \u00fanica manera de sacar el m\u00e1ximo provecho de su bolet\u00edn de noticias y hacer un <strong>email marketing realmente profesional<\/strong>.<\/p>\n<p>Usted puede obtener inmediatamente turboSMTP con <a title=\"servidor SMTP\" href=\"\/es\/signup\">6.000 emails gratis al mes<\/a> y configurar turboSMTP como correo masivo favorito, o directamente <a title=\"smtp professional\" href=\"\/es\/cart.php?systpl=turbo-smtp&amp;systpl=turbo-smtp&amp;currency=3\">elegir el mejor plan<\/a> (mensual o prepago) para sus necesidades.<\/p>\n<p>Ver\u00e1s la diferencia <strong>inmediatamente<\/strong>.<\/p>\n","protected":false},"excerpt":{"rendered":"<p>Cuando se trata de enviar un correo masivo (como un boletin de noticias o una oferta comerciales a muchas direcciones), es crucial entender que s\u00f3lo un servidor SMTP profesional puede hacer el trabajo correctamente. De hecho, los servidores comunes de correo, como los asociados a los proveedores gratuitos (Yahoo, Gmail, etc) no est\u00e1n estructurados para [&hellip;]<\/p>\n","protected":false},"author":3,"featured_media":0,"parent":0,"menu_order":0,"comment_status":"closed","ping_status":"closed","template":"g1_template_page_sidebar_right.php","meta":[],"yoast_head":"<!-- This site is optimized with the Yoast SEO plugin v16.4 - https:\/\/yoast.com\/wordpress\/plugins\/seo\/ -->\n<meta name=\"robots\" content=\"index, follow, max-snippet:-1, max-image-preview:large, max-video-preview:-1\" \/>\n<link rel=\"canonical\" href=\"https:\/\/serversmtp.com\/es\/enviar-correo-masivo\/\" \/>\n<meta property=\"og:locale\" content=\"es_ES\" \/>\n<meta property=\"og:type\" content=\"article\" \/>\n<meta property=\"og:title\" content=\"Como env\u00edar un correo masivo - smtp mail server - professional SMTP service provider\" \/>\n<meta property=\"og:description\" content=\"Cuando se trata de enviar un correo masivo (como un boletin de noticias o una oferta comerciales a muchas direcciones), es crucial entender que s\u00f3lo un servidor SMTP profesional puede hacer el trabajo correctamente. De hecho, los servidores comunes de correo, como los asociados a los proveedores gratuitos (Yahoo, Gmail, etc) no est\u00e1n estructurados para [&hellip;]\" \/>\n<meta property=\"og:url\" content=\"https:\/\/serversmtp.com\/es\/enviar-correo-masivo\/\" \/>\n<meta property=\"og:site_name\" content=\"smtp mail server - professional SMTP service provider\" \/>\n<meta property=\"article:modified_time\" content=\"2018-04-17T09:58:25+00:00\" \/>\n<meta name=\"twitter:card\" content=\"summary_large_image\" \/>\n<meta name=\"twitter:label1\" content=\"Tiempo de lectura\" \/>\n\t<meta name=\"twitter:data1\" content=\"1 minuto\" \/>\n<script type=\"application\/ld+json\" class=\"yoast-schema-graph\">{\"@context\":\"https:\/\/schema.org\",\"@graph\":[{\"@type\":\"WebSite\",\"@id\":\"https:\/\/serversmtp.com\/#website\",\"url\":\"https:\/\/serversmtp.com\/\",\"name\":\"smtp mail server - professional SMTP service provider\",\"description\":\"smtp mail server - professional SMTP service provider \",\"potentialAction\":[{\"@type\":\"SearchAction\",\"target\":\"https:\/\/serversmtp.com\/?s={search_term_string}\",\"query-input\":\"required name=search_term_string\"}],\"inLanguage\":\"es\"},{\"@type\":\"WebPage\",\"@id\":\"https:\/\/serversmtp.com\/es\/enviar-correo-masivo\/#webpage\",\"url\":\"https:\/\/serversmtp.com\/es\/enviar-correo-masivo\/\",\"name\":\"Como env\\u00edar un correo masivo - smtp mail server - professional SMTP service provider\",\"isPartOf\":{\"@id\":\"https:\/\/serversmtp.com\/#website\"},\"datePublished\":\"2018-04-13T16:23:47+00:00\",\"dateModified\":\"2018-04-17T09:58:25+00:00\",\"breadcrumb\":{\"@id\":\"https:\/\/serversmtp.com\/es\/enviar-correo-masivo\/#breadcrumb\"},\"inLanguage\":\"es\",\"potentialAction\":[{\"@type\":\"ReadAction\",\"target\":[\"https:\/\/serversmtp.com\/es\/enviar-correo-masivo\/\"]}]},{\"@type\":\"BreadcrumbList\",\"@id\":\"https:\/\/serversmtp.com\/es\/enviar-correo-masivo\/#breadcrumb\",\"itemListElement\":[{\"@type\":\"ListItem\",\"position\":1,\"item\":{\"@type\":\"WebPage\",\"@id\":\"https:\/\/serversmtp.com\/es\/\",\"url\":\"https:\/\/serversmtp.com\/es\/\",\"name\":\"Home\"}},{\"@type\":\"ListItem\",\"position\":2,\"item\":{\"@id\":\"https:\/\/serversmtp.com\/es\/enviar-correo-masivo\/#webpage\"}}]}]}<\/script>\n<!-- \/ Yoast SEO plugin. -->","_links":{"self":[{"href":"https:\/\/serversmtp.com\/es\/wp-json\/wp\/v2\/pages\/2428"}],"collection":[{"href":"https:\/\/serversmtp.com\/es\/wp-json\/wp\/v2\/pages"}],"about":[{"href":"https:\/\/serversmtp.com\/es\/wp-json\/wp\/v2\/types\/page"}],"author":[{"embeddable":true,"href":"https:\/\/serversmtp.com\/es\/wp-json\/wp\/v2\/users\/3"}],"replies":[{"embeddable":true,"href":"https:\/\/serversmtp.com\/es\/wp-json\/wp\/v2\/comments?post=2428"}],"version-history":[{"count":2,"href":"https:\/\/serversmtp.com\/es\/wp-json\/wp\/v2\/pages\/2428\/revisions"}],"predecessor-version":[{"id":2430,"href":"https:\/\/serversmtp.com\/es\/wp-json\/wp\/v2\/pages\/2428\/revisions\/2430"}],"wp:attachment":[{"href":"https:\/\/serversmtp.com\/es\/wp-json\/wp\/v2\/media?parent=2428"}],"curies":[{"name":"wp","href":"https:\/\/api.w.org\/{rel}","templated":true}]}}