{"id":2420,"date":"2018-04-13T18:11:27","date_gmt":"2018-04-13T16:11:27","guid":{"rendered":"https:\/\/dev.serversmtp.com\/?page_id=2420"},"modified":"2018-04-17T11:56:49","modified_gmt":"2018-04-17T09:56:49","slug":"servidor-correo-saliente","status":"publish","type":"page","link":"https:\/\/serversmtp.com\/es\/servidor-correo-saliente\/","title":{"rendered":"Servidor de correo saliente"},"content":{"rendered":"<p>Seleccionar el <strong>servidor de correo saliente<\/strong> es esencial en lo relativo al marketing por email; pero no s\u00f3lo en este. De hecho, siempre que env\u00eda un email (a\u00fan una simple l\u00ednea a un colega o un amigo) usted conf\u00eda en una m\u00e1quina \u2013 la cual \u201chabla\u201d el protocolo SMTP, con el <strong>servidor SMTP<\/strong>.<\/p>\n<p>Para decirlo simple, un servidor de correo saliente se encarga del <strong>proceso de env\u00edo de sus emails<\/strong>, transfiriendo los mismos desde su cliente o correo web a otra computadora \u2013 el servidor entrante \u2013 en donde el lector puede obtener su mensaje. Es similar a un <strong>cartero digital<\/strong>.<\/p>\n<p>Es por ello que siempre es necesario <a title=\"configurar servidor SMTP\" href=\"\/es\/configurar-servidor-smtp\">configurar un servidor de email saliente<\/a> cuando utiliza un cliente tal como Mozilla Thunderbird o Microsoft Outlook, proporcionando el nombre de servidor correcto, el puerto correcto y el resto de las configuraciones.<\/p>\n<p>Una cosa es crucial: si usted necesita enviar correos masivos tales como newsletters o una oferta a una gran cantidad de direcciones, <strong>nunca deber\u00eda utilizar un servidor SMTP com\u00fan<\/strong> tal como los servicios asociados a Gmail, Yahoo y otros servicios gratuitos.<\/p>\n<p>La raz\u00f3n es simple. No se encuentran estructurados para gestionar correos masivos, poseen <strong>l\u00edmites sobre la cantidad de destinatarios<\/strong> que usted puede utilizar por env\u00edo. Adem\u00e1s, seguramente tendr\u00e1 problemas de env\u00edos: la gran mayor\u00eda de sus mensajes ser\u00e1n simplemente <strong>filtrados<\/strong> por los servidores entrantes de los ISPs.<\/p>\n<p>Por ello, recuerde: para enviar correos masivos, siempre debe confiar en un<strong> servicio de salida profesional<\/strong> tal como turboSMTP. Puede suscribirse ahora y <a title=\"servidor smtp profesional\" href=\"\/es\/signup\">obtener 6.000 env\u00edos mensuales gratis, para siempre<\/a>.<\/p>\n","protected":false},"excerpt":{"rendered":"<p>Seleccionar el servidor de correo saliente es esencial en lo relativo al marketing por email; pero no s\u00f3lo en este. De hecho, siempre que env\u00eda un email (a\u00fan una simple l\u00ednea a un colega o un amigo) usted conf\u00eda en una m\u00e1quina \u2013 la cual \u201chabla\u201d el protocolo SMTP, con el servidor SMTP. Para decirlo &#8230; <\/p>\n<p class=\"read-more-container\"><a title=\"Servidor de correo saliente\" class=\"read-more button\" href=\"https:\/\/serversmtp.com\/es\/servidor-correo-saliente\/#more-2420\" aria-label=\"Leer m\u00e1s sobre Servidor de correo saliente\">Discover more<\/a><\/p>\n","protected":false},"author":3,"featured_media":0,"parent":0,"menu_order":0,"comment_status":"closed","ping_status":"closed","template":"g1_template_page_sidebar_right.php","meta":{"_eb_attr":"","inline_featured_image":false,"_monsterinsights_skip_tracking":false,"_monsterinsights_sitenote_active":false,"_monsterinsights_sitenote_note":"","_monsterinsights_sitenote_category":0,"footnotes":""},"class_list":["post-2420","page","type-page","status-publish"],"yoast_head":"<!-- This site is optimized with the Yoast SEO plugin v25.3.1 - https:\/\/yoast.com\/wordpress\/plugins\/seo\/ -->\n<title>Servidor de correo saliente - smtp mail server - professional SMTP service provider<\/title>\n<meta name=\"robots\" content=\"index, follow, max-snippet:-1, max-image-preview:large, max-video-preview:-1\" \/>\n<link rel=\"canonical\" href=\"https:\/\/serversmtp.com\/es\/servidor-correo-saliente\/\" \/>\n<meta name=\"twitter:label1\" content=\"Tiempo de lectura\" \/>\n\t<meta name=\"twitter:data1\" content=\"1 minuto\" \/>\n<!-- \/ Yoast SEO plugin. -->","yoast_head_json":{"title":"Servidor de correo saliente - smtp mail server - professional SMTP service provider","robots":{"index":"index","follow":"follow","max-snippet":"max-snippet:-1","max-image-preview":"max-image-preview:large","max-video-preview":"max-video-preview:-1"},"canonical":"https:\/\/serversmtp.com\/es\/servidor-correo-saliente\/","twitter_misc":{"Tiempo de lectura":"1 minuto"},"schema":{"@context":"https:\/\/schema.org","@graph":[{"@type":"WebPage","@id":"https:\/\/serversmtp.com\/es\/servidor-correo-saliente\/","url":"https:\/\/serversmtp.com\/es\/servidor-correo-saliente\/","name":"Servidor de correo saliente - smtp mail server - professional SMTP service provider","isPartOf":{"@id":"https:\/\/serversmtp.com\/it\/#website"},"datePublished":"2018-04-13T16:11:27+00:00","dateModified":"2018-04-17T09:56:49+00:00","breadcrumb":{"@id":"https:\/\/serversmtp.com\/es\/servidor-correo-saliente\/#breadcrumb"},"inLanguage":"es","potentialAction":[{"@type":"ReadAction","target":["https:\/\/serversmtp.com\/es\/servidor-correo-saliente\/"]}]},{"@type":"BreadcrumbList","@id":"https:\/\/serversmtp.com\/es\/servidor-correo-saliente\/#breadcrumb","itemListElement":[{"@type":"ListItem","position":1,"name":"Home","item":"https:\/\/serversmtp.com\/es\/"},{"@type":"ListItem","position":2,"name":"Servidor de correo saliente"}]},{"@type":"WebSite","@id":"https:\/\/serversmtp.com\/it\/#website","url":"https:\/\/serversmtp.com\/it\/","name":"smtp mail server - professional SMTP service provider","description":"smtp mail server - professional SMTP service provider","publisher":{"@id":"https:\/\/serversmtp.com\/it\/#organization"},"potentialAction":[{"@type":"SearchAction","target":{"@type":"EntryPoint","urlTemplate":"https:\/\/serversmtp.com\/it\/?s={search_term_string}"},"query-input":{"@type":"PropertyValueSpecification","valueRequired":true,"valueName":"search_term_string"}}],"inLanguage":"es"},{"@type":"Organization","@id":"https:\/\/serversmtp.com\/it\/#organization","name":"Delivery Tech","url":"https:\/\/serversmtp.com\/it\/","logo":{"@type":"ImageObject","inLanguage":"es","@id":"https:\/\/serversmtp.com\/it\/#\/schema\/logo\/image\/","url":"https:\/\/serversmtp.com\/wp-content\/uploads\/2021\/11\/og-image-2.jpg","contentUrl":"https:\/\/serversmtp.com\/wp-content\/uploads\/2021\/11\/og-image-2.jpg","width":1200,"height":1128,"caption":"Delivery Tech"},"image":{"@id":"https:\/\/serversmtp.com\/it\/#\/schema\/logo\/image\/"}}]}},"_links":{"self":[{"href":"https:\/\/serversmtp.com\/es\/wp-json\/wp\/v2\/pages\/2420"}],"collection":[{"href":"https:\/\/serversmtp.com\/es\/wp-json\/wp\/v2\/pages"}],"about":[{"href":"https:\/\/serversmtp.com\/es\/wp-json\/wp\/v2\/types\/page"}],"author":[{"embeddable":true,"href":"https:\/\/serversmtp.com\/es\/wp-json\/wp\/v2\/users\/3"}],"replies":[{"embeddable":true,"href":"https:\/\/serversmtp.com\/es\/wp-json\/wp\/v2\/comments?post=2420"}],"version-history":[{"count":3,"href":"https:\/\/serversmtp.com\/es\/wp-json\/wp\/v2\/pages\/2420\/revisions"}],"predecessor-version":[{"id":2459,"href":"https:\/\/serversmtp.com\/es\/wp-json\/wp\/v2\/pages\/2420\/revisions\/2459"}],"wp:attachment":[{"href":"https:\/\/serversmtp.com\/es\/wp-json\/wp\/v2\/media?parent=2420"}],"curies":[{"name":"wp","href":"https:\/\/api.w.org\/{rel}","templated":true}]}}