{"id":2418,"date":"2018-04-13T18:07:56","date_gmt":"2018-04-13T16:07:56","guid":{"rendered":"https:\/\/dev.serversmtp.com\/?page_id=2418"},"modified":"2018-04-13T18:07:56","modified_gmt":"2018-04-13T16:07:56","slug":"smtp-ilimitado","status":"publish","type":"page","link":"https:\/\/serversmtp.com\/es\/smtp-ilimitado\/","title":{"rendered":"SMTP ilimitado"},"content":{"rendered":"<p>Porqu\u00e9 utilizar un <strong>servidor SMTP ilimitado<\/strong>? Es una pregunta importante.<\/p>\n<p>El <strong>marketing por email<\/strong> ha probado ser uno de los m\u00e9todos de promoci\u00f3n digital m\u00e1s efectivos, con capacidad de alcanzar una amplia audiencia muy r\u00e1pidamente y al menor costo. Es por ello que es importante no subestimar los aspectos t\u00e9cnicos de la <strong>entrega de emails<\/strong>: ante todo, un <strong>SMTP ilimitado<\/strong>\u00a0y de confianza.<\/p>\n<p>Los <strong>servidores SMTP<\/strong> dos proveedores de email comunes tales como Yahoo! Mail o Gmail no permiten enviar emails ilimitados de una vez: poseen <strong>limitaciones estrictas<\/strong> tanto para la cantidad de mensajes como para la cantidad de destinatarios que pueden gestionar por d\u00eda.<\/p>\n<p>Por ello si usted est\u00e1 iniciando una campa\u00f1a de email y necesita enviar un newsletter a una gran cantidad de cuentas, necesita utilizar un <strong><a title=\"SMTP ilimitado\" href=\"\/es\/signup\">servidor SMTP ilimitado<\/a><\/strong>\u00a0y profesional como turboSMTP. Es decir, un servidor de entrega monitoreado que permita enviar emails ilimitados sin preocupaciones, maximizando sus tasas de entrega.<\/p>\n<p>Tambi\u00e9n, turboSMTP provee una herramienta poderosa de <strong>seguimiento en tiempo real<\/strong> que permite conocer los efectos de su campa\u00f1a de correos masivos (tasas de apertura, tasas de clics, cantidad de devoluciones).<\/p>\n","protected":false},"excerpt":{"rendered":"<p>Porqu\u00e9 utilizar un servidor SMTP ilimitado? Es una pregunta importante. El marketing por email ha probado ser uno de los m\u00e9todos de promoci\u00f3n digital m\u00e1s efectivos, con capacidad de alcanzar una amplia audiencia muy r\u00e1pidamente y al menor costo. Es por ello que es importante no subestimar los aspectos t\u00e9cnicos de la entrega de emails: &#8230; <\/p>\n<p class=\"read-more-container\"><a title=\"SMTP ilimitado\" class=\"read-more button\" href=\"https:\/\/serversmtp.com\/es\/smtp-ilimitado\/#more-2418\" aria-label=\"Leer m\u00e1s sobre SMTP ilimitado\">Discover more<\/a><\/p>\n","protected":false},"author":3,"featured_media":0,"parent":0,"menu_order":0,"comment_status":"closed","ping_status":"closed","template":"g1_template_page_sidebar_right.php","meta":{"_eb_attr":"","inline_featured_image":false,"_monsterinsights_skip_tracking":false,"_monsterinsights_sitenote_active":false,"_monsterinsights_sitenote_note":"","_monsterinsights_sitenote_category":0,"footnotes":""},"class_list":["post-2418","page","type-page","status-publish"],"yoast_head":"<!-- This site is optimized with the Yoast SEO plugin v25.3.1 - https:\/\/yoast.com\/wordpress\/plugins\/seo\/ -->\n<title>SMTP ilimitado - smtp mail server - professional SMTP service provider<\/title>\n<meta name=\"robots\" content=\"index, follow, max-snippet:-1, max-image-preview:large, max-video-preview:-1\" \/>\n<link rel=\"canonical\" href=\"https:\/\/serversmtp.com\/es\/smtp-ilimitado\/\" \/>\n<meta name=\"twitter:label1\" content=\"Tiempo de lectura\" \/>\n\t<meta name=\"twitter:data1\" content=\"1 minuto\" \/>\n<!-- \/ Yoast SEO plugin. -->","yoast_head_json":{"title":"SMTP ilimitado - smtp mail server - professional SMTP service provider","robots":{"index":"index","follow":"follow","max-snippet":"max-snippet:-1","max-image-preview":"max-image-preview:large","max-video-preview":"max-video-preview:-1"},"canonical":"https:\/\/serversmtp.com\/es\/smtp-ilimitado\/","twitter_misc":{"Tiempo de lectura":"1 minuto"},"schema":{"@context":"https:\/\/schema.org","@graph":[{"@type":"WebPage","@id":"https:\/\/serversmtp.com\/es\/smtp-ilimitado\/","url":"https:\/\/serversmtp.com\/es\/smtp-ilimitado\/","name":"SMTP ilimitado - smtp mail server - professional SMTP service provider","isPartOf":{"@id":"https:\/\/serversmtp.com\/fr\/#website"},"datePublished":"2018-04-13T16:07:56+00:00","breadcrumb":{"@id":"https:\/\/serversmtp.com\/es\/smtp-ilimitado\/#breadcrumb"},"inLanguage":"es","potentialAction":[{"@type":"ReadAction","target":["https:\/\/serversmtp.com\/es\/smtp-ilimitado\/"]}]},{"@type":"BreadcrumbList","@id":"https:\/\/serversmtp.com\/es\/smtp-ilimitado\/#breadcrumb","itemListElement":[{"@type":"ListItem","position":1,"name":"Home","item":"https:\/\/serversmtp.com\/es\/"},{"@type":"ListItem","position":2,"name":"SMTP ilimitado"}]},{"@type":"WebSite","@id":"https:\/\/serversmtp.com\/fr\/#website","url":"https:\/\/serversmtp.com\/fr\/","name":"smtp mail server - professional SMTP service provider","description":"smtp mail server - professional SMTP service provider","publisher":{"@id":"https:\/\/serversmtp.com\/fr\/#organization"},"potentialAction":[{"@type":"SearchAction","target":{"@type":"EntryPoint","urlTemplate":"https:\/\/serversmtp.com\/fr\/?s={search_term_string}"},"query-input":{"@type":"PropertyValueSpecification","valueRequired":true,"valueName":"search_term_string"}}],"inLanguage":"es"},{"@type":"Organization","@id":"https:\/\/serversmtp.com\/fr\/#organization","name":"Delivery Tech","url":"https:\/\/serversmtp.com\/fr\/","logo":{"@type":"ImageObject","inLanguage":"es","@id":"https:\/\/serversmtp.com\/fr\/#\/schema\/logo\/image\/","url":"https:\/\/serversmtp.com\/wp-content\/uploads\/2021\/11\/og-image-2.jpg","contentUrl":"https:\/\/serversmtp.com\/wp-content\/uploads\/2021\/11\/og-image-2.jpg","width":1200,"height":1128,"caption":"Delivery Tech"},"image":{"@id":"https:\/\/serversmtp.com\/fr\/#\/schema\/logo\/image\/"}}]}},"_links":{"self":[{"href":"https:\/\/serversmtp.com\/es\/wp-json\/wp\/v2\/pages\/2418"}],"collection":[{"href":"https:\/\/serversmtp.com\/es\/wp-json\/wp\/v2\/pages"}],"about":[{"href":"https:\/\/serversmtp.com\/es\/wp-json\/wp\/v2\/types\/page"}],"author":[{"embeddable":true,"href":"https:\/\/serversmtp.com\/es\/wp-json\/wp\/v2\/users\/3"}],"replies":[{"embeddable":true,"href":"https:\/\/serversmtp.com\/es\/wp-json\/wp\/v2\/comments?post=2418"}],"version-history":[{"count":1,"href":"https:\/\/serversmtp.com\/es\/wp-json\/wp\/v2\/pages\/2418\/revisions"}],"predecessor-version":[{"id":2419,"href":"https:\/\/serversmtp.com\/es\/wp-json\/wp\/v2\/pages\/2418\/revisions\/2419"}],"wp:attachment":[{"href":"https:\/\/serversmtp.com\/es\/wp-json\/wp\/v2\/media?parent=2418"}],"curies":[{"name":"wp","href":"https:\/\/api.w.org\/{rel}","templated":true}]}}