{"id":2415,"date":"2018-04-13T18:05:48","date_gmt":"2018-04-13T16:05:48","guid":{"rendered":"https:\/\/dev.serversmtp.com\/?page_id=2415"},"modified":"2022-02-10T16:56:38","modified_gmt":"2022-02-10T15:56:38","slug":"servicio-entrega-emails","status":"publish","type":"page","link":"https:\/\/serversmtp.com\/es\/servicio-entrega-emails\/","title":{"rendered":"Servidor de entrega de email"},"content":{"rendered":"<p>Un<strong> servicio de entrega de emails<\/strong> es esencial en lo respectivo a los correos masivos, de marketing y transaccionales. De hecho, s\u00f3lo un <strong>servidor de entrega de emails dedicado<\/strong> puede asegurar que<strong> todos los mensajes lleguen a la bandeja de entrada<\/strong>, evitando cualquier restricci\u00f3n de Proveedores de Internet y filtros de spam.<\/p>\n<p>turboSMTP ofrece exactamente esto. Un <strong>proveedor de servicios SMTP<\/strong> \u2013 es decir, un motor de entrega de emails \u2013 que incrementar\u00e1 su capacidad de entrega a un precio competitivo, configurable seg\u00fan sus necesidades.<\/p>\n<p>Tambi\u00e9n ofrece un <strong><a title=\"server smtp\" href=\"\/es\/signup\">plan 100% gratis<\/a><\/strong> si usted necesita enviar hasta 6000 mensajes por mes, y la nueva API SMTP para integrar el servicio de env\u00edo en su aplicaci\u00f3n o sitio web.<\/p>\n<p>Finalmente, turboSMTP provee un <strong>sistema de seguimiento online<\/strong> poderoso que le permite analizar el estado de su mensaje para cada destinatario particular y obtener m\u00e9tricas para mejorar su campa\u00f1a de marketing. Con nuestras herramientas usted podr\u00e1 tambi\u00e9n obtener<strong> confirmaciones de entrega de emails<\/strong> en tiempo real.<\/p>\n<p>Sin importar el tipo de email enviado \u2013 Marketing Directo, newsletters, personales, de negocio \u2013 es nuestra tarea entregarlo. Simplemente <a title=\"turboSMTP\" href=\"\/es\/signup\">reg\u00edstrese<\/a> y perm\u00edtanos hacer el trabajo por usted.<\/p>\n","protected":false},"excerpt":{"rendered":"<p>Un servicio de entrega de emails es esencial en lo respectivo a los correos masivos, de marketing y transaccionales. De hecho, s\u00f3lo un servidor de entrega de emails dedicado puede asegurar que todos los mensajes lleguen a la bandeja de entrada, evitando cualquier restricci\u00f3n de Proveedores de Internet y filtros de spam. turboSMTP ofrece exactamente &#8230; <\/p>\n<p class=\"read-more-container\"><a title=\"Servidor de entrega de email\" class=\"read-more button\" href=\"https:\/\/serversmtp.com\/es\/servicio-entrega-emails\/#more-2415\" aria-label=\"Leer m\u00e1s sobre Servidor de entrega de email\">Discover more<\/a><\/p>\n","protected":false},"author":3,"featured_media":0,"parent":0,"menu_order":0,"comment_status":"closed","ping_status":"closed","template":"","meta":{"_eb_attr":"","inline_featured_image":false,"_monsterinsights_skip_tracking":false,"_monsterinsights_sitenote_active":false,"_monsterinsights_sitenote_note":"","_monsterinsights_sitenote_category":0,"footnotes":""},"class_list":["post-2415","page","type-page","status-publish"],"yoast_head":"<!-- This site is optimized with the Yoast SEO plugin v25.3.1 - https:\/\/yoast.com\/wordpress\/plugins\/seo\/ -->\n<title>Servidor de entrega de email - smtp mail server - professional SMTP service provider<\/title>\n<meta name=\"robots\" content=\"index, follow, max-snippet:-1, max-image-preview:large, max-video-preview:-1\" \/>\n<link rel=\"canonical\" href=\"https:\/\/serversmtp.com\/es\/servicio-entrega-emails\/\" \/>\n<meta name=\"twitter:label1\" content=\"Tiempo de lectura\" \/>\n\t<meta name=\"twitter:data1\" content=\"1 minuto\" \/>\n<!-- \/ Yoast SEO plugin. -->","yoast_head_json":{"title":"Servidor de entrega de email - smtp mail server - professional SMTP service provider","robots":{"index":"index","follow":"follow","max-snippet":"max-snippet:-1","max-image-preview":"max-image-preview:large","max-video-preview":"max-video-preview:-1"},"canonical":"https:\/\/serversmtp.com\/es\/servicio-entrega-emails\/","twitter_misc":{"Tiempo de lectura":"1 minuto"},"schema":{"@context":"https:\/\/schema.org","@graph":[{"@type":"WebPage","@id":"https:\/\/serversmtp.com\/es\/servicio-entrega-emails\/","url":"https:\/\/serversmtp.com\/es\/servicio-entrega-emails\/","name":"Servidor de entrega de email - smtp mail server - professional SMTP service provider","isPartOf":{"@id":"https:\/\/serversmtp.com\/#website"},"datePublished":"2018-04-13T16:05:48+00:00","dateModified":"2022-02-10T15:56:38+00:00","breadcrumb":{"@id":"https:\/\/serversmtp.com\/es\/servicio-entrega-emails\/#breadcrumb"},"inLanguage":"es","potentialAction":[{"@type":"ReadAction","target":["https:\/\/serversmtp.com\/es\/servicio-entrega-emails\/"]}]},{"@type":"BreadcrumbList","@id":"https:\/\/serversmtp.com\/es\/servicio-entrega-emails\/#breadcrumb","itemListElement":[{"@type":"ListItem","position":1,"name":"Home","item":"https:\/\/serversmtp.com\/es\/"},{"@type":"ListItem","position":2,"name":"Servidor de entrega de email"}]},{"@type":"WebSite","@id":"https:\/\/serversmtp.com\/#website","url":"https:\/\/serversmtp.com\/","name":"smtp mail server - professional SMTP service provider","description":"smtp mail server - professional SMTP service provider","publisher":{"@id":"https:\/\/serversmtp.com\/#organization"},"potentialAction":[{"@type":"SearchAction","target":{"@type":"EntryPoint","urlTemplate":"https:\/\/serversmtp.com\/?s={search_term_string}"},"query-input":{"@type":"PropertyValueSpecification","valueRequired":true,"valueName":"search_term_string"}}],"inLanguage":"es"},{"@type":"Organization","@id":"https:\/\/serversmtp.com\/#organization","name":"Delivery Tech","url":"https:\/\/serversmtp.com\/","logo":{"@type":"ImageObject","inLanguage":"es","@id":"https:\/\/serversmtp.com\/#\/schema\/logo\/image\/","url":"https:\/\/serversmtp.com\/wp-content\/uploads\/2021\/11\/og-image-2.jpg","contentUrl":"https:\/\/serversmtp.com\/wp-content\/uploads\/2021\/11\/og-image-2.jpg","width":1200,"height":1128,"caption":"Delivery Tech"},"image":{"@id":"https:\/\/serversmtp.com\/#\/schema\/logo\/image\/"}}]}},"_links":{"self":[{"href":"https:\/\/serversmtp.com\/es\/wp-json\/wp\/v2\/pages\/2415"}],"collection":[{"href":"https:\/\/serversmtp.com\/es\/wp-json\/wp\/v2\/pages"}],"about":[{"href":"https:\/\/serversmtp.com\/es\/wp-json\/wp\/v2\/types\/page"}],"author":[{"embeddable":true,"href":"https:\/\/serversmtp.com\/es\/wp-json\/wp\/v2\/users\/3"}],"replies":[{"embeddable":true,"href":"https:\/\/serversmtp.com\/es\/wp-json\/wp\/v2\/comments?post=2415"}],"version-history":[{"count":2,"href":"https:\/\/serversmtp.com\/es\/wp-json\/wp\/v2\/pages\/2415\/revisions"}],"predecessor-version":[{"id":2417,"href":"https:\/\/serversmtp.com\/es\/wp-json\/wp\/v2\/pages\/2415\/revisions\/2417"}],"wp:attachment":[{"href":"https:\/\/serversmtp.com\/es\/wp-json\/wp\/v2\/media?parent=2415"}],"curies":[{"name":"wp","href":"https:\/\/api.w.org\/{rel}","templated":true}]}}