{"id":2407,"date":"2018-04-13T18:01:13","date_gmt":"2018-04-13T16:01:13","guid":{"rendered":"https:\/\/dev.serversmtp.com\/?page_id=2407"},"modified":"2022-02-10T17:26:01","modified_gmt":"2022-02-10T16:26:01","slug":"smtp-para-windows","status":"publish","type":"page","link":"https:\/\/serversmtp.com\/es\/smtp-para-windows\/","title":{"rendered":"SMTP para Windows"},"content":{"rendered":"<p>turboSMTP puede trabajar f\u00e1cilmente como <strong>servidor web para Windows<\/strong>. Debido a que los nuevos sistemas operativos \u2013 comenzando con Windows 7 \u2013 no ofrecen un <strong>servicio SMTP interno<\/strong>, es necesario confiar en un servicio profesional externo si usted necesita entregar emails desde su sitio web.<\/p>\n<p>Una vez que <a title=\"server smtp profesional\" href=\"\/es\/signup\">se encuentra suscripto<\/a> y ha obtenido nuestros detalles de servidor, simplemente debe ingresarlos en el <strong>Administrador de IIS<\/strong>, utilizando el \u00edcono de \u201cE-mail SMTP\u201d, asegur\u00e1ndose de completar todos los campos requeridos: el nombre del servidor es pro.turbo-smtp.com; el puerto es el 587; y usted puede elegir su proceso de <strong>autenticaci\u00f3n<\/strong> favorito.<\/p>\n<p><img decoding=\"async\" class=\"aligncenter wp-image-2410 size-full\" src=\"https:\/\/serversmtp.com\/wp-content\/uploads\/2018\/04\/smtp-windows-7.png\" alt=\"\" width=\"652\" height=\"396\" srcset=\"https:\/\/serversmtp.com\/wp-content\/uploads\/2018\/04\/smtp-windows-7.png 652w, https:\/\/serversmtp.com\/wp-content\/uploads\/2018\/04\/smtp-windows-7-300x182.png 300w, https:\/\/serversmtp.com\/wp-content\/uploads\/2018\/04\/smtp-windows-7-636x386.png 636w, https:\/\/serversmtp.com\/wp-content\/uploads\/2018\/04\/smtp-windows-7-320x194.png 320w, https:\/\/serversmtp.com\/wp-content\/uploads\/2018\/04\/smtp-windows-7-239x145.png 239w\" sizes=\"(max-width: 652px) 100vw, 652px\" \/><\/p>\n<p>Si usted es un usuario de Windows, el uso de un buen servidor SMTP es muy importante. De hecho, si usted utiliza un servicio SMTP com\u00fan, no monitoreado, los <strong>filtros antispam<\/strong> de proveedores de emails pueden rechazar sus mensajes \u2013 a\u00fan cuando sean leg\u00edtimos.<\/p>\n<p>Un <strong>servicio SMTP confiable y profesional<\/strong> tal como turboSMTP, por el contrario, posee una fuerte reputaci\u00f3n entre todos los Proveedores de Internet y maximizar\u00e1 la <strong>capacidad de entrega de sus emails<\/strong>.<\/p>\n<p>Por ello, las funcionalidades principales que todos servicio de env\u00edo para Windows deber\u00eda garantizar son:<\/p>\n<ol>\n<li><strong>Debe utilizar s\u00f3lo direcciones IP confiables<\/strong>. Mantener un contacto constante con los principales proveedores de email para garantizar que todos los emails lleguen a la bandeja de entrada.<\/li>\n<li><strong>Debe proveer capacidad de entrega r\u00e1pida<\/strong>. Un servicio SMTP profesional no posee problemas de sobrecarga y debe maximizar la velocidad de sus env\u00edos.<\/li>\n<li><strong>Debe ser capaz de pasar todos los filtros de los Proveedores de Internet<\/strong>. Un servidor de env\u00edos debe maximizar su tasa de entrega, evitando los filtros antispam m\u00e1s agresivos que pueden llegar a rechazar emails leg\u00edtimos.<\/li>\n<li><strong>Debe ser accesible en todo momento y desde cualquier lugar<\/strong>. Si usted se encuentra de viaje utilizando una conexi\u00f3n a Internet diferente, no deber\u00eda necesitar cambiar sus configuraciones.<\/li>\n<li><strong>Debe realizar un seguimiento de sus mensajes<\/strong>. Para comprender los resultados de sus env\u00edos, un servicio SMTP dedicado deber\u00eda proveer un sistema de seguimiento preciso.<\/li>\n<\/ol>\n<p>turboSMTP cumple con todos estos requerimientos, proveyendo tambi\u00e9n <strong>soporte a clientes 24\/7<\/strong>, que le ayudar\u00e1 a resolver cualquier problema. Puede registrarse y obtener un <a title=\"envios emails\" href=\"\/es\/signup\">paquete de 6.000 env\u00edos por mes<\/a> ahora, y luego elegir un plan de acuerdo con sus necesidades.<\/p>\n","protected":false},"excerpt":{"rendered":"<p>turboSMTP puede trabajar f\u00e1cilmente como servidor web para Windows. Debido a que los nuevos sistemas operativos \u2013 comenzando con Windows 7 \u2013 no ofrecen un servicio SMTP interno, es necesario confiar en un servicio profesional externo si usted necesita entregar emails desde su sitio web. Una vez que se encuentra suscripto y ha obtenido nuestros &#8230; <\/p>\n<p class=\"read-more-container\"><a title=\"SMTP para Windows\" class=\"read-more button\" href=\"https:\/\/serversmtp.com\/es\/smtp-para-windows\/#more-2407\" aria-label=\"Leer m\u00e1s sobre SMTP para Windows\">Discover more<\/a><\/p>\n","protected":false},"author":3,"featured_media":0,"parent":0,"menu_order":0,"comment_status":"closed","ping_status":"closed","template":"","meta":{"_eb_attr":"","inline_featured_image":false,"_monsterinsights_skip_tracking":false,"_monsterinsights_sitenote_active":false,"_monsterinsights_sitenote_note":"","_monsterinsights_sitenote_category":0,"footnotes":""},"class_list":["post-2407","page","type-page","status-publish"],"yoast_head":"<!-- This site is optimized with the Yoast SEO plugin v25.3.1 - https:\/\/yoast.com\/wordpress\/plugins\/seo\/ -->\n<title>SMTP para Windows - smtp mail server - professional SMTP service provider<\/title>\n<meta name=\"robots\" content=\"index, follow, max-snippet:-1, max-image-preview:large, max-video-preview:-1\" \/>\n<link rel=\"canonical\" href=\"https:\/\/serversmtp.com\/es\/smtp-para-windows\/\" \/>\n<meta name=\"twitter:label1\" content=\"Tiempo de lectura\" \/>\n\t<meta name=\"twitter:data1\" content=\"2 minutos\" \/>\n<!-- \/ Yoast SEO plugin. -->","yoast_head_json":{"title":"SMTP para Windows - smtp mail server - professional SMTP service provider","robots":{"index":"index","follow":"follow","max-snippet":"max-snippet:-1","max-image-preview":"max-image-preview:large","max-video-preview":"max-video-preview:-1"},"canonical":"https:\/\/serversmtp.com\/es\/smtp-para-windows\/","twitter_misc":{"Tiempo de lectura":"2 minutos"},"schema":{"@context":"https:\/\/schema.org","@graph":[{"@type":"WebPage","@id":"https:\/\/serversmtp.com\/es\/smtp-para-windows\/","url":"https:\/\/serversmtp.com\/es\/smtp-para-windows\/","name":"SMTP para Windows - smtp mail server - professional SMTP service provider","isPartOf":{"@id":"https:\/\/serversmtp.com\/de\/#website"},"primaryImageOfPage":{"@id":"https:\/\/serversmtp.com\/es\/smtp-para-windows\/#primaryimage"},"image":{"@id":"https:\/\/serversmtp.com\/es\/smtp-para-windows\/#primaryimage"},"thumbnailUrl":"https:\/\/serversmtp.com\/wp-content\/uploads\/2018\/04\/smtp-windows-7.png","datePublished":"2018-04-13T16:01:13+00:00","dateModified":"2022-02-10T16:26:01+00:00","breadcrumb":{"@id":"https:\/\/serversmtp.com\/es\/smtp-para-windows\/#breadcrumb"},"inLanguage":"es","potentialAction":[{"@type":"ReadAction","target":["https:\/\/serversmtp.com\/es\/smtp-para-windows\/"]}]},{"@type":"ImageObject","inLanguage":"es","@id":"https:\/\/serversmtp.com\/es\/smtp-para-windows\/#primaryimage","url":"https:\/\/serversmtp.com\/wp-content\/uploads\/2018\/04\/smtp-windows-7.png","contentUrl":"https:\/\/serversmtp.com\/wp-content\/uploads\/2018\/04\/smtp-windows-7.png"},{"@type":"BreadcrumbList","@id":"https:\/\/serversmtp.com\/es\/smtp-para-windows\/#breadcrumb","itemListElement":[{"@type":"ListItem","position":1,"name":"Home","item":"https:\/\/serversmtp.com\/es\/"},{"@type":"ListItem","position":2,"name":"SMTP para Windows"}]},{"@type":"WebSite","@id":"https:\/\/serversmtp.com\/de\/#website","url":"https:\/\/serversmtp.com\/de\/","name":"smtp mail server - professional SMTP service provider","description":"smtp mail server - professional SMTP service provider","publisher":{"@id":"https:\/\/serversmtp.com\/de\/#organization"},"potentialAction":[{"@type":"SearchAction","target":{"@type":"EntryPoint","urlTemplate":"https:\/\/serversmtp.com\/de\/?s={search_term_string}"},"query-input":{"@type":"PropertyValueSpecification","valueRequired":true,"valueName":"search_term_string"}}],"inLanguage":"es"},{"@type":"Organization","@id":"https:\/\/serversmtp.com\/de\/#organization","name":"Delivery Tech","url":"https:\/\/serversmtp.com\/de\/","logo":{"@type":"ImageObject","inLanguage":"es","@id":"https:\/\/serversmtp.com\/de\/#\/schema\/logo\/image\/","url":"https:\/\/serversmtp.com\/wp-content\/uploads\/2021\/11\/og-image-2.jpg","contentUrl":"https:\/\/serversmtp.com\/wp-content\/uploads\/2021\/11\/og-image-2.jpg","width":1200,"height":1128,"caption":"Delivery Tech"},"image":{"@id":"https:\/\/serversmtp.com\/de\/#\/schema\/logo\/image\/"}}]}},"_links":{"self":[{"href":"https:\/\/serversmtp.com\/es\/wp-json\/wp\/v2\/pages\/2407"}],"collection":[{"href":"https:\/\/serversmtp.com\/es\/wp-json\/wp\/v2\/pages"}],"about":[{"href":"https:\/\/serversmtp.com\/es\/wp-json\/wp\/v2\/types\/page"}],"author":[{"embeddable":true,"href":"https:\/\/serversmtp.com\/es\/wp-json\/wp\/v2\/users\/3"}],"replies":[{"embeddable":true,"href":"https:\/\/serversmtp.com\/es\/wp-json\/wp\/v2\/comments?post=2407"}],"version-history":[{"count":2,"href":"https:\/\/serversmtp.com\/es\/wp-json\/wp\/v2\/pages\/2407\/revisions"}],"predecessor-version":[{"id":2414,"href":"https:\/\/serversmtp.com\/es\/wp-json\/wp\/v2\/pages\/2407\/revisions\/2414"}],"wp:attachment":[{"href":"https:\/\/serversmtp.com\/es\/wp-json\/wp\/v2\/media?parent=2407"}],"curies":[{"name":"wp","href":"https:\/\/api.w.org\/{rel}","templated":true}]}}