{"id":2400,"date":"2018-04-13T17:56:02","date_gmt":"2018-04-13T15:56:02","guid":{"rendered":"https:\/\/dev.serversmtp.com\/?page_id=2400"},"modified":"2025-10-22T14:17:01","modified_gmt":"2025-10-22T12:17:01","slug":"smtp-outlook-configurar","status":"publish","type":"page","link":"https:\/\/serversmtp.com\/es\/smtp-outlook-configurar\/","title":{"rendered":"Configurar SMTP para Outlook"},"content":{"rendered":"<p>Para configurar un <strong>servidor SMTP para Outlook<\/strong> y comenzar a enviar sus emails es necesario seguir algunos pasos simples.<\/p>\n<p>Recuerde que de todas formas, confiar en un <strong><a title=\"servidor smtp profesional\" href=\"\/es\/signup\">servicio SMTP profesional<\/a><\/strong> le garantizar\u00e1 la mejor capacidad de entrega; de hecho, los servidores de correo saliente tales como Gmail o Hotmail poseen serias restricciones y no pueden <strong>garantizar la mejor calidad de entrega<\/strong>.<\/p>\n<p>Y esta es la forma de configurar el servidor SMTP en Outlook.<\/p>\n<p><strong>1.<\/strong> Seleccione \u201cConfiguraci\u00f3n de Cuenta&#8230;\u201d desde el men\u00fa \u201cHerramientas\u201d.<\/p>\n<p><strong>2.<\/strong> Seleccione su cuenta de email y presione el bot\u00f3n \u201cCambiar\u201d.<\/p>\n<p><strong>3.<\/strong> Inserte el nombre de su servidor en el campo de \u201cServidor de correo saliente (SMTP). Si no conoce el mismo puede observar nuestra gu\u00eda de proveedores SMTP m\u00e1s populares.<\/p>\n<p><strong>4.<\/strong> Presione en \u201cM\u00e1s Opciones&#8230;.\u201d.<\/p>\n<p><strong>5.<\/strong> Seleccione la pesta\u00f1a \u201cServidor Saliente\u201d.<\/p>\n<p><strong>6.<\/strong> Si pretende enviar sus emails con autenticaci\u00f3n, marque \u201cMi servidor saliente (SMTP) requiere autenticaci\u00f3n\u201d. Luego seleccione \u201cAutenticar usando\u201d.<\/p>\n<p><strong>7.<\/strong> Ingrese su nombre de usuario (la direcci\u00f3n de email desde la que desea realizar el env\u00edo) y su contrase\u00f1a (si usa turboSMTP, debe ingresar en su lugar su Consumer Key y Consumer Secret \u2014 <a href=\"https:\/\/serversmtp.com\/es\/que-son-las-api-key-y-como-crearlas-con-turbosmtp-una-guia-completa\/\" title=\"C\u00f3mo crear tus API Keys\" target=\"_blank\" rel=\"noopener\">ver c\u00f3mo crear tus API Keys<\/a>).<\/p>\n<p><strong>8.<\/strong> Configure el puerto SMTP en 25 en la pesta\u00f1a \u201cServidor saliente (SMTP)\u201d. Algunos servidores pueden rechazar el correo en este puerto debido a la gran cantidad de spam, por ello en caso de que necesite, puede utilizar un <a title=\"puerto smtp\" href=\"\/es\/puerto-smtp\">puerto alternativo<\/a>.<\/p>\n<p><strong>9.<\/strong> Presione \u201cOk\u201d, \u201cSiguiente\u201d, y \u201cFinalizar\u201d.<\/p>\n<p>Eso es todo, puede comenzar a enviar emails!<\/p>\n<p>Dicho esto, sin embargo, recuerda que <strong>Outlook no es la herramienta adecuada para el email marketing<\/strong> (ya que ha sido creado sobre todo para la comunicaci\u00f3n uno-a-uno y no para el env\u00edo masivo). M\u00e1s all\u00e1 de los problemas con SMTP, puede generar <strong>otras dificultades<\/strong> cuando se trata de enviar un bolet\u00edn de noticias.<\/p>\n<p>Por lo tanto recomendamos que usted conf\u00eda en <strong>programas espec\u00edficos<\/strong> para el email marketing como <a href=\"http:\/\/www.sendblaster.es\">SendBlaster<\/a>.<\/p>\n","protected":false},"excerpt":{"rendered":"<p>Para configurar un servidor SMTP para Outlook y comenzar a enviar sus emails es necesario seguir algunos pasos simples. Recuerde que de todas formas, confiar en un servicio SMTP profesional le garantizar\u00e1 la mejor capacidad de entrega; de hecho, los servidores de correo saliente tales como Gmail o Hotmail poseen serias restricciones y no pueden &#8230; <\/p>\n<p class=\"read-more-container\"><a title=\"Configurar SMTP para Outlook\" class=\"read-more button\" href=\"https:\/\/serversmtp.com\/es\/smtp-outlook-configurar\/#more-2400\" aria-label=\"Leer m\u00e1s sobre Configurar SMTP para Outlook\">Discover more<\/a><\/p>\n","protected":false},"author":3,"featured_media":0,"parent":0,"menu_order":0,"comment_status":"closed","ping_status":"closed","template":"","meta":{"_eb_attr":"","inline_featured_image":false,"_monsterinsights_skip_tracking":false,"_monsterinsights_sitenote_active":false,"_monsterinsights_sitenote_note":"","_monsterinsights_sitenote_category":0,"footnotes":""},"class_list":["post-2400","page","type-page","status-publish"],"yoast_head":"<!-- This site is optimized with the Yoast SEO plugin v25.3.1 - https:\/\/yoast.com\/wordpress\/plugins\/seo\/ -->\n<title>Configurar SMTP para Outlook - smtp mail server - professional SMTP service provider<\/title>\n<meta name=\"description\" content=\"Como configurar el servidor SMTP para enviar correos electronicos con Outlook\" \/>\n<meta name=\"robots\" content=\"index, follow, max-snippet:-1, max-image-preview:large, max-video-preview:-1\" \/>\n<link rel=\"canonical\" href=\"https:\/\/serversmtp.com\/es\/smtp-outlook-configurar\/\" \/>\n<meta name=\"twitter:label1\" content=\"Tiempo de lectura\" \/>\n\t<meta name=\"twitter:data1\" content=\"2 minutos\" \/>\n<!-- \/ Yoast SEO plugin. -->","yoast_head_json":{"title":"Configurar SMTP para Outlook - smtp mail server - professional SMTP service provider","description":"Como configurar el servidor SMTP para enviar correos electronicos con Outlook","robots":{"index":"index","follow":"follow","max-snippet":"max-snippet:-1","max-image-preview":"max-image-preview:large","max-video-preview":"max-video-preview:-1"},"canonical":"https:\/\/serversmtp.com\/es\/smtp-outlook-configurar\/","twitter_misc":{"Tiempo de lectura":"2 minutos"},"schema":{"@context":"https:\/\/schema.org","@graph":[{"@type":"WebPage","@id":"https:\/\/serversmtp.com\/es\/smtp-outlook-configurar\/","url":"https:\/\/serversmtp.com\/es\/smtp-outlook-configurar\/","name":"Configurar SMTP para Outlook - smtp mail server - professional SMTP service provider","isPartOf":{"@id":"https:\/\/serversmtp.com\/de\/#website"},"datePublished":"2018-04-13T15:56:02+00:00","dateModified":"2025-10-22T12:17:01+00:00","description":"Como configurar el servidor SMTP para enviar correos electronicos con Outlook","breadcrumb":{"@id":"https:\/\/serversmtp.com\/es\/smtp-outlook-configurar\/#breadcrumb"},"inLanguage":"es","potentialAction":[{"@type":"ReadAction","target":["https:\/\/serversmtp.com\/es\/smtp-outlook-configurar\/"]}]},{"@type":"BreadcrumbList","@id":"https:\/\/serversmtp.com\/es\/smtp-outlook-configurar\/#breadcrumb","itemListElement":[{"@type":"ListItem","position":1,"name":"Home","item":"https:\/\/serversmtp.com\/es\/"},{"@type":"ListItem","position":2,"name":"Configurar SMTP para Outlook"}]},{"@type":"WebSite","@id":"https:\/\/serversmtp.com\/de\/#website","url":"https:\/\/serversmtp.com\/de\/","name":"smtp mail server - professional SMTP service provider","description":"smtp mail server - professional SMTP service provider","publisher":{"@id":"https:\/\/serversmtp.com\/de\/#organization"},"potentialAction":[{"@type":"SearchAction","target":{"@type":"EntryPoint","urlTemplate":"https:\/\/serversmtp.com\/de\/?s={search_term_string}"},"query-input":{"@type":"PropertyValueSpecification","valueRequired":true,"valueName":"search_term_string"}}],"inLanguage":"es"},{"@type":"Organization","@id":"https:\/\/serversmtp.com\/de\/#organization","name":"Delivery Tech","url":"https:\/\/serversmtp.com\/de\/","logo":{"@type":"ImageObject","inLanguage":"es","@id":"https:\/\/serversmtp.com\/de\/#\/schema\/logo\/image\/","url":"https:\/\/serversmtp.com\/wp-content\/uploads\/2021\/11\/og-image-2.jpg","contentUrl":"https:\/\/serversmtp.com\/wp-content\/uploads\/2021\/11\/og-image-2.jpg","width":1200,"height":1128,"caption":"Delivery Tech"},"image":{"@id":"https:\/\/serversmtp.com\/de\/#\/schema\/logo\/image\/"}}]}},"_links":{"self":[{"href":"https:\/\/serversmtp.com\/es\/wp-json\/wp\/v2\/pages\/2400"}],"collection":[{"href":"https:\/\/serversmtp.com\/es\/wp-json\/wp\/v2\/pages"}],"about":[{"href":"https:\/\/serversmtp.com\/es\/wp-json\/wp\/v2\/types\/page"}],"author":[{"embeddable":true,"href":"https:\/\/serversmtp.com\/es\/wp-json\/wp\/v2\/users\/3"}],"replies":[{"embeddable":true,"href":"https:\/\/serversmtp.com\/es\/wp-json\/wp\/v2\/comments?post=2400"}],"version-history":[{"count":4,"href":"https:\/\/serversmtp.com\/es\/wp-json\/wp\/v2\/pages\/2400\/revisions"}],"predecessor-version":[{"id":22531,"href":"https:\/\/serversmtp.com\/es\/wp-json\/wp\/v2\/pages\/2400\/revisions\/22531"}],"wp:attachment":[{"href":"https:\/\/serversmtp.com\/es\/wp-json\/wp\/v2\/media?parent=2400"}],"curies":[{"name":"wp","href":"https:\/\/api.w.org\/{rel}","templated":true}]}}