{"id":2395,"date":"2018-04-13T17:52:58","date_gmt":"2018-04-13T15:52:58","guid":{"rendered":"https:\/\/dev.serversmtp.com\/?page_id=2395"},"modified":"2018-04-17T11:44:12","modified_gmt":"2018-04-17T09:44:12","slug":"configurar-servidor-smtp","status":"publish","type":"page","link":"https:\/\/serversmtp.com\/es\/configurar-servidor-smtp\/","title":{"rendered":"C\u00f3mo configurar un servidor SMTP"},"content":{"rendered":"<p>Para configurar un<strong> cliente de email<\/strong> es necesario insertar los direcciones del <strong>servidor SMTP<\/strong> que se encargue de la entrega de sus emails. Afortunadamente, la configuraci\u00f3n de los servidores SMTP generalmente es muy f\u00e1cil \u2013 usted simplemente debe abrir su software cliente de email y agregar los par\u00e1metros SMTP adecuados en la ventana de configuraci\u00f3n.<\/p>\n<p>Recuerde de todas formas que al utilizar un <strong>SMTP est\u00e1ndar<\/strong> \u2013 uno asociado a un proveedor de email gratis tal como Yahoo, Hotmail o Gmail \u2013 <strong>no asegura la correcta entrega de todos sus mensajes<\/strong> (particularmente si usted env\u00eda a una gran cantidad de destinatarios).<\/p>\n<p>Es por ello que recomendamos optar por un<strong> servicio SMTP profesional<\/strong>: con turboSMTP usted puede registrarse y obtener un paquete de <a title=\"turboSMTP\" href=\"\/es\/signup\">6000 env\u00edos gratis por mes<\/a>, luego en caso de ser necesario, puede optar por el plan que mejor se ajuste a sus necesidades.<\/p>\n<p>Aqu\u00ed ofrecemos el <strong>procedimiento de configuraci\u00f3n SMTP<\/strong> en cuatro pasos:<\/p>\n<p><strong>1.<\/strong> Seleccione la opci\u00f3n \u201cConfiguraci\u00f3n de Cuenta\u201d en su cliente de email, generalmente en el men\u00fa de \u201cHerramientas\u201d.<\/p>\n<p><strong>2.<\/strong> Seleccione \u201cServidor saliente (SMTP)\u201d.<\/p>\n<p><strong>3.<\/strong> Presione el bot\u00f3n \u201cAgregar&#8230;\u201d para agregar un nuevo SMTP. Aparecer\u00e1 una ventana de emergente.<\/p>\n<p><img loading=\"lazy\" class=\"aligncenter wp-image-2371 size-full\" src=\"https:\/\/serversmtp.com\/wp-content\/uploads\/2018\/04\/configuracion-servidor-smtp.gif\" alt=\"\" width=\"360\" height=\"304\" \/><\/p>\n<p><strong>4.<\/strong> Simplemente complete los par\u00e1metros como sigue:<\/p>\n<ul>\n<li><strong>Nombre de Servidor<\/strong>: el servidor SMTP actual. Usted puede encontrarlo consultando la p\u00e1gina web de su proveedor o puede buscarlo en nuestro listado de servidores SMTP.<\/li>\n<li><strong>Puerto<\/strong>: generalmente SMTP funciona en el puerto 25, pero como se muestra en la ventana, tambi\u00e9n puede funcionar en el puerto 587. Para mayor informaci\u00f3n, consulte nuestro art\u00edculo sobre puertos SMTP.<\/li>\n<li><strong>Seguridad de conexi\u00f3n<\/strong>: de por s\u00ed, la transferencia SMTP de emails no provee encriptaci\u00f3n. Por ello, si usted desea que su conexi\u00f3n sea m\u00e1s segura, puede optar por SSL\/TLS, que emplean un puerto diferente para la comunicaci\u00f3n encriptada.<\/li>\n<li><strong>Modo de autenticaci\u00f3n<\/strong>: existen diferentes m\u00e9todos (contrase\u00f1as, CRAM-MD5, KERBEROS, etc.).<\/li>\n<li><strong>Nombre de usuario<\/strong>: su direcci\u00f3n de email.<\/li>\n<\/ul>\n","protected":false},"excerpt":{"rendered":"<p>Para configurar un cliente de email es necesario insertar los direcciones del servidor SMTP que se encargue de la entrega de sus emails. Afortunadamente, la configuraci\u00f3n de los servidores SMTP generalmente es muy f\u00e1cil \u2013 usted simplemente debe abrir su software cliente de email y agregar los par\u00e1metros SMTP adecuados en la ventana de configuraci\u00f3n. [&hellip;]<\/p>\n","protected":false},"author":3,"featured_media":0,"parent":0,"menu_order":0,"comment_status":"closed","ping_status":"closed","template":"g1_template_page_sidebar_right.php","meta":[],"yoast_head":"<!-- This site is optimized with the Yoast SEO plugin v16.4 - https:\/\/yoast.com\/wordpress\/plugins\/seo\/ -->\n<meta name=\"robots\" content=\"index, follow, max-snippet:-1, max-image-preview:large, max-video-preview:-1\" \/>\n<link rel=\"canonical\" href=\"https:\/\/serversmtp.com\/es\/configurar-servidor-smtp\/\" \/>\n<meta property=\"og:locale\" content=\"es_ES\" \/>\n<meta property=\"og:type\" content=\"article\" \/>\n<meta property=\"og:title\" content=\"C\u00f3mo configurar un servidor SMTP - smtp mail server - professional SMTP service provider\" \/>\n<meta property=\"og:description\" content=\"Para configurar un cliente de email es necesario insertar los direcciones del servidor SMTP que se encargue de la entrega de sus emails. Afortunadamente, la configuraci\u00f3n de los servidores SMTP generalmente es muy f\u00e1cil \u2013 usted simplemente debe abrir su software cliente de email y agregar los par\u00e1metros SMTP adecuados en la ventana de configuraci\u00f3n. [&hellip;]\" \/>\n<meta property=\"og:url\" content=\"https:\/\/serversmtp.com\/es\/configurar-servidor-smtp\/\" \/>\n<meta property=\"og:site_name\" content=\"smtp mail server - professional SMTP service provider\" \/>\n<meta property=\"article:modified_time\" content=\"2018-04-17T09:44:12+00:00\" \/>\n<meta property=\"og:image\" content=\"https:\/\/serversmtp.com\/wp-content\/uploads\/2018\/04\/configuracion-servidor-smtp.gif\" \/>\n<meta name=\"twitter:card\" content=\"summary_large_image\" \/>\n<meta name=\"twitter:label1\" content=\"Tiempo de lectura\" \/>\n\t<meta name=\"twitter:data1\" content=\"2 minutos\" \/>\n<script type=\"application\/ld+json\" class=\"yoast-schema-graph\">{\"@context\":\"https:\/\/schema.org\",\"@graph\":[{\"@type\":\"WebSite\",\"@id\":\"https:\/\/serversmtp.com\/pl\/#website\",\"url\":\"https:\/\/serversmtp.com\/pl\/\",\"name\":\"smtp mail server - professional SMTP service provider\",\"description\":\"smtp mail server - professional SMTP service provider \",\"potentialAction\":[{\"@type\":\"SearchAction\",\"target\":\"https:\/\/serversmtp.com\/pl\/?s={search_term_string}\",\"query-input\":\"required name=search_term_string\"}],\"inLanguage\":\"es\"},{\"@type\":\"ImageObject\",\"@id\":\"https:\/\/serversmtp.com\/es\/configurar-servidor-smtp\/#primaryimage\",\"inLanguage\":\"es\",\"url\":\"https:\/\/serversmtp.com\/wp-content\/uploads\/2018\/04\/configuracion-servidor-smtp.gif\",\"contentUrl\":\"https:\/\/serversmtp.com\/wp-content\/uploads\/2018\/04\/configuracion-servidor-smtp.gif\",\"width\":360,\"height\":304},{\"@type\":\"WebPage\",\"@id\":\"https:\/\/serversmtp.com\/es\/configurar-servidor-smtp\/#webpage\",\"url\":\"https:\/\/serversmtp.com\/es\/configurar-servidor-smtp\/\",\"name\":\"C\\u00f3mo configurar un servidor SMTP - smtp mail server - professional SMTP service provider\",\"isPartOf\":{\"@id\":\"https:\/\/serversmtp.com\/pl\/#website\"},\"primaryImageOfPage\":{\"@id\":\"https:\/\/serversmtp.com\/es\/configurar-servidor-smtp\/#primaryimage\"},\"datePublished\":\"2018-04-13T15:52:58+00:00\",\"dateModified\":\"2018-04-17T09:44:12+00:00\",\"breadcrumb\":{\"@id\":\"https:\/\/serversmtp.com\/es\/configurar-servidor-smtp\/#breadcrumb\"},\"inLanguage\":\"es\",\"potentialAction\":[{\"@type\":\"ReadAction\",\"target\":[\"https:\/\/serversmtp.com\/es\/configurar-servidor-smtp\/\"]}]},{\"@type\":\"BreadcrumbList\",\"@id\":\"https:\/\/serversmtp.com\/es\/configurar-servidor-smtp\/#breadcrumb\",\"itemListElement\":[{\"@type\":\"ListItem\",\"position\":1,\"item\":{\"@type\":\"WebPage\",\"@id\":\"https:\/\/serversmtp.com\/es\/\",\"url\":\"https:\/\/serversmtp.com\/es\/\",\"name\":\"Home\"}},{\"@type\":\"ListItem\",\"position\":2,\"item\":{\"@id\":\"https:\/\/serversmtp.com\/es\/configurar-servidor-smtp\/#webpage\"}}]}]}<\/script>\n<!-- \/ Yoast SEO plugin. -->","_links":{"self":[{"href":"https:\/\/serversmtp.com\/es\/wp-json\/wp\/v2\/pages\/2395"}],"collection":[{"href":"https:\/\/serversmtp.com\/es\/wp-json\/wp\/v2\/pages"}],"about":[{"href":"https:\/\/serversmtp.com\/es\/wp-json\/wp\/v2\/types\/page"}],"author":[{"embeddable":true,"href":"https:\/\/serversmtp.com\/es\/wp-json\/wp\/v2\/users\/3"}],"replies":[{"embeddable":true,"href":"https:\/\/serversmtp.com\/es\/wp-json\/wp\/v2\/comments?post=2395"}],"version-history":[{"count":2,"href":"https:\/\/serversmtp.com\/es\/wp-json\/wp\/v2\/pages\/2395\/revisions"}],"predecessor-version":[{"id":2399,"href":"https:\/\/serversmtp.com\/es\/wp-json\/wp\/v2\/pages\/2395\/revisions\/2399"}],"wp:attachment":[{"href":"https:\/\/serversmtp.com\/es\/wp-json\/wp\/v2\/media?parent=2395"}],"curies":[{"name":"wp","href":"https:\/\/api.w.org\/{rel}","templated":true}]}}