{"id":2390,"date":"2018-04-13T17:48:31","date_gmt":"2018-04-13T15:48:31","guid":{"rendered":"https:\/\/dev.serversmtp.com\/?page_id=2390"},"modified":"2019-05-24T11:33:18","modified_gmt":"2019-05-24T09:33:18","slug":"porque-turbosmtp","status":"publish","type":"page","link":"https:\/\/serversmtp.com\/es\/porque-turbosmtp\/","title":{"rendered":"Porqu\u00e9 turboSMTP"},"content":{"rendered":"<p>Existen <strong>razones muy importantes<\/strong> para utilizar un servidor SMTP profesional: en el pasado (antes de la era del spam), el env\u00edo de emails no era un problema, mientras que en estos d\u00edas, es extremadamente importante tener en cuenta las <strong>regulaciones<\/strong> de todos los <strong>servidores de email<\/strong> para evitar que los mensajes terminen en las <strong>carpetas de spam<\/strong> o sean <strong>eliminados por servidores de email<\/strong>.<\/p>\n<p>Los distintos servidores de emails tratan a los emails en formas distintas, de acuerdo con la <strong>reputaci\u00f3n de los servidores de email, listas blancas<\/strong> y <strong>listas negras<\/strong>.<\/p>\n<p>Los servidores SMTP provistos por <strong>Proveedores de Internet<\/strong> <strong>no siempre son confiables:<\/strong> utilizan direcciones IP aleatorias y, ocasionalmente, una o m\u00e1s de estas direcciones IP se encuentran en listas negras, las cu\u00e1les pueden causar <strong>problemas al enviar emails<\/strong>.<\/p>\n<p>Lo <strong>peor<\/strong> es que usted <strong>desconocer\u00e1<\/strong> estos problemas: usted simplemente enviar\u00e1 emails y no sabr\u00e1 si han llegado a destino o no.<\/p>\n<p>Adem\u00e1s, <strong>si usted viaja<\/strong> y utiliza una conexi\u00f3n a internet diferente tal como una red Wi-Fi, UMTS\/EDGE, etc., usted debe <strong>reconfigurar su servidor smtp cada vez<\/strong>.<\/p>\n<h3>entonces?<\/h3>\n<p>Ofrecemos un <strong>servicio SMTP rentable<\/strong> y <strong>confiable<\/strong>. Monitoreamos constantemente las listas negras y nos enfocamos en mantener relaciones con los principales proveedores de email para mantener nuestros servidores en las listas blancas. Esto significa que <strong>todos los servidores de email reconocen a sus mensajes como seguros<\/strong> y todos sus <strong>mensajes son entregados<\/strong>.<\/p>\n<h3>Cu\u00e1l es la diferencia real entre un servidor SMTP normal y turboSMTP?<\/h3>\n<ol class=\"boxes\">\n<li>\n<h2>Mejora la entrega de emails, reduce el filtrado de emails<\/h2>\n<p>Buscamos activamente incluir nuestros servidores en las listas blancas de los principales proveedores de email y seguimos las gu\u00edas pr\u00e1cticas de los mejores remitentes de email.<\/li>\n<li>\n<h2>Permite enviar emails desde cualquier lugar, en cualquier momento<\/h2>\n<p>Una vez <strong>establecida su configuraci\u00f3n SMTP<\/strong>, en su cliente de email, <strong>nunca deber\u00e1 cambiar la configuraci\u00f3n<\/strong> nuevamente.<br \/>\nCada vez que se conecte a Internet, desde su <strong>laptop, iPhone<\/strong> o <strong>PC<\/strong>, se encontrar\u00e1 listo para enviar emails, desde cualquiera de sus direcciones de email, <strong>independientemente de su conexi\u00f3n a Internet o su ubicaci\u00f3n<\/strong>.<\/li>\n<li>\n<h2>Permite evitar las restricciones de su ISP<\/h2>\n<p><strong>Evite<\/strong> todos los <strong>l\u00edmites de uso<\/strong> que los ISPs colocan en sus servidores de email salientes.<br \/>\nHoy en d\u00eda, a fin de evitar el &#8216;spam&#8217;, los ISPs emplean filtros antispam muy restrictivos, los cu\u00e1les rechazan sus emails, ya sea que sean leg\u00edtimos o no.<br \/>\nAl <strong>elegir TurboSMTP<\/strong>, podr\u00e1 disfrutar de <strong>mayores niveles de capacidad de entrega<\/strong> y mejorar su <strong>llegada a la bandeja de entrada<\/strong>.<\/li>\n<li>\n<h2>Permite una entrega s\u00faper r\u00e1pida<\/h2>\n<p>Los servidores SMTP normales tienden a sobrecargarse, provocando retrasos y\/o errores en la entrega de emails. Nuestra tecnolog\u00eda de avanzada, nos permite entregar sus emails en forma r\u00e1pida y confiable, garantizando un servicio de nivel profesional, siempre.<\/li>\n<li>\n<h2>Permite el seguimiento de sus emails<\/h2>\n<p>Observe <strong><a href=\"https:\/\/serversmtp.com\/es\/tracking-de-email-como-saber-si-alguien-leyo-su-email\/\">estad\u00edsticas y gr\u00e1ficos<\/a><\/strong> en tiempo real sobre la entrega en su \u00e1rea de gesti\u00f3n de cuenta. Nuestro sistema le mostrar\u00e1 los mensajes que han sido entregados exitosamente, y, adem\u00e1s, le permitir\u00e1 conocer el motivo por el cual un email no ha llegado a destino.<\/li>\n<\/ol>\n<h3>La pregunta es &#8230;<\/h3>\n<p><strong>C\u00f3mo consideran los servidores de email a su servidor smtp? <\/strong><strong>De buena reputaci\u00f3n o no? <\/strong><\/p>\n<p>Si su servidor no posee buena reputaci\u00f3n, casi todos los <strong>servidores de email retrasar\u00e1n sus mensajes<\/strong> y en el mejor de los casos ser\u00e1n enviados a una lista gris o carpeta de spam, en el peor de los casos, <strong>ser\u00e1n rechazados<\/strong>.<\/p>\n<p>En estos d\u00edas, servidores de email tales como Hotmail, Gmail, Comcast y muchos mas (y m\u00e1s cada d\u00eda) utilizan reglas muy estrictas debido al comportamiento de env\u00edo de spam por parte de los usuarios, por este motivo es muy frecuente que los mensajes terminen en carpetas de spam.<\/p>\n<p><strong>Si usted valora sus emails<\/strong>, le sugerimos <strong>utilizar turboSMTP<\/strong> para ser considerado con buena <strong>reputaci\u00f3n<\/strong> por parte de todos los servidores de email y <strong>optimizar<\/strong> su tasa de entregas de emails.<\/p>\n<p>&nbsp;<\/p>\n<p style=\"font-size: 10px;\"><em>Tenga en cuenta que turboSMTP es un servicio de email saliente orientado a ayudar a remitentes de emails leg\u00edtimos, no spammers. <\/em><em>Los clientes que violen nuestra <a class=\"fancyLink\" href=\"knowledgebase.php?action=displayarticle&amp;id=15\" target=\"_blank\" rel=\"noopener noreferrer\">Pol\u00edtica anti-spam<\/a> ser\u00e1n suspendidos.<\/em><\/p>\n","protected":false},"excerpt":{"rendered":"<p>Existen razones muy importantes para utilizar un servidor SMTP profesional: en el pasado (antes de la era del spam), el env\u00edo de emails no era un problema, mientras que en estos d\u00edas, es extremadamente importante tener en cuenta las regulaciones de todos los servidores de email para evitar que los mensajes terminen en las carpetas &#8230; <\/p>\n<p class=\"read-more-container\"><a title=\"Porqu\u00e9 turboSMTP\" class=\"read-more button\" href=\"https:\/\/serversmtp.com\/es\/porque-turbosmtp\/#more-2390\" aria-label=\"Leer m\u00e1s sobre Porqu\u00e9 turboSMTP\">Discover more<\/a><\/p>\n","protected":false},"author":3,"featured_media":0,"parent":0,"menu_order":0,"comment_status":"closed","ping_status":"closed","template":"g1_template_page_sidebar_right.php","meta":{"_eb_attr":"","inline_featured_image":false,"_monsterinsights_skip_tracking":false,"_monsterinsights_sitenote_active":false,"_monsterinsights_sitenote_note":"","_monsterinsights_sitenote_category":0,"footnotes":""},"class_list":["post-2390","page","type-page","status-publish"],"yoast_head":"<!-- This site is optimized with the Yoast SEO plugin v25.3.1 - https:\/\/yoast.com\/wordpress\/plugins\/seo\/ -->\n<title>Porqu\u00e9 turboSMTP - smtp mail server - professional SMTP service provider<\/title>\n<meta name=\"robots\" content=\"index, follow, max-snippet:-1, max-image-preview:large, max-video-preview:-1\" \/>\n<link rel=\"canonical\" href=\"https:\/\/serversmtp.com\/es\/porque-turbosmtp\/\" \/>\n<meta name=\"twitter:label1\" content=\"Tiempo de lectura\" \/>\n\t<meta name=\"twitter:data1\" content=\"4 minutos\" \/>\n<!-- \/ Yoast SEO plugin. -->","yoast_head_json":{"title":"Porqu\u00e9 turboSMTP - smtp mail server - professional SMTP service provider","robots":{"index":"index","follow":"follow","max-snippet":"max-snippet:-1","max-image-preview":"max-image-preview:large","max-video-preview":"max-video-preview:-1"},"canonical":"https:\/\/serversmtp.com\/es\/porque-turbosmtp\/","twitter_misc":{"Tiempo de lectura":"4 minutos"},"schema":{"@context":"https:\/\/schema.org","@graph":[{"@type":"WebPage","@id":"https:\/\/serversmtp.com\/es\/porque-turbosmtp\/","url":"https:\/\/serversmtp.com\/es\/porque-turbosmtp\/","name":"Porqu\u00e9 turboSMTP - smtp mail server - professional SMTP service provider","isPartOf":{"@id":"https:\/\/serversmtp.com\/sv\/#website"},"datePublished":"2018-04-13T15:48:31+00:00","dateModified":"2019-05-24T09:33:18+00:00","breadcrumb":{"@id":"https:\/\/serversmtp.com\/es\/porque-turbosmtp\/#breadcrumb"},"inLanguage":"es","potentialAction":[{"@type":"ReadAction","target":["https:\/\/serversmtp.com\/es\/porque-turbosmtp\/"]}]},{"@type":"BreadcrumbList","@id":"https:\/\/serversmtp.com\/es\/porque-turbosmtp\/#breadcrumb","itemListElement":[{"@type":"ListItem","position":1,"name":"Home","item":"https:\/\/serversmtp.com\/es\/"},{"@type":"ListItem","position":2,"name":"Porqu\u00e9 turboSMTP"}]},{"@type":"WebSite","@id":"https:\/\/serversmtp.com\/sv\/#website","url":"https:\/\/serversmtp.com\/sv\/","name":"smtp mail server - professional SMTP service provider","description":"smtp mail server - professional SMTP service provider","publisher":{"@id":"https:\/\/serversmtp.com\/sv\/#organization"},"potentialAction":[{"@type":"SearchAction","target":{"@type":"EntryPoint","urlTemplate":"https:\/\/serversmtp.com\/sv\/?s={search_term_string}"},"query-input":{"@type":"PropertyValueSpecification","valueRequired":true,"valueName":"search_term_string"}}],"inLanguage":"es"},{"@type":"Organization","@id":"https:\/\/serversmtp.com\/sv\/#organization","name":"Delivery Tech","url":"https:\/\/serversmtp.com\/sv\/","logo":{"@type":"ImageObject","inLanguage":"es","@id":"https:\/\/serversmtp.com\/sv\/#\/schema\/logo\/image\/","url":"https:\/\/serversmtp.com\/wp-content\/uploads\/2021\/11\/og-image-2.jpg","contentUrl":"https:\/\/serversmtp.com\/wp-content\/uploads\/2021\/11\/og-image-2.jpg","width":1200,"height":1128,"caption":"Delivery Tech"},"image":{"@id":"https:\/\/serversmtp.com\/sv\/#\/schema\/logo\/image\/"}}]}},"_links":{"self":[{"href":"https:\/\/serversmtp.com\/es\/wp-json\/wp\/v2\/pages\/2390"}],"collection":[{"href":"https:\/\/serversmtp.com\/es\/wp-json\/wp\/v2\/pages"}],"about":[{"href":"https:\/\/serversmtp.com\/es\/wp-json\/wp\/v2\/types\/page"}],"author":[{"embeddable":true,"href":"https:\/\/serversmtp.com\/es\/wp-json\/wp\/v2\/users\/3"}],"replies":[{"embeddable":true,"href":"https:\/\/serversmtp.com\/es\/wp-json\/wp\/v2\/comments?post=2390"}],"version-history":[{"count":4,"href":"https:\/\/serversmtp.com\/es\/wp-json\/wp\/v2\/pages\/2390\/revisions"}],"predecessor-version":[{"id":5404,"href":"https:\/\/serversmtp.com\/es\/wp-json\/wp\/v2\/pages\/2390\/revisions\/5404"}],"wp:attachment":[{"href":"https:\/\/serversmtp.com\/es\/wp-json\/wp\/v2\/media?parent=2390"}],"curies":[{"name":"wp","href":"https:\/\/api.w.org\/{rel}","templated":true}]}}