{"id":2387,"date":"2018-04-13T17:08:52","date_gmt":"2018-04-13T15:08:52","guid":{"rendered":"https:\/\/dev.serversmtp.com\/?page_id=2387"},"modified":"2022-02-10T16:11:34","modified_gmt":"2022-02-10T15:11:34","slug":"configurar-smtp","status":"publish","type":"page","link":"https:\/\/serversmtp.com\/es\/configurar-smtp\/","title":{"rendered":"Configurar SMTP\ufeff"},"content":{"rendered":"<p>C\u00f3mo configurar el servidor SMTP para un cliente email y resolver los problemas m\u00e1s comunes.<\/p>\n<div class=\"lpCategoryList\">\n<h2><a title=\"como configurar servidor smtp\" href=\"\/es\/configurar-servidor-smtp\">C\u00f3mo configurar un servidor SMTP<\/a><\/h2>\n<p>Para configurar un cliente de email es necesario insertar los direcciones del servidor SMTP que se encargue de la entrega de sus emails.<\/p>\n<h2><a title=\"configurar smtp outlook\" href=\"\/es\/smtp-outlook-configurar\">Configurar SMTP para Outlook<\/a><\/h2>\n<p>Para configurar un servidor SMTP para Outlook y comenzar a enviar sus emails es necesario seguir algunos pasos simples.<\/p>\n<h2><a title=\"smtp para windows\" href=\"\/es\/smtp-para-windows\">SMTP para Windows<\/a><\/h2>\n<p>turboSMTP puede trabajar f\u00e1cilmente como servidor web para Windows: como se configura y porqu\u00e9 es tan importante utilizarlo.<\/p>\n<\/div>\n","protected":false},"excerpt":{"rendered":"<p>C\u00f3mo configurar el servidor SMTP para un cliente email y resolver los problemas m\u00e1s comunes. C\u00f3mo configurar un servidor SMTP Para configurar un cliente de email es necesario insertar los direcciones del servidor SMTP que se encargue de la entrega de sus emails. Configurar SMTP para Outlook Para configurar un servidor SMTP para Outlook y &#8230; <\/p>\n<p class=\"read-more-container\"><a title=\"Configurar SMTP\ufeff\" class=\"read-more button\" href=\"https:\/\/serversmtp.com\/es\/configurar-smtp\/#more-2387\" aria-label=\"Leer m\u00e1s sobre Configurar SMTP\ufeff\">Discover more<\/a><\/p>\n","protected":false},"author":3,"featured_media":0,"parent":0,"menu_order":0,"comment_status":"closed","ping_status":"closed","template":"","meta":{"_eb_attr":"","inline_featured_image":false,"_monsterinsights_skip_tracking":false,"_monsterinsights_sitenote_active":false,"_monsterinsights_sitenote_note":"","_monsterinsights_sitenote_category":0,"footnotes":""},"class_list":["post-2387","page","type-page","status-publish"],"yoast_head":"<!-- This site is optimized with the Yoast SEO plugin v25.3.1 - https:\/\/yoast.com\/wordpress\/plugins\/seo\/ -->\n<title>Configurar SMTP\ufeff - smtp mail server - professional SMTP service provider<\/title>\n<meta name=\"robots\" content=\"index, follow, max-snippet:-1, max-image-preview:large, max-video-preview:-1\" \/>\n<link rel=\"canonical\" href=\"https:\/\/serversmtp.com\/es\/configurar-smtp\/\" \/>\n<!-- \/ Yoast SEO plugin. -->","yoast_head_json":{"title":"Configurar SMTP\ufeff - smtp mail server - professional SMTP service provider","robots":{"index":"index","follow":"follow","max-snippet":"max-snippet:-1","max-image-preview":"max-image-preview:large","max-video-preview":"max-video-preview:-1"},"canonical":"https:\/\/serversmtp.com\/es\/configurar-smtp\/","schema":{"@context":"https:\/\/schema.org","@graph":[{"@type":"WebPage","@id":"https:\/\/serversmtp.com\/es\/configurar-smtp\/","url":"https:\/\/serversmtp.com\/es\/configurar-smtp\/","name":"Configurar SMTP\ufeff - smtp mail server - professional SMTP service provider","isPartOf":{"@id":"https:\/\/serversmtp.com\/it\/#website"},"datePublished":"2018-04-13T15:08:52+00:00","dateModified":"2022-02-10T15:11:34+00:00","breadcrumb":{"@id":"https:\/\/serversmtp.com\/es\/configurar-smtp\/#breadcrumb"},"inLanguage":"es","potentialAction":[{"@type":"ReadAction","target":["https:\/\/serversmtp.com\/es\/configurar-smtp\/"]}]},{"@type":"BreadcrumbList","@id":"https:\/\/serversmtp.com\/es\/configurar-smtp\/#breadcrumb","itemListElement":[{"@type":"ListItem","position":1,"name":"Home","item":"https:\/\/serversmtp.com\/es\/"},{"@type":"ListItem","position":2,"name":"Configurar SMTP\ufeff"}]},{"@type":"WebSite","@id":"https:\/\/serversmtp.com\/it\/#website","url":"https:\/\/serversmtp.com\/it\/","name":"smtp mail server - professional SMTP service provider","description":"smtp mail server - professional SMTP service provider","publisher":{"@id":"https:\/\/serversmtp.com\/it\/#organization"},"potentialAction":[{"@type":"SearchAction","target":{"@type":"EntryPoint","urlTemplate":"https:\/\/serversmtp.com\/it\/?s={search_term_string}"},"query-input":{"@type":"PropertyValueSpecification","valueRequired":true,"valueName":"search_term_string"}}],"inLanguage":"es"},{"@type":"Organization","@id":"https:\/\/serversmtp.com\/it\/#organization","name":"Delivery Tech","url":"https:\/\/serversmtp.com\/it\/","logo":{"@type":"ImageObject","inLanguage":"es","@id":"https:\/\/serversmtp.com\/it\/#\/schema\/logo\/image\/","url":"https:\/\/serversmtp.com\/wp-content\/uploads\/2021\/11\/og-image-2.jpg","contentUrl":"https:\/\/serversmtp.com\/wp-content\/uploads\/2021\/11\/og-image-2.jpg","width":1200,"height":1128,"caption":"Delivery Tech"},"image":{"@id":"https:\/\/serversmtp.com\/it\/#\/schema\/logo\/image\/"}}]}},"_links":{"self":[{"href":"https:\/\/serversmtp.com\/es\/wp-json\/wp\/v2\/pages\/2387"}],"collection":[{"href":"https:\/\/serversmtp.com\/es\/wp-json\/wp\/v2\/pages"}],"about":[{"href":"https:\/\/serversmtp.com\/es\/wp-json\/wp\/v2\/types\/page"}],"author":[{"embeddable":true,"href":"https:\/\/serversmtp.com\/es\/wp-json\/wp\/v2\/users\/3"}],"replies":[{"embeddable":true,"href":"https:\/\/serversmtp.com\/es\/wp-json\/wp\/v2\/comments?post=2387"}],"version-history":[{"count":2,"href":"https:\/\/serversmtp.com\/es\/wp-json\/wp\/v2\/pages\/2387\/revisions"}],"predecessor-version":[{"id":2389,"href":"https:\/\/serversmtp.com\/es\/wp-json\/wp\/v2\/pages\/2387\/revisions\/2389"}],"wp:attachment":[{"href":"https:\/\/serversmtp.com\/es\/wp-json\/wp\/v2\/media?parent=2387"}],"curies":[{"name":"wp","href":"https:\/\/api.w.org\/{rel}","templated":true}]}}