{"id":2384,"date":"2018-04-13T17:00:22","date_gmt":"2018-04-13T15:00:22","guid":{"rendered":"https:\/\/dev.serversmtp.com\/?page_id=2384"},"modified":"2018-04-17T11:42:15","modified_gmt":"2018-04-17T09:42:15","slug":"smtp-hotmail-configuracion","status":"publish","type":"page","link":"https:\/\/serversmtp.com\/es\/smtp-hotmail-configuracion\/","title":{"rendered":"Configuraci\u00f3n SMTP de Hotmail"},"content":{"rendered":"<p>Los servicios web tales como <strong>Hotmail<\/strong> son grandiosos para comprobar su cuenta de email online: pero usted puede desear acceder a su cuenta de correo desde un <strong>software de escritorio<\/strong>, tal como Mozilla Thunderbird o Microsoft Outlook. De hecho, un cliente de email de escritorio generalmente ofrece mayor cantidad de herramientas para la gesti\u00f3n de su cuenta.<\/p>\n<p>Para acceder a su cuenta de Hotmail, es necesario ingresar la <strong>configuraci\u00f3n de servidor SMTP<\/strong>. Esto es muy f\u00e1cil: pero&#8230;<\/p>\n<p>Desafortunadamente, el servicio SMTP de Hotmail <strong>restringe los env\u00edos de emails<\/strong>, con el objetivo de evitar el abuso por parte de spammers, por otro lado, utiliza una red de direcciones Ips compartidas sin colas de mensajes: por ello usted puede enviar un m\u00e1ximo de <strong>300 mensajes por d\u00eda<\/strong>, e incluir hasta <strong>100 destinatarios por mensaje<\/strong>.<\/p>\n<p>Por ello, si usted est\u00e1 preparando una <strong>campa\u00f1a de marketing por email<\/strong> o necesita enviar grandes cantidades de emails puede confiar en un servicio SMTP profesional, este le permitir\u00e1 enviar correos ilimitados. En particular, turboSMTP ofrece <strong><a title=\"turboSMTP\" href=\"\/es\/signup\">6000 emails por mes, para siempre<\/a><\/strong>.<\/p>\n<p>Con todo esto dicho, aqu\u00ed ofrecemos la <strong>configuraci\u00f3n del servicio SMTP de Hotmail<\/strong>: usted necesitar\u00e1 abrir el panel de configuraci\u00f3n de su aplicaci\u00f3n<\/p>\n<p><img loading=\"lazy\" class=\"aligncenter wp-image-2371 size-full\" src=\"https:\/\/serversmtp.com\/wp-content\/uploads\/2018\/04\/configuracion-servidor-smtp.gif\" alt=\"\" width=\"360\" height=\"304\" \/><\/p>\n<p>e ingresar los detalles SMTP de Windows Live \/ Hotmail:<\/p>\n<ul>\n<li><strong>Nombre de servidor SMTP de Hotmail<\/strong>: smtp.live.com<\/li>\n<li><strong>Nombre de usuario SMTP de Hotmail<\/strong>: su cuenta de Hotmail<\/li>\n<li><strong>Contrase\u00f1a de SMTP de Hotmail<\/strong>: su contrase\u00f1a de Hotmail<\/li>\n<li><strong>Puerto SMTP de Hotmail<\/strong>: 25 o 465<\/li>\n<\/ul>\n<p>Luego puede elegir sus opciones de seguridad y autenticaci\u00f3n: para mayor informaci\u00f3n por favor ingrese a nuestro art\u00edculo sobre configuraci\u00f3n SMTP.<\/p>\n<p>Eso es todo!<\/p>\n","protected":false},"excerpt":{"rendered":"<p>Los servicios web tales como Hotmail son grandiosos para comprobar su cuenta de email online: pero usted puede desear acceder a su cuenta de correo desde un software de escritorio, tal como Mozilla Thunderbird o Microsoft Outlook. De hecho, un cliente de email de escritorio generalmente ofrece mayor cantidad de herramientas para la gesti\u00f3n de [&hellip;]<\/p>\n","protected":false},"author":3,"featured_media":0,"parent":0,"menu_order":0,"comment_status":"closed","ping_status":"closed","template":"g1_template_page_sidebar_right.php","meta":[],"yoast_head":"<!-- This site is optimized with the Yoast SEO plugin v16.4 - https:\/\/yoast.com\/wordpress\/plugins\/seo\/ -->\n<meta name=\"robots\" content=\"index, follow, max-snippet:-1, max-image-preview:large, max-video-preview:-1\" \/>\n<link rel=\"canonical\" href=\"https:\/\/serversmtp.com\/es\/smtp-hotmail-configuracion\/\" \/>\n<meta property=\"og:locale\" content=\"es_ES\" \/>\n<meta property=\"og:type\" content=\"article\" \/>\n<meta property=\"og:title\" content=\"Configuraci\u00f3n SMTP de Hotmail - smtp mail server - professional SMTP service provider\" \/>\n<meta property=\"og:description\" content=\"Los servicios web tales como Hotmail son grandiosos para comprobar su cuenta de email online: pero usted puede desear acceder a su cuenta de correo desde un software de escritorio, tal como Mozilla Thunderbird o Microsoft Outlook. De hecho, un cliente de email de escritorio generalmente ofrece mayor cantidad de herramientas para la gesti\u00f3n de [&hellip;]\" \/>\n<meta property=\"og:url\" content=\"https:\/\/serversmtp.com\/es\/smtp-hotmail-configuracion\/\" \/>\n<meta property=\"og:site_name\" content=\"smtp mail server - professional SMTP service provider\" \/>\n<meta property=\"article:modified_time\" content=\"2018-04-17T09:42:15+00:00\" \/>\n<meta property=\"og:image\" content=\"https:\/\/serversmtp.com\/wp-content\/uploads\/2018\/04\/configuracion-servidor-smtp.gif\" \/>\n<meta name=\"twitter:card\" content=\"summary_large_image\" \/>\n<meta name=\"twitter:label1\" content=\"Tiempo de lectura\" \/>\n\t<meta name=\"twitter:data1\" content=\"1 minuto\" \/>\n<script type=\"application\/ld+json\" class=\"yoast-schema-graph\">{\"@context\":\"https:\/\/schema.org\",\"@graph\":[{\"@type\":\"WebSite\",\"@id\":\"https:\/\/serversmtp.com\/pl\/#website\",\"url\":\"https:\/\/serversmtp.com\/pl\/\",\"name\":\"smtp mail server - professional SMTP service provider\",\"description\":\"smtp mail server - professional SMTP service provider \",\"potentialAction\":[{\"@type\":\"SearchAction\",\"target\":\"https:\/\/serversmtp.com\/pl\/?s={search_term_string}\",\"query-input\":\"required name=search_term_string\"}],\"inLanguage\":\"es\"},{\"@type\":\"ImageObject\",\"@id\":\"https:\/\/serversmtp.com\/es\/smtp-hotmail-configuracion\/#primaryimage\",\"inLanguage\":\"es\",\"url\":\"https:\/\/serversmtp.com\/wp-content\/uploads\/2018\/04\/configuracion-servidor-smtp.gif\",\"contentUrl\":\"https:\/\/serversmtp.com\/wp-content\/uploads\/2018\/04\/configuracion-servidor-smtp.gif\",\"width\":360,\"height\":304},{\"@type\":\"WebPage\",\"@id\":\"https:\/\/serversmtp.com\/es\/smtp-hotmail-configuracion\/#webpage\",\"url\":\"https:\/\/serversmtp.com\/es\/smtp-hotmail-configuracion\/\",\"name\":\"Configuraci\\u00f3n SMTP de Hotmail - smtp mail server - professional SMTP service provider\",\"isPartOf\":{\"@id\":\"https:\/\/serversmtp.com\/pl\/#website\"},\"primaryImageOfPage\":{\"@id\":\"https:\/\/serversmtp.com\/es\/smtp-hotmail-configuracion\/#primaryimage\"},\"datePublished\":\"2018-04-13T15:00:22+00:00\",\"dateModified\":\"2018-04-17T09:42:15+00:00\",\"breadcrumb\":{\"@id\":\"https:\/\/serversmtp.com\/es\/smtp-hotmail-configuracion\/#breadcrumb\"},\"inLanguage\":\"es\",\"potentialAction\":[{\"@type\":\"ReadAction\",\"target\":[\"https:\/\/serversmtp.com\/es\/smtp-hotmail-configuracion\/\"]}]},{\"@type\":\"BreadcrumbList\",\"@id\":\"https:\/\/serversmtp.com\/es\/smtp-hotmail-configuracion\/#breadcrumb\",\"itemListElement\":[{\"@type\":\"ListItem\",\"position\":1,\"item\":{\"@type\":\"WebPage\",\"@id\":\"https:\/\/serversmtp.com\/es\/\",\"url\":\"https:\/\/serversmtp.com\/es\/\",\"name\":\"Home\"}},{\"@type\":\"ListItem\",\"position\":2,\"item\":{\"@id\":\"https:\/\/serversmtp.com\/es\/smtp-hotmail-configuracion\/#webpage\"}}]}]}<\/script>\n<!-- \/ Yoast SEO plugin. -->","_links":{"self":[{"href":"https:\/\/serversmtp.com\/es\/wp-json\/wp\/v2\/pages\/2384"}],"collection":[{"href":"https:\/\/serversmtp.com\/es\/wp-json\/wp\/v2\/pages"}],"about":[{"href":"https:\/\/serversmtp.com\/es\/wp-json\/wp\/v2\/types\/page"}],"author":[{"embeddable":true,"href":"https:\/\/serversmtp.com\/es\/wp-json\/wp\/v2\/users\/3"}],"replies":[{"embeddable":true,"href":"https:\/\/serversmtp.com\/es\/wp-json\/wp\/v2\/comments?post=2384"}],"version-history":[{"count":2,"href":"https:\/\/serversmtp.com\/es\/wp-json\/wp\/v2\/pages\/2384\/revisions"}],"predecessor-version":[{"id":2386,"href":"https:\/\/serversmtp.com\/es\/wp-json\/wp\/v2\/pages\/2384\/revisions\/2386"}],"wp:attachment":[{"href":"https:\/\/serversmtp.com\/es\/wp-json\/wp\/v2\/media?parent=2384"}],"curies":[{"name":"wp","href":"https:\/\/api.w.org\/{rel}","templated":true}]}}