{"id":2381,"date":"2018-04-13T16:57:19","date_gmt":"2018-04-13T14:57:19","guid":{"rendered":"https:\/\/dev.serversmtp.com\/?page_id=2381"},"modified":"2022-02-10T16:47:53","modified_gmt":"2022-02-10T15:47:53","slug":"smtp-yahoo-configuracion","status":"publish","type":"page","link":"https:\/\/serversmtp.com\/es\/smtp-yahoo-configuracion\/","title":{"rendered":"Configuraci\u00f3n SMTP de Yahoo"},"content":{"rendered":"<p>Puede usar su <strong>cuenta de Yahoo Mail<\/strong> para enviar emails tambi\u00e9n desde un cliente de email tal como Thunderbird o Outlook, empleando el propio <strong>servidor SMTP de Yahoo<\/strong>.<\/p>\n<p>El proceso de configuraci\u00f3n es extremadamente f\u00e1cil. Simplemente necesita abrir la ventana de opciones del servidor SMTP<\/p>\n<p><img decoding=\"async\" class=\"aligncenter wp-image-2371 size-full\" src=\"https:\/\/serversmtp.com\/wp-content\/uploads\/2018\/04\/configuracion-servidor-smtp.gif\" alt=\"\" width=\"360\" height=\"304\" \/><\/p>\n<p>y completar los campos con los detalles de servicio SMTP de Yahoo, estos son:<\/p>\n<ul>\n<li><strong>Direcci\u00f3n de servidor SMTP de Yahoo<\/strong>: smtp.mail.yahoo.com<\/li>\n<li><strong>Nombre de usuario de SMTP de Yahoo<\/strong>: su cuenta de Yahoo! Mail<\/li>\n<li><strong>Contrase\u00f1a SMTP de Yahoo<\/strong>: su contrase\u00f1a de Yahoo! Mail<\/li>\n<li><strong>Puerto SMTP de Yahoo<\/strong>: 25 o 465<\/li>\n<\/ul>\n<p>Eso es todo.<\/p>\n<p>De todas formas, debemos resaltar que el servicio SMTP de Yahoo es ofrecido con un <strong>l\u00edmite estricto de 500 emails salientes por d\u00eda<\/strong> (y cada mensaje puede ser enviado hasta a <strong>100 destinatarios<\/strong>), para prevenir que los spammers lo utilicen para enviar correo no deseado.<\/p>\n<p>Por ello, si necesita enviar correos masivos a una gran lista de correos \u2013 por ejemplo una campa\u00f1a de email \u2013 deber\u00eda definitivamente optar por un <strong><a title=\"servidor SMTP profesional\" href=\"\/es\/signup\">servicio de env\u00edo dedicado<\/a><\/strong> tal como turboSMTP.<\/p>\n<p>turboSMTP permite gestionar con facilidad sus env\u00edos y enviar correos ilimitados, y por sobre todo, garantiza la <strong>m\u00e1s alta tasa de entrega<\/strong>. Usted puede suscribirse y obtener <a title=\"servicio SMTP\" href=\"\/es\/signup\">6000 env\u00edos por mes gratis, para siempre<\/a>.<\/p>\n","protected":false},"excerpt":{"rendered":"<p>Puede usar su cuenta de Yahoo Mail para enviar emails tambi\u00e9n desde un cliente de email tal como Thunderbird o Outlook, empleando el propio servidor SMTP de Yahoo. El proceso de configuraci\u00f3n es extremadamente f\u00e1cil. Simplemente necesita abrir la ventana de opciones del servidor SMTP y completar los campos con los detalles de servicio SMTP &#8230; <\/p>\n<p class=\"read-more-container\"><a title=\"Configuraci\u00f3n SMTP de Yahoo\" class=\"read-more button\" href=\"https:\/\/serversmtp.com\/es\/smtp-yahoo-configuracion\/#more-2381\" aria-label=\"Leer m\u00e1s sobre Configuraci\u00f3n SMTP de Yahoo\">Discover more<\/a><\/p>\n","protected":false},"author":3,"featured_media":0,"parent":0,"menu_order":0,"comment_status":"closed","ping_status":"closed","template":"","meta":{"_eb_attr":"","inline_featured_image":false,"_monsterinsights_skip_tracking":false,"_monsterinsights_sitenote_active":false,"_monsterinsights_sitenote_note":"","_monsterinsights_sitenote_category":0,"footnotes":""},"class_list":["post-2381","page","type-page","status-publish"],"yoast_head":"<!-- This site is optimized with the Yoast SEO plugin v25.3.1 - https:\/\/yoast.com\/wordpress\/plugins\/seo\/ -->\n<title>C\u00f3mo configurar el servidor SMTP de Yahoo<\/title>\n<meta name=\"description\" content=\"Descubra c\u00f3mo configurar el servidor SMTP de Yahoo siguiendo nuestra gu\u00eda en unos sencillos pasos\" \/>\n<meta name=\"robots\" content=\"index, follow, max-snippet:-1, max-image-preview:large, max-video-preview:-1\" \/>\n<link rel=\"canonical\" href=\"https:\/\/serversmtp.com\/es\/smtp-yahoo-configuracion\/\" \/>\n<meta name=\"twitter:label1\" content=\"Tiempo de lectura\" \/>\n\t<meta name=\"twitter:data1\" content=\"1 minuto\" \/>\n<!-- \/ Yoast SEO plugin. -->","yoast_head_json":{"title":"C\u00f3mo configurar el servidor SMTP de Yahoo","description":"Descubra c\u00f3mo configurar el servidor SMTP de Yahoo siguiendo nuestra gu\u00eda en unos sencillos pasos","robots":{"index":"index","follow":"follow","max-snippet":"max-snippet:-1","max-image-preview":"max-image-preview:large","max-video-preview":"max-video-preview:-1"},"canonical":"https:\/\/serversmtp.com\/es\/smtp-yahoo-configuracion\/","twitter_misc":{"Tiempo de lectura":"1 minuto"},"schema":{"@context":"https:\/\/schema.org","@graph":[{"@type":"WebPage","@id":"https:\/\/serversmtp.com\/es\/smtp-yahoo-configuracion\/","url":"https:\/\/serversmtp.com\/es\/smtp-yahoo-configuracion\/","name":"C\u00f3mo configurar el servidor SMTP de Yahoo","isPartOf":{"@id":"https:\/\/serversmtp.com\/it\/#website"},"primaryImageOfPage":{"@id":"https:\/\/serversmtp.com\/es\/smtp-yahoo-configuracion\/#primaryimage"},"image":{"@id":"https:\/\/serversmtp.com\/es\/smtp-yahoo-configuracion\/#primaryimage"},"thumbnailUrl":"https:\/\/serversmtp.com\/wp-content\/uploads\/2018\/04\/configuracion-servidor-smtp.gif","datePublished":"2018-04-13T14:57:19+00:00","dateModified":"2022-02-10T15:47:53+00:00","description":"Descubra c\u00f3mo configurar el servidor SMTP de Yahoo siguiendo nuestra gu\u00eda en unos sencillos pasos","breadcrumb":{"@id":"https:\/\/serversmtp.com\/es\/smtp-yahoo-configuracion\/#breadcrumb"},"inLanguage":"es","potentialAction":[{"@type":"ReadAction","target":["https:\/\/serversmtp.com\/es\/smtp-yahoo-configuracion\/"]}]},{"@type":"ImageObject","inLanguage":"es","@id":"https:\/\/serversmtp.com\/es\/smtp-yahoo-configuracion\/#primaryimage","url":"https:\/\/serversmtp.com\/wp-content\/uploads\/2018\/04\/configuracion-servidor-smtp.gif","contentUrl":"https:\/\/serversmtp.com\/wp-content\/uploads\/2018\/04\/configuracion-servidor-smtp.gif"},{"@type":"BreadcrumbList","@id":"https:\/\/serversmtp.com\/es\/smtp-yahoo-configuracion\/#breadcrumb","itemListElement":[{"@type":"ListItem","position":1,"name":"Home","item":"https:\/\/serversmtp.com\/es\/"},{"@type":"ListItem","position":2,"name":"Configuraci\u00f3n SMTP de Yahoo"}]},{"@type":"WebSite","@id":"https:\/\/serversmtp.com\/it\/#website","url":"https:\/\/serversmtp.com\/it\/","name":"smtp mail server - professional SMTP service provider","description":"smtp mail server - professional SMTP service provider","publisher":{"@id":"https:\/\/serversmtp.com\/it\/#organization"},"potentialAction":[{"@type":"SearchAction","target":{"@type":"EntryPoint","urlTemplate":"https:\/\/serversmtp.com\/it\/?s={search_term_string}"},"query-input":{"@type":"PropertyValueSpecification","valueRequired":true,"valueName":"search_term_string"}}],"inLanguage":"es"},{"@type":"Organization","@id":"https:\/\/serversmtp.com\/it\/#organization","name":"Delivery Tech","url":"https:\/\/serversmtp.com\/it\/","logo":{"@type":"ImageObject","inLanguage":"es","@id":"https:\/\/serversmtp.com\/it\/#\/schema\/logo\/image\/","url":"https:\/\/serversmtp.com\/wp-content\/uploads\/2021\/11\/og-image-2.jpg","contentUrl":"https:\/\/serversmtp.com\/wp-content\/uploads\/2021\/11\/og-image-2.jpg","width":1200,"height":1128,"caption":"Delivery Tech"},"image":{"@id":"https:\/\/serversmtp.com\/it\/#\/schema\/logo\/image\/"}}]}},"_links":{"self":[{"href":"https:\/\/serversmtp.com\/es\/wp-json\/wp\/v2\/pages\/2381"}],"collection":[{"href":"https:\/\/serversmtp.com\/es\/wp-json\/wp\/v2\/pages"}],"about":[{"href":"https:\/\/serversmtp.com\/es\/wp-json\/wp\/v2\/types\/page"}],"author":[{"embeddable":true,"href":"https:\/\/serversmtp.com\/es\/wp-json\/wp\/v2\/users\/3"}],"replies":[{"embeddable":true,"href":"https:\/\/serversmtp.com\/es\/wp-json\/wp\/v2\/comments?post=2381"}],"version-history":[{"count":2,"href":"https:\/\/serversmtp.com\/es\/wp-json\/wp\/v2\/pages\/2381\/revisions"}],"predecessor-version":[{"id":2383,"href":"https:\/\/serversmtp.com\/es\/wp-json\/wp\/v2\/pages\/2381\/revisions\/2383"}],"wp:attachment":[{"href":"https:\/\/serversmtp.com\/es\/wp-json\/wp\/v2\/media?parent=2381"}],"curies":[{"name":"wp","href":"https:\/\/api.w.org\/{rel}","templated":true}]}}