{"id":2370,"date":"2018-04-13T16:47:53","date_gmt":"2018-04-13T14:47:53","guid":{"rendered":"https:\/\/dev.serversmtp.com\/?page_id=2370"},"modified":"2022-02-10T16:44:27","modified_gmt":"2022-02-10T15:44:27","slug":"servidor-smtp-gmail","status":"publish","type":"page","link":"https:\/\/serversmtp.com\/es\/servidor-smtp-gmail\/","title":{"rendered":"Configuraci\u00f3n SMTP de Gmail"},"content":{"rendered":"<p>Cu\u00e1les son las <strong>direcciones SMTP<\/strong> <strong>de Gmail<\/strong>? Es una pregunta f\u00e1cil.<\/p>\n<p>Gmail es una aplicaci\u00f3n web fant\u00e1stica, pero muchas personas consideran m\u00e1s f\u00e1cil acceder a sus cuentas desde un <strong>cliente de email<\/strong> tal como Thunderbird o Outlook: para lograr este prop\u00f3sito, es necesario configurar el servidor de salida, ingresando las configuraciones adecuadas.<\/p>\n<p>Primero, ingrese al panel de configuraci\u00f3n de su cliente de email<\/p>\n<p><img decoding=\"async\" class=\"aligncenter wp-image-2371 size-full\" src=\"https:\/\/serversmtp.com\/wp-content\/uploads\/2018\/04\/configuracion-servidor-smtp.gif\" alt=\"\" width=\"360\" height=\"304\" \/><\/p>\n<p>y complete los detalles SMTP de Gmail, estos son:<\/p>\n<ul>\n<li><strong>Nombre de servidor SMTP de Gmail<\/strong>: smtp.gmail.com<\/li>\n<li><strong>Usuario de SMTP de Gmail<\/strong>: su direcci\u00f3n de Gmail<\/li>\n<li><strong>Contrase\u00f1a de SMTP de Gmail<\/strong>: su contrase\u00f1a<\/li>\n<li><strong>Puerto SMTP de Gmail<\/strong>: 25 o 465<\/li>\n<\/ul>\n<p>Luego puede elegir sus opciones de <strong>seguridad y autenticaci\u00f3n<\/strong>, para mayor informaci\u00f3n por favor compruebe nuestro art\u00edculo sobre configuraci\u00f3n SMTP.<\/p>\n<p>Recuerde de todas formas que el servicio SMTP de Gmail es ofrecido con <strong>limitaciones de env\u00edos<\/strong> para evitar que los spammers utilicen su servicio para enviar correos basura. Los l\u00edmites establecen <strong>100 destinatarios a la vez<\/strong>, y <strong>500 mensajes por d\u00eda<\/strong>: si usted supera esta restricci\u00f3n, Google <strong>bloquear\u00e1 su cuenta<\/strong>.<\/p>\n<p>Adem\u00e1s, su servicio SMTP utiliza IPs compartidas que no garantizan la entrega, ya que estas tambi\u00e9n son utilizadas por <strong>spammers<\/strong> que da\u00f1an seriamente la reputaci\u00f3n de estas direcciones, incrementando las probabilidades de que su email leg\u00edtimo sea filtrado por sistemas antispam por error.<\/p>\n<p>Por ello, si usted est\u00e1 enviando una campa\u00f1a de email o necesita enviar emails ilimitados, la mejor alternativa consiste en optar por un <strong><a title=\"servidor SMTP profesional\" href=\"https:\/\/admin.serversmtp.com\/it\/tsmtpregistration1.php\">servidor SMTP profesional<\/a><\/strong>: por un precio realmente accesible usted puede realizar grandes env\u00edos con la certeza de la mayor tasa de env\u00edo.<\/p>\n<p>Adem\u00e1s, ya sea que se trate de correos electr\u00f3nicos personales o de negocios, utilizando turboSMTP <a href=\"https:\/\/serversmtp.com\/es\/tracking-de-email-como-saber-si-alguien-leyo-su-email\/\"><strong>siempre puede verificar<\/strong><\/a> si un env\u00edo en particular ha sido exitoso, si el mensaje ha sido abierto y si el destinatario ha hecho clic en uno de los enlaces del correo electr\u00f3nico.<\/p>\n","protected":false},"excerpt":{"rendered":"<p>Cu\u00e1les son las direcciones SMTP de Gmail? Es una pregunta f\u00e1cil. Gmail es una aplicaci\u00f3n web fant\u00e1stica, pero muchas personas consideran m\u00e1s f\u00e1cil acceder a sus cuentas desde un cliente de email tal como Thunderbird o Outlook: para lograr este prop\u00f3sito, es necesario configurar el servidor de salida, ingresando las configuraciones adecuadas. Primero, ingrese al &#8230; <\/p>\n<p class=\"read-more-container\"><a title=\"Configuraci\u00f3n SMTP de Gmail\" class=\"read-more button\" href=\"https:\/\/serversmtp.com\/es\/servidor-smtp-gmail\/#more-2370\" aria-label=\"Leer m\u00e1s sobre Configuraci\u00f3n SMTP de Gmail\">Discover more<\/a><\/p>\n","protected":false},"author":3,"featured_media":5429,"parent":0,"menu_order":0,"comment_status":"closed","ping_status":"closed","template":"","meta":{"_eb_attr":"","inline_featured_image":false,"_monsterinsights_skip_tracking":false,"_monsterinsights_sitenote_active":false,"_monsterinsights_sitenote_note":"","_monsterinsights_sitenote_category":0,"footnotes":""},"class_list":["post-2370","page","type-page","status-publish","has-post-thumbnail"],"yoast_head":"<!-- This site is optimized with the Yoast SEO plugin v25.3.1 - https:\/\/yoast.com\/wordpress\/plugins\/seo\/ -->\n<title>Configuraci\u00f3n del servidor y par\u00e1metros SMTP de Gmail - turboSMTP<\/title>\n<meta name=\"description\" content=\"Aqu\u00ed se explica c\u00f3mo configurar los par\u00e1metros del servidor SMTP si usa Gmail y desea enviar correos electr\u00f3nicos a trav\u00e9s de un cliente de correo.\" \/>\n<meta name=\"robots\" content=\"index, follow, max-snippet:-1, max-image-preview:large, max-video-preview:-1\" \/>\n<link rel=\"canonical\" href=\"https:\/\/serversmtp.com\/es\/servidor-smtp-gmail\/\" \/>\n<meta name=\"twitter:label1\" content=\"Tiempo de lectura\" \/>\n\t<meta name=\"twitter:data1\" content=\"2 minutos\" \/>\n<!-- \/ Yoast SEO plugin. -->","yoast_head_json":{"title":"Configuraci\u00f3n del servidor y par\u00e1metros SMTP de Gmail - turboSMTP","description":"Aqu\u00ed se explica c\u00f3mo configurar los par\u00e1metros del servidor SMTP si usa Gmail y desea enviar correos electr\u00f3nicos a trav\u00e9s de un cliente de correo.","robots":{"index":"index","follow":"follow","max-snippet":"max-snippet:-1","max-image-preview":"max-image-preview:large","max-video-preview":"max-video-preview:-1"},"canonical":"https:\/\/serversmtp.com\/es\/servidor-smtp-gmail\/","twitter_misc":{"Tiempo de lectura":"2 minutos"},"schema":{"@context":"https:\/\/schema.org","@graph":[{"@type":"WebPage","@id":"https:\/\/serversmtp.com\/es\/servidor-smtp-gmail\/","url":"https:\/\/serversmtp.com\/es\/servidor-smtp-gmail\/","name":"Configuraci\u00f3n del servidor y par\u00e1metros SMTP de Gmail - turboSMTP","isPartOf":{"@id":"https:\/\/serversmtp.com\/#website"},"primaryImageOfPage":{"@id":"https:\/\/serversmtp.com\/es\/servidor-smtp-gmail\/#primaryimage"},"image":{"@id":"https:\/\/serversmtp.com\/es\/servidor-smtp-gmail\/#primaryimage"},"thumbnailUrl":"https:\/\/serversmtp.com\/wp-content\/uploads\/2018\/03\/mail-cofiguration.png","datePublished":"2018-04-13T14:47:53+00:00","dateModified":"2022-02-10T15:44:27+00:00","description":"Aqu\u00ed se explica c\u00f3mo configurar los par\u00e1metros del servidor SMTP si usa Gmail y desea enviar correos electr\u00f3nicos a trav\u00e9s de un cliente de correo.","breadcrumb":{"@id":"https:\/\/serversmtp.com\/es\/servidor-smtp-gmail\/#breadcrumb"},"inLanguage":"es","potentialAction":[{"@type":"ReadAction","target":["https:\/\/serversmtp.com\/es\/servidor-smtp-gmail\/"]}]},{"@type":"ImageObject","inLanguage":"es","@id":"https:\/\/serversmtp.com\/es\/servidor-smtp-gmail\/#primaryimage","url":"https:\/\/serversmtp.com\/wp-content\/uploads\/2018\/03\/mail-cofiguration.png","contentUrl":"https:\/\/serversmtp.com\/wp-content\/uploads\/2018\/03\/mail-cofiguration.png","width":408,"height":320,"caption":"Gmail SMTP Settings (2026 Update)"},{"@type":"BreadcrumbList","@id":"https:\/\/serversmtp.com\/es\/servidor-smtp-gmail\/#breadcrumb","itemListElement":[{"@type":"ListItem","position":1,"name":"Home","item":"https:\/\/serversmtp.com\/es\/"},{"@type":"ListItem","position":2,"name":"Configuraci\u00f3n SMTP de Gmail"}]},{"@type":"WebSite","@id":"https:\/\/serversmtp.com\/#website","url":"https:\/\/serversmtp.com\/","name":"smtp mail server - professional SMTP service provider","description":"smtp mail server - professional SMTP service provider","publisher":{"@id":"https:\/\/serversmtp.com\/#organization"},"potentialAction":[{"@type":"SearchAction","target":{"@type":"EntryPoint","urlTemplate":"https:\/\/serversmtp.com\/?s={search_term_string}"},"query-input":{"@type":"PropertyValueSpecification","valueRequired":true,"valueName":"search_term_string"}}],"inLanguage":"es"},{"@type":"Organization","@id":"https:\/\/serversmtp.com\/#organization","name":"Delivery Tech","url":"https:\/\/serversmtp.com\/","logo":{"@type":"ImageObject","inLanguage":"es","@id":"https:\/\/serversmtp.com\/#\/schema\/logo\/image\/","url":"https:\/\/serversmtp.com\/wp-content\/uploads\/2021\/11\/og-image-2.jpg","contentUrl":"https:\/\/serversmtp.com\/wp-content\/uploads\/2021\/11\/og-image-2.jpg","width":1200,"height":1128,"caption":"Delivery Tech"},"image":{"@id":"https:\/\/serversmtp.com\/#\/schema\/logo\/image\/"}}]}},"_links":{"self":[{"href":"https:\/\/serversmtp.com\/es\/wp-json\/wp\/v2\/pages\/2370"}],"collection":[{"href":"https:\/\/serversmtp.com\/es\/wp-json\/wp\/v2\/pages"}],"about":[{"href":"https:\/\/serversmtp.com\/es\/wp-json\/wp\/v2\/types\/page"}],"author":[{"embeddable":true,"href":"https:\/\/serversmtp.com\/es\/wp-json\/wp\/v2\/users\/3"}],"replies":[{"embeddable":true,"href":"https:\/\/serversmtp.com\/es\/wp-json\/wp\/v2\/comments?post=2370"}],"version-history":[{"count":3,"href":"https:\/\/serversmtp.com\/es\/wp-json\/wp\/v2\/pages\/2370\/revisions"}],"predecessor-version":[{"id":5428,"href":"https:\/\/serversmtp.com\/es\/wp-json\/wp\/v2\/pages\/2370\/revisions\/5428"}],"wp:featuredmedia":[{"embeddable":true,"href":"https:\/\/serversmtp.com\/es\/wp-json\/wp\/v2\/media\/5429"}],"wp:attachment":[{"href":"https:\/\/serversmtp.com\/es\/wp-json\/wp\/v2\/media?parent=2370"}],"curies":[{"name":"wp","href":"https:\/\/api.w.org\/{rel}","templated":true}]}}