{"id":2366,"date":"2018-04-13T16:29:05","date_gmt":"2018-04-13T14:29:05","guid":{"rendered":"https:\/\/dev.serversmtp.com\/?page_id=2366"},"modified":"2022-02-10T16:09:22","modified_gmt":"2022-02-10T15:09:22","slug":"smtp-gratuitos","status":"publish","type":"page","link":"https:\/\/serversmtp.com\/es\/smtp-gratuitos\/","title":{"rendered":"SMTP gratuitos\ufeff"},"content":{"rendered":"<p>C\u00f3mo configurar los SMTP de los proveedores gratuitos m\u00e1s comunes: Gmail, Hotmail, Yahoo Mail, etc<\/p>\n<div class=\"lpCategoryList\">\n<h2><a title=\"servidor SMTP gratuit\" href=\"\/es\/servidor-smtp-gratuito\">Qu\u00e9 es un servidor SMTP gratuito<\/a><\/h2>\n<p>Un servidor SMTP es una m\u00e1quina que recoge y entrega los emails que usted env\u00eda con un cliente de email. Todo email gratuito tiene asociado un servidor SMTP gratuito<\/p>\n<h2><a title=\"servidor SMTP Gmail\" href=\"\/es\/servidor-smtp-gmail\">Configuraci\u00f3n SMTP de Gmail<\/a><\/h2>\n<p>Las direcciones del SMTP de Gmail, para configurar vuestro cliente de email.<\/p>\n<h2><a title=\"servidor SMTP Terra\" href=\"\/es\/servidor-smtp-terra\">Configuraci\u00f3n SMTP de Terra<\/a><\/h2>\n<p>Las direcciones del SMTP de Terra, para configurar vuestro cliente de email.<\/p>\n<h2><a title=\"servidor SMTP yahoo\" href=\"\/es\/smtp-yahoo-configuracion\">Configuraci\u00f3n SMTP de Yahoo<\/a><\/h2>\n<p>Las direcciones del SMTP de Yahoo, para configurar vuestro cliente de email.<\/p>\n<h2><a title=\"servidor SMTP hotmail\" href=\"\/es\/smtp-hotmail-configuracion\">Configuraci\u00f3n SMTP de Hotmail<\/a><\/h2>\n<p>Las direcciones del SMTP de Hotmail, para configurar vuestro cliente de email.<\/p>\n<\/div>\n","protected":false},"excerpt":{"rendered":"<p>C\u00f3mo configurar los SMTP de los proveedores gratuitos m\u00e1s comunes: Gmail, Hotmail, Yahoo Mail, etc Qu\u00e9 es un servidor SMTP gratuito Un servidor SMTP es una m\u00e1quina que recoge y entrega los emails que usted env\u00eda con un cliente de email. Todo email gratuito tiene asociado un servidor SMTP gratuito Configuraci\u00f3n SMTP de Gmail Las &#8230; <\/p>\n<p class=\"read-more-container\"><a title=\"SMTP gratuitos\ufeff\" class=\"read-more button\" href=\"https:\/\/serversmtp.com\/es\/smtp-gratuitos\/#more-2366\" aria-label=\"Leer m\u00e1s sobre SMTP gratuitos\ufeff\">Discover more<\/a><\/p>\n","protected":false},"author":3,"featured_media":0,"parent":0,"menu_order":0,"comment_status":"closed","ping_status":"closed","template":"","meta":{"_eb_attr":"","inline_featured_image":false,"_monsterinsights_skip_tracking":false,"_monsterinsights_sitenote_active":false,"_monsterinsights_sitenote_note":"","_monsterinsights_sitenote_category":0,"footnotes":""},"class_list":["post-2366","page","type-page","status-publish"],"yoast_head":"<!-- This site is optimized with the Yoast SEO plugin v25.3.1 - https:\/\/yoast.com\/wordpress\/plugins\/seo\/ -->\n<title>SMTP gratuitos\ufeff - smtp mail server - professional SMTP service provider<\/title>\n<meta name=\"robots\" content=\"index, follow, max-snippet:-1, max-image-preview:large, max-video-preview:-1\" \/>\n<link rel=\"canonical\" href=\"https:\/\/serversmtp.com\/es\/smtp-gratuitos\/\" \/>\n<meta name=\"twitter:label1\" content=\"Tiempo de lectura\" \/>\n\t<meta name=\"twitter:data1\" content=\"1 minuto\" \/>\n<!-- \/ Yoast SEO plugin. -->","yoast_head_json":{"title":"SMTP gratuitos\ufeff - smtp mail server - professional SMTP service provider","robots":{"index":"index","follow":"follow","max-snippet":"max-snippet:-1","max-image-preview":"max-image-preview:large","max-video-preview":"max-video-preview:-1"},"canonical":"https:\/\/serversmtp.com\/es\/smtp-gratuitos\/","twitter_misc":{"Tiempo de lectura":"1 minuto"},"schema":{"@context":"https:\/\/schema.org","@graph":[{"@type":"WebPage","@id":"https:\/\/serversmtp.com\/es\/smtp-gratuitos\/","url":"https:\/\/serversmtp.com\/es\/smtp-gratuitos\/","name":"SMTP gratuitos\ufeff - smtp mail server - professional SMTP service provider","isPartOf":{"@id":"https:\/\/serversmtp.com\/it\/#website"},"datePublished":"2018-04-13T14:29:05+00:00","dateModified":"2022-02-10T15:09:22+00:00","breadcrumb":{"@id":"https:\/\/serversmtp.com\/es\/smtp-gratuitos\/#breadcrumb"},"inLanguage":"es","potentialAction":[{"@type":"ReadAction","target":["https:\/\/serversmtp.com\/es\/smtp-gratuitos\/"]}]},{"@type":"BreadcrumbList","@id":"https:\/\/serversmtp.com\/es\/smtp-gratuitos\/#breadcrumb","itemListElement":[{"@type":"ListItem","position":1,"name":"Home","item":"https:\/\/serversmtp.com\/es\/"},{"@type":"ListItem","position":2,"name":"SMTP gratuitos\ufeff"}]},{"@type":"WebSite","@id":"https:\/\/serversmtp.com\/it\/#website","url":"https:\/\/serversmtp.com\/it\/","name":"smtp mail server - professional SMTP service provider","description":"smtp mail server - professional SMTP service provider","publisher":{"@id":"https:\/\/serversmtp.com\/it\/#organization"},"potentialAction":[{"@type":"SearchAction","target":{"@type":"EntryPoint","urlTemplate":"https:\/\/serversmtp.com\/it\/?s={search_term_string}"},"query-input":{"@type":"PropertyValueSpecification","valueRequired":true,"valueName":"search_term_string"}}],"inLanguage":"es"},{"@type":"Organization","@id":"https:\/\/serversmtp.com\/it\/#organization","name":"Delivery Tech","url":"https:\/\/serversmtp.com\/it\/","logo":{"@type":"ImageObject","inLanguage":"es","@id":"https:\/\/serversmtp.com\/it\/#\/schema\/logo\/image\/","url":"https:\/\/serversmtp.com\/wp-content\/uploads\/2021\/11\/og-image-2.jpg","contentUrl":"https:\/\/serversmtp.com\/wp-content\/uploads\/2021\/11\/og-image-2.jpg","width":1200,"height":1128,"caption":"Delivery Tech"},"image":{"@id":"https:\/\/serversmtp.com\/it\/#\/schema\/logo\/image\/"}}]}},"_links":{"self":[{"href":"https:\/\/serversmtp.com\/es\/wp-json\/wp\/v2\/pages\/2366"}],"collection":[{"href":"https:\/\/serversmtp.com\/es\/wp-json\/wp\/v2\/pages"}],"about":[{"href":"https:\/\/serversmtp.com\/es\/wp-json\/wp\/v2\/types\/page"}],"author":[{"embeddable":true,"href":"https:\/\/serversmtp.com\/es\/wp-json\/wp\/v2\/users\/3"}],"replies":[{"embeddable":true,"href":"https:\/\/serversmtp.com\/es\/wp-json\/wp\/v2\/comments?post=2366"}],"version-history":[{"count":2,"href":"https:\/\/serversmtp.com\/es\/wp-json\/wp\/v2\/pages\/2366\/revisions"}],"predecessor-version":[{"id":2727,"href":"https:\/\/serversmtp.com\/es\/wp-json\/wp\/v2\/pages\/2366\/revisions\/2727"}],"wp:attachment":[{"href":"https:\/\/serversmtp.com\/es\/wp-json\/wp\/v2\/media?parent=2366"}],"curies":[{"name":"wp","href":"https:\/\/api.w.org\/{rel}","templated":true}]}}