{"id":2364,"date":"2018-04-13T16:24:54","date_gmt":"2018-04-13T14:24:54","guid":{"rendered":"https:\/\/dev.serversmtp.com\/?page_id=2364"},"modified":"2018-04-16T17:21:57","modified_gmt":"2018-04-16T15:21:57","slug":"smtp-dedicado","status":"publish","type":"page","link":"https:\/\/serversmtp.com\/es\/smtp-dedicado\/","title":{"rendered":"Porqu\u00e9 utilizar un servidor SMTP dedicado"},"content":{"rendered":"<p>Muchos profesionales del marketing a\u00fan creen que para entregar un correo masivo \u2013 por ejemplo, un <strong>newsletter<\/strong> \u2013 pueden confiar en un <strong>servicio SMTP<\/strong> com\u00fan y gratuito. Bien, este es un <strong>gran error<\/strong>.<\/p>\n<p>Existen tres razones principales por las cuales es imperativo utilizar un <strong><a title=\"servidor smtp dedicado\" href=\"\/es\/signup\">servidor SMTP dedicado<\/a><\/strong> para el marketing por email:<\/p>\n<p><strong>1.<\/strong> Un servidor SMTP normal \u2013 similar al utilizado por proveedores de email tales como Gmail \u2013 posee dos grandes limitaciones, en primer lugar, no permite enviar m\u00e1s que una <strong>cantidad limitada de emails<\/strong> (o una cantidad limitada de destinatarios) por d\u00eda. En segundo lugar, no ha sido dise\u00f1ado para los correos masivos, y por ello no puede garantizar una buena entrega \u2013 es decir, que sus mensajes siempre corren el riesgo de ser rechazados por filtros antispam. Por el contrario, un <strong>servidor dedicado<\/strong> tal como turboSMTP le permite enviar emails ilimitados asegurando la <strong>mejor tasa de entrega<\/strong>.<\/p>\n<p><strong>2.<\/strong> Un servicio SMTP profesional generalmente es ofrecido con <strong>herramientas de an\u00e1lisis de avanzada<\/strong> para sus campa\u00f1as de marketing por email, estas incluyen informaci\u00f3n sobre tasas de devoluciones, tasas de aperturas, tasas de clics, etc.<\/p>\n<p><strong>3.<\/strong> Si usted posee alg\u00fan problema t\u00e9cnico \u2013 ya sea un error SMTP t\u00edpico o algo m\u00e1s serio \u2013 un buen servidor SMTP dedicado <strong>proveer\u00e1 soporte a cliente<\/strong> para ayudar a resolver el problema r\u00e1pidamente, asegurando que todos los mensajes sean entregados directamente a la bandeja de entrada. (turboSMTP, en particular, <strong>ofrece soporte 24\/7<\/strong>).<\/p>\n<p>Por ello, si usted est\u00e1 gestionando una campa\u00f1a de email, o simplemente necesita enviar correos masivos, definitivamente deber\u00eda optar por un servicio profesional.<\/p>\n<p>Puede utilizar turboSMTP <a title=\"servicio smtp dedicado\" href=\"\/es\/signup\">registr\u00e1ndose ahora y obtener 6.000 emails gratis por mes, sin l\u00edmite de tiempo<\/a>.<\/p>\n","protected":false},"excerpt":{"rendered":"<p>Muchos profesionales del marketing a\u00fan creen que para entregar un correo masivo \u2013 por ejemplo, un newsletter \u2013 pueden confiar en un servicio SMTP com\u00fan y gratuito. Bien, este es un gran error. Existen tres razones principales por las cuales es imperativo utilizar un servidor SMTP dedicado para el marketing por email: 1. Un servidor &#8230; <\/p>\n<p class=\"read-more-container\"><a title=\"Porqu\u00e9 utilizar un servidor SMTP dedicado\" class=\"read-more button\" href=\"https:\/\/serversmtp.com\/es\/smtp-dedicado\/#more-2364\" aria-label=\"Leer m\u00e1s sobre Porqu\u00e9 utilizar un servidor SMTP dedicado\">Discover more<\/a><\/p>\n","protected":false},"author":3,"featured_media":0,"parent":0,"menu_order":0,"comment_status":"closed","ping_status":"closed","template":"g1_template_page_sidebar_right.php","meta":{"_eb_attr":"","inline_featured_image":false,"_monsterinsights_skip_tracking":false,"_monsterinsights_sitenote_active":false,"_monsterinsights_sitenote_note":"","_monsterinsights_sitenote_category":0,"footnotes":""},"class_list":["post-2364","page","type-page","status-publish"],"yoast_head":"<!-- This site is optimized with the Yoast SEO plugin v25.3.1 - https:\/\/yoast.com\/wordpress\/plugins\/seo\/ -->\n<title>Porqu\u00e9 utilizar un servidor SMTP dedicado - smtp mail server - professional SMTP service provider<\/title>\n<meta name=\"robots\" content=\"index, follow, max-snippet:-1, max-image-preview:large, max-video-preview:-1\" \/>\n<link rel=\"canonical\" href=\"https:\/\/serversmtp.com\/es\/smtp-dedicado\/\" \/>\n<meta name=\"twitter:label1\" content=\"Tiempo de lectura\" \/>\n\t<meta name=\"twitter:data1\" content=\"1 minuto\" \/>\n<!-- \/ Yoast SEO plugin. -->","yoast_head_json":{"title":"Porqu\u00e9 utilizar un servidor SMTP dedicado - smtp mail server - professional SMTP service provider","robots":{"index":"index","follow":"follow","max-snippet":"max-snippet:-1","max-image-preview":"max-image-preview:large","max-video-preview":"max-video-preview:-1"},"canonical":"https:\/\/serversmtp.com\/es\/smtp-dedicado\/","twitter_misc":{"Tiempo de lectura":"1 minuto"},"schema":{"@context":"https:\/\/schema.org","@graph":[{"@type":"WebPage","@id":"https:\/\/serversmtp.com\/es\/smtp-dedicado\/","url":"https:\/\/serversmtp.com\/es\/smtp-dedicado\/","name":"Porqu\u00e9 utilizar un servidor SMTP dedicado - smtp mail server - professional SMTP service provider","isPartOf":{"@id":"https:\/\/serversmtp.com\/#website"},"datePublished":"2018-04-13T14:24:54+00:00","dateModified":"2018-04-16T15:21:57+00:00","breadcrumb":{"@id":"https:\/\/serversmtp.com\/es\/smtp-dedicado\/#breadcrumb"},"inLanguage":"es","potentialAction":[{"@type":"ReadAction","target":["https:\/\/serversmtp.com\/es\/smtp-dedicado\/"]}]},{"@type":"BreadcrumbList","@id":"https:\/\/serversmtp.com\/es\/smtp-dedicado\/#breadcrumb","itemListElement":[{"@type":"ListItem","position":1,"name":"Home","item":"https:\/\/serversmtp.com\/es\/"},{"@type":"ListItem","position":2,"name":"Porqu\u00e9 utilizar un servidor SMTP dedicado"}]},{"@type":"WebSite","@id":"https:\/\/serversmtp.com\/#website","url":"https:\/\/serversmtp.com\/","name":"smtp mail server - professional SMTP service provider","description":"smtp mail server - professional SMTP service provider","publisher":{"@id":"https:\/\/serversmtp.com\/#organization"},"potentialAction":[{"@type":"SearchAction","target":{"@type":"EntryPoint","urlTemplate":"https:\/\/serversmtp.com\/?s={search_term_string}"},"query-input":{"@type":"PropertyValueSpecification","valueRequired":true,"valueName":"search_term_string"}}],"inLanguage":"es"},{"@type":"Organization","@id":"https:\/\/serversmtp.com\/#organization","name":"Delivery Tech","url":"https:\/\/serversmtp.com\/","logo":{"@type":"ImageObject","inLanguage":"es","@id":"https:\/\/serversmtp.com\/#\/schema\/logo\/image\/","url":"https:\/\/serversmtp.com\/wp-content\/uploads\/2021\/11\/og-image-2.jpg","contentUrl":"https:\/\/serversmtp.com\/wp-content\/uploads\/2021\/11\/og-image-2.jpg","width":1200,"height":1128,"caption":"Delivery Tech"},"image":{"@id":"https:\/\/serversmtp.com\/#\/schema\/logo\/image\/"}}]}},"_links":{"self":[{"href":"https:\/\/serversmtp.com\/es\/wp-json\/wp\/v2\/pages\/2364"}],"collection":[{"href":"https:\/\/serversmtp.com\/es\/wp-json\/wp\/v2\/pages"}],"about":[{"href":"https:\/\/serversmtp.com\/es\/wp-json\/wp\/v2\/types\/page"}],"author":[{"embeddable":true,"href":"https:\/\/serversmtp.com\/es\/wp-json\/wp\/v2\/users\/3"}],"replies":[{"embeddable":true,"href":"https:\/\/serversmtp.com\/es\/wp-json\/wp\/v2\/comments?post=2364"}],"version-history":[{"count":1,"href":"https:\/\/serversmtp.com\/es\/wp-json\/wp\/v2\/pages\/2364\/revisions"}],"predecessor-version":[{"id":2365,"href":"https:\/\/serversmtp.com\/es\/wp-json\/wp\/v2\/pages\/2364\/revisions\/2365"}],"wp:attachment":[{"href":"https:\/\/serversmtp.com\/es\/wp-json\/wp\/v2\/media?parent=2364"}],"curies":[{"name":"wp","href":"https:\/\/api.w.org\/{rel}","templated":true}]}}