{"id":2359,"date":"2018-04-13T16:20:06","date_gmt":"2018-04-13T14:20:06","guid":{"rendered":"https:\/\/dev.serversmtp.com\/?page_id=2359"},"modified":"2018-04-16T17:13:42","modified_gmt":"2018-04-16T15:13:42","slug":"servidores-smtp-lista","status":"publish","type":"page","link":"https:\/\/serversmtp.com\/es\/servidores-smtp-lista\/","title":{"rendered":"Lista de servidores SMTP"},"content":{"rendered":"<p><!--more--><\/p>\n<p>Para <strong>configurar un cliente de correo electr\u00f3nico<\/strong>, debe siempre insertar la direcci\u00f3n de su <strong>servidor SMTP<\/strong> para enviar mensajes y entregarlos correctamente.<\/p>\n<p>As\u00ed que aqu\u00ed est\u00e1 una lista de los par\u00e1metros de los <strong>servidores de correo saliente<\/strong> (servidores SMTP, precisamente) de los principales proveedores de Internet:<\/p>\n<table style=\"width: 100%;\" border=\"1\" cellspacing=\"0\" cellpadding=\"4\">\n<colgroup>\n<col width=\"83*\">\n<col width=\"75*\">\n<col width=\"98*\"> <\/colgroup>\n<tbody>\n<tr valign=\"TOP\">\n<td width=\"32%\">\n<p lang=\"en-US\" align=\"CENTER\"><span style=\"font-size: small;\"><strong>PROVIDER<\/strong><\/span><\/p>\n<\/td>\n<td width=\"29%\">\n<p lang=\"en-US\" align=\"CENTER\"><span style=\"font-size: small;\"><strong>URL<\/strong><\/span><\/p>\n<\/td>\n<td width=\"38%\">\n<p lang=\"en-US\" align=\"CENTER\"><span style=\"font-size: small;\"><strong>NOMBRE SMTP<\/strong><\/span><\/p>\n<\/td>\n<\/tr>\n<tr valign=\"TOP\">\n<td width=\"32%\">\n<p lang=\"en-US\" align=\"CENTER\"><span style=\"font-size: small;\"><strong>1&amp;1<\/strong><\/span><\/p>\n<\/td>\n<td width=\"29%\">\n<p lang=\"en-US\" align=\"CENTER\"><span style=\"font-size: small;\">1and1.com<\/span><\/p>\n<\/td>\n<td width=\"38%\">\n<p lang=\"en-US\" align=\"CENTER\"><span style=\"font-size: small;\">Smtp.1and1.com<\/span><\/p>\n<\/td>\n<\/tr>\n<tr valign=\"TOP\">\n<td width=\"32%\">\n<p lang=\"en-US\" align=\"CENTER\"><span style=\"font-size: small;\"><strong>Airmail<\/strong><\/span><\/p>\n<\/td>\n<td width=\"29%\">\n<p lang=\"en-US\" align=\"CENTER\"><span style=\"font-size: small;\">Airmail.net<\/span><\/p>\n<\/td>\n<td width=\"38%\">\n<p lang=\"en-US\" align=\"CENTER\"><span style=\"font-size: small;\">Mail.airmail.net<\/span><\/p>\n<\/td>\n<\/tr>\n<tr valign=\"TOP\">\n<td width=\"32%\">\n<p lang=\"en-US\" align=\"CENTER\"><span style=\"font-size: small;\"><strong>AOL<\/strong><\/span><\/p>\n<\/td>\n<td width=\"29%\">\n<p lang=\"en-US\" align=\"CENTER\"><span style=\"font-size: small;\">Aol.com<\/span><\/p>\n<\/td>\n<td width=\"38%\">\n<p lang=\"en-US\" align=\"CENTER\"><span style=\"font-size: small;\">Smtp.aol.com<\/span><\/p>\n<\/td>\n<\/tr>\n<tr valign=\"TOP\">\n<td width=\"32%\">\n<p lang=\"en-US\" align=\"CENTER\"><span style=\"font-size: small;\"><strong>AT&amp;T<\/strong><\/span><\/p>\n<\/td>\n<td width=\"29%\">\n<p lang=\"en-US\" align=\"CENTER\"><span style=\"font-size: small;\">Att.net<\/span><\/p>\n<\/td>\n<td width=\"38%\">\n<p lang=\"en-US\" align=\"CENTER\"><span style=\"font-size: small;\">Outbound.att.net<\/span><\/p>\n<\/td>\n<\/tr>\n<tr valign=\"TOP\">\n<td width=\"32%\">\n<p lang=\"en-US\" align=\"CENTER\"><span style=\"font-size: small;\"><strong><span style=\"background-color: transparent;\">Bluewin<\/span><\/strong><\/span><\/p>\n<\/td>\n<td width=\"29%\">\n<p lang=\"en-US\" align=\"CENTER\"><span style=\"font-size: small;\"><span style=\"background-color: transparent;\">Bluewin.ch<\/span><\/span><\/p>\n<\/td>\n<td width=\"38%\">\n<p lang=\"en-US\" align=\"CENTER\"><span style=\"font-size: small;\"><span style=\"background-color: transparent;\">Smtpauths.bluewin.ch <\/span><\/span><\/p>\n<\/td>\n<\/tr>\n<tr valign=\"TOP\">\n<td width=\"32%\">\n<p lang=\"en-US\" align=\"CENTER\"><span style=\"font-size: small;\"><strong>BT Connect<\/strong><\/span><\/p>\n<\/td>\n<td width=\"29%\">\n<p lang=\"en-US\" align=\"CENTER\"><span style=\"font-size: small;\">Btconnect.com<\/span><\/p>\n<\/td>\n<td width=\"38%\">\n<p lang=\"en-US\" align=\"CENTER\"><span style=\"font-size: small;\">Mail.btconnect.tom<\/span><\/p>\n<\/td>\n<\/tr>\n<tr valign=\"TOP\">\n<td width=\"32%\">\n<p lang=\"en-US\" align=\"CENTER\"><span style=\"font-size: small;\"><strong>Comcast<\/strong><\/span><\/p>\n<\/td>\n<td width=\"29%\">\n<p lang=\"en-US\" align=\"CENTER\"><span style=\"font-size: small;\">Comcast.net<\/span><\/p>\n<\/td>\n<td width=\"38%\">\n<p lang=\"en-US\" align=\"CENTER\"><span style=\"font-size: small;\">Smtp.comcast.net<\/span><\/p>\n<\/td>\n<\/tr>\n<tr valign=\"TOP\">\n<td width=\"32%\">\n<p lang=\"en-US\" align=\"CENTER\"><span style=\"font-size: small;\"><strong>Earthlink<\/strong><\/span><\/p>\n<\/td>\n<td width=\"29%\">\n<p lang=\"en-US\" align=\"CENTER\"><span style=\"font-size: small;\">Earthlink.net<\/span><\/p>\n<\/td>\n<td width=\"38%\">\n<p lang=\"en-US\" align=\"CENTER\"><span style=\"font-size: small;\">Smtpauth.earthlink.net<\/span><\/p>\n<\/td>\n<\/tr>\n<tr valign=\"TOP\">\n<td width=\"32%\">\n<p lang=\"en-US\" align=\"CENTER\"><span style=\"font-size: small;\"><strong>Gmail<\/strong><\/span><\/p>\n<\/td>\n<td width=\"29%\">\n<p lang=\"en-US\" align=\"CENTER\"><span style=\"font-size: small;\">Gmail.com<\/span><\/p>\n<p lang=\"en-US\" align=\"CENTER\">&nbsp;<\/p>\n<\/td>\n<td width=\"38%\">\n<p lang=\"en-US\" align=\"CENTER\"><span style=\"font-size: small;\">Smtp.gmail.com<\/span><\/p>\n<\/td>\n<\/tr>\n<tr valign=\"TOP\">\n<td width=\"32%\">\n<p lang=\"en-US\" align=\"CENTER\"><span style=\"font-size: small;\"><strong>Gmx<\/strong><\/span><\/p>\n<\/td>\n<td width=\"29%\">\n<p lang=\"en-US\" align=\"CENTER\"><span style=\"font-size: small;\">Gmx.net<\/span><\/p>\n<\/td>\n<td width=\"38%\">\n<p lang=\"en-US\" align=\"CENTER\"><span style=\"font-size: small;\">Mail.gmx.net<\/span><\/p>\n<\/td>\n<\/tr>\n<tr valign=\"TOP\">\n<td width=\"32%\">\n<p lang=\"en-US\" align=\"CENTER\"><span style=\"font-size: small;\"><strong>HotPop<\/strong><\/span><\/p>\n<\/td>\n<td width=\"29%\">\n<p lang=\"en-US\" align=\"CENTER\"><span style=\"font-size: small;\">Hotpop.com<\/span><\/p>\n<\/td>\n<td width=\"38%\">\n<p lang=\"en-US\" align=\"CENTER\"><span style=\"font-size: small;\">Mail.hotpop.com<\/span><\/p>\n<\/td>\n<\/tr>\n<tr valign=\"TOP\">\n<td width=\"32%\">\n<p lang=\"en-US\" align=\"CENTER\"><span style=\"font-size: small;\"><strong>Libero<\/strong><\/span><\/p>\n<\/td>\n<td width=\"29%\">\n<p lang=\"en-US\" align=\"CENTER\"><span style=\"font-size: small;\">Libero.it<\/span><\/p>\n<\/td>\n<td width=\"38%\">\n<p lang=\"en-US\" align=\"CENTER\"><span style=\"font-size: small;\">Mail.libero.it<\/span><\/p>\n<\/td>\n<\/tr>\n<tr valign=\"TOP\">\n<td width=\"32%\">\n<p lang=\"en-US\" align=\"CENTER\"><span style=\"font-size: small;\"><strong>Lycos<\/strong><\/span><\/p>\n<\/td>\n<td width=\"29%\">\n<p lang=\"en-US\" align=\"CENTER\"><span style=\"font-size: small;\">Lycos.com<\/span><\/p>\n<\/td>\n<td width=\"38%\">\n<p lang=\"en-US\" align=\"CENTER\"><span style=\"font-size: small;\">Smtp.lycos.com<\/span><\/p>\n<\/td>\n<\/tr>\n<tr valign=\"TOP\">\n<td width=\"32%\">\n<p lang=\"en-US\" align=\"CENTER\"><span style=\"font-size: small;\"><strong>O2<\/strong><\/span><\/p>\n<\/td>\n<td width=\"29%\">\n<p lang=\"en-US\" align=\"CENTER\"><span style=\"font-size: small;\">o2.com<\/span><\/p>\n<\/td>\n<td width=\"38%\">\n<p lang=\"en-US\" align=\"CENTER\"><span style=\"font-size: small;\">Smtp.o2.com<\/span><\/p>\n<\/td>\n<\/tr>\n<tr valign=\"TOP\">\n<td width=\"32%\">\n<p lang=\"en-US\" align=\"CENTER\"><span style=\"font-size: small;\"><strong>Orange<\/strong><\/span><\/p>\n<\/td>\n<td width=\"29%\">\n<p lang=\"en-US\" align=\"CENTER\"><span style=\"font-size: small;\">Orange.net<\/span><\/p>\n<\/td>\n<td width=\"38%\">\n<p lang=\"en-US\" align=\"CENTER\"><span style=\"font-size: small;\">Smtp.orange.net<\/span><\/p>\n<\/td>\n<\/tr>\n<tr valign=\"TOP\">\n<td width=\"32%\">\n<p lang=\"en-US\" align=\"CENTER\"><span style=\"font-size: small;\"><strong>Outlook.com (former Hotmail)<\/strong><\/span><\/p>\n<\/td>\n<td width=\"29%\">\n<p lang=\"en-US\" align=\"CENTER\"><span style=\"font-size: small;\">Outlook.com<\/span><\/p>\n<\/td>\n<td width=\"38%\">\n<p lang=\"en-US\" align=\"CENTER\"><span style=\"font-size: small;\">Smtp.live.com<\/span><\/p>\n<\/td>\n<\/tr>\n<tr valign=\"TOP\">\n<td width=\"32%\">\n<p lang=\"en-US\" align=\"CENTER\"><span style=\"font-size: small;\"><strong>Terra<\/strong><\/span><\/p>\n<\/td>\n<td width=\"29%\">\n<p lang=\"en-US\" align=\"CENTER\"><span style=\"font-size: small;\">Terra.com<\/span><\/p>\n<\/td>\n<td width=\"38%\">\n<p lang=\"en-US\" align=\"CENTER\"><span style=\"font-size: small;\">Smtp.terra.com<\/span><\/p>\n<\/td>\n<\/tr>\n<tr valign=\"TOP\">\n<td width=\"32%\">\n<p lang=\"en-US\" align=\"CENTER\"><span style=\"font-size: small;\"><strong>Tiscali<\/strong><\/span><\/p>\n<\/td>\n<td width=\"29%\">\n<p lang=\"en-US\" align=\"CENTER\"><span style=\"font-size: small;\">Tiscali.co.uk<\/span><\/p>\n<\/td>\n<td width=\"38%\">\n<p lang=\"en-US\" align=\"CENTER\"><span style=\"font-size: small;\">Smtp.tiscali.co.uk<\/span><\/p>\n<\/td>\n<\/tr>\n<tr valign=\"TOP\">\n<td width=\"32%\">\n<p lang=\"en-US\" align=\"CENTER\"><span style=\"font-size: small;\"><strong>Verizon<\/strong><\/span><\/p>\n<\/td>\n<td width=\"29%\">\n<p lang=\"en-US\" align=\"CENTER\"><span style=\"font-size: small;\">Verizon.net<\/span><\/p>\n<\/td>\n<td width=\"38%\">\n<p lang=\"en-US\" align=\"CENTER\"><span style=\"font-size: small;\">Outgoing.verizon.net<\/span><\/p>\n<\/td>\n<\/tr>\n<tr valign=\"TOP\">\n<td width=\"32%\">\n<p lang=\"en-US\" align=\"CENTER\"><span style=\"font-size: small;\"><strong>Virgin<\/strong><\/span><\/p>\n<\/td>\n<td width=\"29%\">\n<p lang=\"en-US\" align=\"CENTER\"><span style=\"font-size: small;\">Virgin.net<\/span><\/p>\n<\/td>\n<td width=\"38%\">\n<p lang=\"en-US\" align=\"CENTER\"><span style=\"font-size: small;\">Smtp.virgin.net<\/span><\/p>\n<\/td>\n<\/tr>\n<tr valign=\"TOP\">\n<td width=\"32%\">\n<p lang=\"en-US\" align=\"CENTER\"><span style=\"font-size: small;\"><strong>Wanadoo<\/strong><\/span><\/p>\n<\/td>\n<td width=\"29%\">\n<p lang=\"en-US\" align=\"CENTER\"><span style=\"font-size: small;\">Wanadoo.fr<\/span><\/p>\n<\/td>\n<td width=\"38%\">\n<p lang=\"en-US\" align=\"CENTER\"><span style=\"font-size: small;\">Smtp.wanadoo.fr<\/span><\/p>\n<\/td>\n<\/tr>\n<tr valign=\"TOP\">\n<td width=\"32%\">\n<p lang=\"en-US\" align=\"CENTER\"><span style=\"font-size: small;\"><strong>Yahoo<\/strong><\/span><\/p>\n<\/td>\n<td width=\"29%\">\n<p lang=\"en-US\" align=\"CENTER\"><span style=\"font-size: small;\">Yahoo.com<\/span><\/p>\n<\/td>\n<td width=\"38%\">\n<p lang=\"en-US\" align=\"CENTER\"><span style=\"font-size: small;\">Smtp.mail.yahoo.com<\/span><\/p>\n<\/td>\n<\/tr>\n<\/tbody>\n<\/table>\n","protected":false},"excerpt":{"rendered":"","protected":false},"author":3,"featured_media":0,"parent":0,"menu_order":0,"comment_status":"closed","ping_status":"closed","template":"g1_template_page_sidebar_right.php","meta":{"_eb_attr":"","inline_featured_image":false,"_monsterinsights_skip_tracking":false,"_monsterinsights_sitenote_active":false,"_monsterinsights_sitenote_note":"","_monsterinsights_sitenote_category":0,"footnotes":""},"class_list":["post-2359","page","type-page","status-publish"],"yoast_head":"<!-- This site is optimized with the Yoast SEO plugin v25.3.1 - https:\/\/yoast.com\/wordpress\/plugins\/seo\/ -->\n<title>Lista de servidores SMTP - smtp mail server - professional SMTP service provider<\/title>\n<meta name=\"robots\" content=\"index, follow, max-snippet:-1, max-image-preview:large, max-video-preview:-1\" \/>\n<link rel=\"canonical\" href=\"https:\/\/serversmtp.com\/es\/servidores-smtp-lista\/\" \/>\n<meta name=\"twitter:label1\" content=\"Tiempo de lectura\" \/>\n\t<meta name=\"twitter:data1\" content=\"1 minuto\" \/>\n<!-- \/ Yoast SEO plugin. -->","yoast_head_json":{"title":"Lista de servidores SMTP - smtp mail server - professional SMTP service provider","robots":{"index":"index","follow":"follow","max-snippet":"max-snippet:-1","max-image-preview":"max-image-preview:large","max-video-preview":"max-video-preview:-1"},"canonical":"https:\/\/serversmtp.com\/es\/servidores-smtp-lista\/","twitter_misc":{"Tiempo de lectura":"1 minuto"},"schema":{"@context":"https:\/\/schema.org","@graph":[{"@type":"WebPage","@id":"https:\/\/serversmtp.com\/es\/servidores-smtp-lista\/","url":"https:\/\/serversmtp.com\/es\/servidores-smtp-lista\/","name":"Lista de servidores SMTP - smtp mail server - professional SMTP service provider","isPartOf":{"@id":"https:\/\/serversmtp.com\/sv\/#website"},"datePublished":"2018-04-13T14:20:06+00:00","dateModified":"2018-04-16T15:13:42+00:00","breadcrumb":{"@id":"https:\/\/serversmtp.com\/es\/servidores-smtp-lista\/#breadcrumb"},"inLanguage":"es","potentialAction":[{"@type":"ReadAction","target":["https:\/\/serversmtp.com\/es\/servidores-smtp-lista\/"]}]},{"@type":"BreadcrumbList","@id":"https:\/\/serversmtp.com\/es\/servidores-smtp-lista\/#breadcrumb","itemListElement":[{"@type":"ListItem","position":1,"name":"Home","item":"https:\/\/serversmtp.com\/es\/"},{"@type":"ListItem","position":2,"name":"Lista de servidores SMTP"}]},{"@type":"WebSite","@id":"https:\/\/serversmtp.com\/sv\/#website","url":"https:\/\/serversmtp.com\/sv\/","name":"smtp mail server - professional SMTP service provider","description":"smtp mail server - professional SMTP service provider","publisher":{"@id":"https:\/\/serversmtp.com\/sv\/#organization"},"potentialAction":[{"@type":"SearchAction","target":{"@type":"EntryPoint","urlTemplate":"https:\/\/serversmtp.com\/sv\/?s={search_term_string}"},"query-input":{"@type":"PropertyValueSpecification","valueRequired":true,"valueName":"search_term_string"}}],"inLanguage":"es"},{"@type":"Organization","@id":"https:\/\/serversmtp.com\/sv\/#organization","name":"Delivery Tech","url":"https:\/\/serversmtp.com\/sv\/","logo":{"@type":"ImageObject","inLanguage":"es","@id":"https:\/\/serversmtp.com\/sv\/#\/schema\/logo\/image\/","url":"https:\/\/serversmtp.com\/wp-content\/uploads\/2021\/11\/og-image-2.jpg","contentUrl":"https:\/\/serversmtp.com\/wp-content\/uploads\/2021\/11\/og-image-2.jpg","width":1200,"height":1128,"caption":"Delivery Tech"},"image":{"@id":"https:\/\/serversmtp.com\/sv\/#\/schema\/logo\/image\/"}}]}},"_links":{"self":[{"href":"https:\/\/serversmtp.com\/es\/wp-json\/wp\/v2\/pages\/2359"}],"collection":[{"href":"https:\/\/serversmtp.com\/es\/wp-json\/wp\/v2\/pages"}],"about":[{"href":"https:\/\/serversmtp.com\/es\/wp-json\/wp\/v2\/types\/page"}],"author":[{"embeddable":true,"href":"https:\/\/serversmtp.com\/es\/wp-json\/wp\/v2\/users\/3"}],"replies":[{"embeddable":true,"href":"https:\/\/serversmtp.com\/es\/wp-json\/wp\/v2\/comments?post=2359"}],"version-history":[{"count":3,"href":"https:\/\/serversmtp.com\/es\/wp-json\/wp\/v2\/pages\/2359\/revisions"}],"predecessor-version":[{"id":2362,"href":"https:\/\/serversmtp.com\/es\/wp-json\/wp\/v2\/pages\/2359\/revisions\/2362"}],"wp:attachment":[{"href":"https:\/\/serversmtp.com\/es\/wp-json\/wp\/v2\/media?parent=2359"}],"curies":[{"name":"wp","href":"https:\/\/api.w.org\/{rel}","templated":true}]}}