{"id":2346,"date":"2018-04-13T16:02:57","date_gmt":"2018-04-13T14:02:57","guid":{"rendered":"https:\/\/dev.serversmtp.com\/?page_id=2346"},"modified":"2022-02-10T16:36:32","modified_gmt":"2022-02-10T15:36:32","slug":"que-es-servidor-smtp","status":"publish","type":"page","link":"https:\/\/serversmtp.com\/es\/que-es-servidor-smtp\/","title":{"rendered":"Qu\u00e9 es un servidor SMTP"},"content":{"rendered":"<p>El <strong>acr\u00f3nimo<\/strong> SMTP proviene de <strong>Simple Mail Transfer Protocol<\/strong> (Protocolo de Transferencia de Correo Simple), es decir, el procedimiento que permite el <strong>transporte del email<\/strong> en la Internet.<\/p>\n<p>Qu\u00e9 sucede cuando usted env\u00eda un email? El proceso de entrega del email es en realidad muy similar al correo cl\u00e1sico: un sistema organizado se encarga de transportar su mensaje a lo largo de una serie de pasos y deposita el mismo en su destinatario. En este proceso, el servidor SMTP es simplemente una <strong>computadora que ofrece un servicio de SMTP<\/strong>, la cual act\u00faa m\u00e1s o menos como un cartero electr\u00f3nico. Una vez que el mensaje ha sido entregado al servidor, este se encarga de concretar la entrega a sus destinatarios.<\/p>\n<p>B\u00e1sicamente, el viaje desde de un mensaje desde su computadora hasta su lector se realiza de la siguiente forma:<\/p>\n<ol>\n<li>Usted <strong>env\u00eda un email<\/strong> con su cliente de email de escritorio o v\u00eda web desde su propia direcci\u00f3n de correo (por ejemplo marcos@gmail.com) a un contacto determinado (por ejemplo julia@yahoo.com). En la jerga, el cliente de email de escritorio o servicio webmail es denominado MUA &#8211; Message User Agent (Agente de Mensaje de Usuario).<\/li>\n<li>El mensaje es enviado generalmente utilizando el<strong> puerto 25<\/strong> a un servidor SMTP (por ejemplo smtp.servidor.com) el cu\u00e1l es configurado en su cliente de correo y act\u00faa como MTA \u2013 Message Transfer Agente (Agente de Transferencia de Mensaje).<\/li>\n<li>El cliente y el servidor <strong>comienzan una breve \u201cconversaci\u00f3n\u201d<\/strong> en donde el servidor verifica toda la informaci\u00f3n respectiva a la transmisi\u00f3n del mensaje (remitente, destinatarios, dominios, etc.). Tenga en cuenta que el <strong>lenguaje SMTP<\/strong> define s\u00f3lo la transmisi\u00f3n del mensaje, y no observa el contenido del cuerpo del mensaje.<\/li>\n<li>Luego, si el dominio al cual pertenece el destinatario pose su cuenta directamente conectada al servidor, <strong>el email es entregado inmediatamente<\/strong>. En caso contrario, el servidor SMTP entrega el mensaje a otro servidor m\u00e1s cercano al destinatario (en la jerga, estos pasajes se denominan entregas). En nuestro mensaje, el servidor web se conecta con el servidor de Dominio, el cual (si todo es correcto) recibe el email y lo almacena.<\/li>\n<li>Qu\u00e9 sucede si el servidor del destinatario se encuentra <strong>ca\u00eddo u ocupado<\/strong>? El servidor SMTP simplemente entrega el mensaje a un servidor de backup: si ninguno se encuentra disponible, el email es encolado y se reintenta la entrega en forma peri\u00f3dica. Despu\u00e9s de un periodo determinado, si la entrega no es exitosa, el mensaje es retornado como no entregable.<\/li>\n<li>Si no hay problemas, <strong>el segmento final es controlado por POP<\/strong>, otro protocolo que recoge el email desde el servidor receptor y lo coloca en la bandeja de entrada del destinatario.<\/li>\n<\/ol>\n<p>Cabe destacar, de todas formas que los servidores SMTP utilizados al enviar sus \u201cemail normales\u201d \u2013 por ejemplo aquellos asociados a proveedores tales como Hotmail, Gmail, Yahoo \u2013 son <strong>compartidos entre muchos usuarios<\/strong> con direcciones IP no dedicadas, es decir compartidas.<\/p>\n<p>Esto significa que usted podr\u00eda terminar utilizando una direcci\u00f3n IP que tambi\u00e9n ha sido utilizada por un <strong>spammer<\/strong>: un hecho que puede afectar en forma negativa la capacidad de entrega de sus mensajes. Tambi\u00e9n, estos proveedores utilizan l\u00edmites estrictos en la <strong>cantidad de emails<\/strong> que usted puede enviar (por ejemplo, Yahoo limita a 100 emails por hora).<\/p>\n<p>Es por ello, que si usted planea enviar correos masivos o realizar una <strong>campa\u00f1a de emails<\/strong>, recomendamos utilizar un <strong><a title=\"servicio smtp profesional\" href=\"\/es\/signup\">servicio de entrega profesional<\/a><\/strong> tal como turboSMTP, el cual garantiza una IP controlada y evita todos los problemas mencionados.<\/p>\n<p>Puede registrarse gratis y obtener un paquete que permite enviar <a title=\"envio smtp\" href=\"\/es\/signup\">6000 emails gratis por mes<\/a>, y m\u00e1s adelante actualizar su plan si lo considera conveniente.<\/p>\n","protected":false},"excerpt":{"rendered":"<p>El acr\u00f3nimo SMTP proviene de Simple Mail Transfer Protocol (Protocolo de Transferencia de Correo Simple), es decir, el procedimiento que permite el transporte del email en la Internet. Qu\u00e9 sucede cuando usted env\u00eda un email? El proceso de entrega del email es en realidad muy similar al correo cl\u00e1sico: un sistema organizado se encarga de &#8230; <\/p>\n<p class=\"read-more-container\"><a title=\"Qu\u00e9 es un servidor SMTP\" class=\"read-more button\" href=\"https:\/\/serversmtp.com\/es\/que-es-servidor-smtp\/#more-2346\" aria-label=\"Leer m\u00e1s sobre Qu\u00e9 es un servidor SMTP\">Discover more<\/a><\/p>\n","protected":false},"author":3,"featured_media":0,"parent":0,"menu_order":0,"comment_status":"closed","ping_status":"closed","template":"","meta":{"_eb_attr":"","inline_featured_image":false,"_monsterinsights_skip_tracking":false,"_monsterinsights_sitenote_active":false,"_monsterinsights_sitenote_note":"","_monsterinsights_sitenote_category":0,"footnotes":""},"class_list":["post-2346","page","type-page","status-publish"],"yoast_head":"<!-- This site is optimized with the Yoast SEO plugin v25.3.1 - https:\/\/yoast.com\/wordpress\/plugins\/seo\/ -->\n<title>Qu\u00e9 es un servidor SMTP - smtp mail server - professional SMTP service provider<\/title>\n<meta name=\"robots\" content=\"index, follow, max-snippet:-1, max-image-preview:large, max-video-preview:-1\" \/>\n<link rel=\"canonical\" href=\"https:\/\/serversmtp.com\/es\/que-es-servidor-smtp\/\" \/>\n<meta name=\"twitter:label1\" content=\"Tiempo de lectura\" \/>\n\t<meta name=\"twitter:data1\" content=\"3 minutos\" \/>\n<!-- \/ Yoast SEO plugin. -->","yoast_head_json":{"title":"Qu\u00e9 es un servidor SMTP - smtp mail server - professional SMTP service provider","robots":{"index":"index","follow":"follow","max-snippet":"max-snippet:-1","max-image-preview":"max-image-preview:large","max-video-preview":"max-video-preview:-1"},"canonical":"https:\/\/serversmtp.com\/es\/que-es-servidor-smtp\/","twitter_misc":{"Tiempo de lectura":"3 minutos"},"schema":{"@context":"https:\/\/schema.org","@graph":[{"@type":"WebPage","@id":"https:\/\/serversmtp.com\/es\/que-es-servidor-smtp\/","url":"https:\/\/serversmtp.com\/es\/que-es-servidor-smtp\/","name":"Qu\u00e9 es un servidor SMTP - smtp mail server - professional SMTP service provider","isPartOf":{"@id":"https:\/\/serversmtp.com\/de\/#website"},"datePublished":"2018-04-13T14:02:57+00:00","dateModified":"2022-02-10T15:36:32+00:00","breadcrumb":{"@id":"https:\/\/serversmtp.com\/es\/que-es-servidor-smtp\/#breadcrumb"},"inLanguage":"es","potentialAction":[{"@type":"ReadAction","target":["https:\/\/serversmtp.com\/es\/que-es-servidor-smtp\/"]}]},{"@type":"BreadcrumbList","@id":"https:\/\/serversmtp.com\/es\/que-es-servidor-smtp\/#breadcrumb","itemListElement":[{"@type":"ListItem","position":1,"name":"Home","item":"https:\/\/serversmtp.com\/es\/"},{"@type":"ListItem","position":2,"name":"Qu\u00e9 es un servidor SMTP"}]},{"@type":"WebSite","@id":"https:\/\/serversmtp.com\/de\/#website","url":"https:\/\/serversmtp.com\/de\/","name":"smtp mail server - professional SMTP service provider","description":"smtp mail server - professional SMTP service provider","publisher":{"@id":"https:\/\/serversmtp.com\/de\/#organization"},"potentialAction":[{"@type":"SearchAction","target":{"@type":"EntryPoint","urlTemplate":"https:\/\/serversmtp.com\/de\/?s={search_term_string}"},"query-input":{"@type":"PropertyValueSpecification","valueRequired":true,"valueName":"search_term_string"}}],"inLanguage":"es"},{"@type":"Organization","@id":"https:\/\/serversmtp.com\/de\/#organization","name":"Delivery Tech","url":"https:\/\/serversmtp.com\/de\/","logo":{"@type":"ImageObject","inLanguage":"es","@id":"https:\/\/serversmtp.com\/de\/#\/schema\/logo\/image\/","url":"https:\/\/serversmtp.com\/wp-content\/uploads\/2021\/11\/og-image-2.jpg","contentUrl":"https:\/\/serversmtp.com\/wp-content\/uploads\/2021\/11\/og-image-2.jpg","width":1200,"height":1128,"caption":"Delivery Tech"},"image":{"@id":"https:\/\/serversmtp.com\/de\/#\/schema\/logo\/image\/"}}]}},"_links":{"self":[{"href":"https:\/\/serversmtp.com\/es\/wp-json\/wp\/v2\/pages\/2346"}],"collection":[{"href":"https:\/\/serversmtp.com\/es\/wp-json\/wp\/v2\/pages"}],"about":[{"href":"https:\/\/serversmtp.com\/es\/wp-json\/wp\/v2\/types\/page"}],"author":[{"embeddable":true,"href":"https:\/\/serversmtp.com\/es\/wp-json\/wp\/v2\/users\/3"}],"replies":[{"embeddable":true,"href":"https:\/\/serversmtp.com\/es\/wp-json\/wp\/v2\/comments?post=2346"}],"version-history":[{"count":2,"href":"https:\/\/serversmtp.com\/es\/wp-json\/wp\/v2\/pages\/2346\/revisions"}],"predecessor-version":[{"id":2349,"href":"https:\/\/serversmtp.com\/es\/wp-json\/wp\/v2\/pages\/2346\/revisions\/2349"}],"wp:attachment":[{"href":"https:\/\/serversmtp.com\/es\/wp-json\/wp\/v2\/media?parent=2346"}],"curies":[{"name":"wp","href":"https:\/\/api.w.org\/{rel}","templated":true}]}}