{"id":2337,"date":"2018-04-12T17:52:41","date_gmt":"2018-04-12T15:52:41","guid":{"rendered":"https:\/\/dev.serversmtp.com\/?page_id=2337"},"modified":"2022-02-10T16:21:57","modified_gmt":"2022-02-10T15:21:57","slug":"el-servidor-smtp","status":"publish","type":"page","link":"https:\/\/serversmtp.com\/es\/el-servidor-smtp\/","title":{"rendered":"El servidor SMTP\ufeff"},"content":{"rendered":"<p>Qu\u00e9 es el SMTP, que es un servidor de salida, y como determinar el servidor SMTP en uso.<\/p>\n<div class=\"lpCategoryList\">\n<h2><a title=\"que es protocolo smtp\" href=\"\/es\/protocolo-smtp\">Qu\u00e9 es el protocolo SMTP<\/a><\/h2>\n<p>El acr\u00f3nimo SMTP proviene de Simple Mail Transfer Protocol (Protocolo de Transferencia de Correo Simple), es decir, el procedimiento que permite el transporte del email en la Internet.<\/p>\n<h2><a title=\"Que es servidor SMTP\" href=\"\/es\/que-es-servidor-smtp\">Qu\u00e9 es un servidor SMTP<\/a><\/h2>\n<p>Como funciona un servidor SMTP (o servidor de correo saliente).<\/p>\n<h2><a title=\"puerto SMTP\" href=\"\/es\/puerto-smtp\">Qu\u00e9 es un puerto SMTP<\/a><\/h2>\n<p>Qu\u00e9 puerto deber\u00eda elegir para su servidor SMTP cuando lo configura en un cliente de email?<\/p>\n<h2><a title=\"lista de servidores SMTP\" href=\"\/es\/servidores-smtp-lista\">Lista de servidores SMTP<\/a><\/h2>\n<p>Para configurar un cliente de correo electr\u00f3nico, debe siempre insertar la direcci\u00f3n de su servidor SMTP para enviar mensajes y entregarlos correctamente.<\/p>\n<h2><a title=\"SMTP dedicado\" href=\"\/es\/smtp-dedicado\">Porqu\u00e9 utilizar un servidor SMTP dedicado<\/a><\/h2>\n<p>Existen tres razones principales por las cuales es imperativo utilizar un servidor SMTP dedicado para el marketing por email.<\/p>\n<\/div>\n","protected":false},"excerpt":{"rendered":"<p>Qu\u00e9 es el SMTP, que es un servidor de salida, y como determinar el servidor SMTP en uso. Qu\u00e9 es el protocolo SMTP El acr\u00f3nimo SMTP proviene de Simple Mail Transfer Protocol (Protocolo de Transferencia de Correo Simple), es decir, el procedimiento que permite el transporte del email en la Internet. Qu\u00e9 es un servidor &#8230; <\/p>\n<p class=\"read-more-container\"><a title=\"El servidor SMTP\ufeff\" class=\"read-more button\" href=\"https:\/\/serversmtp.com\/es\/el-servidor-smtp\/#more-2337\" aria-label=\"Leer m\u00e1s sobre El servidor SMTP\ufeff\">Discover more<\/a><\/p>\n","protected":false},"author":3,"featured_media":0,"parent":0,"menu_order":0,"comment_status":"closed","ping_status":"closed","template":"","meta":{"_eb_attr":"","inline_featured_image":false,"_monsterinsights_skip_tracking":false,"_monsterinsights_sitenote_active":false,"_monsterinsights_sitenote_note":"","_monsterinsights_sitenote_category":0,"footnotes":""},"class_list":["post-2337","page","type-page","status-publish"],"yoast_head":"<!-- This site is optimized with the Yoast SEO plugin v25.3.1 - https:\/\/yoast.com\/wordpress\/plugins\/seo\/ -->\n<title>El servidor SMTP\ufeff - smtp mail server - professional SMTP service provider<\/title>\n<meta name=\"robots\" content=\"index, follow, max-snippet:-1, max-image-preview:large, max-video-preview:-1\" \/>\n<link rel=\"canonical\" href=\"https:\/\/serversmtp.com\/es\/el-servidor-smtp\/\" \/>\n<meta name=\"twitter:label1\" content=\"Tiempo de lectura\" \/>\n\t<meta name=\"twitter:data1\" content=\"1 minuto\" \/>\n<!-- \/ Yoast SEO plugin. -->","yoast_head_json":{"title":"El servidor SMTP\ufeff - smtp mail server - professional SMTP service provider","robots":{"index":"index","follow":"follow","max-snippet":"max-snippet:-1","max-image-preview":"max-image-preview:large","max-video-preview":"max-video-preview:-1"},"canonical":"https:\/\/serversmtp.com\/es\/el-servidor-smtp\/","twitter_misc":{"Tiempo de lectura":"1 minuto"},"schema":{"@context":"https:\/\/schema.org","@graph":[{"@type":"WebPage","@id":"https:\/\/serversmtp.com\/es\/el-servidor-smtp\/","url":"https:\/\/serversmtp.com\/es\/el-servidor-smtp\/","name":"El servidor SMTP\ufeff - smtp mail server - professional SMTP service provider","isPartOf":{"@id":"https:\/\/serversmtp.com\/it\/#website"},"datePublished":"2018-04-12T15:52:41+00:00","dateModified":"2022-02-10T15:21:57+00:00","breadcrumb":{"@id":"https:\/\/serversmtp.com\/es\/el-servidor-smtp\/#breadcrumb"},"inLanguage":"es","potentialAction":[{"@type":"ReadAction","target":["https:\/\/serversmtp.com\/es\/el-servidor-smtp\/"]}]},{"@type":"BreadcrumbList","@id":"https:\/\/serversmtp.com\/es\/el-servidor-smtp\/#breadcrumb","itemListElement":[{"@type":"ListItem","position":1,"name":"Home","item":"https:\/\/serversmtp.com\/es\/"},{"@type":"ListItem","position":2,"name":"El servidor SMTP\ufeff"}]},{"@type":"WebSite","@id":"https:\/\/serversmtp.com\/it\/#website","url":"https:\/\/serversmtp.com\/it\/","name":"smtp mail server - professional SMTP service provider","description":"smtp mail server - professional SMTP service provider","publisher":{"@id":"https:\/\/serversmtp.com\/it\/#organization"},"potentialAction":[{"@type":"SearchAction","target":{"@type":"EntryPoint","urlTemplate":"https:\/\/serversmtp.com\/it\/?s={search_term_string}"},"query-input":{"@type":"PropertyValueSpecification","valueRequired":true,"valueName":"search_term_string"}}],"inLanguage":"es"},{"@type":"Organization","@id":"https:\/\/serversmtp.com\/it\/#organization","name":"Delivery Tech","url":"https:\/\/serversmtp.com\/it\/","logo":{"@type":"ImageObject","inLanguage":"es","@id":"https:\/\/serversmtp.com\/it\/#\/schema\/logo\/image\/","url":"https:\/\/serversmtp.com\/wp-content\/uploads\/2021\/11\/og-image-2.jpg","contentUrl":"https:\/\/serversmtp.com\/wp-content\/uploads\/2021\/11\/og-image-2.jpg","width":1200,"height":1128,"caption":"Delivery Tech"},"image":{"@id":"https:\/\/serversmtp.com\/it\/#\/schema\/logo\/image\/"}}]}},"_links":{"self":[{"href":"https:\/\/serversmtp.com\/es\/wp-json\/wp\/v2\/pages\/2337"}],"collection":[{"href":"https:\/\/serversmtp.com\/es\/wp-json\/wp\/v2\/pages"}],"about":[{"href":"https:\/\/serversmtp.com\/es\/wp-json\/wp\/v2\/types\/page"}],"author":[{"embeddable":true,"href":"https:\/\/serversmtp.com\/es\/wp-json\/wp\/v2\/users\/3"}],"replies":[{"embeddable":true,"href":"https:\/\/serversmtp.com\/es\/wp-json\/wp\/v2\/comments?post=2337"}],"version-history":[{"count":2,"href":"https:\/\/serversmtp.com\/es\/wp-json\/wp\/v2\/pages\/2337\/revisions"}],"predecessor-version":[{"id":2339,"href":"https:\/\/serversmtp.com\/es\/wp-json\/wp\/v2\/pages\/2337\/revisions\/2339"}],"wp:attachment":[{"href":"https:\/\/serversmtp.com\/es\/wp-json\/wp\/v2\/media?parent=2337"}],"curies":[{"name":"wp","href":"https:\/\/api.w.org\/{rel}","templated":true}]}}