{"id":2332,"date":"2018-04-12T17:48:55","date_gmt":"2018-04-12T15:48:55","guid":{"rendered":"https:\/\/dev.serversmtp.com\/?page_id=2332"},"modified":"2018-04-24T12:17:09","modified_gmt":"2018-04-24T10:17:09","slug":"configuracion-servidor-smtp","status":"publish","type":"page","link":"https:\/\/serversmtp.com\/es\/configuracion-servidor-smtp\/","title":{"rendered":"Configuraci\u00f3n servidor SMTP\ufeff"},"content":{"rendered":"<p>Todo lo que necesitas saber acerca de la configuraci\u00f3n del servidor SMTP: qu\u00e9 es el protocolo SMTP, c\u00f3mo utilizar y configurar un servidor de salida para un cliente de correo, cu\u00e1les son los elementos b\u00e1sicos del sistema de entrega de correo electr\u00f3nico, y mucho m\u00e1s&#8230;<\/p>\n<ul class=\"lp-2018 clearfix\">\n<li><a title=\"El servidor SMTP\" href=\"\/es\/el-servidor-smtp\"><span class=\"lp-2018-title\">El servidor SMTP<\/span><img decoding=\"async\" src=\"\/wp-content\/uploads\/2018\/04\/about-smtp.png\" title=\"El servidor SMTP\" alt=\"El servidor SMTP\" width=\"48\" height=\"48\" \/><span class=\"lp-2018-description\">Qu\u00e9 es el SMTP, que es un servidor de salida, y como determinar el servidor SMTP en uso.<\/span><\/a><\/li>\n<li><a title=\"SMTP gratuitos\" href=\"\/es\/smtp-gratuitos\"><span class=\"lp-2018-title\">SMTP gratuitos<\/span><img decoding=\"async\" src=\"\/wp-content\/uploads\/2018\/04\/free-smtp-configuration.png\" title=\"SMTP gratuitos\" alt=\"SMTP gratuitos\" width=\"48\" height=\"48\" \/><span class=\"lp-2018-description\">C\u00f3mo configurar los SMTP de los proveedores gratuitos m\u00e1s comunes: Gmail, Hotmail, Yahoo Mail, etc<\/span><\/a><\/li>\n<li><a title=\"Configurar SMTP\" href=\"\/es\/configurar-smtp\"><span class=\"lp-2018-title\">Configurar SMTP<\/span><img decoding=\"async\" src=\"\/wp-content\/uploads\/2018\/04\/email-setup.png\" title=\"Configurar SMTP\" alt=\"Configurar SMTP\" width=\"48\" height=\"48\" \/><span class=\"lp-2018-description\">C\u00f3mo configurar el servidor SMTP y resolver los problemas m\u00e1s comunes.<\/span><\/a><\/li>\n<li><a title=\"Envio de correos\" href=\"\/es\/envio-correos-electronicos\"><span class=\"lp-2018-title\">Envio de correos ELECTRONICOS<\/span> <img decoding=\"async\" src=\"\/wp-content\/uploads\/2018\/04\/email-sending-technology.png\" title=\"Envio de correos\" alt=\"Envio de correos\" width=\"48\" height=\"48\" \/> <span class=\"lp-2018-description\">Qu\u00e9 hay detr\u00e1s del acto de pulsar &#8220;Enviar&#8221;, y c\u00f3mo hacer que funcione perfectamente.<\/span><\/a><\/li>\n<li><a title=\"SMTP para mobile\" href=\"\/es\/smtp-para-movil\"><span class=\"lp-2018-title\">SMTP para m\u00d3VIL<\/span><img decoding=\"async\" src=\"\/wp-content\/uploads\/2018\/04\/mobile-smtp.png\" title=\"SMTP para mobile\" alt=\"SMTP para mobile\" width=\"48\" height=\"48\" \/><span class=\"lp-2018-description\">La configuraci\u00f3n del SMTP para enviar mensajes de correo electr\u00f3nico cuando se utiliza una conexi\u00f3n m\u00f3vil.<\/span><\/a><\/li>\n<\/ul>\n","protected":false},"excerpt":{"rendered":"<p>Todo lo que necesitas saber acerca de la configuraci\u00f3n del servidor SMTP: qu\u00e9 es el protocolo SMTP, c\u00f3mo utilizar y configurar un servidor de salida para un cliente de correo, cu\u00e1les son los elementos b\u00e1sicos del sistema de entrega de correo electr\u00f3nico, y mucho m\u00e1s&#8230; El servidor SMTPQu\u00e9 es el SMTP, que es un servidor &#8230; <\/p>\n<p class=\"read-more-container\"><a title=\"Configuraci\u00f3n servidor SMTP\ufeff\" class=\"read-more button\" href=\"https:\/\/serversmtp.com\/es\/configuracion-servidor-smtp\/#more-2332\" aria-label=\"Leer m\u00e1s sobre Configuraci\u00f3n servidor SMTP\ufeff\">Discover more<\/a><\/p>\n","protected":false},"author":3,"featured_media":0,"parent":0,"menu_order":0,"comment_status":"closed","ping_status":"closed","template":"","meta":{"_eb_attr":"","inline_featured_image":false,"_monsterinsights_skip_tracking":false,"_monsterinsights_sitenote_active":false,"_monsterinsights_sitenote_note":"","_monsterinsights_sitenote_category":0,"footnotes":""},"class_list":["post-2332","page","type-page","status-publish"],"yoast_head":"<!-- This site is optimized with the Yoast SEO plugin v25.3.1 - https:\/\/yoast.com\/wordpress\/plugins\/seo\/ -->\n<title>Configuraci\u00f3n servidor SMTP\ufeff - smtp mail server - professional SMTP service provider<\/title>\n<meta name=\"robots\" content=\"index, follow, max-snippet:-1, max-image-preview:large, max-video-preview:-1\" \/>\n<link rel=\"canonical\" href=\"https:\/\/serversmtp.com\/es\/configuracion-servidor-smtp\/\" \/>\n<meta name=\"twitter:label1\" content=\"Tiempo de lectura\" \/>\n\t<meta name=\"twitter:data1\" content=\"1 minuto\" \/>\n<!-- \/ Yoast SEO plugin. -->","yoast_head_json":{"title":"Configuraci\u00f3n servidor SMTP\ufeff - smtp mail server - professional SMTP service provider","robots":{"index":"index","follow":"follow","max-snippet":"max-snippet:-1","max-image-preview":"max-image-preview:large","max-video-preview":"max-video-preview:-1"},"canonical":"https:\/\/serversmtp.com\/es\/configuracion-servidor-smtp\/","twitter_misc":{"Tiempo de lectura":"1 minuto"},"schema":{"@context":"https:\/\/schema.org","@graph":[{"@type":"WebPage","@id":"https:\/\/serversmtp.com\/es\/configuracion-servidor-smtp\/","url":"https:\/\/serversmtp.com\/es\/configuracion-servidor-smtp\/","name":"Configuraci\u00f3n servidor SMTP\ufeff - smtp mail server - professional SMTP service provider","isPartOf":{"@id":"https:\/\/serversmtp.com\/de\/#website"},"datePublished":"2018-04-12T15:48:55+00:00","dateModified":"2018-04-24T10:17:09+00:00","breadcrumb":{"@id":"https:\/\/serversmtp.com\/es\/configuracion-servidor-smtp\/#breadcrumb"},"inLanguage":"es","potentialAction":[{"@type":"ReadAction","target":["https:\/\/serversmtp.com\/es\/configuracion-servidor-smtp\/"]}]},{"@type":"BreadcrumbList","@id":"https:\/\/serversmtp.com\/es\/configuracion-servidor-smtp\/#breadcrumb","itemListElement":[{"@type":"ListItem","position":1,"name":"Home","item":"https:\/\/serversmtp.com\/es\/"},{"@type":"ListItem","position":2,"name":"Configuraci\u00f3n servidor SMTP\ufeff"}]},{"@type":"WebSite","@id":"https:\/\/serversmtp.com\/de\/#website","url":"https:\/\/serversmtp.com\/de\/","name":"smtp mail server - professional SMTP service provider","description":"smtp mail server - professional SMTP service provider","publisher":{"@id":"https:\/\/serversmtp.com\/de\/#organization"},"potentialAction":[{"@type":"SearchAction","target":{"@type":"EntryPoint","urlTemplate":"https:\/\/serversmtp.com\/de\/?s={search_term_string}"},"query-input":{"@type":"PropertyValueSpecification","valueRequired":true,"valueName":"search_term_string"}}],"inLanguage":"es"},{"@type":"Organization","@id":"https:\/\/serversmtp.com\/de\/#organization","name":"Delivery Tech","url":"https:\/\/serversmtp.com\/de\/","logo":{"@type":"ImageObject","inLanguage":"es","@id":"https:\/\/serversmtp.com\/de\/#\/schema\/logo\/image\/","url":"https:\/\/serversmtp.com\/wp-content\/uploads\/2021\/11\/og-image-2.jpg","contentUrl":"https:\/\/serversmtp.com\/wp-content\/uploads\/2021\/11\/og-image-2.jpg","width":1200,"height":1128,"caption":"Delivery Tech"},"image":{"@id":"https:\/\/serversmtp.com\/de\/#\/schema\/logo\/image\/"}}]}},"_links":{"self":[{"href":"https:\/\/serversmtp.com\/es\/wp-json\/wp\/v2\/pages\/2332"}],"collection":[{"href":"https:\/\/serversmtp.com\/es\/wp-json\/wp\/v2\/pages"}],"about":[{"href":"https:\/\/serversmtp.com\/es\/wp-json\/wp\/v2\/types\/page"}],"author":[{"embeddable":true,"href":"https:\/\/serversmtp.com\/es\/wp-json\/wp\/v2\/users\/3"}],"replies":[{"embeddable":true,"href":"https:\/\/serversmtp.com\/es\/wp-json\/wp\/v2\/comments?post=2332"}],"version-history":[{"count":11,"href":"https:\/\/serversmtp.com\/es\/wp-json\/wp\/v2\/pages\/2332\/revisions"}],"predecessor-version":[{"id":2980,"href":"https:\/\/serversmtp.com\/es\/wp-json\/wp\/v2\/pages\/2332\/revisions\/2980"}],"wp:attachment":[{"href":"https:\/\/serversmtp.com\/es\/wp-json\/wp\/v2\/media?parent=2332"}],"curies":[{"name":"wp","href":"https:\/\/api.w.org\/{rel}","templated":true}]}}