{"id":2302,"date":"2018-04-12T13:12:59","date_gmt":"2018-04-12T11:12:59","guid":{"rendered":"https:\/\/dev.serversmtp.com\/?page_id=2302"},"modified":"2026-04-27T11:26:26","modified_gmt":"2026-04-27T09:26:26","slug":"caracteristicas","status":"publish","type":"page","link":"https:\/\/serversmtp.com\/es\/caracteristicas\/","title":{"rendered":"Caracter\u00edsticas"},"content":{"rendered":"<p>turboSMTP es perfecto para qui\u00e9n requiere enviar emails en forma eficiente y con los mejores resultados.<\/p>\n<ul class=\"featuresBoxes featuresBoxes-es\">\n<li class=\"doubleli-box\"><a><span class=\"features-rev2018-title\">SERVIDORES REALMENTE CONFIABLES<\/span><br \/>\n<span class=\"features-rev2018-description\"><img decoding=\"async\" class=\"wp-image-2508\" title=\"SERVIDORES REALMENTE CONFIABLES\" src=\"https:\/\/serversmtp.com\/wp-content\/uploads\/2018\/04\/server1.png\" alt=\"SERVIDORES REALMENTE CONFIABLES\" width=\"64\" height=\"64\" srcset=\"https:\/\/serversmtp.com\/wp-content\/uploads\/2018\/04\/server1.png 64w, https:\/\/serversmtp.com\/wp-content\/uploads\/2018\/04\/server1-55x55.png 55w\" sizes=\"(max-width: 64px) 100vw, 64px\" \/>Nuestros servidores son confiables y se encuentran en listas blancas, esto permite lograr las tasas de entrega de emails m\u00e1s altas, evitando las listas negras y filtros..<\/span><\/a><\/li>\n<li class=\"half-leftli-box\"><a><span class=\"features-rev2018-title\">RELACIONES CON ISPs<\/span><br \/>\n<span class=\"features-rev2018-description\"><img decoding=\"async\" class=\"alignnone wp-image-2496 size-full\" title=\"RELACIONES CON ISPs\" src=\"https:\/\/serversmtp.com\/wp-content\/uploads\/2018\/04\/network-wireless.png\" alt=\"RELACIONES CON ISPs\" width=\"64\" height=\"64\" srcset=\"https:\/\/serversmtp.com\/wp-content\/uploads\/2018\/04\/network-wireless.png 64w, https:\/\/serversmtp.com\/wp-content\/uploads\/2018\/04\/network-wireless-55x55.png 55w\" sizes=\"(max-width: 64px) 100vw, 64px\" \/>Mantenemos una estrecha comunicaci\u00f3n con los principales ISPs y circuitos de informaci\u00f3n para maximizar la tasa de entrega de emails.<\/span><\/a><\/li>\n<li class=\"half-rightli-box\"><a><span class=\"features-rev2018-title\">Instalaci\u00f3n f\u00e1cil y r\u00e1pida<\/span><br \/>\n<span class=\"features-rev2018-description\"><img decoding=\"async\" class=\"alignnone wp-image-2520 size-full\" title=\"Instalaci\u00f3n f\u00e1cil y r\u00e1pida\" src=\"https:\/\/serversmtp.com\/wp-content\/uploads\/2018\/04\/tools_wizard.png\" alt=\"Instalaci\u00f3n f\u00e1cil y r\u00e1pida\" width=\"64\" height=\"64\" srcset=\"https:\/\/serversmtp.com\/wp-content\/uploads\/2018\/04\/tools_wizard.png 64w, https:\/\/serversmtp.com\/wp-content\/uploads\/2018\/04\/tools_wizard-55x55.png 55w\" sizes=\"(max-width: 64px) 100vw, 64px\" \/>No requiere instalar software. Simplemente, ingrese los datos de autenticaci\u00f3n en su cliente de email, ingresando &#8216;turbo-smtp.com&#8217; y utilizando sus API Keys (Consumer Key y Consumer Secret) en las configuraciones SMTP. Una vez configurado, puede comenzar!<\/span><\/a><\/li>\n<li class=\"half-leftli-box\"><a><span class=\"features-rev2018-title\">PLANES DE SERVICIO FLEXIBLES<\/span><br \/>\n<span class=\"features-rev2018-description\"><img decoding=\"async\" class=\"alignnone wp-image-2512 size-full\" title=\"PLANES DE SERVICIO FLEXIBLES\" src=\"https:\/\/serversmtp.com\/wp-content\/uploads\/2018\/04\/shopping_basket.png\" alt=\"PLANES DE SERVICIO FLEXIBLES\" width=\"64\" height=\"64\" srcset=\"https:\/\/serversmtp.com\/wp-content\/uploads\/2018\/04\/shopping_basket.png 64w, https:\/\/serversmtp.com\/wp-content\/uploads\/2018\/04\/shopping_basket-55x55.png 55w\" sizes=\"(max-width: 64px) 100vw, 64px\" \/>Nuestros diferentes servicios han sido creados para satisfacer la diversidad de necesidades de nuestros clientes, incluyendo usuarios m\u00f3viles, hogare\u00f1o, distribuidores y administradores de servidores de email.<\/span><\/a><\/li>\n<li class=\"half-rightli-box\"><a><span class=\"features-rev2018-title\">COMPATIBLE CON CUALQUIER SERVICIO DE INTERNET<\/span><br \/>\n<span class=\"features-rev2018-description\"><img decoding=\"async\" class=\"alignnone wp-image-2500 size-full\" title=\"COMPATIBLE CON CUALQUIER SERVICIO DE INTERNET\" src=\"https:\/\/serversmtp.com\/wp-content\/uploads\/2018\/04\/network.png\" alt=\"COMPATIBLE CON CUALQUIER SERVICIO DE INTERNET\" width=\"64\" height=\"64\" srcset=\"https:\/\/serversmtp.com\/wp-content\/uploads\/2018\/04\/network.png 64w, https:\/\/serversmtp.com\/wp-content\/uploads\/2018\/04\/network-55x55.png 55w\" sizes=\"(max-width: 64px) 100vw, 64px\" \/>turboSMTP funciona con cualquier Proveedor de Servicio de Internet del mundo, incluyendo las principales redes de banda ancha y puntos wi-fi p\u00fablicos.<\/span><\/a><\/li>\n<li class=\"half-leftli-box\"><a><span class=\"features-rev2018-title\">COMPATIBLE CON TODOS LOS CLIENTES DE EMAIL<\/span><br \/>\n<span class=\"features-rev2018-description\"><img decoding=\"async\" class=\"alignnone wp-image-2516 size-full\" title=\"COMPATIBLE CON TODOS LOS CLIENTES DE EMAIL\" src=\"https:\/\/serversmtp.com\/wp-content\/uploads\/2018\/04\/stock_post-message.png\" alt=\"COMPATIBLE CON TODOS LOS CLIENTES DE EMAIL\" width=\"64\" height=\"64\" srcset=\"https:\/\/serversmtp.com\/wp-content\/uploads\/2018\/04\/stock_post-message.png 64w, https:\/\/serversmtp.com\/wp-content\/uploads\/2018\/04\/stock_post-message-55x55.png 55w\" sizes=\"(max-width: 64px) 100vw, 64px\" \/>Todos los clientes de email son compatibles con el servicio de turboSMTP, incluyendo todas las versiones de Microsoft Outlook, Microsoft Windows Vista Mail, Microsoft Outlook Express, Mozilla Thunderbird, Opera Mail, Netscape Mail, iPhone de Apple, y muchos m\u00e1s.<\/span><\/a><\/li>\n<li class=\"half-rightli-box\"><a><span class=\"features-rev2018-title\">SEGUIMIENTO E INFORMES DE EMAIL<\/span><br \/>\n<span class=\"features-rev2018-description\"><img decoding=\"async\" class=\"alignnone wp-image-2484 size-full\" title=\"SEGUIMIENTO E INFORMES DE EMAIL\" src=\"https:\/\/serversmtp.com\/wp-content\/uploads\/2018\/04\/ethereal.png\" alt=\"SEGUIMIENTO E INFORMES DE EMAIL\" width=\"64\" height=\"64\" srcset=\"https:\/\/serversmtp.com\/wp-content\/uploads\/2018\/04\/ethereal.png 64w, https:\/\/serversmtp.com\/wp-content\/uploads\/2018\/04\/ethereal-55x55.png 55w\" sizes=\"(max-width: 64px) 100vw, 64px\" \/>Puede realizar un seguimiento de todos los mensajes salientes con estad\u00edsticas y gr\u00e1ficos detallados en su \u00e1rea de administraci\u00f3n de cuenta y descargar reportes de entrega diarios en archivo con formato de texto separado por comas (csv) para realizar un an\u00e1lisis avanzado.<\/span><\/a><\/li>\n<li class=\"half-leftli-box\"><a><span class=\"features-rev2018-title\">GESTION DE DEVOLUCIONES<\/span><br \/>\n<span class=\"features-rev2018-description\"><img decoding=\"async\" class=\"alignnone wp-image-2492 size-full\" title=\"GESTION DE DEVOLUCIONES\" src=\"https:\/\/serversmtp.com\/wp-content\/uploads\/2018\/04\/mail_message2.png\" alt=\"GESTION DE DEVOLUCIONES\" width=\"64\" height=\"64\" srcset=\"https:\/\/serversmtp.com\/wp-content\/uploads\/2018\/04\/mail_message2.png 64w, https:\/\/serversmtp.com\/wp-content\/uploads\/2018\/04\/mail_message2-55x55.png 55w\" sizes=\"(max-width: 64px) 100vw, 64px\" \/>Compruebe los mensajes devueltos en forma individual para descubrir el motivo de la devoluci\u00f3n.<\/span><\/a><\/li>\n<li class=\"half-rightli-box\"><a><span class=\"features-rev2018-title\">TUTORIALES PASO A PASO<\/span><br \/>\n<span class=\"features-rev2018-description\"><img decoding=\"async\" class=\"alignnone wp-image-2504 size-full\" title=\"TUTORIALES PASO A PASO\" src=\"https:\/\/serversmtp.com\/wp-content\/uploads\/2018\/04\/package_education.png\" alt=\"TUTORIALES PASO A PASO\" width=\"64\" height=\"64\" srcset=\"https:\/\/serversmtp.com\/wp-content\/uploads\/2018\/04\/package_education.png 64w, https:\/\/serversmtp.com\/wp-content\/uploads\/2018\/04\/package_education-55x55.png 55w\" sizes=\"(max-width: 64px) 100vw, 64px\" \/>Hemos creado algunos tutoriales paso a paso que le ayudar\u00e1n a configurar los clientes de email m\u00e1s utilizados para trabajar con su cuenta de turboSMTP.<\/span><\/a><\/li>\n<li class=\"half-leftli-box\"><a><span class=\"features-rev2018-title\">SERVICIO A CLIENTES EXPERTO<\/span><br \/>\n<span class=\"features-rev2018-description\"><img decoding=\"async\" class=\"alignnone wp-image-2480 size-full\" title=\"SERVICIO A CLIENTES EXPERTO\" src=\"https:\/\/serversmtp.com\/wp-content\/uploads\/2018\/04\/audio-headset.png\" alt=\"SERVICIO A CLIENTES EXPERTO\" width=\"64\" height=\"64\" srcset=\"https:\/\/serversmtp.com\/wp-content\/uploads\/2018\/04\/audio-headset.png 64w, https:\/\/serversmtp.com\/wp-content\/uploads\/2018\/04\/audio-headset-55x55.png 55w\" sizes=\"(max-width: 64px) 100vw, 64px\" \/>Un equipo de profesionales dedicado se encuentra listo para asistirlo en cualquier problema t\u00e9cnico y consultas generales v\u00eda email las 24 horas del d\u00eda, 7 d\u00edas a la semana.<\/span><\/a><\/li>\n<li class=\"half-rightli-box\"><a><span class=\"features-rev2018-title\">GARANTIA DE DEVOLUCION DEL DINERO DEL 100%<\/span><br \/>\n<span class=\"features-rev2018-description\"><img decoding=\"async\" class=\"alignnone wp-image-2488 size-full\" title=\"GARANTIA DE DEVOLUCION DEL DINERO DEL 100%\" src=\"https:\/\/serversmtp.com\/wp-content\/uploads\/2018\/04\/images1.png\" alt=\"GARANTIA DE DEVOLUCION DEL DINERO DEL 100%\" width=\"64\" height=\"64\" srcset=\"https:\/\/serversmtp.com\/wp-content\/uploads\/2018\/04\/images1.png 64w, https:\/\/serversmtp.com\/wp-content\/uploads\/2018\/04\/images1-55x55.png 55w\" sizes=\"(max-width: 64px) 100vw, 64px\" \/>Los servicios de turboSMTP poseen una garant\u00eda de satisfacci\u00f3n de 15 d\u00edas para todos los nuevos clientes.<br \/>\nSe conceder\u00e1 un reembolso completo a todas las nuevas cuentas de turboSMTP canceladas durante los 15 primeros d\u00edas o hasta que el usuario env\u00ede 100 mensajes (lo que ocurra primero).<\/span><\/a><\/li>\n<li class=\"half-leftli-box\"><a title=\"Custom Tracking Domain\" href=\"\/es\/custom-tracking-domain-que-es-como-funciona-y-por-que-puede-mejorar-la-entrega-de-sus-emails\/\"><span class=\"features-rev2018-title\">CUSTOM TRACKING DOMAIN<\/span><span class=\"new\">NEW<\/span><br \/>\n<span class=\"features-rev2018-description\"><img decoding=\"async\" class=\"wp-image-5701\" src=\"https:\/\/serversmtp.com\/wp-content\/uploads\/2023\/07\/custon-tracking-domains.png\" alt=\"Custom Tracking Domain\" width=\"50\" height=\"50\" \/>Configure un dominio de seguimiento personalizado y optimice las tasas de entrega con un impacto positivo en sus m\u00e9tricas.<\/span><br \/>\n<\/a><\/li>\n<\/ul>\n","protected":false},"excerpt":{"rendered":"<p>turboSMTP es perfecto para qui\u00e9n requiere enviar emails en forma eficiente y con los mejores resultados. SERVIDORES REALMENTE CONFIABLES Nuestros servidores son confiables y se encuentran en listas blancas, esto permite lograr las tasas de entrega de emails m\u00e1s altas, evitando las listas negras y filtros.. RELACIONES CON ISPs Mantenemos una estrecha comunicaci\u00f3n con los &#8230; <\/p>\n<p class=\"read-more-container\"><a title=\"Caracter\u00edsticas\" class=\"read-more button\" href=\"https:\/\/serversmtp.com\/es\/caracteristicas\/#more-2302\" aria-label=\"Leer m\u00e1s sobre Caracter\u00edsticas\">Discover more<\/a><\/p>\n","protected":false},"author":1,"featured_media":0,"parent":0,"menu_order":0,"comment_status":"closed","ping_status":"closed","template":"","meta":{"_eb_attr":"","inline_featured_image":false,"_monsterinsights_skip_tracking":false,"_monsterinsights_sitenote_active":false,"_monsterinsights_sitenote_note":"","_monsterinsights_sitenote_category":0,"footnotes":""},"class_list":["post-2302","page","type-page","status-publish"],"yoast_head":"<!-- This site is optimized with the Yoast SEO plugin v25.3.1 - https:\/\/yoast.com\/wordpress\/plugins\/seo\/ -->\n<title>turboSMTP - Funciones de un Servicio SMTP Profesional<\/title>\n<meta name=\"description\" content=\"Saque el m\u00e1ximo partido a sus emails. Env\u00ede a alta velocidad, use una herramienta de validaci\u00f3n de email, consulte informes en tiempo real y cree sus webhooks.\" \/>\n<meta name=\"robots\" content=\"index, follow, max-snippet:-1, max-image-preview:large, max-video-preview:-1\" \/>\n<link rel=\"canonical\" href=\"https:\/\/serversmtp.com\/es\/caracteristicas\/\" \/>\n<meta name=\"twitter:label1\" content=\"Tiempo de lectura\" \/>\n\t<meta name=\"twitter:data1\" content=\"5 minutos\" \/>\n<!-- \/ Yoast SEO plugin. -->","yoast_head_json":{"title":"turboSMTP - Funciones de un Servicio SMTP Profesional","description":"Saque el m\u00e1ximo partido a sus emails. Env\u00ede a alta velocidad, use una herramienta de validaci\u00f3n de email, consulte informes en tiempo real y cree sus webhooks.","robots":{"index":"index","follow":"follow","max-snippet":"max-snippet:-1","max-image-preview":"max-image-preview:large","max-video-preview":"max-video-preview:-1"},"canonical":"https:\/\/serversmtp.com\/es\/caracteristicas\/","twitter_misc":{"Tiempo de lectura":"5 minutos"},"schema":{"@context":"https:\/\/schema.org","@graph":[{"@type":"WebPage","@id":"https:\/\/serversmtp.com\/es\/caracteristicas\/","url":"https:\/\/serversmtp.com\/es\/caracteristicas\/","name":"turboSMTP - Funciones de un Servicio SMTP Profesional","isPartOf":{"@id":"https:\/\/serversmtp.com\/#website"},"primaryImageOfPage":{"@id":"https:\/\/serversmtp.com\/es\/caracteristicas\/#primaryimage"},"image":{"@id":"https:\/\/serversmtp.com\/es\/caracteristicas\/#primaryimage"},"thumbnailUrl":"https:\/\/serversmtp.com\/wp-content\/uploads\/2018\/04\/server1.png","datePublished":"2018-04-12T11:12:59+00:00","dateModified":"2026-04-27T09:26:26+00:00","description":"Saque el m\u00e1ximo partido a sus emails. Env\u00ede a alta velocidad, use una herramienta de validaci\u00f3n de email, consulte informes en tiempo real y cree sus webhooks.","breadcrumb":{"@id":"https:\/\/serversmtp.com\/es\/caracteristicas\/#breadcrumb"},"inLanguage":"es","potentialAction":[{"@type":"ReadAction","target":["https:\/\/serversmtp.com\/es\/caracteristicas\/"]}]},{"@type":"ImageObject","inLanguage":"es","@id":"https:\/\/serversmtp.com\/es\/caracteristicas\/#primaryimage","url":"https:\/\/serversmtp.com\/wp-content\/uploads\/2018\/04\/server1.png","contentUrl":"https:\/\/serversmtp.com\/wp-content\/uploads\/2018\/04\/server1.png"},{"@type":"BreadcrumbList","@id":"https:\/\/serversmtp.com\/es\/caracteristicas\/#breadcrumb","itemListElement":[{"@type":"ListItem","position":1,"name":"Home","item":"https:\/\/serversmtp.com\/es\/"},{"@type":"ListItem","position":2,"name":"Caracter\u00edsticas"}]},{"@type":"WebSite","@id":"https:\/\/serversmtp.com\/#website","url":"https:\/\/serversmtp.com\/","name":"smtp mail server - professional SMTP service provider","description":"smtp mail server - professional SMTP service provider","publisher":{"@id":"https:\/\/serversmtp.com\/#organization"},"potentialAction":[{"@type":"SearchAction","target":{"@type":"EntryPoint","urlTemplate":"https:\/\/serversmtp.com\/?s={search_term_string}"},"query-input":{"@type":"PropertyValueSpecification","valueRequired":true,"valueName":"search_term_string"}}],"inLanguage":"es"},{"@type":"Organization","@id":"https:\/\/serversmtp.com\/#organization","name":"Delivery Tech","url":"https:\/\/serversmtp.com\/","logo":{"@type":"ImageObject","inLanguage":"es","@id":"https:\/\/serversmtp.com\/#\/schema\/logo\/image\/","url":"https:\/\/serversmtp.com\/wp-content\/uploads\/2021\/11\/og-image-2.jpg","contentUrl":"https:\/\/serversmtp.com\/wp-content\/uploads\/2021\/11\/og-image-2.jpg","width":1200,"height":1128,"caption":"Delivery Tech"},"image":{"@id":"https:\/\/serversmtp.com\/#\/schema\/logo\/image\/"}}]}},"_links":{"self":[{"href":"https:\/\/serversmtp.com\/es\/wp-json\/wp\/v2\/pages\/2302"}],"collection":[{"href":"https:\/\/serversmtp.com\/es\/wp-json\/wp\/v2\/pages"}],"about":[{"href":"https:\/\/serversmtp.com\/es\/wp-json\/wp\/v2\/types\/page"}],"author":[{"embeddable":true,"href":"https:\/\/serversmtp.com\/es\/wp-json\/wp\/v2\/users\/1"}],"replies":[{"embeddable":true,"href":"https:\/\/serversmtp.com\/es\/wp-json\/wp\/v2\/comments?post=2302"}],"version-history":[{"count":24,"href":"https:\/\/serversmtp.com\/es\/wp-json\/wp\/v2\/pages\/2302\/revisions"}],"predecessor-version":[{"id":22548,"href":"https:\/\/serversmtp.com\/es\/wp-json\/wp\/v2\/pages\/2302\/revisions\/22548"}],"wp:attachment":[{"href":"https:\/\/serversmtp.com\/es\/wp-json\/wp\/v2\/media?parent=2302"}],"curies":[{"name":"wp","href":"https:\/\/api.w.org\/{rel}","templated":true}]}}