{"id":22815,"date":"2025-12-01T10:08:43","date_gmt":"2025-12-01T09:08:43","guid":{"rendered":"https:\/\/serversmtp.com\/?page_id=22815"},"modified":"2025-12-01T10:09:33","modified_gmt":"2025-12-01T09:09:33","slug":"enviar-correos-a-multiples-destinatarios-cc-vs-cco-explicado","status":"publish","type":"page","link":"https:\/\/serversmtp.com\/es\/enviar-correos-a-multiples-destinatarios-cc-vs-cco-explicado\/","title":{"rendered":"Enviar Correos a M\u00faltiples Destinatarios: CC vs CCO Explicado"},"content":{"rendered":"\n<style>\r\n.info-label {\r\n    position: absolute;\r\n    right: 0;\r\n    top: 0;\r\n}\r\nol.spaced-list li, ul.spaced-list li {\r\n    margin-bottom: 15px;\r\n}\r\n.saswp-faq-block-section ol {\r\n    margin-left: 0px;\r\n}\r\n.saswp-faq-block-section ol li {\r\n    border-bottom: dotted 2px #ccc;\r\n    margin-bottom: 46px;\r\n    padding-bottom: 20px;\r\n}\r\n.saswp-faq-block-section ol li:last-child {\r\n    border-bottom: none;\r\n    margin-bottom: 26px;\r\n}\r\nhr.wp-block-separator {\r\n    border-top: dotted #ccc 2px;\r\n    background-color: #fff;\r\n    margin: 10px 10px 20px 10px;\r\n}\r\n<\/style>\n\n\n<div class=\"gb-container gb-container-c2369287\" id=\"introduction\">\n\n<h2 class=\"gb-headline gb-headline-c6d0a555 gb-headline-text\"><em>Qu\u00e9 significan CC y CCO en un correo electr\u00f3nico (y por qu\u00e9 usarlos mal puede generar problemas).<\/em><\/h2>\n\n\n\n<p>Cuando necesitas enviar un correo a varios destinatarios, es fundamental comprender qu\u00e9 significa CC (Copia de Carb\u00f3n) y qu\u00e9 significa CCO (Copia de Carb\u00f3n Oculta \/ Copia Oculta) en un correo electr\u00f3nico. Muchas personas creen que basta con a\u00f1adir direcciones en los campos CC o CCO, pero <strong>usarlos de forma incorrecta puede afectar a la entregabilidad<\/strong>, <strong>exponer direcciones sin permiso<\/strong> y <strong>da\u00f1ar tu reputaci\u00f3n como remitente<\/strong>.<\/p>\n\n\n\n<p>Usar CC puede revelar accidentalmente todas las direcciones, lo que genera problemas de privacidad, riesgos de fuga de datos en correos masivos y posibles incumplimientos del RGPD. Por otro lado, aunque CCO oculta los destinatarios, no garantiza evitar quejas de spam, bloqueos ni problemas de entregabilidad, algo frecuente en correos masivos enviados desde Gmail u Outlook.<\/p>\n\n\n\n<p>\u00bfLa buena noticia? <strong>Existen formas seguras y profesionales de enviar correos a m\u00faltiples destinatarios<\/strong> sin exponer contactos, mejorando la entregabilidad y protegiendo la privacidad. En esta gu\u00eda te explicamos los riesgos de usar CC y CCO, la diferencia entre CC y CCO, y c\u00f3mo evitar problemas utilizando las herramientas adecuadas y las mejores pr\u00e1cticas para un env\u00edo seguro de correos electr\u00f3nicos.<\/p>\n\n<\/div>\n\n<div class=\"gb-container gb-container-1fd1eed5\">\n\n<h2 class=\"gb-headline gb-headline-b95f2857 gb-headline-text\">Los Riesgos de Usar CC (y por Qu\u00e9 CCO No Siempre es una Alternativa Segura)<\/h2>\n\n\n\n<p>Usar CC (Copia de Carb\u00f3n) en un correo electr\u00f3nico permite enviar el mismo mensaje a varias personas, <strong>pero implica varios riesgos<\/strong>. Todas las direcciones quedan visibles para el resto de los destinatarios, lo que puede provocar problemas de privacidad, exposici\u00f3n no deseada de contactos y posibles incumplimientos del RGPD cuando se trata de correos masivos. Adem\u00e1s, basta con que uno de los destinatarios marque tu mensaje como spam para que afecte a tu entregabilidad o incluso pueda llevar tu dominio a una lista negra.<\/p>\n\n\n\n<p>Muchos usuarios creen que CCO (Copia Oculta \/ Blind Carbon Copy) soluciona el problema porque oculta las direcciones. Sin embargo, aunque CCO mejora la privacidad en correos electr\u00f3nicos, no evita del todo los riesgos de spam, los problemas de entregabilidad ni la posibilidad de que tus correos sean bloqueados. Por eso, <strong>CCO no siempre es la opci\u00f3n m\u00e1s segura<\/strong> cuando necesitas enviar correos a muchos destinatarios sin que vean a los otros.<\/p>\n\n\n\n<p>Adem\u00e1s, usar CC o CCO no resuelve el problema de la gesti\u00f3n profesional de listas de contactos. Para enviar correos masivos de forma segura, sin exponer direcciones y sin afectar la entregabilidad, lo ideal es usar un servidor SMTP profesional o una plataforma de email marketing, que evita errores comunes y garantiza el cumplimiento de las normas de privacidad.<\/p>\n\n\n<div class=\"gb-container gb-container-4f77ea67\">\n\n<h3 class=\"gb-headline gb-headline-e6391dbd gb-headline-text\"><strong>\u00bfQuieres saber m\u00e1s sobre c\u00f3mo enviar correos con CC y CCO?<\/strong><\/h3>\n\n\n\n<p class=\"gb-headline gb-headline-8c5e10d3 gb-headline-text\">En el canal de YouTube de Emailchef explicamos c\u00f3mo funcionan CC y CCO en el correo electr\u00f3nico y cu\u00e1ndo usar cada campo.<\/p>\n\n\n\n<figure class=\"wp-block-embed is-type-video is-provider-youtube wp-block-embed-youtube wp-embed-aspect-16-9 wp-has-aspect-ratio\"><div class=\"wp-block-embed__wrapper\">\n<div class=\"epyt-video-wrapper\"><div  id=\"_ytid_38928\"  width=\"1200\" height=\"675\"  data-origwidth=\"1200\" data-origheight=\"675\"  data-relstop=\"1\" data-facadesrc=\"https:\/\/www.youtube-nocookie.com\/embed\/LbWkhvDUVN0?autoplay=1&#038;cc_load_policy=0&#038;cc_lang_pref=&#038;iv_load_policy=1&#038;loop=0&#038;rel=0&#038;fs=1&#038;playsinline=0&#038;autohide=2&#038;theme=dark&#038;color=red&#038;controls=0&#038;\" class=\"__youtube_prefs__ epyt-facade epyt-is-override  no-lazyload\" data-epautoplay=\"1\" ><img decoding=\"async\" width=\"480\" height=\"360\" data-spai-excluded=\"true\" class=\"epyt-facade-poster skip-lazy\" loading=\"lazy\"  alt=\"YouTube player\"  src=\"https:\/\/i.ytimg.com\/vi\/LbWkhvDUVN0\/hqdefault.jpg\"  \/><button class=\"epyt-facade-play\" aria-label=\"Play\"><svg data-no-lazy=\"1\" height=\"100%\" version=\"1.1\" viewBox=\"0 0 68 48\" width=\"100%\"><path class=\"ytp-large-play-button-bg\" d=\"M66.52,7.74c-0.78-2.93-2.49-5.41-5.42-6.19C55.79,.13,34,0,34,0S12.21,.13,6.9,1.55 C3.97,2.33,2.27,4.81,1.48,7.74C0.06,13.05,0,24,0,24s0.06,10.95,1.48,16.26c0.78,2.93,2.49,5.41,5.42,6.19 C12.21,47.87,34,48,34,48s21.79-0.13,27.1-1.55c2.93-0.78,4.64-3.26,5.42-6.19C67.94,34.95,68,24,68,24S67.94,13.05,66.52,7.74z\" fill=\"#f00\"><\/path><path d=\"M 45,24 27,14 27,34\" fill=\"#fff\"><\/path><\/svg><\/button><\/div><\/div>\n<\/div><\/figure>\n\n<\/div>\n<\/div>\n\n<div class=\"gb-container gb-container-f5731ccf\">\n\n<h2 class=\"gb-headline gb-headline-b8688848 gb-headline-text\">La Soluci\u00f3n Ideal: Software Profesional para Enviar Correos a M\u00faltiples Destinatarios.<\/h2>\n\n\n\n<p>Para enviar correos a varios destinatarios de forma segura, eficiente y sin riesgos de privacidad, es fundamental utilizar una plataforma profesional de email marketing.<\/p>\n\n\n\n<p><strong>Nuestra soluci\u00f3n es <\/strong><a href=\"https:\/\/emailchef.com\/es\/\" title=\"Plataforma profesional de email marketing\"><strong>Emailchef<\/strong><\/a>, desarrollada por el mismo equipo de TurboSMTP e integrada con un servidor SMTP profesional de alta calidad para env\u00edos masivos seguros.<\/p>\n\n\n\n<p>Con Emailchef puedes:<\/p>\n\n\n\n<ul class=\"wp-block-list spaced-list\">\n<li><strong>Enviar correos a m\u00faltiples destinatarios de forma segura<\/strong>, evitando que tus mensajes terminen en spam;<\/li>\n\n\n\n<li><strong>Gestionar tu lista de contactos profesionalmente<\/strong>, segmentar por criterios espec\u00edficos, enviar contenido personalizado y cumplir con normativas como el RGPD;<\/li>\n\n\n\n<li><strong>Aprovechar la integraci\u00f3n SMTP<\/strong> para reducir el riesgo de listas negras y mejorar la entregabilidad, asegurando que tus correos lleguen al buz\u00f3n de entrada.<\/li>\n<\/ul>\n\n\n\n<p>Cuando env\u00edas correos a muchos destinatarios, usar mal CC o CCO puede generar riesgos de privacidad, exposici\u00f3n de direcciones y problemas de entregabilidad.<\/p>\n\n\n\n<p>Por eso Emailchef ofrece <strong>una plataforma profesional para enviar correos masivos de forma segura<\/strong>, con control total sobre tus listas, cumplimiento de la normativa y protecci\u00f3n frente a errores comunes relacionados con CC\/CCO.<\/p>\n\n\n<div class=\"gb-container gb-container-07348264\">\n\n<h3 class=\"gb-headline gb-headline-485be0a4 gb-headline-text\"><strong>Todos los Beneficios de Usar Emailchef para Enviar Correos a M\u00faltiples Destinatarios<\/strong><\/h3>\n\n\n\n<p class=\"gb-headline gb-headline-c6dc858d\"><span class=\"gb-icon\"><svg aria-hidden=\"true\" role=\"img\" height=\"1em\" width=\"1em\" viewBox=\"0 0 512 512\" xmlns=\"http:\/\/www.w3.org\/2000\/svg\"><path fill=\"currentColor\" d=\"M173.898 439.404l-166.4-166.4c-9.997-9.997-9.997-26.206 0-36.204l36.203-36.204c9.997-9.998 26.207-9.998 36.204 0L192 312.69 432.095 72.596c9.997-9.997 26.207-9.997 36.204 0l36.203 36.204c9.997 9.997 9.997 26.206 0 36.204l-294.4 294.401c-9.998 9.997-26.207 9.997-36.204-.001z\"><\/path><\/svg><\/span><span class=\"gb-headline-text\"><strong>Gesti\u00f3n Avanzada de Listas<\/strong><\/span><\/p>\n\n\n\n<p class=\"has-text-align-center\">Con Emailchef puedes segmentar tus contactos en grupos espec\u00edficos y enviar emails personalizados a cada segmento, aumentando la eficacia de tus comunicaciones.<\/p>\n\n\n\n<hr class=\"wp-block-separator has-alpha-channel-opacity is-style-default\"\/>\n\n\n\n<p class=\"gb-headline gb-headline-e66f8309\"><span class=\"gb-icon\"><svg aria-hidden=\"true\" role=\"img\" height=\"1em\" width=\"1em\" viewBox=\"0 0 512 512\" xmlns=\"http:\/\/www.w3.org\/2000\/svg\"><path fill=\"currentColor\" d=\"M173.898 439.404l-166.4-166.4c-9.997-9.997-9.997-26.206 0-36.204l36.203-36.204c9.997-9.998 26.207-9.998 36.204 0L192 312.69 432.095 72.596c9.997-9.997 26.207-9.997 36.204 0l36.203 36.204c9.997 9.997 9.997 26.206 0 36.204l-294.4 294.401c-9.998 9.997-26.207 9.997-36.204-.001z\"><\/path><\/svg><\/span><span class=\"gb-headline-text\"><strong>Mejor Entregabilidad<\/strong><\/span><\/p>\n\n\n\n<p class=\"has-text-align-center\">Gracias a la integraci\u00f3n con TurboSMTP, tus correos tienen muchas m\u00e1s probabilidades de llegar al buz\u00f3n de entrada sin acabar en spam ni ser bloqueados por listas negras.<\/p>\n\n\n\n<hr class=\"wp-block-separator has-alpha-channel-opacity is-style-default\"\/>\n\n\n\n<p class=\"gb-headline gb-headline-9e6af19d\"><span class=\"gb-icon\"><svg aria-hidden=\"true\" role=\"img\" height=\"1em\" width=\"1em\" viewBox=\"0 0 512 512\" xmlns=\"http:\/\/www.w3.org\/2000\/svg\"><path fill=\"currentColor\" d=\"M173.898 439.404l-166.4-166.4c-9.997-9.997-9.997-26.206 0-36.204l36.203-36.204c9.997-9.998 26.207-9.998 36.204 0L192 312.69 432.095 72.596c9.997-9.997 26.207-9.997 36.204 0l36.203 36.204c9.997 9.997 9.997 26.206 0 36.204l-294.4 294.401c-9.998 9.997-26.207 9.997-36.204-.001z\"><\/path><\/svg><\/span><span class=\"gb-headline-text\"><strong>Automatizaci\u00f3n de Campa\u00f1as<\/strong><\/span><\/p>\n\n\n\n<p class=\"has-text-align-center\">Configura flujos de email automatizados que reaccionan a las acciones de los usuarios, mejorando el engagement y el impacto global de tus campa\u00f1as.<\/p>\n\n\n\n<hr class=\"wp-block-separator has-alpha-channel-opacity is-style-default\"\/>\n\n\n\n<p class=\"gb-headline gb-headline-5b66f774\"><span class=\"gb-icon\"><svg aria-hidden=\"true\" role=\"img\" height=\"1em\" width=\"1em\" viewBox=\"0 0 512 512\" xmlns=\"http:\/\/www.w3.org\/2000\/svg\"><path fill=\"currentColor\" d=\"M173.898 439.404l-166.4-166.4c-9.997-9.997-9.997-26.206 0-36.204l36.203-36.204c9.997-9.998 26.207-9.998 36.204 0L192 312.69 432.095 72.596c9.997-9.997 26.207-9.997 36.204 0l36.203 36.204c9.997 9.997 9.997 26.206 0 36.204l-294.4 294.401c-9.998 9.997-26.207 9.997-36.204-.001z\"><\/path><\/svg><\/span><span class=\"gb-headline-text\"><strong>Informes Detallados<\/strong><\/span><\/p>\n\n\n\n<p class=\"has-text-align-center\">Analiza los resultados de tus env\u00edos para optimizar continuamente tus estrategias de email marketing y mejorar cada campa\u00f1a.<\/p>\n\n\n<div class=\"gb-container gb-container-fa924384\">\n\n<a class=\"gb-button gb-button-3a74472c gb-button-text\" href=\"https:\/\/app.emailchef.com\/apps\/demo\/quicksignup\" target=\"_blank\" rel=\"noopener noreferrer\"><strong>ENV\u00cdA CORREOS A TUS CONTACTOS AHORA<\/strong><\/a>\n\n<\/div>\n<\/div>\n<\/div>\n\n<div class=\"gb-container gb-container-0e08f8ea\">\n\n<h2 class=\"gb-headline gb-headline-3006feb1 gb-headline-text\">Preguntas Frecuentes sobre el Env\u00edo de Correos con CC y CCO.<\/h2>\n\n\n<div class=\"saswp-faq-block-section\"><ol style=\"list-style-type:none\"><li style=\"list-style-type: none\"><h5 class=\"saswp-faq-question-title \"><strong>\u00bfQu\u00e9 significa CC en un correo electr\u00f3nico?<\/strong><\/h5><p class=\"saswp-faq-answer-text\">CC significa Copia de Carb\u00f3n. Permite enviar el mismo correo a varios destinatarios mostrando todas las direcciones. Es \u00fatil para notificar a personas adicionales, pero puede comprometer la privacidad de los contactos.<\/p><li style=\"list-style-type: none\"><h5 class=\"saswp-faq-question-title \"><strong>\u00bfQu\u00e9 significa CCO en un correo electr\u00f3nico?<\/strong><\/h5><p class=\"saswp-faq-answer-text\">CCO significa Copia de Carb\u00f3n Oculta. Este campo permite enviar un correo a varios destinatarios sin que sus direcciones sean visibles para los dem\u00e1s, ayudando a proteger la privacidad en correos electr\u00f3nicos.<\/p><li style=\"list-style-type: none\"><h5 class=\"saswp-faq-question-title \"><strong>\u00bfCu\u00e1l es la diferencia entre CC y CCO?<\/strong><\/h5><p class=\"saswp-faq-answer-text\">La principal diferencia es que CC muestra todas las direcciones mientras que CCO las oculta. CCO ofrece mayor privacidad, pero no garantiza que los correos masivos lleguen siempre al inbox, por lo que usar un SMTP profesional es m\u00e1s seguro.<\/p><li style=\"list-style-type: none\"><h5 class=\"saswp-faq-question-title \"><strong>\u00bfC\u00f3mo enviar un correo a varias personas sin que se vean entre s\u00ed?<\/strong><\/h5><p class=\"saswp-faq-answer-text\">Para ocultar destinatarios, usa el campo CCO o, mejor a\u00fan, una plataforma de correo profesional integrada con un SMTP, que permite env\u00edos masivos seguros y mejora la entregabilidad.<\/p><li style=\"list-style-type: none\"><h5 class=\"saswp-faq-question-title \"><strong>\u00bfEl uso de CCO afecta la entregabilidad del correo?<\/strong><\/h5><p class=\"saswp-faq-answer-text\">S\u00ed. Aunque CCO protege la privacidad, los correos con muchos destinatarios ocultos pueden ser marcados como spam. Para mejorar la entregabilidad, se recomienda un servidor SMTP profesional.<\/p><li style=\"list-style-type: none\"><h5 class=\"saswp-faq-question-title \"><strong>\u00bfEs malo usar CC para correos masivos?<\/strong><\/h5><p class=\"saswp-faq-answer-text\">S\u00ed. Usar CC para enviar correos a muchas personas expone direcciones, genera riesgos de privacidad y aumenta las probabilidades de que tu correo sea considerado spam.<\/p><li style=\"list-style-type: none\"><h5 class=\"saswp-faq-question-title \"><strong>\u00bfC\u00f3mo ocultar destinatarios en Gmail o Outlook?<\/strong><\/h5><p class=\"saswp-faq-answer-text\">Usa siempre el campo CCO o una herramienta de email marketing profesional. En Gmail, a\u00f1ade las direcciones en \u201cCCO\u201d; en Outlook, selecciona \u201cCopia Oculta\u201d al redactar el mensaje.<\/p><li style=\"list-style-type: none\"><h5 class=\"saswp-faq-question-title \"><strong>\u00bfCu\u00e1l es la forma m\u00e1s segura de enviar correos masivos?<\/strong><\/h5><p class=\"saswp-faq-answer-text\">La forma m\u00e1s segura es usar una plataforma profesional de email marketing integrada con un SMTP seguro, que protege datos personales, mejora la entregabilidad y evita errores comunes de CC\/CCO.<\/p><li style=\"list-style-type: none\"><h5 class=\"saswp-faq-question-title \"><strong>\u00bfEl uso de CC puede causar una violaci\u00f3n de privacidad?<\/strong><\/h5><p class=\"saswp-faq-answer-text\">S\u00ed. Todas las direcciones quedan visibles, lo que puede infringir regulaciones de privacidad como el RGPD y generar fugas de datos no deseadas.<\/p><li style=\"list-style-type: none\"><h5 class=\"saswp-faq-question-title \"><strong>\u00bfPor qu\u00e9 usar un servicio SMTP en lugar de CC o CCO para env\u00edos masivos?<\/strong><\/h5><p class=\"saswp-faq-answer-text\">Un SMTP profesional permite enviar correos masivos de forma segura, mantiene la privacidad de los destinatarios, reduce la posibilidad de spam y mejora la entregabilidad en comparaci\u00f3n con CC o CCO.<\/p><\/ul><\/div>\n<\/div>","protected":false},"excerpt":{"rendered":"<p>Qu\u00e9 significan CC y CCO en un correo electr\u00f3nico (y por qu\u00e9 usarlos mal puede generar problemas). Cuando necesitas enviar un correo a varios destinatarios, es fundamental comprender qu\u00e9 significa CC (Copia de Carb\u00f3n) y qu\u00e9 significa CCO (Copia de Carb\u00f3n Oculta \/ Copia Oculta) en un correo electr\u00f3nico. Muchas personas creen que basta con &#8230; <\/p>\n<p class=\"read-more-container\"><a title=\"Enviar Correos a M\u00faltiples Destinatarios: CC vs CCO Explicado\" class=\"read-more button\" href=\"https:\/\/serversmtp.com\/es\/enviar-correos-a-multiples-destinatarios-cc-vs-cco-explicado\/#more-22815\" aria-label=\"Leer m\u00e1s sobre Enviar Correos a M\u00faltiples Destinatarios: CC vs CCO Explicado\">Discover more<\/a><\/p>\n","protected":false},"author":8,"featured_media":0,"parent":0,"menu_order":0,"comment_status":"closed","ping_status":"closed","template":"","meta":{"_eb_attr":"","inline_featured_image":false,"_monsterinsights_skip_tracking":false,"_monsterinsights_sitenote_active":false,"_monsterinsights_sitenote_note":"","_monsterinsights_sitenote_category":0,"footnotes":""},"class_list":["post-22815","page","type-page","status-publish"],"yoast_head":"<!-- This site is optimized with the Yoast SEO plugin v25.3.1 - https:\/\/yoast.com\/wordpress\/plugins\/seo\/ -->\n<title>CC vs CCO: C\u00f3mo Enviar Correos M\u00faltiples de Forma Segura<\/title>\n<meta name=\"description\" content=\"Qu\u00e9 Significan CC y CCO en un Correo Electr\u00f3nico. C\u00f3mo Enviar Correos a Varios Destinatarios Sin Exponer Direcciones. C\u00f3mo Mejorar la Entregabilidad.\" \/>\n<meta name=\"robots\" content=\"index, follow, max-snippet:-1, max-image-preview:large, max-video-preview:-1\" \/>\n<link rel=\"canonical\" href=\"https:\/\/serversmtp.com\/es\/enviar-correos-a-multiples-destinatarios-cc-vs-cco-explicado\/\" \/>\n<meta name=\"twitter:label1\" content=\"Tiempo de lectura\" \/>\n\t<meta name=\"twitter:data1\" content=\"4 minutos\" \/>\n<!-- \/ Yoast SEO plugin. -->","yoast_head_json":{"title":"CC vs CCO: C\u00f3mo Enviar Correos M\u00faltiples de Forma Segura","description":"Qu\u00e9 Significan CC y CCO en un Correo Electr\u00f3nico. C\u00f3mo Enviar Correos a Varios Destinatarios Sin Exponer Direcciones. C\u00f3mo Mejorar la Entregabilidad.","robots":{"index":"index","follow":"follow","max-snippet":"max-snippet:-1","max-image-preview":"max-image-preview:large","max-video-preview":"max-video-preview:-1"},"canonical":"https:\/\/serversmtp.com\/es\/enviar-correos-a-multiples-destinatarios-cc-vs-cco-explicado\/","twitter_misc":{"Tiempo de lectura":"4 minutos"},"schema":{"@context":"https:\/\/schema.org","@graph":[{"@type":"WebPage","@id":"https:\/\/serversmtp.com\/es\/enviar-correos-a-multiples-destinatarios-cc-vs-cco-explicado\/","url":"https:\/\/serversmtp.com\/es\/enviar-correos-a-multiples-destinatarios-cc-vs-cco-explicado\/","name":"CC vs CCO: C\u00f3mo Enviar Correos M\u00faltiples de Forma Segura","isPartOf":{"@id":"https:\/\/serversmtp.com\/sv\/#website"},"datePublished":"2025-12-01T09:08:43+00:00","dateModified":"2025-12-01T09:09:33+00:00","description":"Qu\u00e9 Significan CC y CCO en un Correo Electr\u00f3nico. C\u00f3mo Enviar Correos a Varios Destinatarios Sin Exponer Direcciones. C\u00f3mo Mejorar la Entregabilidad.","breadcrumb":{"@id":"https:\/\/serversmtp.com\/es\/enviar-correos-a-multiples-destinatarios-cc-vs-cco-explicado\/#breadcrumb"},"inLanguage":"es","potentialAction":[{"@type":"ReadAction","target":["https:\/\/serversmtp.com\/es\/enviar-correos-a-multiples-destinatarios-cc-vs-cco-explicado\/"]}]},{"@type":"BreadcrumbList","@id":"https:\/\/serversmtp.com\/es\/enviar-correos-a-multiples-destinatarios-cc-vs-cco-explicado\/#breadcrumb","itemListElement":[{"@type":"ListItem","position":1,"name":"Home","item":"https:\/\/serversmtp.com\/es\/"},{"@type":"ListItem","position":2,"name":"Enviar Correos a M\u00faltiples Destinatarios: CC vs CCO Explicado"}]},{"@type":"WebSite","@id":"https:\/\/serversmtp.com\/sv\/#website","url":"https:\/\/serversmtp.com\/sv\/","name":"smtp mail server - professional SMTP service provider","description":"smtp mail server - professional SMTP service provider","publisher":{"@id":"https:\/\/serversmtp.com\/sv\/#organization"},"potentialAction":[{"@type":"SearchAction","target":{"@type":"EntryPoint","urlTemplate":"https:\/\/serversmtp.com\/sv\/?s={search_term_string}"},"query-input":{"@type":"PropertyValueSpecification","valueRequired":true,"valueName":"search_term_string"}}],"inLanguage":"es"},{"@type":"Organization","@id":"https:\/\/serversmtp.com\/sv\/#organization","name":"Delivery Tech","url":"https:\/\/serversmtp.com\/sv\/","logo":{"@type":"ImageObject","inLanguage":"es","@id":"https:\/\/serversmtp.com\/sv\/#\/schema\/logo\/image\/","url":"https:\/\/serversmtp.com\/wp-content\/uploads\/2021\/11\/og-image-2.jpg","contentUrl":"https:\/\/serversmtp.com\/wp-content\/uploads\/2021\/11\/og-image-2.jpg","width":1200,"height":1128,"caption":"Delivery Tech"},"image":{"@id":"https:\/\/serversmtp.com\/sv\/#\/schema\/logo\/image\/"}}]}},"_links":{"self":[{"href":"https:\/\/serversmtp.com\/es\/wp-json\/wp\/v2\/pages\/22815"}],"collection":[{"href":"https:\/\/serversmtp.com\/es\/wp-json\/wp\/v2\/pages"}],"about":[{"href":"https:\/\/serversmtp.com\/es\/wp-json\/wp\/v2\/types\/page"}],"author":[{"embeddable":true,"href":"https:\/\/serversmtp.com\/es\/wp-json\/wp\/v2\/users\/8"}],"replies":[{"embeddable":true,"href":"https:\/\/serversmtp.com\/es\/wp-json\/wp\/v2\/comments?post=22815"}],"version-history":[{"count":3,"href":"https:\/\/serversmtp.com\/es\/wp-json\/wp\/v2\/pages\/22815\/revisions"}],"predecessor-version":[{"id":22819,"href":"https:\/\/serversmtp.com\/es\/wp-json\/wp\/v2\/pages\/22815\/revisions\/22819"}],"wp:attachment":[{"href":"https:\/\/serversmtp.com\/es\/wp-json\/wp\/v2\/media?parent=22815"}],"curies":[{"name":"wp","href":"https:\/\/api.w.org\/{rel}","templated":true}]}}