{"id":21882,"date":"2025-09-26T10:45:41","date_gmt":"2025-09-26T08:45:41","guid":{"rendered":"https:\/\/serversmtp.com\/?page_id=21882"},"modified":"2025-09-26T10:45:42","modified_gmt":"2025-09-26T08:45:42","slug":"que-son-las-api-key-y-como-crearlas-con-turbosmtp-una-guia-completa","status":"publish","type":"page","link":"https:\/\/serversmtp.com\/es\/que-son-las-api-key-y-como-crearlas-con-turbosmtp-una-guia-completa\/","title":{"rendered":"Qu\u00e9 son las API Key y c\u00f3mo crearlas con turboSMTP: una gu\u00eda completa"},"content":{"rendered":"\n<style>\nul.spaced-list li, ol.spaced-list li {\n    margin-bottom: 15px;\n}\n<\/style>\n\n\n<div class=\"gb-container gb-container-8323879a\">\n\n<h2 class=\"gb-headline gb-headline-58ab15be gb-headline-text\">\u00bfQu\u00e9 son las API Key?<\/h2>\n\n\n\n<p>Las API Key son c\u00f3digos \u00fanicos que permiten a las aplicaciones conectarse de manera segura a las API de turboSMTP y enviar correos electr\u00f3nicos sin riesgos.<\/p>\n\n\n\n<p>Cada clave se compone de dos partes:<\/p>\n\n\n\n<ul class=\"wp-block-list spaced-list\">\n<li><strong>Consumer Key<\/strong>, que identifica tu aplicaci\u00f3n y funciona como nombre de usuario.<\/li>\n\n\n\n<li><strong>Consumer Secret<\/strong>, un c\u00f3digo privado que demuestra que tu aplicaci\u00f3n est\u00e1 autorizada a usar turboSMTP. Funcionar\u00e1 como contrase\u00f1a.<\/li>\n<\/ul>\n\n\n\n<p>Estas claves permiten que tus aplicaciones accedan de forma segura a los servicios de turboSMTP.<\/p>\n\n<\/div>\n\n<div class=\"gb-container gb-container-d231ade8\">\n\n<h2 class=\"gb-headline gb-headline-8c674d5e gb-headline-text\">\u00bfPor qu\u00e9 usar las API Key?<\/h2>\n\n\n\n<p>Las API Key <strong>protegen tus aplicaciones<\/strong> cuando se conectan a turboSMTP y son necesarias para enviar correos electr\u00f3nicos a trav\u00e9s de sus servidores SMTP de forma segura.<\/p>\n\n\n\n<p>A diferencia de los nombres de usuario y contrase\u00f1as tradicionales, las API Key son largas, \u00fanicas y dif\u00edciles de adivinar.<\/p>\n\n\n\n<p>Adem\u00e1s, <strong>tienes control total<\/strong>: puedes crear nuevas claves cuando quieras y revocarlas inmediatamente si crees que han sido comprometidas o ya no son necesarias.<\/p>\n\n<\/div>\n\n<div class=\"gb-container gb-container-a84b044f\">\n\n<h2 class=\"gb-headline gb-headline-b211478c gb-headline-text\">Principales ventajas de usar API Key con turboSMTP.<\/h2>\n\n\n\n<ul class=\"wp-block-list spaced-list\">\n<li><strong>Seguridad avanzada:<\/strong> las API Key aseguran que solo las aplicaciones autorizadas puedan conectarse, reduciendo el riesgo de accesos no autorizados.<\/li>\n\n\n\n<li><strong>Facilidad de uso:<\/strong> una vez generada, una API Key puede integrarse f\u00e1cilmente en tus aplicaciones, simplificando el proceso de conexi\u00f3n.<\/li>\n\n\n\n<li><strong>Control completo:<\/strong> puedes revocar o regenerar las API Key en cualquier momento, decidiendo qu\u00e9 aplicaciones pueden acceder a tus servicios de turboSMTP.<\/li>\n\n\n\n<li><strong>Escalabilidad:<\/strong> ya sea que env\u00edes pocos correos o gestiones campa\u00f1as a gran escala, las API Key permiten integrar turboSMTP sin problemas en tu flujo de trabajo.<\/li>\n<\/ul>\n\n\n\n<p>Las API Key son esenciales no solo para automatizar el env\u00edo de correos y gestionar grandes campa\u00f1as, sino tambi\u00e9n para conectar de forma segura tus aplicaciones a los servidores SMTP de turboSMTP.<\/p>\n\n<\/div>\n\n<div class=\"gb-container gb-container-f8145cd5\" id=\"how-to\">\n\n<h2 class=\"gb-headline gb-headline-bf278317 gb-headline-text\">How to generate API Keys in turboSMTP.<\/h2>\n\n\n\n<p>Esta gu\u00eda muestra c\u00f3mo crear <strong>API Key<\/strong> directamente desde el panel de control de turboSMTP. Sigue estos pasos para generar r\u00e1pidamente tus claves y empezar a usarlas de manera segura en tus aplicaciones.<\/p>\n\n\n\n<ol class=\"wp-block-list spaced-list\">\n<li>Accede al panel de control de turboSMTP y selecciona la opci\u00f3n <em>Configuraci\u00f3nes<\/em> en el men\u00fa principal a la izquierda.<\/li>\n\n\n\n<li>Selecciona la pesta\u00f1a <em>Integraciones<\/em> y, en el bloque <em>Claves API<\/em>, haz clic en el bot\u00f3n <em>Editar<\/em>.<\/li>\n<\/ol>\n\n\n\n<figure class=\"gb-block-image gb-block-image-b3899653\"><a href=\"https:\/\/serversmtp.com\/wp-content\/uploads\/2025\/09\/como-generar-las-api-key-en-turbosmtp-1.jpg\"><img decoding=\"async\" width=\"1400\" height=\"631\" class=\"gb-image gb-image-b3899653\" src=\"https:\/\/serversmtp.com\/wp-content\/uploads\/2025\/09\/como-generar-las-api-key-en-turbosmtp-1.jpg\" alt=\"C\u00f3mo generar las API Key en turboSMTP\" title=\"C\u00f3mo generar las API Key en turboSMTP\" srcset=\"https:\/\/serversmtp.com\/wp-content\/uploads\/2025\/09\/como-generar-las-api-key-en-turbosmtp-1.jpg 1400w, https:\/\/serversmtp.com\/wp-content\/uploads\/2025\/09\/como-generar-las-api-key-en-turbosmtp-1-300x135.jpg 300w, https:\/\/serversmtp.com\/wp-content\/uploads\/2025\/09\/como-generar-las-api-key-en-turbosmtp-1-1024x462.jpg 1024w, https:\/\/serversmtp.com\/wp-content\/uploads\/2025\/09\/como-generar-las-api-key-en-turbosmtp-1-768x346.jpg 768w\" sizes=\"(max-width: 1400px) 100vw, 1400px\" \/><\/a><\/figure>\n\n\n\n<ol start=\"3\" class=\"wp-block-list\">\n<li>Haz clic en el bot\u00f3n <em>Crear clave API<\/em>.<\/li>\n<\/ol>\n\n\n\n<figure class=\"gb-block-image gb-block-image-1a9a4a6e\"><a href=\"https:\/\/serversmtp.com\/wp-content\/uploads\/2025\/09\/como-generar-las-api-key-en-turbosmtp-2.jpg\"><img decoding=\"async\" width=\"1400\" height=\"631\" class=\"gb-image gb-image-1a9a4a6e\" src=\"https:\/\/serversmtp.com\/wp-content\/uploads\/2025\/09\/como-generar-las-api-key-en-turbosmtp-2.jpg\" alt=\"C\u00f3mo generar las API Key en turboSMTP\" title=\"C\u00f3mo generar las API Key en turboSMTP\" srcset=\"https:\/\/serversmtp.com\/wp-content\/uploads\/2025\/09\/como-generar-las-api-key-en-turbosmtp-2.jpg 1400w, https:\/\/serversmtp.com\/wp-content\/uploads\/2025\/09\/como-generar-las-api-key-en-turbosmtp-2-300x135.jpg 300w, https:\/\/serversmtp.com\/wp-content\/uploads\/2025\/09\/como-generar-las-api-key-en-turbosmtp-2-1024x462.jpg 1024w, https:\/\/serversmtp.com\/wp-content\/uploads\/2025\/09\/como-generar-las-api-key-en-turbosmtp-2-768x346.jpg 768w\" sizes=\"(max-width: 1400px) 100vw, 1400px\" \/><\/a><\/figure>\n\n\n\n<ol start=\"4\" class=\"wp-block-list spaced-list\">\n<li>Ingresa el nombre de tu API Key en el campo correspondiente (este nombre sirve solo como referencia interna en el panel de turboSMTP). Luego, elige qu\u00e9 servicios podr\u00e1 usar la API (Env\u00edo SMTP, Env\u00edo HTTP API, Estad\u00edsticas y API de gesti\u00f3n). Si deseas, puedes limitar el acceso a IP espec\u00edficas.<\/li>\n\n\n\n<li>Haz clic en el bot\u00f3n <em>Generar clave API<\/em> en la parte inferior derecha.<\/li>\n<\/ol>\n\n\n\n<figure class=\"gb-block-image gb-block-image-e7b296a2\"><a href=\"https:\/\/serversmtp.com\/wp-content\/uploads\/2025\/09\/como-generar-las-api-key-en-turbosmtp-3.jpg\"><img decoding=\"async\" width=\"1400\" height=\"631\" class=\"gb-image gb-image-e7b296a2\" src=\"https:\/\/serversmtp.com\/wp-content\/uploads\/2025\/09\/como-generar-las-api-key-en-turbosmtp-3.jpg\" alt=\"C\u00f3mo generar las API Key en turboSMTP\" title=\"C\u00f3mo generar las API Key en turboSMTP\" srcset=\"https:\/\/serversmtp.com\/wp-content\/uploads\/2025\/09\/como-generar-las-api-key-en-turbosmtp-3.jpg 1400w, https:\/\/serversmtp.com\/wp-content\/uploads\/2025\/09\/como-generar-las-api-key-en-turbosmtp-3-300x135.jpg 300w, https:\/\/serversmtp.com\/wp-content\/uploads\/2025\/09\/como-generar-las-api-key-en-turbosmtp-3-1024x462.jpg 1024w, https:\/\/serversmtp.com\/wp-content\/uploads\/2025\/09\/como-generar-las-api-key-en-turbosmtp-3-768x346.jpg 768w\" sizes=\"(max-width: 1400px) 100vw, 1400px\" \/><\/a><\/figure>\n\n\n\n<ol start=\"6\" class=\"wp-block-list\">\n<li>En la pantalla de confirmaci\u00f3n, ver\u00e1s los detalles de la nueva API Key. Adem\u00e1s del nombre, podr\u00e1s visualizar y copiar la <em>Consumer Key<\/em> y el <em>Consumer Secret<\/em>.<\/li>\n<\/ol>\n\n\n\n<figure class=\"gb-block-image gb-block-image-2be52735\"><a href=\"https:\/\/serversmtp.com\/wp-content\/uploads\/2025\/09\/como-generar-las-api-key-en-turbosmtp-4.jpg\"><img decoding=\"async\" width=\"1400\" height=\"631\" class=\"gb-image gb-image-2be52735\" src=\"https:\/\/serversmtp.com\/wp-content\/uploads\/2025\/09\/como-generar-las-api-key-en-turbosmtp-4.jpg\" alt=\"C\u00f3mo generar las API Key en turboSMTP\" title=\"C\u00f3mo generar las API Key en turboSMTP\" srcset=\"https:\/\/serversmtp.com\/wp-content\/uploads\/2025\/09\/como-generar-las-api-key-en-turbosmtp-4.jpg 1400w, https:\/\/serversmtp.com\/wp-content\/uploads\/2025\/09\/como-generar-las-api-key-en-turbosmtp-4-300x135.jpg 300w, https:\/\/serversmtp.com\/wp-content\/uploads\/2025\/09\/como-generar-las-api-key-en-turbosmtp-4-1024x462.jpg 1024w, https:\/\/serversmtp.com\/wp-content\/uploads\/2025\/09\/como-generar-las-api-key-en-turbosmtp-4-768x346.jpg 768w\" sizes=\"(max-width: 1400px) 100vw, 1400px\" \/><\/a><\/figure>\n\n\n<div class=\"gb-container gb-container-9669a6ee\">\n\n<h4 class=\"gb-headline gb-headline-7c4f4fca\"><span class=\"gb-icon\"><svg viewBox=\"0 0 512 512\" xmlns=\"http:\/\/www.w3.org\/2000\/svg\"><path d=\"M256 512a256 256 0 1 0 0-512 256 256 0 1 0 0 512zm-40-176h24v-64h-24c-13.3 0-24-10.7-24-24s10.7-24 24-24h48c13.3 0 24 10.7 24 24v88h8c13.3 0 24 10.7 24 24s-10.7 24-24 24h-80c-13.3 0-24-10.7-24-24s10.7-24 24-24zm40-208a32 32 0 1 1 0 64 32 32 0 1 1 0-64z\"><\/path><\/svg><\/span><span class=\"gb-headline-text\">Nota<\/span><\/h4>\n\n\n\n<p>El <em>Consumer Secret<\/em> solo se muestra en esta pantalla y no puede recuperarse posteriormente.<\/p>\n\n<\/div>\n\n\n<ol start=\"7\" class=\"wp-block-list\">\n<li>Haz clic en el bot\u00f3n <em>Ok<\/em> en la parte inferior derecha para volver a la lista de API Key. All\u00ed podr\u00e1s visualizar las claves generadas, copiar la <em>Consumer Key<\/em> o eliminar una API Key.<\/li>\n<\/ol>\n\n\n\n<figure class=\"gb-block-image gb-block-image-89765740\"><a href=\"https:\/\/serversmtp.com\/wp-content\/uploads\/2025\/09\/como-generar-las-api-key-en-turbosmtp-5.jpg\"><img decoding=\"async\" width=\"1400\" height=\"631\" class=\"gb-image gb-image-89765740\" src=\"https:\/\/serversmtp.com\/wp-content\/uploads\/2025\/09\/como-generar-las-api-key-en-turbosmtp-5.jpg\" alt=\"C\u00f3mo generar las API Key en turboSMTP\" title=\"C\u00f3mo generar las API Key en turboSMTP\" srcset=\"https:\/\/serversmtp.com\/wp-content\/uploads\/2025\/09\/como-generar-las-api-key-en-turbosmtp-5.jpg 1400w, https:\/\/serversmtp.com\/wp-content\/uploads\/2025\/09\/como-generar-las-api-key-en-turbosmtp-5-300x135.jpg 300w, https:\/\/serversmtp.com\/wp-content\/uploads\/2025\/09\/como-generar-las-api-key-en-turbosmtp-5-1024x462.jpg 1024w, https:\/\/serversmtp.com\/wp-content\/uploads\/2025\/09\/como-generar-las-api-key-en-turbosmtp-5-768x346.jpg 768w\" sizes=\"(max-width: 1400px) 100vw, 1400px\" \/><\/a><\/figure>\n\n\n<div class=\"gb-container gb-container-0253f380\">\n\n<h3 class=\"gb-headline gb-headline-9587a898 gb-headline-text\"><strong>\ud83d\udccc&nbsp;Acceso al panel de<\/strong><br><strong>control por primera vez.<\/strong><\/h3>\n\n\n\n<p class=\"has-text-align-center\">En el primer inicio de sesi\u00f3n como nuevo cliente de turboSMTP, aparecer\u00e1 un popup invit\u00e1ndote a crear tus primeras API Key. Este paso es <strong>necesario para enviar correos de forma segura mediante SMTP<\/strong>.<\/p>\n\n\n\n<p class=\"has-text-align-center\">Solo haz clic en el bot\u00f3n <em>Generar clave API<\/em> para crear las claves de inmediato.<\/p>\n\n\n\n<figure class=\"gb-block-image gb-block-image-ad051efc\"><a href=\"https:\/\/serversmtp.com\/wp-content\/uploads\/2025\/09\/como-generar-las-api-key-en-turbosmtp-6.jpg\"><img decoding=\"async\" width=\"950\" height=\"496\" class=\"gb-image gb-image-ad051efc API keys first-time dashboard access\" id=\"API-keys-first-time-dashboard-access\" src=\"https:\/\/serversmtp.com\/wp-content\/uploads\/2025\/09\/como-generar-las-api-key-en-turbosmtp-6.jpg\" alt=\"C\u00f3mo generar las API Key en turboSMTP\" title=\"C\u00f3mo generar las API Key en turboSMTP\" srcset=\"https:\/\/serversmtp.com\/wp-content\/uploads\/2025\/09\/como-generar-las-api-key-en-turbosmtp-6.jpg 950w, https:\/\/serversmtp.com\/wp-content\/uploads\/2025\/09\/como-generar-las-api-key-en-turbosmtp-6-300x157.jpg 300w, https:\/\/serversmtp.com\/wp-content\/uploads\/2025\/09\/como-generar-las-api-key-en-turbosmtp-6-768x401.jpg 768w\" sizes=\"(max-width: 950px) 100vw, 950px\" \/><\/a><\/figure>\n\n<\/div>\n<\/div>","protected":false},"excerpt":{"rendered":"<p>\u00bfQu\u00e9 son las API Key? Las API Key son c\u00f3digos \u00fanicos que permiten a las aplicaciones conectarse de manera segura a las API de turboSMTP y enviar correos electr\u00f3nicos sin riesgos. Cada clave se compone de dos partes: Estas claves permiten que tus aplicaciones accedan de forma segura a los servicios de turboSMTP. \u00bfPor qu\u00e9 &#8230; <\/p>\n<p class=\"read-more-container\"><a title=\"Qu\u00e9 son las API Key y c\u00f3mo crearlas con turboSMTP: una gu\u00eda completa\" class=\"read-more button\" href=\"https:\/\/serversmtp.com\/es\/que-son-las-api-key-y-como-crearlas-con-turbosmtp-una-guia-completa\/#more-21882\" aria-label=\"Leer m\u00e1s sobre Qu\u00e9 son las API Key y c\u00f3mo crearlas con turboSMTP: una gu\u00eda completa\">Discover more<\/a><\/p>\n","protected":false},"author":8,"featured_media":0,"parent":0,"menu_order":0,"comment_status":"closed","ping_status":"closed","template":"","meta":{"_eb_attr":"","inline_featured_image":false,"_monsterinsights_skip_tracking":false,"_monsterinsights_sitenote_active":false,"_monsterinsights_sitenote_note":"","_monsterinsights_sitenote_category":0,"footnotes":""},"class_list":["post-21882","page","type-page","status-publish"],"yoast_head":"<!-- This site is optimized with the Yoast SEO plugin v25.3.1 - https:\/\/yoast.com\/wordpress\/plugins\/seo\/ -->\n<title>Qu\u00e9 son las API Key y c\u00f3mo crearlas con turboSMTP: gu\u00eda completa<\/title>\n<meta name=\"description\" content=\"C\u00f3mo crear y gestionar de manera segura las API Key en turboSMTP. Sigue esta gu\u00eda paso a paso para integrar tus aplicaciones sin problemas\" \/>\n<meta name=\"robots\" content=\"index, follow, max-snippet:-1, max-image-preview:large, max-video-preview:-1\" \/>\n<link rel=\"canonical\" href=\"https:\/\/serversmtp.com\/es\/que-son-las-api-key-y-como-crearlas-con-turbosmtp-una-guia-completa\/\" \/>\n<meta name=\"twitter:label1\" content=\"Tiempo de lectura\" \/>\n\t<meta name=\"twitter:data1\" content=\"4 minutos\" \/>\n<!-- \/ Yoast SEO plugin. -->","yoast_head_json":{"title":"Qu\u00e9 son las API Key y c\u00f3mo crearlas con turboSMTP: gu\u00eda completa","description":"C\u00f3mo crear y gestionar de manera segura las API Key en turboSMTP. Sigue esta gu\u00eda paso a paso para integrar tus aplicaciones sin problemas","robots":{"index":"index","follow":"follow","max-snippet":"max-snippet:-1","max-image-preview":"max-image-preview:large","max-video-preview":"max-video-preview:-1"},"canonical":"https:\/\/serversmtp.com\/es\/que-son-las-api-key-y-como-crearlas-con-turbosmtp-una-guia-completa\/","twitter_misc":{"Tiempo de lectura":"4 minutos"},"schema":{"@context":"https:\/\/schema.org","@graph":[{"@type":"WebPage","@id":"https:\/\/serversmtp.com\/es\/que-son-las-api-key-y-como-crearlas-con-turbosmtp-una-guia-completa\/","url":"https:\/\/serversmtp.com\/es\/que-son-las-api-key-y-como-crearlas-con-turbosmtp-una-guia-completa\/","name":"Qu\u00e9 son las API Key y c\u00f3mo crearlas con turboSMTP: gu\u00eda completa","isPartOf":{"@id":"https:\/\/serversmtp.com\/de\/#website"},"primaryImageOfPage":{"@id":"https:\/\/serversmtp.com\/es\/que-son-las-api-key-y-como-crearlas-con-turbosmtp-una-guia-completa\/#primaryimage"},"image":{"@id":"https:\/\/serversmtp.com\/es\/que-son-las-api-key-y-como-crearlas-con-turbosmtp-una-guia-completa\/#primaryimage"},"thumbnailUrl":"https:\/\/serversmtp.com\/wp-content\/uploads\/2025\/09\/como-generar-las-api-key-en-turbosmtp-1.jpg","datePublished":"2025-09-26T08:45:41+00:00","dateModified":"2025-09-26T08:45:42+00:00","description":"C\u00f3mo crear y gestionar de manera segura las API Key en turboSMTP. Sigue esta gu\u00eda paso a paso para integrar tus aplicaciones sin problemas","breadcrumb":{"@id":"https:\/\/serversmtp.com\/es\/que-son-las-api-key-y-como-crearlas-con-turbosmtp-una-guia-completa\/#breadcrumb"},"inLanguage":"es","potentialAction":[{"@type":"ReadAction","target":["https:\/\/serversmtp.com\/es\/que-son-las-api-key-y-como-crearlas-con-turbosmtp-una-guia-completa\/"]}]},{"@type":"ImageObject","inLanguage":"es","@id":"https:\/\/serversmtp.com\/es\/que-son-las-api-key-y-como-crearlas-con-turbosmtp-una-guia-completa\/#primaryimage","url":"https:\/\/serversmtp.com\/wp-content\/uploads\/2025\/09\/como-generar-las-api-key-en-turbosmtp-1.jpg","contentUrl":"https:\/\/serversmtp.com\/wp-content\/uploads\/2025\/09\/como-generar-las-api-key-en-turbosmtp-1.jpg"},{"@type":"BreadcrumbList","@id":"https:\/\/serversmtp.com\/es\/que-son-las-api-key-y-como-crearlas-con-turbosmtp-una-guia-completa\/#breadcrumb","itemListElement":[{"@type":"ListItem","position":1,"name":"Home","item":"https:\/\/serversmtp.com\/es\/"},{"@type":"ListItem","position":2,"name":"Qu\u00e9 son las API Key y c\u00f3mo crearlas con turboSMTP: una gu\u00eda completa"}]},{"@type":"WebSite","@id":"https:\/\/serversmtp.com\/de\/#website","url":"https:\/\/serversmtp.com\/de\/","name":"smtp mail server - professional SMTP service provider","description":"smtp mail server - professional SMTP service provider","publisher":{"@id":"https:\/\/serversmtp.com\/de\/#organization"},"potentialAction":[{"@type":"SearchAction","target":{"@type":"EntryPoint","urlTemplate":"https:\/\/serversmtp.com\/de\/?s={search_term_string}"},"query-input":{"@type":"PropertyValueSpecification","valueRequired":true,"valueName":"search_term_string"}}],"inLanguage":"es"},{"@type":"Organization","@id":"https:\/\/serversmtp.com\/de\/#organization","name":"Delivery Tech","url":"https:\/\/serversmtp.com\/de\/","logo":{"@type":"ImageObject","inLanguage":"es","@id":"https:\/\/serversmtp.com\/de\/#\/schema\/logo\/image\/","url":"https:\/\/serversmtp.com\/wp-content\/uploads\/2021\/11\/og-image-2.jpg","contentUrl":"https:\/\/serversmtp.com\/wp-content\/uploads\/2021\/11\/og-image-2.jpg","width":1200,"height":1128,"caption":"Delivery Tech"},"image":{"@id":"https:\/\/serversmtp.com\/de\/#\/schema\/logo\/image\/"}}]}},"_links":{"self":[{"href":"https:\/\/serversmtp.com\/es\/wp-json\/wp\/v2\/pages\/21882"}],"collection":[{"href":"https:\/\/serversmtp.com\/es\/wp-json\/wp\/v2\/pages"}],"about":[{"href":"https:\/\/serversmtp.com\/es\/wp-json\/wp\/v2\/types\/page"}],"author":[{"embeddable":true,"href":"https:\/\/serversmtp.com\/es\/wp-json\/wp\/v2\/users\/8"}],"replies":[{"embeddable":true,"href":"https:\/\/serversmtp.com\/es\/wp-json\/wp\/v2\/comments?post=21882"}],"version-history":[{"count":4,"href":"https:\/\/serversmtp.com\/es\/wp-json\/wp\/v2\/pages\/21882\/revisions"}],"predecessor-version":[{"id":21967,"href":"https:\/\/serversmtp.com\/es\/wp-json\/wp\/v2\/pages\/21882\/revisions\/21967"}],"wp:attachment":[{"href":"https:\/\/serversmtp.com\/es\/wp-json\/wp\/v2\/media?parent=21882"}],"curies":[{"name":"wp","href":"https:\/\/api.w.org\/{rel}","templated":true}]}}