{"id":20980,"date":"2024-11-08T14:45:46","date_gmt":"2024-11-08T13:45:46","guid":{"rendered":"https:\/\/serversmtp.com\/?page_id=20980"},"modified":"2024-11-08T14:45:47","modified_gmt":"2024-11-08T13:45:47","slug":"mejora-tu-deliverability-con-el-validador-de-email-de-turbosmtp","status":"publish","type":"page","link":"https:\/\/serversmtp.com\/es\/mejora-tu-deliverability-con-el-validador-de-email-de-turbosmtp\/","title":{"rendered":"Mejora tu deliverability con el validador de email de TurboSMTP"},"content":{"rendered":"\n<style>\r\n.info-label {\r\n    position: absolute;\r\n    right: 0;\r\n    top: 0;\r\n}\r\nol.spaced-list li, ul.spaced-list li {\r\n    margin-bottom: 15px;\r\n}\r\n.saswp-faq-block-section ol {\r\n    margin-left: 0px;\r\n}\r\n.saswp-faq-block-section ol li {\r\n    border-bottom: dotted 2px #ccc;\r\n    margin-bottom: 46px;\r\n    padding-bottom: 20px;\r\n}\r\n.saswp-faq-block-section ol li:last-child {\r\n    border-bottom: none;\r\n    margin-bottom: 26px;\r\n}\r\n<\/style>\n\n\n<div class=\"gb-container gb-container-c2369287\" id=\"introduction\">\n\n<h2 class=\"gb-headline gb-headline-c6d0a555 gb-headline-text\"><em>Detecta direcciones de correo no v\u00e1lidas, spamtrap y correos electr\u00f3nicos peligrosos antes de que da\u00f1en tus campa\u00f1as.<\/em><\/h2>\n\n\n\n<p>Con el validador de email de TurboSMTP, accesible para todos los planes, puedes verificar la validez de los contactos de tu lista antes de enviar una campa\u00f1a, identificando correos electr\u00f3nicos potencialmente peligrosos o inexistentes.<\/p>\n\n\n\n<p>\u00a1Y para los planes <em>Professional<\/em> y <em>Enterprise<\/em>, tienes <strong>incluidas 3.000 validaciones al mes<\/strong> en tu suscripci\u00f3n!<\/p>\n\n\n\n<a class=\"gb-button gb-button-e42a2b01 gb-button-text\" href=\"https:\/\/serversmtp.com\/it\/cart.php?systpl=2clic&amp;carttpl=2clic&amp;currency=3\" target=\"_blank\" rel=\"nofollow noopener noreferrer\">ELIGE TU PLAN AHORA<\/a>\n\n<\/div>\n\n<div class=\"gb-container gb-container-1fd1eed5\" id=\"chapter-1\">\n\n<h2 class=\"gb-headline gb-headline-b95f2857 gb-headline-text\">Principales ventajas:<\/h2>\n\n\n<div class=\"gb-grid-wrapper gb-grid-wrapper-bc273ab6\">\n<div class=\"gb-grid-column gb-grid-column-ccef9f0c\"><div class=\"gb-container gb-container-ccef9f0c\">\n\n<div class=\"gb-headline gb-headline-e301054f\"><span class=\"gb-icon\"><svg aria-hidden=\"true\" role=\"img\" height=\"1em\" width=\"1em\" viewBox=\"0 0 512 512\" xmlns=\"http:\/\/www.w3.org\/2000\/svg\"><path fill=\"currentColor\" d=\"M173.898 439.404l-166.4-166.4c-9.997-9.997-9.997-26.206 0-36.204l36.203-36.204c9.997-9.998 26.207-9.998 36.204 0L192 312.69 432.095 72.596c9.997-9.997 26.207-9.997 36.204 0l36.203 36.204c9.997 9.997 9.997 26.206 0 36.204l-294.4 294.401c-9.998 9.997-26.207 9.997-36.204-.001z\"><\/path><\/svg><\/span><\/div>\n\n\n\n<h4 class=\"gb-headline gb-headline-d72697e4 gb-headline-text\">Ahorra cr\u00e9ditos<\/h4>\n\n\n\n<p>Evita enviar correos electr\u00f3nicos a direcciones no v\u00e1lidas o peligrosas, preservando tus cr\u00e9ditos de TurboSMTP para contactos reales y activos.<\/p>\n\n<\/div><\/div>\n\n<div class=\"gb-grid-column gb-grid-column-82ca44ca\"><div class=\"gb-container gb-container-82ca44ca\">\n\n<div class=\"gb-headline gb-headline-feae77e7\"><span class=\"gb-icon\"><svg aria-hidden=\"true\" role=\"img\" height=\"1em\" width=\"1em\" viewBox=\"0 0 512 512\" xmlns=\"http:\/\/www.w3.org\/2000\/svg\"><path fill=\"currentColor\" d=\"M173.898 439.404l-166.4-166.4c-9.997-9.997-9.997-26.206 0-36.204l36.203-36.204c9.997-9.998 26.207-9.998 36.204 0L192 312.69 432.095 72.596c9.997-9.997 26.207-9.997 36.204 0l36.203 36.204c9.997 9.997 9.997 26.206 0 36.204l-294.4 294.401c-9.998 9.997-26.207 9.997-36.204-.001z\"><\/path><\/svg><\/span><\/div>\n\n\n\n<h4 class=\"gb-headline gb-headline-e0a771bd gb-headline-text\">Cero riesgos<\/h4>\n\n\n\n<p>Nuestro sistema detecta spamtrap ocultos en tu lista de contactos. Estos pueden perjudicar gravemente tu reputaci\u00f3n de remitente si se activan, provocando bloqueos en listas negras importantes.<\/p>\n\n<\/div><\/div>\n\n<div class=\"gb-grid-column gb-grid-column-5525d97c\"><div class=\"gb-container gb-container-5525d97c\">\n\n<div class=\"gb-headline gb-headline-f762fdf3\"><span class=\"gb-icon\"><svg aria-hidden=\"true\" role=\"img\" height=\"1em\" width=\"1em\" viewBox=\"0 0 512 512\" xmlns=\"http:\/\/www.w3.org\/2000\/svg\"><path fill=\"currentColor\" d=\"M173.898 439.404l-166.4-166.4c-9.997-9.997-9.997-26.206 0-36.204l36.203-36.204c9.997-9.998 26.207-9.998 36.204 0L192 312.69 432.095 72.596c9.997-9.997 26.207-9.997 36.204 0l36.203 36.204c9.997 9.997 9.997 26.206 0 36.204l-294.4 294.401c-9.998 9.997-26.207 9.997-36.204-.001z\"><\/path><\/svg><\/span><\/div>\n\n\n\n<h4 class=\"gb-headline gb-headline-02d6b3c2 gb-headline-text\">Reduce los rebotes<\/h4>\n\n\n\n<p>Mant\u00e9n bajo el porcentaje de rebotes y garantiza altos \u00edndices de entrega, protegiendo tu reputaci\u00f3n y mejorando el rendimiento de tu IP.<\/p>\n\n<\/div><\/div>\n\n<div class=\"gb-grid-column gb-grid-column-933a47e2\"><div class=\"gb-container gb-container-933a47e2\"><\/div><\/div>\n\n<div class=\"gb-grid-column gb-grid-column-d57eaaa5\"><div class=\"gb-container gb-container-d57eaaa5\"><\/div><\/div>\n<\/div>\n<\/div>\n\n<div class=\"gb-container gb-container-89bbfd4c\" id=\"chapter-2\">\n\n<h2 class=\"gb-headline gb-headline-4fbce998 gb-headline-text\">C\u00f3mo funciona el validador de email:<\/h2>\n\n\n\n<figure class=\"gb-block-image gb-block-image-7179aee9\"><a href=\"https:\/\/serversmtp.com\/wp-content\/uploads\/2024\/11\/email-validation-tool.jpg\"><img decoding=\"async\" width=\"1200\" height=\"543\" class=\"gb-image gb-image-7179aee9\" src=\"https:\/\/serversmtp.com\/wp-content\/uploads\/2024\/11\/email-validation-tool.jpg\" alt=\"Mejora tu deliverability con el validador de email de TurboSMTP\" title=\"Mejora tu deliverability con el validador de email de TurboSMTP\" srcset=\"https:\/\/serversmtp.com\/wp-content\/uploads\/2024\/11\/email-validation-tool.jpg 1200w, https:\/\/serversmtp.com\/wp-content\/uploads\/2024\/11\/email-validation-tool-300x136.jpg 300w, https:\/\/serversmtp.com\/wp-content\/uploads\/2024\/11\/email-validation-tool-1024x463.jpg 1024w, https:\/\/serversmtp.com\/wp-content\/uploads\/2024\/11\/email-validation-tool-768x348.jpg 768w\" sizes=\"(max-width: 1200px) 100vw, 1200px\" \/><\/a><\/figure>\n\n\n\n<ol class=\"wp-block-list spaced-list\">\n<li>Haz clic en <em>Addons<\/em> en tu panel de control y selecciona <em>Ir a validador de email<\/em>.<\/li>\n\n\n\n<li>Haz clic en <em>Importar archivo<\/em>, luego elige entre <em>Importar desde un archivo <\/em>(formatos soportados: CSV o TXT) o a\u00f1ade manualmente los contactos.<\/li>\n\n\n\n<li>El sistema procesar\u00e1 la lista y clasificar\u00e1 los correos electr\u00f3nicos en varias categor\u00edas (v\u00e1lidos, no v\u00e1lidos, spamtrap, catch-all, etc.).<\/li>\n\n\n\n<li>Una vez completada la limpieza, descarga tu lista de correos limpia y lista para el env\u00edo.<\/li>\n<\/ol>\n\n\n\n<p><strong>Es importante saber que:<\/strong><\/p>\n\n\n\n<ul class=\"wp-block-list spaced-list\">\n<li>El validador de email est\u00e1 accesible para todos los planes.<\/li>\n\n\n\n<li>Los planes Professional y superiores incluyen 3.000 validaciones mensuales.<\/li>\n\n\n\n<li>El validador de email tiene su propio saldo y sistema de compra de cr\u00e9ditos, separado del saldo y los cr\u00e9ditos de la cuenta TurboSMTP.<\/li>\n\n\n\n<li>Los usuarios pueden validar correos electr\u00f3nicos hasta alcanzar el l\u00edmite m\u00e1ximo permitido por el saldo de cr\u00e9dito.<\/li>\n<\/ul>\n\n<\/div>\n\n<div class=\"gb-container gb-container-35ab5229\" id=\"chapter-3\">\n\n<h2 class=\"gb-headline gb-headline-8a16dc42 gb-headline-text\">Una vez completada la limpieza, los resultados aparecer\u00e1n divididos en categor\u00edas.<\/h2>\n\n\n\n<figure class=\"gb-block-image gb-block-image-797b4f7e\"><a href=\"https:\/\/serversmtp.com\/wp-content\/uploads\/2024\/11\/email-validation-tool-results-1.jpg\"><img decoding=\"async\" width=\"1200\" height=\"543\" class=\"gb-image gb-image-797b4f7e\" src=\"https:\/\/serversmtp.com\/wp-content\/uploads\/2024\/11\/email-validation-tool-results-1.jpg\" alt=\"Mejora tu deliverability con el validador de email de TurboSMTP\" title=\"Mejora tu deliverability con el validador de email de TurboSMTP\" srcset=\"https:\/\/serversmtp.com\/wp-content\/uploads\/2024\/11\/email-validation-tool-results-1.jpg 1200w, https:\/\/serversmtp.com\/wp-content\/uploads\/2024\/11\/email-validation-tool-results-1-300x136.jpg 300w, https:\/\/serversmtp.com\/wp-content\/uploads\/2024\/11\/email-validation-tool-results-1-1024x463.jpg 1024w, https:\/\/serversmtp.com\/wp-content\/uploads\/2024\/11\/email-validation-tool-results-1-768x348.jpg 768w\" sizes=\"(max-width: 1200px) 100vw, 1200px\" \/><\/a><\/figure>\n\n\n\n<p><strong>V\u00e1lidos: <\/strong>direcciones seguras con menos del 2% de riesgo de rebote.<\/p>\n\n\n\n<p><strong>No v\u00e1lidos: <\/strong>direcciones con errores permanentes o inexistentes, que deben ser eliminadas.<\/p>\n\n\n\n<p><strong>Catch-all: <\/strong>direcciones que reciben todos los mensajes enviados a correos electr\u00f3nicos inexistentes, desactivados o mal escritos, pertenecientes a ese dominio.<\/p>\n\n\n\n<p><strong>Spamtrap: <\/strong>direcciones extremadamente peligrosas que pueden perjudicar la reputaci\u00f3n del dominio.<\/p>\n\n\n\n<p><strong>Abuse: <\/strong>usuarios conocidos por marcar correos como spam. Evita enviarles correos para prevenir quejas.<\/p>\n\n\n\n<p><strong>Do not mail: <\/strong>varias direcciones de correos electr\u00f3nicos temporales que pueden causar problemas.<\/p>\n\n\n\n<p><strong>Desconocido: <\/strong>correos electr\u00f3nicos que no pueden ser validados debido a servidores inactivos o filtros anti-spam.<\/p>\n\n\n<div class=\"gb-container gb-container-0018de6e\">\n\n<h4 class=\"gb-headline gb-headline-b9ab5180 gb-headline-text\"><strong>Mantenimiento regular \ud83d\udd27<\/strong><\/h4>\n\n\n\n<p>Para garantizar tasas de entrega \u00f3ptimas, recomendamos validar tus listas de correos electr\u00f3nicos cada 8-12 meses.<br>La validaci\u00f3n regular, combinada con el monitoreo del engagement, te ayudar\u00e1 a mantener una base de contactos activa y saludable, mejorando la efectividad de tus campa\u00f1as.<\/p>\n\n<\/div>\n<\/div>\n\n<div class=\"gb-container gb-container-362b5b33\" id=\"chapter-4\">\n<div class=\"gb-container gb-container-f3ca7447\">\n\n<h3 class=\"gb-headline gb-headline-a9989ce3 gb-headline-text\"><strong>Aumenta tu Deliverability<\/strong><br><strong>con el validador de email<\/strong><\/h3>\n\n\n\n<p class=\"gb-headline gb-headline-d48d7e05 gb-headline-text\"><strong>Optimiza tus campa\u00f1as identificando direcciones no v\u00e1lidas, spamtrap y contactos peligrosos antes de que perjudiquen tu reputaci\u00f3n de remitente.<\/strong><\/p>\n\n\n\n<p class=\"gb-headline gb-headline-67fd3bdf gb-headline-text\">El validador de email integrado en TurboSMTP asegura que tus mensajes lleguen a contactos reales y activos.<\/p>\n\n\n\n<a class=\"gb-button gb-button-2515b465 gb-button-text\" href=\"https:\/\/serversmtp.com\/it\/cart.php?systpl=2clic&amp;carttpl=2clic&amp;currency=3\" target=\"_blank\" rel=\"nofollow noopener noreferrer\">PRU\u00c9BALO AHORA<\/a>\n\n<\/div>\n<\/div>\n\n<div class=\"gb-container gb-container-2a949875\" id=\"chapter-5\">\n\n<h2 class=\"gb-headline gb-headline-3e3295f6 gb-headline-text\">Preguntas Frecuentes sobre la Validaci\u00f3n de Emails.<\/h2>\n\n\n<div class=\"saswp-faq-block-section\"><ol style=\"list-style-type:none\"><li style=\"list-style-type: none\"><h5 class=\"saswp-faq-question-title \">\u00bfQu\u00e9 es el validador de email?<\/h5><p class=\"saswp-faq-answer-text\">El validador de email es una herramienta que te permite comprobar la validez de las direcciones de correo electr\u00f3nico en tu lista. Detecta direcciones no v\u00e1lidas, spamtrap, y correos electr\u00f3nicos peligrosos para mejorar la deliverability de tus campa\u00f1as.<\/p><li style=\"list-style-type: none\"><h5 class=\"saswp-faq-question-title \">\u00bfC\u00f3mo puedo verificar un correo electr\u00f3nico?<\/h5><p class=\"saswp-faq-answer-text\">Para verificar un correo electr\u00f3nico, utiliza un validador de email que puede analizar la validez de la direcci\u00f3n, identificar posibles errores y determinar si el correo electr\u00f3nico es funcional o no.<\/p><li style=\"list-style-type: none\"><h5 class=\"saswp-faq-question-title \">\u00bfC\u00f3mo comprobar si un correo electr\u00f3nico es falso?<\/h5><p class=\"saswp-faq-answer-text\">Para comprobar si un correo electr\u00f3nico es falso, utiliza herramientas de validaci\u00f3n que puedan verificar la autenticidad del correo, identificar si est\u00e1 asociado con spamtrap o si tiene caracter\u00edsticas de phishing.<\/p><li style=\"list-style-type: none\"><h5 class=\"saswp-faq-question-title \">\u00bfQu\u00e9 es una direcci\u00f3n de correo electr\u00f3nico catch-all?<\/h5><p class=\"saswp-faq-answer-text\">Una direcci\u00f3n de correo electr\u00f3nico catch-all es una direcci\u00f3n configurada para recibir todos los correos electr\u00f3nicos enviados a un dominio, incluso si la direcci\u00f3n no existe o est\u00e1 mal escrita.<\/p><li style=\"list-style-type: none\"><h5 class=\"saswp-faq-question-title \">\u00bfC\u00f3mo validar una lista de correos electr\u00f3nicos?<\/h5><p class=\"saswp-faq-answer-text\">Para validar una lista de correos electr\u00f3nicos, usa un validador de email que procese y clasifique las direcciones en categor\u00edas como v\u00e1lidas, no v\u00e1lidas, spamtrap, y catch-all. Esto te ayudar\u00e1 a mantener una lista limpia y eficiente para tus campa\u00f1as de email.<\/p><li style=\"list-style-type: none\"><h5 class=\"saswp-faq-question-title \">\u00bfC\u00f3mo funciona un validador de email?<\/h5><p class=\"saswp-faq-answer-text\">Un validador de email funciona verificando la estructura de la direcci\u00f3n de correo electr\u00f3nico, comprobando la existencia del dominio y realizando pruebas para determinar si el correo electr\u00f3nico est\u00e1 activo y puede recibir mensajes.<\/p><li style=\"list-style-type: none\"><h5 class=\"saswp-faq-question-title \">\u00bfQu\u00e9 hacer si encuentro correos electr\u00f3nicos falsos en mi lista?<\/h5><p class=\"saswp-faq-answer-text\">Si encuentras correos electr\u00f3nicos falsos en tu lista, utilice una herramienta de validaci\u00f3n de email para eliminarlos. Esto mejorar\u00e1 la calidad de tus campa\u00f1as y evitar\u00e1 problemas de reputaci\u00f3n.<\/p><\/ul><\/div>\n<\/div>","protected":false},"excerpt":{"rendered":"<p>Detecta direcciones de correo no v\u00e1lidas, spamtrap y correos electr\u00f3nicos peligrosos antes de que da\u00f1en tus campa\u00f1as. Con el validador de email de TurboSMTP, accesible para todos los planes, puedes verificar la validez de los contactos de tu lista antes de enviar una campa\u00f1a, identificando correos electr\u00f3nicos potencialmente peligrosos o inexistentes. \u00a1Y para los planes &#8230; <\/p>\n<p class=\"read-more-container\"><a title=\"Mejora tu deliverability con el validador de email de TurboSMTP\" class=\"read-more button\" href=\"https:\/\/serversmtp.com\/es\/mejora-tu-deliverability-con-el-validador-de-email-de-turbosmtp\/#more-20980\" aria-label=\"Leer m\u00e1s sobre Mejora tu deliverability con el validador de email de TurboSMTP\">Discover more<\/a><\/p>\n","protected":false},"author":8,"featured_media":0,"parent":0,"menu_order":0,"comment_status":"closed","ping_status":"closed","template":"","meta":{"_eb_attr":"","inline_featured_image":false,"_monsterinsights_skip_tracking":false,"_monsterinsights_sitenote_active":false,"_monsterinsights_sitenote_note":"","_monsterinsights_sitenote_category":0,"footnotes":""},"class_list":["post-20980","page","type-page","status-publish"],"yoast_head":"<!-- This site is optimized with the Yoast SEO plugin v25.3.1 - https:\/\/yoast.com\/wordpress\/plugins\/seo\/ -->\n<title>Mejora tu deliverability con el validador de email de TurboSMTP<\/title>\n<meta name=\"description\" content=\"Verificar si una Direcci\u00f3n de Correo Electr\u00f3nico Existe. Herramienta de Limpieza de Listas para Mailing Lists. Evita Spamtraps y Mejora la Deliverability. &gt;&gt; \u00a1Descubre TurboSMTP!\" \/>\n<meta name=\"robots\" content=\"index, follow, max-snippet:-1, max-image-preview:large, max-video-preview:-1\" \/>\n<link rel=\"canonical\" href=\"https:\/\/serversmtp.com\/es\/mejora-tu-deliverability-con-el-validador-de-email-de-turbosmtp\/\" \/>\n<meta name=\"twitter:label1\" content=\"Tiempo de lectura\" \/>\n\t<meta name=\"twitter:data1\" content=\"3 minutos\" \/>\n<!-- \/ Yoast SEO plugin. -->","yoast_head_json":{"title":"Mejora tu deliverability con el validador de email de TurboSMTP","description":"Verificar si una Direcci\u00f3n de Correo Electr\u00f3nico Existe. Herramienta de Limpieza de Listas para Mailing Lists. Evita Spamtraps y Mejora la Deliverability. >> \u00a1Descubre TurboSMTP!","robots":{"index":"index","follow":"follow","max-snippet":"max-snippet:-1","max-image-preview":"max-image-preview:large","max-video-preview":"max-video-preview:-1"},"canonical":"https:\/\/serversmtp.com\/es\/mejora-tu-deliverability-con-el-validador-de-email-de-turbosmtp\/","twitter_misc":{"Tiempo de lectura":"3 minutos"},"schema":{"@context":"https:\/\/schema.org","@graph":[{"@type":"WebPage","@id":"https:\/\/serversmtp.com\/es\/mejora-tu-deliverability-con-el-validador-de-email-de-turbosmtp\/","url":"https:\/\/serversmtp.com\/es\/mejora-tu-deliverability-con-el-validador-de-email-de-turbosmtp\/","name":"Mejora tu deliverability con el validador de email de TurboSMTP","isPartOf":{"@id":"https:\/\/serversmtp.com\/fr\/#website"},"primaryImageOfPage":{"@id":"https:\/\/serversmtp.com\/es\/mejora-tu-deliverability-con-el-validador-de-email-de-turbosmtp\/#primaryimage"},"image":{"@id":"https:\/\/serversmtp.com\/es\/mejora-tu-deliverability-con-el-validador-de-email-de-turbosmtp\/#primaryimage"},"thumbnailUrl":"https:\/\/serversmtp.com\/wp-content\/uploads\/2024\/11\/email-validation-tool.jpg","datePublished":"2024-11-08T13:45:46+00:00","dateModified":"2024-11-08T13:45:47+00:00","description":"Verificar si una Direcci\u00f3n de Correo Electr\u00f3nico Existe. Herramienta de Limpieza de Listas para Mailing Lists. Evita Spamtraps y Mejora la Deliverability. >> \u00a1Descubre TurboSMTP!","breadcrumb":{"@id":"https:\/\/serversmtp.com\/es\/mejora-tu-deliverability-con-el-validador-de-email-de-turbosmtp\/#breadcrumb"},"inLanguage":"es","potentialAction":[{"@type":"ReadAction","target":["https:\/\/serversmtp.com\/es\/mejora-tu-deliverability-con-el-validador-de-email-de-turbosmtp\/"]}]},{"@type":"ImageObject","inLanguage":"es","@id":"https:\/\/serversmtp.com\/es\/mejora-tu-deliverability-con-el-validador-de-email-de-turbosmtp\/#primaryimage","url":"https:\/\/serversmtp.com\/wp-content\/uploads\/2024\/11\/email-validation-tool.jpg","contentUrl":"https:\/\/serversmtp.com\/wp-content\/uploads\/2024\/11\/email-validation-tool.jpg"},{"@type":"BreadcrumbList","@id":"https:\/\/serversmtp.com\/es\/mejora-tu-deliverability-con-el-validador-de-email-de-turbosmtp\/#breadcrumb","itemListElement":[{"@type":"ListItem","position":1,"name":"Home","item":"https:\/\/serversmtp.com\/es\/"},{"@type":"ListItem","position":2,"name":"Mejora tu deliverability con el validador de email de TurboSMTP"}]},{"@type":"WebSite","@id":"https:\/\/serversmtp.com\/fr\/#website","url":"https:\/\/serversmtp.com\/fr\/","name":"smtp mail server - professional SMTP service provider","description":"smtp mail server - professional SMTP service provider","publisher":{"@id":"https:\/\/serversmtp.com\/fr\/#organization"},"potentialAction":[{"@type":"SearchAction","target":{"@type":"EntryPoint","urlTemplate":"https:\/\/serversmtp.com\/fr\/?s={search_term_string}"},"query-input":{"@type":"PropertyValueSpecification","valueRequired":true,"valueName":"search_term_string"}}],"inLanguage":"es"},{"@type":"Organization","@id":"https:\/\/serversmtp.com\/fr\/#organization","name":"Delivery Tech","url":"https:\/\/serversmtp.com\/fr\/","logo":{"@type":"ImageObject","inLanguage":"es","@id":"https:\/\/serversmtp.com\/fr\/#\/schema\/logo\/image\/","url":"https:\/\/serversmtp.com\/wp-content\/uploads\/2021\/11\/og-image-2.jpg","contentUrl":"https:\/\/serversmtp.com\/wp-content\/uploads\/2021\/11\/og-image-2.jpg","width":1200,"height":1128,"caption":"Delivery Tech"},"image":{"@id":"https:\/\/serversmtp.com\/fr\/#\/schema\/logo\/image\/"}}]}},"_links":{"self":[{"href":"https:\/\/serversmtp.com\/es\/wp-json\/wp\/v2\/pages\/20980"}],"collection":[{"href":"https:\/\/serversmtp.com\/es\/wp-json\/wp\/v2\/pages"}],"about":[{"href":"https:\/\/serversmtp.com\/es\/wp-json\/wp\/v2\/types\/page"}],"author":[{"embeddable":true,"href":"https:\/\/serversmtp.com\/es\/wp-json\/wp\/v2\/users\/8"}],"replies":[{"embeddable":true,"href":"https:\/\/serversmtp.com\/es\/wp-json\/wp\/v2\/comments?post=20980"}],"version-history":[{"count":1,"href":"https:\/\/serversmtp.com\/es\/wp-json\/wp\/v2\/pages\/20980\/revisions"}],"predecessor-version":[{"id":20981,"href":"https:\/\/serversmtp.com\/es\/wp-json\/wp\/v2\/pages\/20980\/revisions\/20981"}],"wp:attachment":[{"href":"https:\/\/serversmtp.com\/es\/wp-json\/wp\/v2\/media?parent=20980"}],"curies":[{"name":"wp","href":"https:\/\/api.w.org\/{rel}","templated":true}]}}