{"id":20888,"date":"2024-10-23T17:34:26","date_gmt":"2024-10-23T15:34:26","guid":{"rendered":"https:\/\/serversmtp.com\/?page_id=20888"},"modified":"2024-10-23T17:39:06","modified_gmt":"2024-10-23T15:39:06","slug":"como-configurar-un-smtp-en-wordpress-y-resolver-problemas-de-entrega-de-correos-electronicos","status":"publish","type":"page","link":"https:\/\/serversmtp.com\/es\/como-configurar-un-smtp-en-wordpress-y-resolver-problemas-de-entrega-de-correos-electronicos\/","title":{"rendered":"Plugin gratuito de WP para SMTP: c\u00f3mo configurar un SMTP en WordPress (y resolver problemas de entrega de correos electr\u00f3nicos)"},"content":{"rendered":"\n<style>\r\n.info-label {\r\n    position: absolute;\r\n    right: 0;\r\n    top: 0;\r\n}\r\nol.spaced-list li, ul.spaced-list li {\r\n    margin-bottom: 15px;\r\n}\r\n.saswp-faq-block-section ol {\r\n    margin-left: 0px;\r\n}\r\n.saswp-faq-block-section ol li {\r\n    border-bottom: dotted 2px #ccc;\r\n    margin-bottom: 46px;\r\n    padding-bottom: 20px;\r\n}\r\n.saswp-faq-block-section ol li:last-child {\r\n    border-bottom: none;\r\n    margin-bottom: 26px;\r\n}\r\n<\/style>\n\n\n<div class=\"gb-container gb-container-86e163db\">\n\n<figure class=\"gb-block-image gb-block-image-9103c934\"><img decoding=\"async\" width=\"1071\" height=\"504\" class=\"gb-image gb-image-9103c934\" src=\"https:\/\/serversmtp.com\/wp-content\/uploads\/2024\/10\/como-configurar-un-smtp-en-wordpress-y-resolver-problemas-de-entrega-de-correos-electronicos.jpg\" alt=\"Configurar SMTP WordPress con el plugin gratuito TurboSMTP\" title=\"Configurar SMTP WordPress con el plugin gratuito TurboSMTP\" srcset=\"https:\/\/serversmtp.com\/wp-content\/uploads\/2024\/10\/como-configurar-un-smtp-en-wordpress-y-resolver-problemas-de-entrega-de-correos-electronicos.jpg 1071w, https:\/\/serversmtp.com\/wp-content\/uploads\/2024\/10\/como-configurar-un-smtp-en-wordpress-y-resolver-problemas-de-entrega-de-correos-electronicos-300x141.jpg 300w, https:\/\/serversmtp.com\/wp-content\/uploads\/2024\/10\/como-configurar-un-smtp-en-wordpress-y-resolver-problemas-de-entrega-de-correos-electronicos-1024x482.jpg 1024w, https:\/\/serversmtp.com\/wp-content\/uploads\/2024\/10\/como-configurar-un-smtp-en-wordpress-y-resolver-problemas-de-entrega-de-correos-electronicos-768x361.jpg 768w\" sizes=\"(max-width: 1071px) 100vw, 1071px\" \/><\/figure>\n\n<\/div>\n\n<div class=\"gb-container gb-container-c2369287\" id=\"introduction\">\n\n<h2 class=\"gb-headline gb-headline-c6d0a555 gb-headline-text\"><em>Mejora los resultados de tu email marketing y resuelve los problemas de entrega con WordPress gracias al plugin SMTP gratuito de TurboSMTP.<\/em><\/h2>\n\n\n\n<p>\u00bfWordPress no entrega tus correos electr\u00f3nicos?<\/p>\n\n\n\n<p>Es un problema muy com\u00fan.<\/p>\n\n\n\n<p>De hecho, usar la configuraci\u00f3n de correo electr\u00f3nico predeterminada de WordPress puede causar problemas, especialmente con formularios de contacto, notificaciones o correos electr\u00f3nicos de WooCommerce.<\/p>\n\n\n\n<p>Pero hay una soluci\u00f3n simple: <strong>configurar las opciones de SMTP en WordPress<\/strong>.<\/p>\n\n\n\n<p>Ya sea que est\u00e9s utilizando Gmail, Office 365 u otro proveedor, configurar un SMTP garantiza que tus correos electr\u00f3nicos lleguen directamente a la bandeja de entrada de tus destinatarios, mejorando su confiabilidad y entrega.<\/p>\n\n\n<div class=\"gb-container gb-container-f88c64d6\">\n\n<h3 class=\"gb-headline gb-headline-88307e27 gb-headline-text\"><strong>\u00a1Descarga el plugin de WordPress de TurboSMTP de forma gratuita!<\/strong><\/h3>\n\n\n\n<p class=\"gb-headline gb-headline-a73220df gb-headline-text\">Con el plugin gratuito de TurboSMTP para WordPress, obtendr\u00e1s una <strong>entrega de correos electr\u00f3nicos confiable sin suscripciones ni limitaciones<\/strong>.<\/p>\n\n\n\n<a class=\"gb-button gb-button-e42a2b01 gb-button-text\" href=\"https:\/\/wordpress.org\/plugins\/turbosmtp\/\" target=\"_blank\" rel=\"nofollow noopener noreferrer\">Descargar el plugin de WordPress de TurboSMTP<\/a>\n\n<\/div>\n<\/div>\n\n<div class=\"gb-container gb-container-1fd1eed5\" id=\"chapter-1\">\n\n<h2 class=\"gb-headline gb-headline-b95f2857 gb-headline-text\">La mejor alternativa gratuita: TurboSMTP para WordPress<\/h2>\n\n\n\n<p>Con el <a href=\"https:\/\/wordpress.org\/plugins\/turbosmtp\/\">plugin SMTP de TurboSMTP para WordPress<\/a>, no tendr\u00e1s que preocuparte por los costos de suscripci\u00f3n o funcionalidades limitadas. Mientras que muchos plugins SMTP requieren pagos para acceder a funciones premium, TurboSMTP te ofrece todo lo que necesitas para enviar correos sin problemas (\u00a1y gratis!).<\/p>\n\n\n\n<p>Con TurboSMTP, no solo obtendr\u00e1s un plugin SMTP gratuito y completamente funcional, sino que tambi\u00e9n podr\u00e1s crear una <a href=\"https:\/\/serversmtp.com\/es\/tsmtpregistration1.php\">cuenta gratuita que te permitir\u00e1 enviar hasta 6.000 correos electr\u00f3nicos al mes<\/a>.Ya sea que uses Hostinger, WPForms u otra herramienta de WordPress, TurboSMTP garantiza una <strong>configuraci\u00f3n simple y una entrega confiable de correos electr\u00f3nicos<\/strong>.<\/p>\n\n<\/div>\n\n<div class=\"gb-container gb-container-63efb42f\" id=\"chapter-1.1\">\n\n<h3 class=\"gb-headline gb-headline-8ace5b2b gb-headline-text\">Estas son las razones por las que TurboSMTP es la mejor alternativa gratuita a WP Mail SMTP:<\/h3>\n\n\n\n<ul class=\"wp-block-list spaced-list\">\n<li><strong>Cuenta gratuita: <\/strong>env\u00eda hasta 6.000 correos mensuales sin costos ocultos.<\/li>\n\n\n\n<li><strong>Entrega de calidad: <\/strong>TurboSMTP garantiza que tus correos lleguen a la bandeja de entrada y no al spam.<\/li>\n\n\n\n<li><strong>Configuraci\u00f3n simple: <\/strong>sin configuraciones complejas. Solo necesitas instalar el plugin.<\/li>\n\n\n\n<li><strong>Compatibilidad con WPForms y otros plugins: <\/strong>ya sea que utilices WPForms, Hostinger u otras herramientas, TurboSMTP se integra perfectamente y sin dificultades.<\/li>\n<\/ul>\n\n<\/div>\n\n<div class=\"gb-container gb-container-488792af\" id=\"chapter-1.2\">\n\n<h3 class=\"gb-headline gb-headline-d030c8a1 gb-headline-text\">C\u00f3mo configurar WP Mail SMTP con TurboSMTP.<\/h3>\n\n\n\n<p>Configurar WP Mail SMTP con TurboSMTP es sencillo. Sigue estos pasos para configurar el plugin SMTP en WordPress:<\/p>\n\n\n\n<ol class=\"wp-block-list spaced-list\">\n<li><strong>Accede a tu cuenta de WordPress: <\/strong>ve a la secci\u00f3n de <em>Plugins<\/em> en el panel de control de WordPress y haz clic en <em>Agregar nuevo plugin<\/em>.<\/li>\n\n\n\n<li><strong>Escribe <\/strong><strong><em>TurboSMTP<\/em><\/strong><strong> en la barra de b\u00fasqueda<\/strong>, instala y activa el plugin.<\/li>\n\n\n\n<li><strong>Configura las opciones de SMTP <\/strong>y env\u00eda un correo de prueba para confirmar que todo funciona correctamente.<\/li>\n<\/ol>\n\n\n\n<h4 class=\"gb-headline gb-headline-310e679f gb-headline-text\">\u00bfBuscas un tutorial en video para guiarte paso a paso en la instalaci\u00f3n del plugin?<\/h4>\n\n\n\n<p>Aqu\u00ed debajo tienes uno perfecto para ti.<\/p>\n\n\n\n<iframe width=\"100%\" height=\"400px\" src=\"https:\/\/www.youtube.com\/embed\/9vc56EAeKsU\" title=\"YouTube video player\" frameborder=\"0\" allow=\"accelerometer; autoplay; clipboard-write; encrypted-media; gyroscope; picture-in-picture; web-share\" referrerpolicy=\"strict-origin-when-cross-origin\" allowfullscreen><\/iframe>\n\n\n<div class=\"gb-container gb-container-f3ca7447\">\n\n<h3 class=\"gb-headline gb-headline-a9989ce3 gb-headline-text\"><strong>TurboSMTP: la mejor soluci\u00f3n gratuita para los correos de WordPress.<\/strong><\/h3>\n\n\n\n<p class=\"gb-headline gb-headline-d48d7e05 gb-headline-text\">TurboSMTP ofrece la confiabilidad de los plugins SMTP de pago&#8230;<br><strong>\u00a1pero completamente gratis!<\/strong><br>Con una configuraci\u00f3n simple, excelente entregabilidad y plena compatibilidad, es la soluci\u00f3n perfecta para configurar tu SMTP en WordPress.<\/p>\n\n\n\n<a class=\"gb-button gb-button-2515b465 gb-button-text\" href=\"https:\/\/wordpress.org\/plugins\/turbosmtp\/\" target=\"_blank\" rel=\"nofollow noopener noreferrer\">DESCARGAR EL PLUGIN DE TURBOSMTP PARA WP<\/a>\n\n<\/div>\n<\/div>\n\n<div class=\"gb-container gb-container-bf62e5fc\" id=\"chapter-3\">\n\n<h2 class=\"gb-headline gb-headline-3e3295f6 gb-headline-text\">Preguntas frecuentes sobre los plugins SMTP de WordPress.<\/h2>\n\n\n<div class=\"saswp-faq-block-section\"><ol style=\"list-style-type:none\"><li style=\"list-style-type: none\"><h5 class=\"saswp-faq-question-title \">\u00bfPor qu\u00e9 WordPress no env\u00eda correos electr\u00f3nicos?<\/h5><p class=\"saswp-faq-answer-text\">WordPress utiliza PHP mail por defecto, lo cual no es confiable para el env\u00edo de correos. Muchos proveedores de hosting bloquean o limitan PHP mail debido a problemas de spam, causando problemas de entrega con notificaciones, formularios de contacto o correos de WooCommerce. Configurar SMTP ayuda a mejorar la entregabilidad autenticando los correos a trav\u00e9s de un servidor de correo dedicado.<\/p><li style=\"list-style-type: none\"><h5 class=\"saswp-faq-question-title \">\u00bfQu\u00e9 es SMTP y por qu\u00e9 es necesario para WordPress?<\/h5><p class=\"saswp-faq-answer-text\">SMTP (Protocolo Simple de Transferencia de Correo) es un protocolo para enviar correos electr\u00f3nicos a trav\u00e9s de Internet. Usar SMTP con WordPress garantiza que tus correos est\u00e9n autenticados y enviados a trav\u00e9s de un servidor confiable, aumentando la probabilidad de que lleguen a las bandejas de entrada y no sean marcados como spam.<\/p><li style=\"list-style-type: none\"><h5 class=\"saswp-faq-question-title \">\u00bfC\u00f3mo puedo configurar SMTP en WordPress?<\/h5><p class=\"saswp-faq-answer-text\">Para configurar tu SMTP:<br>&#8211; Instala un plugin SMTP, como TurboSMTP, en el panel de control de WordPress.<br>&#8211; Configura el plugin ingresando los detalles de tu servidor SMTP (por ejemplo, Gmail, Office 365 o tu proveedor de correo).<br>&#8211; Prueba la configuraci\u00f3n para asegurarte de que los correos se env\u00edan correctamente.<\/p><li style=\"list-style-type: none\"><h5 class=\"saswp-faq-question-title \">\u00bfPuedo usar un plugin SMTP gratuito para WordPress?<\/h5><p class=\"saswp-faq-answer-text\">S\u00ed, TurboSMTP ofrece un plugin SMTP gratuito para WordPress que permite enviar hasta 6.000 correos mensuales sin suscripciones. Esta opci\u00f3n es ideal para quienes buscan una entrega de correos confiable sin pagar por plugins premium.<\/p><li style=\"list-style-type: none\"><h5 class=\"saswp-faq-question-title \">\u00bfPor qu\u00e9 los correos de WordPress son marcados como spam?<\/h5><p class=\"saswp-faq-answer-text\">Los correos pueden ser marcados como spam por varias razones, como el uso de una IP compartida con mala reputaci\u00f3n, la falta de autenticaci\u00f3n (registros SPF o DKIM) o el contenido que activa filtros de spam.<\/p><li style=\"list-style-type: none\"><h5 class=\"saswp-faq-question-title \">\u00bfC\u00f3mo puedo probar si las opciones de SMTP en WordPress funcionan?<\/h5><p class=\"saswp-faq-answer-text\">Despu\u00e9s de configurar el plugin SMTP, env\u00eda un correo de prueba utilizando la funci\u00f3n de prueba integrada en el plugin. Esto confirmar\u00e1 que los correos se env\u00edan correctamente y llegan a la bandeja de entrada del destinatario.<\/p><li style=\"list-style-type: none\"><h5 class=\"saswp-faq-question-title \">\u00bfTengo que pagar por un plugin SMTP de WP Mail para resolver problemas con los correos?<\/h5><p class=\"saswp-faq-answer-text\">No necesariamente. Mientras que algunos plugins SMTP requieren pagos para acceder a funciones premium, TurboSMTP ofrece un plugin gratuito para WordPress que garantiza el env\u00edo confiable de correos sin costos. Incluye todas las funciones necesarias para mejorar la entregabilidad de tus correos.<\/p><li style=\"list-style-type: none\"><h5 class=\"saswp-faq-question-title \">\u00bfEl SMTP puede ayudar a mejorar la entrega de correos de WooCommerce?<\/h5><p class=\"saswp-faq-answer-text\">S\u00ed, configurar tu SMTP garantiza que los correos transaccionales de WooCommerce (como confirmaciones de pedidos y actualizaciones de env\u00edo) se entreguen de manera confiable. Al enviar estos correos a trav\u00e9s de un servidor SMTP autenticado, reduces las posibilidades de que sean marcados como spam.<\/p><li style=\"list-style-type: none\"><h5 class=\"saswp-faq-question-title \">\u00bfCu\u00e1les son las ventajas de TurboSMTP en comparaci\u00f3n con otros plugins SMTP?<\/h5><p class=\"saswp-faq-answer-text\">TurboSMTP es una alternativa gratuita a muchos plugins SMTP premium, ofreciendo hasta 6.000 env\u00edos mensuales sin costos de suscripci\u00f3n. Proporciona una configuraci\u00f3n sencilla, alta entregabilidad y compatibilidad con varias herramientas de WordPress como WPForms y WooCommerce.<\/p><\/ul><\/div>\n<\/div>","protected":false},"excerpt":{"rendered":"<p>Mejora los resultados de tu email marketing y resuelve los problemas de entrega con WordPress gracias al plugin SMTP gratuito de TurboSMTP. \u00bfWordPress no entrega tus correos electr\u00f3nicos? Es un problema muy com\u00fan. De hecho, usar la configuraci\u00f3n de correo electr\u00f3nico predeterminada de WordPress puede causar problemas, especialmente con formularios de contacto, notificaciones o correos &#8230; <\/p>\n<p class=\"read-more-container\"><a title=\"Plugin gratuito de WP para SMTP: c\u00f3mo configurar un SMTP en WordPress (y resolver problemas de entrega de correos electr\u00f3nicos)\" class=\"read-more button\" href=\"https:\/\/serversmtp.com\/es\/como-configurar-un-smtp-en-wordpress-y-resolver-problemas-de-entrega-de-correos-electronicos\/#more-20888\" aria-label=\"Leer m\u00e1s sobre Plugin gratuito de WP para SMTP: c\u00f3mo configurar un SMTP en WordPress (y resolver problemas de entrega de correos electr\u00f3nicos)\">Discover more<\/a><\/p>\n","protected":false},"author":8,"featured_media":0,"parent":0,"menu_order":0,"comment_status":"closed","ping_status":"closed","template":"","meta":{"_eb_attr":"","inline_featured_image":false,"_monsterinsights_skip_tracking":false,"_monsterinsights_sitenote_active":false,"_monsterinsights_sitenote_note":"","_monsterinsights_sitenote_category":0,"footnotes":""},"class_list":["post-20888","page","type-page","status-publish"],"yoast_head":"<!-- This site is optimized with the Yoast SEO plugin v25.3.1 - https:\/\/yoast.com\/wordpress\/plugins\/seo\/ -->\n<title>Configurar SMTP WordPress con el plugin gratuito TurboSMTP<\/title>\n<meta name=\"description\" content=\"Resuelve Problemas de Entrega de Correos en WordPress con el Plugin Gratuito de TurboSMTP. Configura SMTP para un Env\u00edo Confiable con WP &gt;&gt; \u00a1Desc\u00e1rgalo ahora!\" \/>\n<meta name=\"robots\" content=\"index, follow, max-snippet:-1, max-image-preview:large, max-video-preview:-1\" \/>\n<link rel=\"canonical\" href=\"https:\/\/serversmtp.com\/es\/como-configurar-un-smtp-en-wordpress-y-resolver-problemas-de-entrega-de-correos-electronicos\/\" \/>\n<meta name=\"twitter:label1\" content=\"Tiempo de lectura\" \/>\n\t<meta name=\"twitter:data1\" content=\"3 minutos\" \/>\n<!-- \/ Yoast SEO plugin. -->","yoast_head_json":{"title":"Configurar SMTP WordPress con el plugin gratuito TurboSMTP","description":"Resuelve Problemas de Entrega de Correos en WordPress con el Plugin Gratuito de TurboSMTP. Configura SMTP para un Env\u00edo Confiable con WP >> \u00a1Desc\u00e1rgalo ahora!","robots":{"index":"index","follow":"follow","max-snippet":"max-snippet:-1","max-image-preview":"max-image-preview:large","max-video-preview":"max-video-preview:-1"},"canonical":"https:\/\/serversmtp.com\/es\/como-configurar-un-smtp-en-wordpress-y-resolver-problemas-de-entrega-de-correos-electronicos\/","twitter_misc":{"Tiempo de lectura":"3 minutos"},"schema":{"@context":"https:\/\/schema.org","@graph":[{"@type":"WebPage","@id":"https:\/\/serversmtp.com\/es\/como-configurar-un-smtp-en-wordpress-y-resolver-problemas-de-entrega-de-correos-electronicos\/","url":"https:\/\/serversmtp.com\/es\/como-configurar-un-smtp-en-wordpress-y-resolver-problemas-de-entrega-de-correos-electronicos\/","name":"Configurar SMTP WordPress con el plugin gratuito TurboSMTP","isPartOf":{"@id":"https:\/\/serversmtp.com\/it\/#website"},"primaryImageOfPage":{"@id":"https:\/\/serversmtp.com\/es\/como-configurar-un-smtp-en-wordpress-y-resolver-problemas-de-entrega-de-correos-electronicos\/#primaryimage"},"image":{"@id":"https:\/\/serversmtp.com\/es\/como-configurar-un-smtp-en-wordpress-y-resolver-problemas-de-entrega-de-correos-electronicos\/#primaryimage"},"thumbnailUrl":"https:\/\/serversmtp.com\/wp-content\/uploads\/2024\/10\/como-configurar-un-smtp-en-wordpress-y-resolver-problemas-de-entrega-de-correos-electronicos.jpg","datePublished":"2024-10-23T15:34:26+00:00","dateModified":"2024-10-23T15:39:06+00:00","description":"Resuelve Problemas de Entrega de Correos en WordPress con el Plugin Gratuito de TurboSMTP. Configura SMTP para un Env\u00edo Confiable con WP >> \u00a1Desc\u00e1rgalo ahora!","breadcrumb":{"@id":"https:\/\/serversmtp.com\/es\/como-configurar-un-smtp-en-wordpress-y-resolver-problemas-de-entrega-de-correos-electronicos\/#breadcrumb"},"inLanguage":"es","potentialAction":[{"@type":"ReadAction","target":["https:\/\/serversmtp.com\/es\/como-configurar-un-smtp-en-wordpress-y-resolver-problemas-de-entrega-de-correos-electronicos\/"]}]},{"@type":"ImageObject","inLanguage":"es","@id":"https:\/\/serversmtp.com\/es\/como-configurar-un-smtp-en-wordpress-y-resolver-problemas-de-entrega-de-correos-electronicos\/#primaryimage","url":"https:\/\/serversmtp.com\/wp-content\/uploads\/2024\/10\/como-configurar-un-smtp-en-wordpress-y-resolver-problemas-de-entrega-de-correos-electronicos.jpg","contentUrl":"https:\/\/serversmtp.com\/wp-content\/uploads\/2024\/10\/como-configurar-un-smtp-en-wordpress-y-resolver-problemas-de-entrega-de-correos-electronicos.jpg"},{"@type":"BreadcrumbList","@id":"https:\/\/serversmtp.com\/es\/como-configurar-un-smtp-en-wordpress-y-resolver-problemas-de-entrega-de-correos-electronicos\/#breadcrumb","itemListElement":[{"@type":"ListItem","position":1,"name":"Home","item":"https:\/\/serversmtp.com\/es\/"},{"@type":"ListItem","position":2,"name":"Plugin gratuito de WP para SMTP: c\u00f3mo configurar un SMTP en WordPress (y resolver problemas de entrega de correos electr\u00f3nicos)"}]},{"@type":"WebSite","@id":"https:\/\/serversmtp.com\/it\/#website","url":"https:\/\/serversmtp.com\/it\/","name":"smtp mail server - professional SMTP service provider","description":"smtp mail server - professional SMTP service provider","publisher":{"@id":"https:\/\/serversmtp.com\/it\/#organization"},"potentialAction":[{"@type":"SearchAction","target":{"@type":"EntryPoint","urlTemplate":"https:\/\/serversmtp.com\/it\/?s={search_term_string}"},"query-input":{"@type":"PropertyValueSpecification","valueRequired":true,"valueName":"search_term_string"}}],"inLanguage":"es"},{"@type":"Organization","@id":"https:\/\/serversmtp.com\/it\/#organization","name":"Delivery Tech","url":"https:\/\/serversmtp.com\/it\/","logo":{"@type":"ImageObject","inLanguage":"es","@id":"https:\/\/serversmtp.com\/it\/#\/schema\/logo\/image\/","url":"https:\/\/serversmtp.com\/wp-content\/uploads\/2021\/11\/og-image-2.jpg","contentUrl":"https:\/\/serversmtp.com\/wp-content\/uploads\/2021\/11\/og-image-2.jpg","width":1200,"height":1128,"caption":"Delivery Tech"},"image":{"@id":"https:\/\/serversmtp.com\/it\/#\/schema\/logo\/image\/"}}]}},"_links":{"self":[{"href":"https:\/\/serversmtp.com\/es\/wp-json\/wp\/v2\/pages\/20888"}],"collection":[{"href":"https:\/\/serversmtp.com\/es\/wp-json\/wp\/v2\/pages"}],"about":[{"href":"https:\/\/serversmtp.com\/es\/wp-json\/wp\/v2\/types\/page"}],"author":[{"embeddable":true,"href":"https:\/\/serversmtp.com\/es\/wp-json\/wp\/v2\/users\/8"}],"replies":[{"embeddable":true,"href":"https:\/\/serversmtp.com\/es\/wp-json\/wp\/v2\/comments?post=20888"}],"version-history":[{"count":1,"href":"https:\/\/serversmtp.com\/es\/wp-json\/wp\/v2\/pages\/20888\/revisions"}],"predecessor-version":[{"id":20903,"href":"https:\/\/serversmtp.com\/es\/wp-json\/wp\/v2\/pages\/20888\/revisions\/20903"}],"wp:attachment":[{"href":"https:\/\/serversmtp.com\/es\/wp-json\/wp\/v2\/media?parent=20888"}],"curies":[{"name":"wp","href":"https:\/\/api.w.org\/{rel}","templated":true}]}}