{"id":20732,"date":"2024-09-26T11:40:45","date_gmt":"2024-09-26T09:40:45","guid":{"rendered":"https:\/\/serversmtp.com\/?page_id=20732"},"modified":"2024-09-26T11:40:46","modified_gmt":"2024-09-26T09:40:46","slug":"servidor-smtp-dedicado-para-envio-masivo-de-email","status":"publish","type":"page","link":"https:\/\/serversmtp.com\/es\/servidor-smtp-dedicado-para-envio-masivo-de-email\/","title":{"rendered":"Servidor SMTP dedicado para env\u00edo masivo de email"},"content":{"rendered":"\n<style>\r\n.saswp-faq-block-section ol {\r\n    margin-left: 0px;\r\n}\r\n.saswp-faq-block-section ol li {\r\n    border-bottom: dotted 2px #ccc;\r\n    margin-bottom: 46px;\r\n    padding-bottom: 20px;\r\n}\r\n.saswp-faq-block-section ol li:last-child {\r\n    border-bottom: none;\r\n    margin-bottom: 26px;\r\n}\r\n<\/style>\n\n\n<div class=\"gb-container gb-container-05f4b905\">\n<div class=\"gb-container gb-container-3bd3b6d8\">\n\n<h1 class=\"gb-headline gb-headline-80a0e6dc gb-headline-text\"><strong>TurboSMTP: el servidor SMTP dedicado para el env\u00edo masivo de correos electr\u00f3nicos.<\/strong><\/h1>\n\n\n\n<h2 class=\"gb-headline gb-headline-1238f619 gb-headline-text\">Comienza a enviar grandes vol\u00famenes de correos electr\u00f3nicos de manera eficiente y con la mejor entregabilidad del mercado.<\/h2>\n\n\n\n<a class=\"gb-button gb-button-e42a2b01 gb-button-text\" href=\"https:\/\/serversmtp.com\/es\/signup\">PRUEBA TURBOSMTP GRATIS<\/a>\n\n<\/div>\n<div class=\"gb-shapes\"><div class=\"gb-shape gb-shape-1\"><svg xmlns=\"http:\/\/www.w3.org\/2000\/svg\" viewBox=\"0 0 1200 230\" preserveAspectRatio=\"none\"><path d=\"M1200 230H0V0l600 207.2L1200 0z\"\/><\/svg><\/div><\/div><\/div>\n\n<div class=\"gb-container gb-container-367640b2\">\n<div class=\"gb-container gb-container-f641ef13\">\n\n<h2 class=\"gb-headline gb-headline-01ff8773 gb-headline-text\">Servicio de correo est\u00e1ndar VS<br><strong>servidor SMTP dedicado para env\u00edos masivos.<\/strong><\/h2>\n\n\n\n<div class=\"gb-headline gb-headline-de2afcb8 gb-headline-text\">Para el env\u00edo de correos electr\u00f3nicos masivos, ya sea para campa\u00f1as de marketing o mensajes transaccionales, <strong>contar con la infraestructura adecuada es esencial<\/strong>. Las limitaciones de los servicios de correos est\u00e1ndar, como Gmail o Yahoo, se hacen evidentes cuando intentas enviar grandes vol\u00famenes de mensajes.<br><\/div>\n\n\n<div class=\"gb-container gb-container-566681d4\">\n<div class=\"gb-grid-wrapper gb-grid-wrapper-a8ab1467\">\n<div class=\"gb-grid-column gb-grid-column-17d5c32f\"><div class=\"gb-container gb-container-17d5c32f\">\n\n<h3 class=\"gb-headline gb-headline-8e34e99a\"><span class=\"gb-icon\"><svg viewBox=\"0 0 512 512\" xmlns=\"http:\/\/www.w3.org\/2000\/svg\"><path d=\"M256 48a208 208 0 1 1 0 416 208 208 0 1 1 0-416zm0 464a256 256 0 1 0 0-512 256 256 0 1 0 0 512zm-81-337c-9.4 9.4-9.4 24.6 0 33.9l47 47-47 47c-9.4 9.4-9.4 24.6 0 33.9s24.6 9.4 33.9 0l47-47 47 47c9.4 9.4 24.6 9.4 33.9 0s9.4-24.6 0-33.9l-47-47 47-47c9.4-9.4 9.4-24.6 0-33.9s-24.6-9.4-33.9 0l-47 47-47-47c-9.4-9.4-24.6-9.4-33.9 0z\"><\/path><\/svg><\/span><\/h3>\n\n\n\n<h3 class=\"gb-headline gb-headline-bae81829 gb-headline-text\"><strong>Servicios de correo est\u00e1ndar<\/strong><\/h3>\n\n\n\n<p class=\"has-text-align-center\">L\u00edmites de env\u00edo, con alto riesgo de que los correos sean marcados como spam.<\/p>\n\n<\/div><\/div>\n\n<div class=\"gb-grid-column gb-grid-column-654958e4\"><div class=\"gb-container gb-container-654958e4\">\n\n<h3 class=\"gb-headline gb-headline-4aa8db8d\"><span class=\"gb-icon\"><svg viewBox=\"0 0 512 512\" xmlns=\"http:\/\/www.w3.org\/2000\/svg\"><path d=\"M256 48a208 208 0 1 1 0 416 208 208 0 1 1 0-416zm0 464a256 256 0 1 0 0-512 256 256 0 1 0 0 512zm113-303c9.4-9.4 9.4-24.6 0-33.9s-24.6-9.4-33.9 0l-111 111-47-47c-9.4-9.4-24.6-9.4-33.9 0s-9.4 24.6 0 33.9l64 64c9.4 9.4 24.6 9.4 33.9 0L369 209z\"><\/path><\/svg><\/span><\/h3>\n\n\n\n<h3 class=\"gb-headline gb-headline-0e540be3 gb-headline-text\"><strong>Servidores SMTP dedicados<\/strong><\/h3>\n\n\n\n<p class=\"has-text-align-center\">Permiten enviar grandes cantidades de mensajes de manera eficiente.<\/p>\n\n<\/div><\/div>\n<\/div>\n<\/div>\n<\/div>\n<\/div>\n\n<div class=\"gb-container gb-container-4d0ddaa8\">\n<div class=\"gb-container gb-container-1a7dbdef\">\n\n<h2 class=\"gb-headline gb-headline-b0b37e1f gb-headline-text\">\u00bfQu\u00e9 es un servidor SMTP para env\u00edos masivos?<\/h2>\n\n\n\n<p class=\"gb-headline gb-headline-dbad829a gb-headline-text\">Un servidor SMTP dedicado es esencial para enviar grandes cantidades de correos electr\u00f3nicos.\u00a0<br>A diferencia de los servidores de correo est\u00e1ndar como Gmail o Yahoo, que tienen un l\u00edmite en el n\u00famero de correos electr\u00f3nicos que puedes enviar diariamente, un servidor SMTP dedicado <strong>permite realizar campa\u00f1as masivas<\/strong> con alta entregabilidad.<\/p>\n\n<\/div>\n<\/div>\n\n<div class=\"gb-container gb-container-8a37d80e\">\n<div class=\"gb-container gb-container-0643eca5\">\n<div class=\"gb-container gb-container-06a706dd\">\n\n<h3 class=\"gb-headline gb-headline-db122663 gb-headline-text\"><strong>Entrega los correos a destino y evita el spam<\/strong><\/h3>\n\n\n\n<p class=\"gb-headline gb-headline-6988be7b gb-headline-text\">TurboSMTP ofrece un <strong>potente servidor SMTP dedicado<\/strong> para env\u00edos masivos, garantizando que tus correos lleguen a destino, sin importar la cantidad de correos enviados.<\/p>\n\n\n\n<a class=\"gb-button gb-button-2bbda6e5 gb-button-text\" href=\"https:\/\/serversmtp.com\/es\/signup\">COMIENZA A ENVIAR AHORA<\/a>\n\n<\/div>\n<\/div>\n<\/div>\n\n<div class=\"gb-container gb-container-8d2fdc0a\">\n<div class=\"gb-container gb-container-e7a79736\">\n\n<h2 class=\"gb-headline gb-headline-8bc2097a gb-headline-text\">Las principales ventajas de un servidor SMTP dedicado para env\u00edos masivos.<\/h2>\n\n\n<div class=\"gb-container gb-container-01661071\">\n\n<p class=\"gb-headline gb-headline-3843956a\"><span class=\"gb-icon\"><svg xmlns=\"http:\/\/www.w3.org\/2000\/svg\" viewBox=\"0 0 512 512\"><path d=\"M256 48a208 208 0 1 1 0 416 208 208 0 1 1 0-416zm0 464a256 256 0 1 0 0-512 256 256 0 1 0 0 512zm-81-337c-9.4 9.4-9.4 24.6 0 33.9l47 47-47 47c-9.4 9.4-9.4 24.6 0 33.9s24.6 9.4 33.9 0l47-47 47 47c9.4 9.4 24.6 9.4 33.9 0s9.4-24.6 0-33.9l-47-47 47-47c9.4-9.4 9.4-24.6 0-33.9s-24.6-9.4-33.9 0l-47 47-47-47c-9.4-9.4-24.6-9.4-33.9 0z\"><\/path><\/svg><\/span><span class=\"gb-headline-text\">Los <strong>servidores de correo est\u00e1ndar<\/strong> no est\u00e1n dise\u00f1ados para manejar el env\u00edo masivo de correos electr\u00f3nicos. Tienen l\u00edmites estrictos, lo que hace dif\u00edcil, si no imposible, implementar una estrategia efectiva de marketing por correo o enviar emails transaccionales eficientemente.<\/span><\/p>\n\n\n\n<p class=\"gb-headline gb-headline-af7540df\"><span class=\"gb-icon\"><svg xmlns=\"http:\/\/www.w3.org\/2000\/svg\" viewBox=\"0 0 512 512\"><path d=\"M256 48a208 208 0 1 1 0 416 208 208 0 1 1 0-416zm0 464a256 256 0 1 0 0-512 256 256 0 1 0 0 512zm113-303c9.4-9.4 9.4-24.6 0-33.9s-24.6-9.4-33.9 0l-111 111-47-47c-9.4-9.4-24.6-9.4-33.9 0s-9.4 24.6 0 33.9l64 64c9.4 9.4 24.6 9.4 33.9 0L369 209z\"><\/path><\/svg><\/span><span class=\"gb-headline-text\">Con un <strong>servidor SMTP dedicado para env\u00edos masivos<\/strong>, evitas estos l\u00edmites y aseguras una entregabilidad mucho mayor para tus campa\u00f1as.<br>Un servidor SMTP dedicado para env\u00edos masivos garantiza:<\/span><\/p>\n\n\n<div class=\"gb-container gb-container-b6afaeed\">\n\n<ul class=\"wp-block-list\">\n<li>env\u00edos eficientes y sin l\u00edmites;<\/li>\n\n\n\n<li>una alta tasa de entrega;<\/li>\n\n\n\n<li>un rendimiento elevado.<\/li>\n<\/ul>\n\n<\/div>\n<\/div>\n<\/div>\n<\/div>\n\n<div class=\"gb-container gb-container-43e871b9\">\n<div class=\"gb-container gb-container-6c49d50f\">\n\n<h2 class=\"gb-headline gb-headline-a51bf759 gb-headline-text\">Las ventajas de turboSMTP para tus env\u00edos masivos.<\/h2>\n\n\n\n<div class=\"gb-headline gb-headline-540aff9d gb-headline-text\">Nuestra plataforma est\u00e1 dise\u00f1ada para ofrecer un soporte completo a <strong>empresas de cualquier tama\u00f1o<\/strong>, con herramientas para monitorear y mejorar tus campa\u00f1as.\u00a0Aqu\u00ed tienes algunas razones para elegir turboSMTP:<br><\/div>\n\n\n<div class=\"gb-container gb-container-277ab316\">\n<div class=\"gb-grid-wrapper gb-grid-wrapper-dde37266\">\n<div class=\"gb-grid-column gb-grid-column-9152a6b8\"><div class=\"gb-container gb-container-9152a6b8\">\n\n<h3 class=\"gb-headline gb-headline-e72f9650\"><span class=\"gb-icon\"><svg viewBox=\"0 0 320 512\" xmlns=\"http:\/\/www.w3.org\/2000\/svg\"><path d=\"M182.6 9.4c-12.5-12.5-32.8-12.5-45.3 0l-96 96c-12.5 12.5-12.5 32.8 0 45.3s32.8 12.5 45.3 0l41.4-41.4v293.5l-41.4-41.4c-12.5-12.5-32.8-12.5-45.3 0s-12.5 32.8 0 45.3l96 96c12.5 12.5 32.8 12.5 45.3 0l96-96c12.5-12.5 12.5-32.8 0-45.3s-32.8-12.5-45.3 0L192 402.7V109.2l41.4 41.4c12.5 12.5 32.8 12.5 45.3 0s12.5-32.8 0-45.3l-96-96z\"><\/path><\/svg><\/span><\/h3>\n\n\n\n<h3 class=\"gb-headline gb-headline-1b83c713 gb-headline-text\"><strong>Soluciones escalables<\/strong><\/h3>\n\n\n\n<p class=\"has-text-align-center\">turboSMTP est\u00e1 dise\u00f1ado para adaptarse a tus necesidades. Ya sea que est\u00e9s enviando campa\u00f1as peque\u00f1as o grandes vol\u00famenes de correos, encontrar\u00e1s el plan adecuado y podr\u00e1s ajustarlo a medida que crecen tus necesidades.<\/p>\n\n<\/div><\/div>\n\n<div class=\"gb-grid-column gb-grid-column-1c298745\"><div class=\"gb-container gb-container-1c298745\">\n\n<h3 class=\"gb-headline gb-headline-724ccd7d\"><span class=\"gb-icon\"><svg viewBox=\"0 0 512 512\" xmlns=\"http:\/\/www.w3.org\/2000\/svg\"><path d=\"M16.1 260.2c-22.6 12.9-20.5 47.3 3.6 57.3L160 376v103.3c0 18.1 14.6 32.7 32.7 32.7 9.7 0 18.9-4.3 25.1-11.8l62-74.3 123.9 51.6c18.9 7.9 40.8-4.5 43.9-24.7l64-416c1.9-12.1-3.4-24.3-13.5-31.2s-23.3-7.5-34-1.4l-448 256zm52.1 25.5L409.7 90.6 190.1 336l1.2 1-123.1-51.3zm335.1 139.7-166.6-69.5 214.1-239.3-47.5 308.8z\"><\/path><\/svg><\/span><\/h3>\n\n\n\n<h3 class=\"gb-headline gb-headline-657b36a9 gb-headline-text\"><strong>Alta entregabilidad<\/strong><\/h3>\n\n\n\n<p class=\"has-text-align-center\">El uso de un servidor SMTP dedicado garantiza que tus correos electr\u00f3nicos pasen los filtros de spam y lleguen directamente a la bandeja de entrada de los destinatarios.<\/p>\n\n<\/div><\/div>\n\n<div class=\"gb-grid-column gb-grid-column-21a82ca9\"><div class=\"gb-container gb-container-21a82ca9\">\n\n<h3 class=\"gb-headline gb-headline-83baba61\"><span class=\"gb-icon\"><svg viewBox=\"0 0 512 512\" xmlns=\"http:\/\/www.w3.org\/2000\/svg\"><path d=\"M64 64c0-17.7-14.3-32-32-32S0 46.3 0 64v336c0 44.2 35.8 80 80 80h400c17.7 0 32-14.3 32-32s-14.3-32-32-32H80c-8.8 0-16-7.2-16-16V64zm406.6 86.6c12.5-12.5 12.5-32.8 0-45.3s-32.8-12.5-45.3 0L320 210.7l-57.4-57.4c-12.5-12.5-32.8-12.5-45.3 0l-112 112c-12.5 12.5-12.5 32.8 0 45.3s32.8 12.5 45.3 0l89.4-89.3 57.4 57.4c12.5 12.5 32.8 12.5 45.3 0l128-128z\"><\/path><\/svg><\/span><\/h3>\n\n\n\n<h3 class=\"gb-headline gb-headline-6a29a3d1 gb-headline-text\"><strong>Herramientas avanzadas de monitoreo<\/strong><\/h3>\n\n\n\n<p class=\"has-text-align-center\">Ofrecemos an\u00e1lisis detallados y herramientas de seguimiento para monitorear el rendimiento de tus campa\u00f1as, ayud\u00e1ndote a identificar \u00e1reas de mejora y optimizar los env\u00edos futuros.<\/p>\n\n<\/div><\/div>\n\n<div class=\"gb-grid-column gb-grid-column-4bf5e668\"><div class=\"gb-container gb-container-4bf5e668\">\n\n<h3 class=\"gb-headline gb-headline-a35be1ee\"><span class=\"gb-icon\"><svg viewBox=\"0 0 512 512\" xmlns=\"http:\/\/www.w3.org\/2000\/svg\"><path d=\"m345 39.1 127.8 129.3c52.4 53 52.4 138.2 0 191.2l-112 113.3c-9.3 9.4-24.5 9.5-33.9.2s-9.5-24.5-.2-33.9l111.9-113.3c33.9-34.3 33.9-89.4 0-123.7L310.9 72.9c-9.3-9.4-9.2-24.6.2-33.9s24.6-9.2 33.9.2zM0 229.5V80c0-26.5 21.5-48 48-48h149.5c17 0 33.3 6.7 45.3 18.7l168 168c25 25 25 65.5 0 90.5L277.3 442.7c-25 25-65.5 25-90.5 0l-168-168C6.7 262.7 0 246.5 0 229.5zM144 144a32 32 0 1 0-64 0 32 32 0 1 0 64 0z\"><\/path><\/svg><\/span><\/h3>\n\n\n\n<h3 class=\"gb-headline gb-headline-8e8264a8 gb-headline-text\"><strong>Plan gratuito<\/strong><\/h3>\n\n\n\n<p class=\"has-text-align-center\">turboSMTP ofrece una soluci\u00f3n gratuita que te permite enviar hasta 6000 correos electr\u00f3nicos al mes para siempre.<\/p>\n\n<\/div><\/div>\n<\/div>\n<\/div>\n<\/div>\n<\/div>\n\n<div class=\"gb-container gb-container-41d23342\">\n<div class=\"gb-container gb-container-889e6eb7\">\n\n<h2 class=\"gb-headline gb-headline-880eb43f gb-headline-text\">Comienza a enviar correos masivos con turboSMTP.<\/h2>\n\n\n\n<p class=\"gb-headline gb-headline-3cdc9dcf gb-headline-text\">TurboSMTP no solo te ofrece una infraestructura eficiente, sino tambi\u00e9n las <strong>herramientas necesarias para el \u00e9xito de tus campa\u00f1as<\/strong>. Ya sea que est\u00e9s enviando correos de marketing o transaccionales, comienza a aprovechar ahora todas las ventajas de un servidor SMTP dedicado.<br><\/p>\n\n<\/div>\n<\/div>\n\n<div class=\"gb-container gb-container-3f5dbb2a\">\n<div class=\"gb-container gb-container-d46343ce\">\n<div class=\"gb-container gb-container-691e0d35\">\n\n<h3 class=\"gb-headline gb-headline-ae85f513 gb-headline-text\"><strong>\u00a1Comienza a enviar ahora!<\/strong><\/h3>\n\n\n\n<h4 class=\"gb-headline gb-headline-4ef8f24c gb-headline-text\">Reg\u00edstrate hoy y env\u00eda hasta 6000 correos electr\u00f3nicos gratuitos al mes para siempre.<\/h4>\n\n\n\n<p class=\"gb-headline gb-headline-2c89998d gb-headline-text\">Comienza con el plan gratuito y ajusta tus necesidades de env\u00edo con nuestro servidor SMTP dedicado.<br>\u00a1Lleva tu estrategia de marketing por correo al siguiente nivel!<\/p>\n\n\n\n<a class=\"gb-button gb-button-406bfb4c gb-button-text\" href=\"https:\/\/serversmtp.com\/es\/signup\">COMIENZA CON TURBOSMTP AHORA<\/a>\n\n<\/div>\n<\/div>\n<\/div>\n\n<div class=\"gb-container gb-container-e5e81420\">\n<div class=\"gb-container gb-container-31433663\">\n\n<h2 class=\"gb-headline gb-headline-d7fae2ae gb-headline-text\">Preguntas frecuentes sobre servidores SMTP para env\u00edos masivos.<\/h2>\n\n\n<div class=\"gb-container gb-container-f8b591f6\">\n<div class=\"saswp-faq-block-section\"><ol style=\"list-style-type:none\"><li style=\"list-style-type: none\"><h4 class=\"\">\u00bfQu\u00e9 es un servidor SMTP para env\u00edos masivos y c\u00f3mo funciona?<\/h4><p class=\"saswp-faq-answer-text\">Un servidor SMTP dedicado est\u00e1 dise\u00f1ado para enviar grandes vol\u00famenes de correos electr\u00f3nicos de manera eficiente y confiable. Asegura que los correos lleguen sin activar los filtros de spam, siendo ideal para campa\u00f1as de marketing, newsletters y comunicaciones masivas.<\/p><li style=\"list-style-type: none\"><h4 class=\"\">\u00bfC\u00f3mo puedo elegir el mejor servidor SMTP para mi negocio?<\/h4><p class=\"saswp-faq-answer-text\">Al elegir un servidor SMTP, considera factores como la tasa de entrega, la escalabilidad para el crecimiento futuro, la relaci\u00f3n calidad-precio y el soporte al cliente. Un servidor SMTP escalable te permite gestionar crecientes vol\u00famenes de correos sin problemas de rendimiento.<\/p><li style=\"list-style-type: none\"><h4 class=\"\">\u00bfQu\u00e9 es un servidor SMTP escalable?<\/h4><p class=\"saswp-faq-answer-text\">Un servidor SMTP escalable est\u00e1 dise\u00f1ado para adaptarse a los cambios en las necesidades de env\u00edo, permiti\u00e9ndote aumentar los vol\u00famenes a medida que tu empresa crece, sin comprometer el rendimiento o la entregabilidad.<\/p><li style=\"list-style-type: none\"><h4 class=\"\">\u00bfPor qu\u00e9 deber\u00eda usar un servidor SMTP dedicado para env\u00edos masivos?<\/h4><p class=\"saswp-faq-answer-text\">Un servidor SMTP dedicado garantiza tasas de entrega m\u00e1s altas, mejor gesti\u00f3n de correos electr\u00f3nicos y la capacidad de manejar grandes vol\u00famenes de tr\u00e1fico de correos.<\/p><li style=\"list-style-type: none\"><h4 class=\"\">\u00bfC\u00f3mo puedo enviar correos masivos de manera confiable y evitar los filtros de spam?<\/h4><p class=\"saswp-faq-answer-text\">Puedes evitar los filtros de spam utilizando un servidor SMTP confiable con m\u00e9todos de autenticaci\u00f3n como SPF, DKIM y DMARC. Tambi\u00e9n es esencial seguir <a href=\"https:\/\/serversmtp.com\/es\/knowledgebase\/3847\/Best-practice-per-la-mailing-list.html\">las mejores pr\u00e1cticas de marketing por correo<\/a> y <a href=\"https:\/\/serversmtp.com\/email-validation-tool\/\">mantener una lista de contactos limpia<\/a>.<\/p><li style=\"list-style-type: none\"><h4 class=\"\">\u00bfPuedo usar un servidor SMTP para enviar correos ilimitados?<\/h4><p class=\"saswp-faq-answer-text\">S\u00ed, muchos proveedores de servicios SMTP ofrecen <a href=\"https:\/\/serversmtp.com\/es\/cart.php?carttpl=2clic\">planes que incluyen el env\u00edo ilimitado de correos<\/a>. Sin embargo, es importante verificar los t\u00e9rminos y condiciones para asegurarte de que no haya l\u00edmites ocultos.<\/p><li style=\"list-style-type: none\"><h4 class=\"\">\u00bfCu\u00e1l es la diferencia entre un servidor para env\u00edos masivos y un servidor de correo est\u00e1ndar?<\/h4><p class=\"saswp-faq-answer-text\">Un servidor para env\u00edos masivos est\u00e1 dise\u00f1ado para gestionar grandes vol\u00famenes de correos de manera eficiente, mientras que un servidor de correo est\u00e1ndar est\u00e1 optimizado para comunicaciones individuales o peque\u00f1os grupos.<\/p><li style=\"list-style-type: none\"><h4 class=\"\">\u00bfC\u00f3mo puedo configurar un servidor SMTP para mis campa\u00f1as de marketing?<\/h4><p class=\"saswp-faq-answer-text\">Configurar un servidor SMTP implica seleccionar un proveedor de SMTP confiable, configurar el servidor con los protocolos de autenticaci\u00f3n correctos e integrarlo con tu software de marketing por correo. Aseg\u00farate de que el servidor sea escalable para gestionar vol\u00famenes crecientes de correos.<\/p><li style=\"list-style-type: none\"><h4 class=\"\">\u00bfQu\u00e9 es un servidor SMTP escalable y por qu\u00e9 lo necesito?<\/h4><p class=\"saswp-faq-answer-text\">Un servidor SMTP escalable est\u00e1 dise\u00f1ado para gestionar un creciente tr\u00e1fico de correos electr\u00f3nicos a medida que tus campa\u00f1as crecen. Es esencial para las empresas que desean expandir sus esfuerzos de marketing por correo electr\u00f3nico sin comprometer el rendimiento o la entregabilidad.<\/p><\/ul><\/div>\n<\/div>\n<\/div>\n<\/div>","protected":false},"excerpt":{"rendered":"<p>TurboSMTP: el servidor SMTP dedicado para el env\u00edo masivo de correos electr\u00f3nicos. Comienza a enviar grandes vol\u00famenes de correos electr\u00f3nicos de manera eficiente y con la mejor entregabilidad del mercado. Servicio de correo est\u00e1ndar VSservidor SMTP dedicado para env\u00edos masivos. Para el env\u00edo de correos electr\u00f3nicos masivos, ya sea para campa\u00f1as de marketing o mensajes &#8230; <\/p>\n<p class=\"read-more-container\"><a title=\"Servidor SMTP dedicado para env\u00edo masivo de email\" class=\"read-more button\" href=\"https:\/\/serversmtp.com\/es\/servidor-smtp-dedicado-para-envio-masivo-de-email\/#more-20732\" aria-label=\"Leer m\u00e1s sobre Servidor SMTP dedicado para env\u00edo masivo de email\">Discover more<\/a><\/p>\n","protected":false},"author":8,"featured_media":0,"parent":0,"menu_order":0,"comment_status":"closed","ping_status":"closed","template":"","meta":{"_eb_attr":"","inline_featured_image":false,"_monsterinsights_skip_tracking":false,"_monsterinsights_sitenote_active":false,"_monsterinsights_sitenote_note":"","_monsterinsights_sitenote_category":0,"footnotes":""},"class_list":["post-20732","page","type-page","status-publish"],"yoast_head":"<!-- This site is optimized with the Yoast SEO plugin v25.3.1 - https:\/\/yoast.com\/wordpress\/plugins\/seo\/ -->\n<title>TurboSMTP: servidor SMTP dedicado para env\u00edo masivo de email<\/title>\n<meta name=\"description\" content=\"Enviar Correos Masivos Gratis con Servidor SMTP. Servidor SMTP Dedicado para Env\u00edo Masivo de Correos Electr\u00f3nicos. Mejor Servidor SMTP para Env\u00edos Masivos.\" \/>\n<meta name=\"robots\" content=\"index, follow, max-snippet:-1, max-image-preview:large, max-video-preview:-1\" \/>\n<link rel=\"canonical\" href=\"https:\/\/serversmtp.com\/es\/servidor-smtp-dedicado-para-envio-masivo-de-email\/\" \/>\n<meta name=\"twitter:label1\" content=\"Tiempo de lectura\" \/>\n\t<meta name=\"twitter:data1\" content=\"3 minutos\" \/>\n<!-- \/ Yoast SEO plugin. -->","yoast_head_json":{"title":"TurboSMTP: servidor SMTP dedicado para env\u00edo masivo de email","description":"Enviar Correos Masivos Gratis con Servidor SMTP. Servidor SMTP Dedicado para Env\u00edo Masivo de Correos Electr\u00f3nicos. Mejor Servidor SMTP para Env\u00edos Masivos.","robots":{"index":"index","follow":"follow","max-snippet":"max-snippet:-1","max-image-preview":"max-image-preview:large","max-video-preview":"max-video-preview:-1"},"canonical":"https:\/\/serversmtp.com\/es\/servidor-smtp-dedicado-para-envio-masivo-de-email\/","twitter_misc":{"Tiempo de lectura":"3 minutos"},"schema":{"@context":"https:\/\/schema.org","@graph":[{"@type":"WebPage","@id":"https:\/\/serversmtp.com\/es\/servidor-smtp-dedicado-para-envio-masivo-de-email\/","url":"https:\/\/serversmtp.com\/es\/servidor-smtp-dedicado-para-envio-masivo-de-email\/","name":"TurboSMTP: servidor SMTP dedicado para env\u00edo masivo de email","isPartOf":{"@id":"https:\/\/serversmtp.com\/de\/#website"},"datePublished":"2024-09-26T09:40:45+00:00","dateModified":"2024-09-26T09:40:46+00:00","description":"Enviar Correos Masivos Gratis con Servidor SMTP. Servidor SMTP Dedicado para Env\u00edo Masivo de Correos Electr\u00f3nicos. Mejor Servidor SMTP para Env\u00edos Masivos.","breadcrumb":{"@id":"https:\/\/serversmtp.com\/es\/servidor-smtp-dedicado-para-envio-masivo-de-email\/#breadcrumb"},"inLanguage":"es","potentialAction":[{"@type":"ReadAction","target":["https:\/\/serversmtp.com\/es\/servidor-smtp-dedicado-para-envio-masivo-de-email\/"]}]},{"@type":"BreadcrumbList","@id":"https:\/\/serversmtp.com\/es\/servidor-smtp-dedicado-para-envio-masivo-de-email\/#breadcrumb","itemListElement":[{"@type":"ListItem","position":1,"name":"Home","item":"https:\/\/serversmtp.com\/es\/"},{"@type":"ListItem","position":2,"name":"Servidor SMTP dedicado para env\u00edo masivo de email"}]},{"@type":"WebSite","@id":"https:\/\/serversmtp.com\/de\/#website","url":"https:\/\/serversmtp.com\/de\/","name":"smtp mail server - professional SMTP service provider","description":"smtp mail server - professional SMTP service provider","publisher":{"@id":"https:\/\/serversmtp.com\/de\/#organization"},"potentialAction":[{"@type":"SearchAction","target":{"@type":"EntryPoint","urlTemplate":"https:\/\/serversmtp.com\/de\/?s={search_term_string}"},"query-input":{"@type":"PropertyValueSpecification","valueRequired":true,"valueName":"search_term_string"}}],"inLanguage":"es"},{"@type":"Organization","@id":"https:\/\/serversmtp.com\/de\/#organization","name":"Delivery Tech","url":"https:\/\/serversmtp.com\/de\/","logo":{"@type":"ImageObject","inLanguage":"es","@id":"https:\/\/serversmtp.com\/de\/#\/schema\/logo\/image\/","url":"https:\/\/serversmtp.com\/wp-content\/uploads\/2021\/11\/og-image-2.jpg","contentUrl":"https:\/\/serversmtp.com\/wp-content\/uploads\/2021\/11\/og-image-2.jpg","width":1200,"height":1128,"caption":"Delivery Tech"},"image":{"@id":"https:\/\/serversmtp.com\/de\/#\/schema\/logo\/image\/"}}]}},"_links":{"self":[{"href":"https:\/\/serversmtp.com\/es\/wp-json\/wp\/v2\/pages\/20732"}],"collection":[{"href":"https:\/\/serversmtp.com\/es\/wp-json\/wp\/v2\/pages"}],"about":[{"href":"https:\/\/serversmtp.com\/es\/wp-json\/wp\/v2\/types\/page"}],"author":[{"embeddable":true,"href":"https:\/\/serversmtp.com\/es\/wp-json\/wp\/v2\/users\/8"}],"replies":[{"embeddable":true,"href":"https:\/\/serversmtp.com\/es\/wp-json\/wp\/v2\/comments?post=20732"}],"version-history":[{"count":2,"href":"https:\/\/serversmtp.com\/es\/wp-json\/wp\/v2\/pages\/20732\/revisions"}],"predecessor-version":[{"id":20734,"href":"https:\/\/serversmtp.com\/es\/wp-json\/wp\/v2\/pages\/20732\/revisions\/20734"}],"wp:attachment":[{"href":"https:\/\/serversmtp.com\/es\/wp-json\/wp\/v2\/media?parent=20732"}],"curies":[{"name":"wp","href":"https:\/\/api.w.org\/{rel}","templated":true}]}}