{"id":20684,"date":"2024-09-10T15:22:11","date_gmt":"2024-09-10T13:22:11","guid":{"rendered":"https:\/\/serversmtp.com\/?page_id=20684"},"modified":"2025-10-22T14:12:13","modified_gmt":"2025-10-22T12:12:13","slug":"autenticacion-smtp","status":"publish","type":"page","link":"https:\/\/serversmtp.com\/es\/autenticacion-smtp\/","title":{"rendered":"Autenticaci\u00f3n SMTP"},"content":{"rendered":"<p><a href=\"https:\/\/serversmtp.com\/es\/protocolo-smtp\/\" title=\"SMTP: qu\u00e9 es y c\u00f3mo funciona\">El protocolo SMTP<\/a> fue creado inicialmente sin ning\u00fan proceso de autenticaci\u00f3n; por lo tanto, siempre ha sido <strong>bastante f\u00e1cil falsificar la identidad de un remitente de correo electr\u00f3nico<\/strong>.<\/p>\n<p>Es por esta raz\u00f3n que, en 1999, J. Myers de Netscape Communications desarroll\u00f3 un <strong>esquema de autenticaci\u00f3n SMTP<\/strong>.<\/p>\n<p>En detalle, se a\u00f1ade una extensi\u00f3n mediante un protocolo particular (CRAM-MD5, Kerberos, etc.) o con un truco llamado POP-before-SMTP, con el fin de garantizar que el remitente indicado coincida con el dominio de env\u00edo.<\/p>\n<p>Los correos electr\u00f3nicos personales enviados a contactos que conocemos pueden ser transmitidos sin problema, incluso sin autenticaci\u00f3n, pero <strong>cuando se trata de env\u00edos masivos<\/strong> (por ejemplo, en marketing por correo electr\u00f3nico), <strong>es recomendable utilizarla<\/strong>. Y esto por una raz\u00f3n sencilla: el servidor del destinatario podr\u00eda considerar tu correo como spam y rechazarlo.<\/p>\n<p><strong>Entonces, \u00bfc\u00f3mo configurar la autenticaci\u00f3n SMTP?<\/strong><\/p>\n<p>El procedimiento es muy simple: basta con abrir tu cliente o software de correo electr\u00f3nico, acceder al panel de <a href=\"https:\/\/serversmtp.com\/es\/configurar-servidor-smtp\/\" title=\"C\u00f3mo configurar un servidor SMTP\n\">configuraci\u00f3n SMTP<\/a> y hacer clic en la opci\u00f3n \u00abM\u00e9todo de autenticaci\u00f3n\u00bb.<\/p>\n<p><img decoding=\"async\" width=\"360\" height=\"304\" class=\"aligncenter size-full wp-image-468\" style=\"display: block; margin-left: auto; margin-right: auto;\" title=\"SMTP Authentication\" src=\"https:\/\/serversmtp.com\/wp-content\/uploads\/2018\/04\/configuracion-servidor-smtp.gif\" alt=\"C\u00f3mo configurar un servidor SMTP\" \/><\/p>\n<p>Al explorar el men\u00fa desplegable, puedes elegir el m\u00e9todo que prefieras y establecer un nombre de usuario y una contrase\u00f1a (si usas turboSMTP, debes ingresar en su lugar tu Consumer Key y Consumer Secret \u2014 <a href=\"https:\/\/serversmtp.com\/es\/que-son-las-api-key-y-como-crearlas-con-turbosmtp-una-guia-completa\/\" title=\"C\u00f3mo crear tus API Keys\" target=\"_blank\" rel=\"noopener\">ver c\u00f3mo crear tus API Keys<\/a>). <strong><a href=\"https:\/\/serversmtp.com\/es\/puerto-smtp\/\" title=\"\u00bfQu\u00e9 es un puerto SMTP y cu\u00e1l deber\u00edas usar para tus env\u00edos?\">Te recomendamos usar el puerto 587<\/a><\/strong> en lugar del puerto cl\u00e1sico 25.<\/p>\n<p>Por \u00faltimo, recordamos que turboSMTP ofrece un sistema de autenticaci\u00f3n adicional: la verificaci\u00f3n <a href=\"https:\/\/serversmtp.com\/es\/dkim-y-autenticacion\/\" title=\"DKIM y Autenticaci\u00f3n\">DKIM<\/a>, para garantizar el m\u00e1s alto nivel de seguridad. Puedes obtener ahora una <strong><a href=\"https:\/\/serversmtp.com\/es\/tsmtpregistration1.php\" title=\"Pruebe gratis turboSMTP\">cuenta gratuita con 6.000 correos electr\u00f3nicos al mes para siempre<\/a><\/strong>.<\/p>\n","protected":false},"excerpt":{"rendered":"<p>El protocolo SMTP fue creado inicialmente sin ning\u00fan proceso de autenticaci\u00f3n; por lo tanto, siempre ha sido bastante f\u00e1cil falsificar la identidad de un remitente de correo electr\u00f3nico. Es por esta raz\u00f3n que, en 1999, J. Myers de Netscape Communications desarroll\u00f3 un esquema de autenticaci\u00f3n SMTP. En detalle, se a\u00f1ade una extensi\u00f3n mediante un protocolo &#8230; <\/p>\n<p class=\"read-more-container\"><a title=\"Autenticaci\u00f3n SMTP\" class=\"read-more button\" href=\"https:\/\/serversmtp.com\/es\/autenticacion-smtp\/#more-20684\" aria-label=\"Leer m\u00e1s sobre Autenticaci\u00f3n SMTP\">Discover more<\/a><\/p>\n","protected":false},"author":8,"featured_media":0,"parent":0,"menu_order":0,"comment_status":"closed","ping_status":"closed","template":"","meta":{"_eb_attr":"","inline_featured_image":false,"_monsterinsights_skip_tracking":false,"_monsterinsights_sitenote_active":false,"_monsterinsights_sitenote_note":"","_monsterinsights_sitenote_category":0,"footnotes":""},"class_list":["post-20684","page","type-page","status-publish"],"yoast_head":"<!-- This site is optimized with the Yoast SEO plugin v25.3.1 - https:\/\/yoast.com\/wordpress\/plugins\/seo\/ -->\n<title>C\u00f3mo configurar la autenticaci\u00f3n SMTP para proteger tus correos electr\u00f3nicos<\/title>\n<meta name=\"description\" content=\"Configurar la Autenticaci\u00f3n SMTP. Proteger los Correos Electr\u00f3nicos contra el Spam y los Ataques Inform\u00e1ticos. Protocolos de Seguridad Recomendados\" \/>\n<meta name=\"robots\" content=\"index, follow, max-snippet:-1, max-image-preview:large, max-video-preview:-1\" \/>\n<link rel=\"canonical\" href=\"https:\/\/serversmtp.com\/es\/autenticacion-smtp\/\" \/>\n<meta name=\"twitter:label1\" content=\"Tiempo de lectura\" \/>\n\t<meta name=\"twitter:data1\" content=\"2 minutos\" \/>\n<!-- \/ Yoast SEO plugin. -->","yoast_head_json":{"title":"C\u00f3mo configurar la autenticaci\u00f3n SMTP para proteger tus correos electr\u00f3nicos","description":"Configurar la Autenticaci\u00f3n SMTP. Proteger los Correos Electr\u00f3nicos contra el Spam y los Ataques Inform\u00e1ticos. Protocolos de Seguridad Recomendados","robots":{"index":"index","follow":"follow","max-snippet":"max-snippet:-1","max-image-preview":"max-image-preview:large","max-video-preview":"max-video-preview:-1"},"canonical":"https:\/\/serversmtp.com\/es\/autenticacion-smtp\/","twitter_misc":{"Tiempo de lectura":"2 minutos"},"schema":{"@context":"https:\/\/schema.org","@graph":[{"@type":"WebPage","@id":"https:\/\/serversmtp.com\/es\/autenticacion-smtp\/","url":"https:\/\/serversmtp.com\/es\/autenticacion-smtp\/","name":"C\u00f3mo configurar la autenticaci\u00f3n SMTP para proteger tus correos electr\u00f3nicos","isPartOf":{"@id":"https:\/\/serversmtp.com\/#website"},"primaryImageOfPage":{"@id":"https:\/\/serversmtp.com\/es\/autenticacion-smtp\/#primaryimage"},"image":{"@id":"https:\/\/serversmtp.com\/es\/autenticacion-smtp\/#primaryimage"},"thumbnailUrl":"https:\/\/serversmtp.com\/wp-content\/uploads\/2018\/04\/configuracion-servidor-smtp.gif","datePublished":"2024-09-10T13:22:11+00:00","dateModified":"2025-10-22T12:12:13+00:00","description":"Configurar la Autenticaci\u00f3n SMTP. Proteger los Correos Electr\u00f3nicos contra el Spam y los Ataques Inform\u00e1ticos. Protocolos de Seguridad Recomendados","breadcrumb":{"@id":"https:\/\/serversmtp.com\/es\/autenticacion-smtp\/#breadcrumb"},"inLanguage":"es","potentialAction":[{"@type":"ReadAction","target":["https:\/\/serversmtp.com\/es\/autenticacion-smtp\/"]}]},{"@type":"ImageObject","inLanguage":"es","@id":"https:\/\/serversmtp.com\/es\/autenticacion-smtp\/#primaryimage","url":"https:\/\/serversmtp.com\/wp-content\/uploads\/2018\/04\/configuracion-servidor-smtp.gif","contentUrl":"https:\/\/serversmtp.com\/wp-content\/uploads\/2018\/04\/configuracion-servidor-smtp.gif"},{"@type":"BreadcrumbList","@id":"https:\/\/serversmtp.com\/es\/autenticacion-smtp\/#breadcrumb","itemListElement":[{"@type":"ListItem","position":1,"name":"Home","item":"https:\/\/serversmtp.com\/es\/"},{"@type":"ListItem","position":2,"name":"Autenticaci\u00f3n SMTP"}]},{"@type":"WebSite","@id":"https:\/\/serversmtp.com\/#website","url":"https:\/\/serversmtp.com\/","name":"smtp mail server - professional SMTP service provider","description":"smtp mail server - professional SMTP service provider","publisher":{"@id":"https:\/\/serversmtp.com\/#organization"},"potentialAction":[{"@type":"SearchAction","target":{"@type":"EntryPoint","urlTemplate":"https:\/\/serversmtp.com\/?s={search_term_string}"},"query-input":{"@type":"PropertyValueSpecification","valueRequired":true,"valueName":"search_term_string"}}],"inLanguage":"es"},{"@type":"Organization","@id":"https:\/\/serversmtp.com\/#organization","name":"Delivery Tech","url":"https:\/\/serversmtp.com\/","logo":{"@type":"ImageObject","inLanguage":"es","@id":"https:\/\/serversmtp.com\/#\/schema\/logo\/image\/","url":"https:\/\/serversmtp.com\/wp-content\/uploads\/2021\/11\/og-image-2.jpg","contentUrl":"https:\/\/serversmtp.com\/wp-content\/uploads\/2021\/11\/og-image-2.jpg","width":1200,"height":1128,"caption":"Delivery Tech"},"image":{"@id":"https:\/\/serversmtp.com\/#\/schema\/logo\/image\/"}}]}},"_links":{"self":[{"href":"https:\/\/serversmtp.com\/es\/wp-json\/wp\/v2\/pages\/20684"}],"collection":[{"href":"https:\/\/serversmtp.com\/es\/wp-json\/wp\/v2\/pages"}],"about":[{"href":"https:\/\/serversmtp.com\/es\/wp-json\/wp\/v2\/types\/page"}],"author":[{"embeddable":true,"href":"https:\/\/serversmtp.com\/es\/wp-json\/wp\/v2\/users\/8"}],"replies":[{"embeddable":true,"href":"https:\/\/serversmtp.com\/es\/wp-json\/wp\/v2\/comments?post=20684"}],"version-history":[{"count":3,"href":"https:\/\/serversmtp.com\/es\/wp-json\/wp\/v2\/pages\/20684\/revisions"}],"predecessor-version":[{"id":22528,"href":"https:\/\/serversmtp.com\/es\/wp-json\/wp\/v2\/pages\/20684\/revisions\/22528"}],"wp:attachment":[{"href":"https:\/\/serversmtp.com\/es\/wp-json\/wp\/v2\/media?parent=20684"}],"curies":[{"name":"wp","href":"https:\/\/api.w.org\/{rel}","templated":true}]}}