{"id":20678,"date":"2024-09-10T14:43:39","date_gmt":"2024-09-10T12:43:39","guid":{"rendered":"https:\/\/serversmtp.com\/?page_id=20678"},"modified":"2024-09-10T14:43:39","modified_gmt":"2024-09-10T12:43:39","slug":"dkim-y-autenticacion","status":"publish","type":"page","link":"https:\/\/serversmtp.com\/es\/dkim-y-autenticacion\/","title":{"rendered":"DKIM y Autenticaci\u00f3n"},"content":{"rendered":"<p>DKIM (acr\u00f3nimo de DomainKeys Identified Mail) es un m\u00e9todo utilizado para <strong>evitar que las personas falsifiquen su identidad<\/strong> a trav\u00e9s del correo electr\u00f3nico. <\/p>\n<p>Analizando la parte del dominio de la direcci\u00f3n de env\u00edo (@dominio.com), el sistema DKIM verifica si el mensaje proviene de la fuente declarada o no. En pocas palabras, se trata de un <strong>servicio de autenticaci\u00f3n de correo electr\u00f3nico<\/strong>.<\/p>\n<p>La verificaci\u00f3n DKIM (que se implementa en el DNS de tu sitio) es extremadamente \u00fatil: lamentablemente, el correo electr\u00f3nico es un medio bastante sencillo de falsificar. Seguramente has recibido muchos mensajes que pretend\u00edan provenir de tu banco o de Correos Italianos, cuando en realidad eran solo intentos de phishing, estafas o spam.<\/p>\n<p>Con DKIM, en cambio, <strong>el remitente obtiene una firma digital que garantiza su identidad<\/strong> y evita que su correo electr\u00f3nico sea atrapado por los filtros de spam. De esta manera, es posible limitar los da\u00f1os del phishing, <strong>incrementar la entregabilidad<\/strong> de los correos electr\u00f3nicos leg\u00edtimos y, sobre todo, aumentar la confianza general en esta forma de comunicaci\u00f3n.<\/p>\n<p><strong><a href=\"https:\/\/serversmtp.com\/es\/tsmtpregistration1.php\" title=\"Servidor SMTP profesional\">TurboSMTP<\/a> ofrece un proceso de autenticaci\u00f3n por defecto<\/strong> a trav\u00e9s de sus servidores, y un registro espec\u00edfico para a\u00f1adir a la configuraci\u00f3n DNS del sitio para aumentar a\u00fan m\u00e1s la tasa de entrega de los correos electr\u00f3nicos.<\/p>\n","protected":false},"excerpt":{"rendered":"<p>DKIM (acr\u00f3nimo de DomainKeys Identified Mail) es un m\u00e9todo utilizado para evitar que las personas falsifiquen su identidad a trav\u00e9s del correo electr\u00f3nico. Analizando la parte del dominio de la direcci\u00f3n de env\u00edo (@dominio.com), el sistema DKIM verifica si el mensaje proviene de la fuente declarada o no. En pocas palabras, se trata de un &#8230; <\/p>\n<p class=\"read-more-container\"><a title=\"DKIM y Autenticaci\u00f3n\" class=\"read-more button\" href=\"https:\/\/serversmtp.com\/es\/dkim-y-autenticacion\/#more-20678\" aria-label=\"Leer m\u00e1s sobre DKIM y Autenticaci\u00f3n\">Discover more<\/a><\/p>\n","protected":false},"author":8,"featured_media":0,"parent":0,"menu_order":0,"comment_status":"closed","ping_status":"closed","template":"","meta":{"_eb_attr":"","inline_featured_image":false,"_monsterinsights_skip_tracking":false,"_monsterinsights_sitenote_active":false,"_monsterinsights_sitenote_note":"","_monsterinsights_sitenote_category":0,"footnotes":""},"class_list":["post-20678","page","type-page","status-publish"],"yoast_head":"<!-- This site is optimized with the Yoast SEO plugin v25.3.1 - https:\/\/yoast.com\/wordpress\/plugins\/seo\/ -->\n<title>DKIM y Autenticaci\u00f3n: c\u00f3mo evitar la falsificaci\u00f3n de identidad en emails<\/title>\n<meta name=\"description\" content=\"C\u00f3mo DKIM Ayuda a Prevenir la Falsificaci\u00f3n de Identidad en los Correos Electr\u00f3nicos. Implementar Verificaci\u00f3n DKIM. Aumentar entregabilidad y confianza en tus comunicaciones.\" \/>\n<meta name=\"robots\" content=\"index, follow, max-snippet:-1, max-image-preview:large, max-video-preview:-1\" \/>\n<link rel=\"canonical\" href=\"https:\/\/serversmtp.com\/es\/dkim-y-autenticacion\/\" \/>\n<!-- \/ Yoast SEO plugin. -->","yoast_head_json":{"title":"DKIM y Autenticaci\u00f3n: c\u00f3mo evitar la falsificaci\u00f3n de identidad en emails","description":"C\u00f3mo DKIM Ayuda a Prevenir la Falsificaci\u00f3n de Identidad en los Correos Electr\u00f3nicos. Implementar Verificaci\u00f3n DKIM. Aumentar entregabilidad y confianza en tus comunicaciones.","robots":{"index":"index","follow":"follow","max-snippet":"max-snippet:-1","max-image-preview":"max-image-preview:large","max-video-preview":"max-video-preview:-1"},"canonical":"https:\/\/serversmtp.com\/es\/dkim-y-autenticacion\/","schema":{"@context":"https:\/\/schema.org","@graph":[{"@type":"WebPage","@id":"https:\/\/serversmtp.com\/es\/dkim-y-autenticacion\/","url":"https:\/\/serversmtp.com\/es\/dkim-y-autenticacion\/","name":"DKIM y Autenticaci\u00f3n: c\u00f3mo evitar la falsificaci\u00f3n de identidad en emails","isPartOf":{"@id":"https:\/\/serversmtp.com\/it\/#website"},"datePublished":"2024-09-10T12:43:39+00:00","description":"C\u00f3mo DKIM Ayuda a Prevenir la Falsificaci\u00f3n de Identidad en los Correos Electr\u00f3nicos. Implementar Verificaci\u00f3n DKIM. Aumentar entregabilidad y confianza en tus comunicaciones.","breadcrumb":{"@id":"https:\/\/serversmtp.com\/es\/dkim-y-autenticacion\/#breadcrumb"},"inLanguage":"es","potentialAction":[{"@type":"ReadAction","target":["https:\/\/serversmtp.com\/es\/dkim-y-autenticacion\/"]}]},{"@type":"BreadcrumbList","@id":"https:\/\/serversmtp.com\/es\/dkim-y-autenticacion\/#breadcrumb","itemListElement":[{"@type":"ListItem","position":1,"name":"Home","item":"https:\/\/serversmtp.com\/es\/"},{"@type":"ListItem","position":2,"name":"DKIM y Autenticaci\u00f3n"}]},{"@type":"WebSite","@id":"https:\/\/serversmtp.com\/it\/#website","url":"https:\/\/serversmtp.com\/it\/","name":"smtp mail server - professional SMTP service provider","description":"smtp mail server - professional SMTP service provider","publisher":{"@id":"https:\/\/serversmtp.com\/it\/#organization"},"potentialAction":[{"@type":"SearchAction","target":{"@type":"EntryPoint","urlTemplate":"https:\/\/serversmtp.com\/it\/?s={search_term_string}"},"query-input":{"@type":"PropertyValueSpecification","valueRequired":true,"valueName":"search_term_string"}}],"inLanguage":"es"},{"@type":"Organization","@id":"https:\/\/serversmtp.com\/it\/#organization","name":"Delivery Tech","url":"https:\/\/serversmtp.com\/it\/","logo":{"@type":"ImageObject","inLanguage":"es","@id":"https:\/\/serversmtp.com\/it\/#\/schema\/logo\/image\/","url":"https:\/\/serversmtp.com\/wp-content\/uploads\/2021\/11\/og-image-2.jpg","contentUrl":"https:\/\/serversmtp.com\/wp-content\/uploads\/2021\/11\/og-image-2.jpg","width":1200,"height":1128,"caption":"Delivery Tech"},"image":{"@id":"https:\/\/serversmtp.com\/it\/#\/schema\/logo\/image\/"}}]}},"_links":{"self":[{"href":"https:\/\/serversmtp.com\/es\/wp-json\/wp\/v2\/pages\/20678"}],"collection":[{"href":"https:\/\/serversmtp.com\/es\/wp-json\/wp\/v2\/pages"}],"about":[{"href":"https:\/\/serversmtp.com\/es\/wp-json\/wp\/v2\/types\/page"}],"author":[{"embeddable":true,"href":"https:\/\/serversmtp.com\/es\/wp-json\/wp\/v2\/users\/8"}],"replies":[{"embeddable":true,"href":"https:\/\/serversmtp.com\/es\/wp-json\/wp\/v2\/comments?post=20678"}],"version-history":[{"count":1,"href":"https:\/\/serversmtp.com\/es\/wp-json\/wp\/v2\/pages\/20678\/revisions"}],"predecessor-version":[{"id":20679,"href":"https:\/\/serversmtp.com\/es\/wp-json\/wp\/v2\/pages\/20678\/revisions\/20679"}],"wp:attachment":[{"href":"https:\/\/serversmtp.com\/es\/wp-json\/wp\/v2\/media?parent=20678"}],"curies":[{"name":"wp","href":"https:\/\/api.w.org\/{rel}","templated":true}]}}