{"id":20672,"date":"2024-09-10T11:52:14","date_gmt":"2024-09-10T09:52:14","guid":{"rendered":"https:\/\/serversmtp.com\/?page_id=20672"},"modified":"2024-09-10T11:52:14","modified_gmt":"2024-09-10T09:52:14","slug":"ssl-tls-y-smtp","status":"publish","type":"page","link":"https:\/\/serversmtp.com\/es\/ssl-tls-y-smtp\/","title":{"rendered":"SSL\/TLS y SMTP"},"content":{"rendered":"<p>El <a href=\"https:\/\/serversmtp.com\/es\/protocolo-smtp\/\" title=\"SMTP: qu\u00e9 es y c\u00f3mo funciona\">protocolo SMTP<\/a> sigue siendo hoy en d\u00eda el encargado del env\u00edo y la entrega de correos electr\u00f3nicos. Sin embargo, el <em>Simple Mail Transfer Protocol<\/em> (de ah\u00ed el acr\u00f3nimo SMTP) naci\u00f3 sin un sistema de seguridad nativo. Esto significa que los correos electr\u00f3nicos pueden estar expuestos a posibles peligros durante el proceso de entrega, haci\u00e9ndolos vulnerables a ataques fraudulentos.<\/p>\n<p>Por eso <strong>te recomendamos configurar un SMTP seguro con un protocolo de cifrado<\/strong>; los m\u00e1s populares son SSL (Secure Socket Layer) y TLS (Transport Layer Security). B\u00e1sicamente, un servidor SMTP con SSL\/TLS establece una conexi\u00f3n con el servidor receptor transmitiendo \u00fanicamente informaci\u00f3n cifrada, lo que dificulta mucho que otros la intercepten.<\/p>\n<p><strong>Entonces, \u00bfc\u00f3mo configurar un SMTP con SSL\/TLS?<\/strong><\/p>\n<p>Es muy sencillo: solo debes abrir el panel de configuraci\u00f3n de tu cliente de correo y seleccionar \u00abUsar SSL\/TLS\u00bb en el campo \u00abSeguridad de la conexi\u00f3n\u00bb. Tambi\u00e9n recuerda configurar el puerto SMTP SSL correcto para la transmisi\u00f3n de correos electr\u00f3nicos, que normalmente es el puerto 465.<\/p>\n<p><img decoding=\"async\" class=\"aligncenter wp-image-755 size-full\" src=\"https:\/\/serversmtp.com\/wp-content\/uploads\/2018\/03\/secure-smtp-settings.png\" alt=\"\u00bfC\u00f3mo configurar un SMTP con SSL\/TLS?\" width=\"338\" height=\"314\" srcset=\"https:\/\/serversmtp.com\/wp-content\/uploads\/2018\/03\/secure-smtp-settings.png 338w, https:\/\/serversmtp.com\/wp-content\/uploads\/2018\/03\/secure-smtp-settings-300x279.png 300w, https:\/\/serversmtp.com\/wp-content\/uploads\/2018\/03\/secure-smtp-settings-320x297.png 320w, https:\/\/serversmtp.com\/wp-content\/uploads\/2018\/03\/secure-smtp-settings-239x222.png 239w\" sizes=\"(max-width: 338px) 100vw, 338px\" \/><\/p>\n<p>Si deseas asegurar una entrega m\u00e1s r\u00e1pida y a\u00fan m\u00e1s confiable de todos tus correos electr\u00f3nicos, conf\u00eda en un servicio SMTP profesional.<\/p>\n<p><strong><a href=\"https:\/\/serversmtp.com\/es\/\" title=\"Servidor SMTP profesional\">Con turboSMTP puedes enviar 6.000 correos electr\u00f3nicos al mes de forma gratuita<\/a><\/strong>, para siempre, y luego cambiar a un plan superior si necesitas enviar m\u00e1s.<\/p>\n","protected":false},"excerpt":{"rendered":"<p>El protocolo SMTP sigue siendo hoy en d\u00eda el encargado del env\u00edo y la entrega de correos electr\u00f3nicos. Sin embargo, el Simple Mail Transfer Protocol (de ah\u00ed el acr\u00f3nimo SMTP) naci\u00f3 sin un sistema de seguridad nativo. Esto significa que los correos electr\u00f3nicos pueden estar expuestos a posibles peligros durante el proceso de entrega, haci\u00e9ndolos &#8230; <\/p>\n<p class=\"read-more-container\"><a title=\"SSL\/TLS y SMTP\" class=\"read-more button\" href=\"https:\/\/serversmtp.com\/es\/ssl-tls-y-smtp\/#more-20672\" aria-label=\"Leer m\u00e1s sobre SSL\/TLS y SMTP\">Discover more<\/a><\/p>\n","protected":false},"author":8,"featured_media":0,"parent":0,"menu_order":0,"comment_status":"closed","ping_status":"closed","template":"g1_template_page_sidebar_right.php","meta":{"_eb_attr":"","inline_featured_image":false,"_monsterinsights_skip_tracking":false,"_monsterinsights_sitenote_active":false,"_monsterinsights_sitenote_note":"","_monsterinsights_sitenote_category":0,"footnotes":""},"class_list":["post-20672","page","type-page","status-publish"],"yoast_head":"<!-- This site is optimized with the Yoast SEO plugin v25.3.1 - https:\/\/yoast.com\/wordpress\/plugins\/seo\/ -->\n<title>SSL\/TLS y SMTP: configura un SMTP con un protocolo de cifrado<\/title>\n<meta name=\"description\" content=\"C\u00f3mo Configurar un SMTP con un Protocolo SSL\/TLS. Protocolo de Cifrado para Proteger los Correos Electr\u00f3nicos de Ataques de Hackers. &gt;&gt; \u00a1Descubre m\u00e1s en el art\u00edculo!\" \/>\n<meta name=\"robots\" content=\"index, follow, max-snippet:-1, max-image-preview:large, max-video-preview:-1\" \/>\n<link rel=\"canonical\" href=\"https:\/\/serversmtp.com\/es\/ssl-tls-y-smtp\/\" \/>\n<!-- \/ Yoast SEO plugin. -->","yoast_head_json":{"title":"SSL\/TLS y SMTP: configura un SMTP con un protocolo de cifrado","description":"C\u00f3mo Configurar un SMTP con un Protocolo SSL\/TLS. Protocolo de Cifrado para Proteger los Correos Electr\u00f3nicos de Ataques de Hackers. >> \u00a1Descubre m\u00e1s en el art\u00edculo!","robots":{"index":"index","follow":"follow","max-snippet":"max-snippet:-1","max-image-preview":"max-image-preview:large","max-video-preview":"max-video-preview:-1"},"canonical":"https:\/\/serversmtp.com\/es\/ssl-tls-y-smtp\/","schema":{"@context":"https:\/\/schema.org","@graph":[{"@type":"WebPage","@id":"https:\/\/serversmtp.com\/es\/ssl-tls-y-smtp\/","url":"https:\/\/serversmtp.com\/es\/ssl-tls-y-smtp\/","name":"SSL\/TLS y SMTP: configura un SMTP con un protocolo de cifrado","isPartOf":{"@id":"https:\/\/serversmtp.com\/de\/#website"},"primaryImageOfPage":{"@id":"https:\/\/serversmtp.com\/es\/ssl-tls-y-smtp\/#primaryimage"},"image":{"@id":"https:\/\/serversmtp.com\/es\/ssl-tls-y-smtp\/#primaryimage"},"thumbnailUrl":"https:\/\/serversmtp.com\/wp-content\/uploads\/2018\/03\/secure-smtp-settings.png","datePublished":"2024-09-10T09:52:14+00:00","description":"C\u00f3mo Configurar un SMTP con un Protocolo SSL\/TLS. Protocolo de Cifrado para Proteger los Correos Electr\u00f3nicos de Ataques de Hackers. >> \u00a1Descubre m\u00e1s en el art\u00edculo!","breadcrumb":{"@id":"https:\/\/serversmtp.com\/es\/ssl-tls-y-smtp\/#breadcrumb"},"inLanguage":"es","potentialAction":[{"@type":"ReadAction","target":["https:\/\/serversmtp.com\/es\/ssl-tls-y-smtp\/"]}]},{"@type":"ImageObject","inLanguage":"es","@id":"https:\/\/serversmtp.com\/es\/ssl-tls-y-smtp\/#primaryimage","url":"https:\/\/serversmtp.com\/wp-content\/uploads\/2018\/03\/secure-smtp-settings.png","contentUrl":"https:\/\/serversmtp.com\/wp-content\/uploads\/2018\/03\/secure-smtp-settings.png"},{"@type":"BreadcrumbList","@id":"https:\/\/serversmtp.com\/es\/ssl-tls-y-smtp\/#breadcrumb","itemListElement":[{"@type":"ListItem","position":1,"name":"Home","item":"https:\/\/serversmtp.com\/es\/"},{"@type":"ListItem","position":2,"name":"SSL\/TLS y SMTP"}]},{"@type":"WebSite","@id":"https:\/\/serversmtp.com\/de\/#website","url":"https:\/\/serversmtp.com\/de\/","name":"smtp mail server - professional SMTP service provider","description":"smtp mail server - professional SMTP service provider","publisher":{"@id":"https:\/\/serversmtp.com\/de\/#organization"},"potentialAction":[{"@type":"SearchAction","target":{"@type":"EntryPoint","urlTemplate":"https:\/\/serversmtp.com\/de\/?s={search_term_string}"},"query-input":{"@type":"PropertyValueSpecification","valueRequired":true,"valueName":"search_term_string"}}],"inLanguage":"es"},{"@type":"Organization","@id":"https:\/\/serversmtp.com\/de\/#organization","name":"Delivery Tech","url":"https:\/\/serversmtp.com\/de\/","logo":{"@type":"ImageObject","inLanguage":"es","@id":"https:\/\/serversmtp.com\/de\/#\/schema\/logo\/image\/","url":"https:\/\/serversmtp.com\/wp-content\/uploads\/2021\/11\/og-image-2.jpg","contentUrl":"https:\/\/serversmtp.com\/wp-content\/uploads\/2021\/11\/og-image-2.jpg","width":1200,"height":1128,"caption":"Delivery Tech"},"image":{"@id":"https:\/\/serversmtp.com\/de\/#\/schema\/logo\/image\/"}}]}},"_links":{"self":[{"href":"https:\/\/serversmtp.com\/es\/wp-json\/wp\/v2\/pages\/20672"}],"collection":[{"href":"https:\/\/serversmtp.com\/es\/wp-json\/wp\/v2\/pages"}],"about":[{"href":"https:\/\/serversmtp.com\/es\/wp-json\/wp\/v2\/types\/page"}],"author":[{"embeddable":true,"href":"https:\/\/serversmtp.com\/es\/wp-json\/wp\/v2\/users\/8"}],"replies":[{"embeddable":true,"href":"https:\/\/serversmtp.com\/es\/wp-json\/wp\/v2\/comments?post=20672"}],"version-history":[{"count":1,"href":"https:\/\/serversmtp.com\/es\/wp-json\/wp\/v2\/pages\/20672\/revisions"}],"predecessor-version":[{"id":20673,"href":"https:\/\/serversmtp.com\/es\/wp-json\/wp\/v2\/pages\/20672\/revisions\/20673"}],"wp:attachment":[{"href":"https:\/\/serversmtp.com\/es\/wp-json\/wp\/v2\/media?parent=20672"}],"curies":[{"name":"wp","href":"https:\/\/api.w.org\/{rel}","templated":true}]}}