{"id":19656,"date":"2024-03-14T13:28:43","date_gmt":"2024-03-14T12:28:43","guid":{"rendered":"https:\/\/serversmtp.com\/?page_id=19656"},"modified":"2024-03-14T13:28:45","modified_gmt":"2024-03-14T12:28:45","slug":"navegando-por-los-nuevos-requisitos-de-remitente-de-gmail-y-yahoo-consejos-para-asegurar-la-entrega-de-correos","status":"publish","type":"page","link":"https:\/\/serversmtp.com\/es\/navegando-por-los-nuevos-requisitos-de-remitente-de-gmail-y-yahoo-consejos-para-asegurar-la-entrega-de-correos\/","title":{"rendered":"Navegando por los Nuevos Requisitos de Remitente de Gmail y Yahoo: Consejos para Asegurar la Entrega de Correos"},"content":{"rendered":"\n<style>\nul.spaced-list li {\n   margin-bottom: 15px;\n}\na.validator-chat-btn {\n    border: none;\n    border-radius: 5px;\n    padding: 10px 15px;\n    margin: 0px;\n    font-size: 14px;\n    text-align: center;\n    font-weight: 700;\n    color: #fff;\n    background-color: rgb(255, 153, 0);\n    display: inline-block;\n}\na.validator-chat-btn:hover {\n    color: #fff;\n    background-color: rgb(255, 165, 0);\n}\n.form-control {\n    display: block!important;\n    width: 100%!important;\n    padding: 0.375rem 0.75rem!important;\n    font-size: 1rem!important;\n    line-height: 2!important;\n    color: #495057!important;\n    background-color: #fff!important;\n    background-clip: padding-box!important;\n    border: 1px solid #ced4da!important;\n    border-radius: 0.25rem!important;\n    transition: border-color .15s ease-in-out,box-shadow .15s ease-in-out!important;\n}\n.form-control:focus {\n    color: #495057!important;\n    background-color: #fff!important;\n    border-color: #80bdff!important;\n    outline: 0!important;\n    box-shadow: 0 0 0 0.2rem rgba(0,123,255,.25)!important;\n}\n.btn {\n   border-radius: 0.25rem!important;\n   background-color: #007bff!important;\n}\n.btn:hover {\n   background-color: #0069d9!important;\n}\n.form-group {\n    margin-bottom: 20px;\n}\ndiv#result {\n    font-size: 0.8em;\n    margin-bottom: 20px;\n}\nsmall.text-right {\n    text-align: right;\n    display: block;\n}\n.loader {\nwidth: 48px;\nheight: 48px;\nborder: 5px solid #007bff;\nborder-bottom-color: transparent;\nborder-radius: 50%;\ndisplay: inline-block;\nbox-sizing: border-box;\nanimation: rotation 1s linear infinite;\n}\n\n@keyframes rotation {\n0% {\ntransform: rotate(0deg);\n}\n100% {\ntransform: rotate(360deg);\n}\n} \n\n.sidebar .textwidget h2 a {\n    color: var(--accent) !important;\n}\n<\/style>\n\n\n<div class=\"gb-container gb-container-d77c047a\">\n\n<figure class=\"wp-block-embed is-type-video is-provider-youtube wp-block-embed-youtube wp-embed-aspect-16-9 wp-has-aspect-ratio\"><div class=\"wp-block-embed__wrapper\">\n<div class=\"epyt-video-wrapper\"><div  id=\"_ytid_59889\"  width=\"1200\" height=\"675\"  data-origwidth=\"1200\" data-origheight=\"675\"  data-relstop=\"1\" data-facadesrc=\"https:\/\/www.youtube-nocookie.com\/embed\/5QRBKeODNeo?autoplay=1&#038;cc_load_policy=0&#038;cc_lang_pref=&#038;iv_load_policy=1&#038;loop=0&#038;rel=0&#038;fs=1&#038;playsinline=0&#038;autohide=2&#038;theme=dark&#038;color=red&#038;controls=0&#038;\" class=\"__youtube_prefs__ epyt-facade epyt-is-override  no-lazyload\" data-epautoplay=\"1\" ><img decoding=\"async\" width=\"480\" height=\"360\" data-spai-excluded=\"true\" class=\"epyt-facade-poster skip-lazy\" loading=\"lazy\"  alt=\"YouTube player\"  src=\"https:\/\/i.ytimg.com\/vi\/5QRBKeODNeo\/hqdefault.jpg\"  \/><button class=\"epyt-facade-play\" aria-label=\"Play\"><svg data-no-lazy=\"1\" height=\"100%\" version=\"1.1\" viewBox=\"0 0 68 48\" width=\"100%\"><path class=\"ytp-large-play-button-bg\" d=\"M66.52,7.74c-0.78-2.93-2.49-5.41-5.42-6.19C55.79,.13,34,0,34,0S12.21,.13,6.9,1.55 C3.97,2.33,2.27,4.81,1.48,7.74C0.06,13.05,0,24,0,24s0.06,10.95,1.48,16.26c0.78,2.93,2.49,5.41,5.42,6.19 C12.21,47.87,34,48,34,48s21.79-0.13,27.1-1.55c2.93-0.78,4.64-3.26,5.42-6.19C67.94,34.95,68,24,68,24S67.94,13.05,66.52,7.74z\" fill=\"#f00\"><\/path><path d=\"M 45,24 27,14 27,34\" fill=\"#fff\"><\/path><\/svg><\/button><\/div><\/div>\n<\/div><\/figure>\n\n<\/div>\n\n<div class=\"gb-container gb-container-83c8c060\">\n\n<p>A partir de febrero de 2024, Google y Yahoo introducir\u00e1n nuevas reglas de correo para mitigar el spam directo hacia buzones como @gmail.com, buzones de trabajo y escolares en Workspace, @googlemail.com, @yahoo.it y @yahoo.com.<\/p>\n\n\n\n<p>Para Google, las nuevas reglas involucrar\u00e1n a todos los remitentes, con requisitos especialmente estrictos para aquellos que superen los 5,000 correos electr\u00f3nicos por d\u00eda. Yahoo seguir\u00e1 pautas similares sin especificar l\u00edmites de volumen.<\/p>\n\n\n\n<p>Gmail y Yahoo! est\u00e1n fortaleciendo sus defensas contra spammers y actores maliciosos en la batalla constante para proteger las bandejas de entrada de los usuarios. Marcel Becker, Director Sr de Gesti\u00f3n de Productos en Yahoo!, enfatiza la misi\u00f3n de entregar mensajes deseados mientras se filtran los no deseados.<\/p>\n\n\n<div class=\"gb-container gb-container-3fc2398a\">\n\n<a class=\"gb-button gb-button-dc21e8f1 gb-button-text\" href=\"#validation-form\">Comprueba si tu dominio est\u00e1 autenticado<\/a>\n\n<\/div>\n<\/div>\n\n<div class=\"gb-container gb-container-85c02218\">\n\n<h2 class=\"gb-headline gb-headline-ecadb585 gb-headline-text\">Imponiendo Mejores Pr\u00e1cticas: Un An\u00e1lisis M\u00e1s Profundo<\/h2>\n\n\n\n<p> Mientras ambos proveedores se preparan para medidas m\u00e1s estrictas para febrero de 2024, analicemos los detalles de los requisitos y comprendamos qu\u00e9 implica el cumplimiento.<\/p>\n\n\n\n<h3 class=\"gb-headline gb-headline-a8203911 gb-headline-text\">Las Mejores Pr\u00e1cticas Conocidas se Convierten en Requisitos<\/h3>\n\n\n\n<p>\u00bfLa buena noticia? Los requisitos enumerados no son nuevos; desde hace tiempo se reconocen como las mejores pr\u00e1cticas en el dominio del correo electr\u00f3nico, como destaca las Mejores Pr\u00e1cticas Comunes de M3AAWG. Gmail y Yahoo! ahora est\u00e1n cristalizando estas pr\u00e1cticas en requisitos exigibles.<\/p>\n\n\n\n<ul class=\"spaced-list wp-block-list\">\n<li><strong>Configura la autenticaci\u00f3n de correo SPF y DKIM para tu dominio.<\/strong><br>Qu\u00e9 significa: Estos m\u00e9todos fundamentales de autenticaci\u00f3n de correo, SPF y DKIM, aseguran tu dominio de env\u00edo. Si a\u00fan necesitas configurarlos, sigue el proceso de autenticaci\u00f3n de dominio.<\/li>\n\n\n\n<li><strong>Mant\u00e9n las tasas de spam reportadas en Herramientas para Administradores de Correo por debajo del 0.3%.<\/strong><br>Qu\u00e9 significa: Mant\u00e9n las tasas de quejas por spam por debajo del 0.3% en Google Postmaster. Reg\u00edstrate en Herramientas para Administradores de Correo para monitorear y mejorar tus tasas de quejas.<\/li>\n\n\n\n<li><strong>Evita imitar los encabezados &#8220;De:&#8221; de Gmail.<\/strong><br>Abstente de imitar un encabezado &#8220;De:&#8221; de Gmail. En esencia, evita enviar correos desde direcciones como &#8220;<em>ejemplo@gmail.com<\/em>&#8220;.<\/li>\n\n\n\n<li><strong>Configura la autenticaci\u00f3n de correo DMARC para tu dominio de env\u00edo.<\/strong><br>Qu\u00e9 significa: DMARC se basa en SPF y DKIM, comunicando pol\u00edticas a los proveedores de buzones. Si te falta un registro DMARC, a\u00f1ade uno a tu DNS. Aprende m\u00e1s sobre DMARC.<\/li>\n\n\n\n<li><strong>Asegura la Consistencia en tu Encabezado &#8220;De:&#8221; y Dominio de Env\u00edo<\/strong><br>Para los remitentes masivos, tener un dominio de env\u00edo dedicado es ahora una necesidad; los dominios compartidos ya no son permitidos. Es crucial que el dominio visible en el encabezado &#8220;<em>De:<\/em>&#8220;, el identificador amigable visto por tus suscriptores, se alinee sin problemas con tu dominio de env\u00edo dedicado. Esta alineaci\u00f3n es esencial para cumplir con los est\u00e1ndares de DMARC y aplica tanto para correos de marketing como transaccionales. En resumen, la opci\u00f3n &#8220;<em>autenticaci\u00f3n de configuraci\u00f3n deshabilitada<\/em>&#8221; no es adecuada para aquellos que env\u00edan m\u00e1s de 5000 correos electr\u00f3nicos por d\u00eda. Adem\u00e1s, es imperativo utilizar tu propio dominio autenticado.<\/li>\n\n\n\n<li><strong>Simplifica el proceso de desuscripci\u00f3n.<\/strong><br>Incorpora un enlace de desuscripci\u00f3n en el cuerpo del mensaje, incluso si no requiere solo un clic. Una experiencia de desuscripci\u00f3n sin problemas es crucial. La dificultad para desuscribirse puede llevar a los destinatarios a marcar tus correos como spam, poniendo en peligro tu reputaci\u00f3n de entregabilidad.<\/li>\n<\/ul>\n\n\n\n<h3 class=\"gb-headline gb-headline-71bbbc71 gb-headline-text\">Asistencia T\u00e9cnica para el Cumplimiento<\/h3>\n\n\n\n<p>Si la lista parece abrumadora, nuestro equipo de Servicios Profesionales est\u00e1 listo para ayudar. Cont\u00e1ctanos para navegar la autenticaci\u00f3n de dominio, alineaci\u00f3n, DMARC y niveles de quejas, asegurando la preparaci\u00f3n mucho antes de la fecha l\u00edmite de febrero de 2024.<\/p>\n\n\n\n<p>En el panorama cambiante de la seguridad del correo electr\u00f3nico, adaptarse a estos requisitos no es solo cumplir con ellos, es una inversi\u00f3n en una experiencia de bandeja de entrada m\u00e1s segura y enriquecida para todos.<\/p>\n\n\n<div class=\"gb-container gb-container-6131bb95\">\n\n<a class=\"gb-button gb-button-c7019b10 gb-button-text\" href=\"#validation-form\">Comprueba si tu dominio est\u00e1 autenticado<\/a>\n\n<\/div>\n<\/div>\n\n<div class=\"gb-container gb-container-e36cd7b8\" id=\"validation-form\">\n\n<h2 class=\"gb-headline gb-headline-2aad35b3 gb-headline-text\">Verificaci\u00f3n de Autenticaci\u00f3n de Dominio de Correo<\/h2>\n\n\n\n<script src=\"https:\/\/apiservices.edisplay.it\/emaildns\/js_form.js?lang=es\"><\/script>\n<style>\na.header_button {\n    color: var(--accent);\n}\nh1 {\n    font-size: 50px !important;\n    margin-bottom: 20px !important;\n    line-height: 1.2em !important;\n    font-weight: 400 !important;\n    text-transform: none !important;\n}\n.entry-content h2, .entry-content h3, .entry-content h4 {\n    margin-bottom: 20px;\n}\n.entry-content a:not(.gb-button, .btn) {\n    color: var(--accent) !important;\n}\n.container-fluid {\n    padding-right: 0px !important;\n    padding-left: 0px !important;\n} \nbody p, body  ul, body  ol {\n    font-family: -apple-system,system-ui,BlinkMacSystemFont,\"Segoe UI\",Helvetica,Arial,sans-serif,\"Apple Color Emoji\",\"Segoe UI Emoji\",\"Segoe UI Symbol\" !important;\n    font-weight: 400 !important;\n    text-transform: none !important;\n    font-size: 17px !important;\n    line-height: 1.5 !important;\n}\n#emaildns_ai_text .btn {\n    color: #fff;\n    margin-top: 8px;\n}\n#emaildns_ai_text h4 {\n    margin-top: 30px;\n}\n#emaildns_ai_text pre {\n    margin-top: 10px;\n}\n#emaildns_ai_text p {\n    font-size: 16px!important;\n}\n.jumbotron a.small.float-right.mr-2 {\n    display: none;\n}\n<\/style>\n\n<\/div>","protected":false},"excerpt":{"rendered":"<p>A partir de febrero de 2024, Google y Yahoo introducir\u00e1n nuevas reglas de correo para mitigar el spam directo hacia buzones como @gmail.com, buzones de trabajo y escolares en Workspace, @googlemail.com, @yahoo.it y @yahoo.com. Para Google, las nuevas reglas involucrar\u00e1n a todos los remitentes, con requisitos especialmente estrictos para aquellos que superen los 5,000 correos &#8230; <\/p>\n<p class=\"read-more-container\"><a title=\"Navegando por los Nuevos Requisitos de Remitente de Gmail y Yahoo: Consejos para Asegurar la Entrega de Correos\" class=\"read-more button\" href=\"https:\/\/serversmtp.com\/es\/navegando-por-los-nuevos-requisitos-de-remitente-de-gmail-y-yahoo-consejos-para-asegurar-la-entrega-de-correos\/#more-19656\" aria-label=\"Leer m\u00e1s sobre Navegando por los Nuevos Requisitos de Remitente de Gmail y Yahoo: Consejos para Asegurar la Entrega de Correos\">Discover more<\/a><\/p>\n","protected":false},"author":8,"featured_media":18757,"parent":0,"menu_order":0,"comment_status":"closed","ping_status":"closed","template":"","meta":{"_eb_attr":"","inline_featured_image":false,"_monsterinsights_skip_tracking":false,"_monsterinsights_sitenote_active":false,"_monsterinsights_sitenote_note":"","_monsterinsights_sitenote_category":0,"footnotes":""},"class_list":["post-19656","page","type-page","status-publish","has-post-thumbnail"],"yoast_head":"<!-- This site is optimized with the Yoast SEO plugin v25.3.1 - https:\/\/yoast.com\/wordpress\/plugins\/seo\/ -->\n<title>Nuevos requisitos de env\u00edo de Gmail y Yahoo<\/title>\n<meta name=\"description\" content=\"Desde feb. 2024, Google y Yahoo lanzar\u00e1n reglas contra spam. Descubre c\u00f3mo asegurar la entrega de emails.\" \/>\n<meta name=\"robots\" content=\"index, follow, max-snippet:-1, max-image-preview:large, max-video-preview:-1\" \/>\n<link rel=\"canonical\" href=\"https:\/\/serversmtp.com\/es\/navegando-por-los-nuevos-requisitos-de-remitente-de-gmail-y-yahoo-consejos-para-asegurar-la-entrega-de-correos\/\" \/>\n<meta name=\"twitter:label1\" content=\"Tiempo de lectura\" \/>\n\t<meta name=\"twitter:data1\" content=\"3 minutos\" \/>\n<!-- \/ Yoast SEO plugin. -->","yoast_head_json":{"title":"Nuevos requisitos de env\u00edo de Gmail y Yahoo","description":"Desde feb. 2024, Google y Yahoo lanzar\u00e1n reglas contra spam. Descubre c\u00f3mo asegurar la entrega de emails.","robots":{"index":"index","follow":"follow","max-snippet":"max-snippet:-1","max-image-preview":"max-image-preview:large","max-video-preview":"max-video-preview:-1"},"canonical":"https:\/\/serversmtp.com\/es\/navegando-por-los-nuevos-requisitos-de-remitente-de-gmail-y-yahoo-consejos-para-asegurar-la-entrega-de-correos\/","twitter_misc":{"Tiempo de lectura":"3 minutos"},"schema":{"@context":"https:\/\/schema.org","@graph":[{"@type":"WebPage","@id":"https:\/\/serversmtp.com\/es\/navegando-por-los-nuevos-requisitos-de-remitente-de-gmail-y-yahoo-consejos-para-asegurar-la-entrega-de-correos\/","url":"https:\/\/serversmtp.com\/es\/navegando-por-los-nuevos-requisitos-de-remitente-de-gmail-y-yahoo-consejos-para-asegurar-la-entrega-de-correos\/","name":"Nuevos requisitos de env\u00edo de Gmail y Yahoo","isPartOf":{"@id":"https:\/\/serversmtp.com\/tr\/#website"},"primaryImageOfPage":{"@id":"https:\/\/serversmtp.com\/es\/navegando-por-los-nuevos-requisitos-de-remitente-de-gmail-y-yahoo-consejos-para-asegurar-la-entrega-de-correos\/#primaryimage"},"image":{"@id":"https:\/\/serversmtp.com\/es\/navegando-por-los-nuevos-requisitos-de-remitente-de-gmail-y-yahoo-consejos-para-asegurar-la-entrega-de-correos\/#primaryimage"},"thumbnailUrl":"https:\/\/serversmtp.com\/wp-content\/uploads\/2023\/12\/nuove-regole-google-yahoo-per-invio-email-nel-2024.png","datePublished":"2024-03-14T12:28:43+00:00","dateModified":"2024-03-14T12:28:45+00:00","description":"Desde feb. 2024, Google y Yahoo lanzar\u00e1n reglas contra spam. Descubre c\u00f3mo asegurar la entrega de emails.","breadcrumb":{"@id":"https:\/\/serversmtp.com\/es\/navegando-por-los-nuevos-requisitos-de-remitente-de-gmail-y-yahoo-consejos-para-asegurar-la-entrega-de-correos\/#breadcrumb"},"inLanguage":"es","potentialAction":[{"@type":"ReadAction","target":["https:\/\/serversmtp.com\/es\/navegando-por-los-nuevos-requisitos-de-remitente-de-gmail-y-yahoo-consejos-para-asegurar-la-entrega-de-correos\/"]}]},{"@type":"ImageObject","inLanguage":"es","@id":"https:\/\/serversmtp.com\/es\/navegando-por-los-nuevos-requisitos-de-remitente-de-gmail-y-yahoo-consejos-para-asegurar-la-entrega-de-correos\/#primaryimage","url":"https:\/\/serversmtp.com\/wp-content\/uploads\/2023\/12\/nuove-regole-google-yahoo-per-invio-email-nel-2024.png","contentUrl":"https:\/\/serversmtp.com\/wp-content\/uploads\/2023\/12\/nuove-regole-google-yahoo-per-invio-email-nel-2024.png","width":1280,"height":720},{"@type":"BreadcrumbList","@id":"https:\/\/serversmtp.com\/es\/navegando-por-los-nuevos-requisitos-de-remitente-de-gmail-y-yahoo-consejos-para-asegurar-la-entrega-de-correos\/#breadcrumb","itemListElement":[{"@type":"ListItem","position":1,"name":"Home","item":"https:\/\/serversmtp.com\/es\/"},{"@type":"ListItem","position":2,"name":"Navegando por los Nuevos Requisitos de Remitente de Gmail y Yahoo: Consejos para Asegurar la Entrega de Correos"}]},{"@type":"WebSite","@id":"https:\/\/serversmtp.com\/tr\/#website","url":"https:\/\/serversmtp.com\/tr\/","name":"smtp mail server - professional SMTP service provider","description":"smtp mail server - professional SMTP service provider","publisher":{"@id":"https:\/\/serversmtp.com\/tr\/#organization"},"potentialAction":[{"@type":"SearchAction","target":{"@type":"EntryPoint","urlTemplate":"https:\/\/serversmtp.com\/tr\/?s={search_term_string}"},"query-input":{"@type":"PropertyValueSpecification","valueRequired":true,"valueName":"search_term_string"}}],"inLanguage":"es"},{"@type":"Organization","@id":"https:\/\/serversmtp.com\/tr\/#organization","name":"Delivery Tech","url":"https:\/\/serversmtp.com\/tr\/","logo":{"@type":"ImageObject","inLanguage":"es","@id":"https:\/\/serversmtp.com\/tr\/#\/schema\/logo\/image\/","url":"https:\/\/serversmtp.com\/wp-content\/uploads\/2021\/11\/og-image-2.jpg","contentUrl":"https:\/\/serversmtp.com\/wp-content\/uploads\/2021\/11\/og-image-2.jpg","width":1200,"height":1128,"caption":"Delivery Tech"},"image":{"@id":"https:\/\/serversmtp.com\/tr\/#\/schema\/logo\/image\/"}}]}},"_links":{"self":[{"href":"https:\/\/serversmtp.com\/es\/wp-json\/wp\/v2\/pages\/19656"}],"collection":[{"href":"https:\/\/serversmtp.com\/es\/wp-json\/wp\/v2\/pages"}],"about":[{"href":"https:\/\/serversmtp.com\/es\/wp-json\/wp\/v2\/types\/page"}],"author":[{"embeddable":true,"href":"https:\/\/serversmtp.com\/es\/wp-json\/wp\/v2\/users\/8"}],"replies":[{"embeddable":true,"href":"https:\/\/serversmtp.com\/es\/wp-json\/wp\/v2\/comments?post=19656"}],"version-history":[{"count":1,"href":"https:\/\/serversmtp.com\/es\/wp-json\/wp\/v2\/pages\/19656\/revisions"}],"predecessor-version":[{"id":19657,"href":"https:\/\/serversmtp.com\/es\/wp-json\/wp\/v2\/pages\/19656\/revisions\/19657"}],"wp:featuredmedia":[{"embeddable":true,"href":"https:\/\/serversmtp.com\/es\/wp-json\/wp\/v2\/media\/18757"}],"wp:attachment":[{"href":"https:\/\/serversmtp.com\/es\/wp-json\/wp\/v2\/media?parent=19656"}],"curies":[{"name":"wp","href":"https:\/\/api.w.org\/{rel}","templated":true}]}}