{"id":19505,"date":"2024-02-07T11:42:53","date_gmt":"2024-02-07T10:42:53","guid":{"rendered":"https:\/\/serversmtp.com\/?page_id=19505"},"modified":"2024-03-26T09:37:19","modified_gmt":"2024-03-26T08:37:19","slug":"analisis-spf-dkim-dmarc-dns-gdpr","status":"publish","type":"page","link":"https:\/\/serversmtp.com\/es\/analisis-spf-dkim-dmarc-dns-gdpr\/","title":{"rendered":"An\u00e1lisis de Dominio Potenciado por IA: Eleve sus Par\u00e1metros de Correo Electr\u00f3nico con Informaci\u00f3n de SPF, DKIM, DMARC, DNS y GDPR"},"content":{"rendered":"<p><script src=\"https:\/\/apiservices.edisplay.it\/emaildns\/js_form.js?lang=es\"><\/script><\/p>\n<style>\na.header_button {\n    color: var(--accent);\n}\nh1 {\n    font-size: 50px !important;\n    margin-bottom: 20px !important;\n    line-height: 1.2em !important;\n    font-weight: 400 !important;\n    text-transform: none !important;\n}\n.entry-content h2, .entry-content h3, .entry-content h4 {\n    margin-bottom: 20px;\n}\n.entry-content a:not(.gb-button, .btn) {\n    color: var(--accent) !important;\n}\n.container-fluid {\n    padding-right: 0px !important;\n    padding-left: 0px !important;\n} \nbody p, body  ul, body  ol {\n    font-family: -apple-system,system-ui,BlinkMacSystemFont,\"Segoe UI\",Helvetica,Arial,sans-serif,\"Apple Color Emoji\",\"Segoe UI Emoji\",\"Segoe UI Symbol\" !important;\n    font-weight: 400 !important;\n    text-transform: none !important;\n    font-size: 17px !important;\n    line-height: 1.5 !important;\n}\n#emaildns_ai_text .btn {\n    color: #fff;\n    margin-top: 8px;\n}\n#emaildns_ai_text h4 {\n    margin-top: 30px;\n}\n#emaildns_ai_text pre {\n    margin-top: 10px;\n}\n#emaildns_ai_text p {\n    font-size: 16px!important;\n}\n.jumbotron a.small.float-right.mr-2 {\n    display: none;\n}\n<\/style>\n","protected":false},"excerpt":{"rendered":"","protected":false},"author":2,"featured_media":0,"parent":0,"menu_order":0,"comment_status":"closed","ping_status":"closed","template":"","meta":{"_eb_attr":"","inline_featured_image":false,"_monsterinsights_skip_tracking":false,"_monsterinsights_sitenote_active":false,"_monsterinsights_sitenote_note":"","_monsterinsights_sitenote_category":0,"footnotes":""},"class_list":["post-19505","page","type-page","status-publish"],"yoast_head":"<!-- This site is optimized with the Yoast SEO plugin v25.3.1 - https:\/\/yoast.com\/wordpress\/plugins\/seo\/ -->\n<title>An\u00e1lisis de Dominio Potenciado por IA: Eleve sus Par\u00e1metros de Correo Electr\u00f3nico con Informaci\u00f3n de SPF, DKIM, DMARC, DNS y GDPR - smtp mail server - professional SMTP service provider<\/title>\n<meta name=\"robots\" content=\"index, follow, max-snippet:-1, max-image-preview:large, max-video-preview:-1\" \/>\n<link rel=\"canonical\" href=\"https:\/\/serversmtp.com\/es\/analisis-spf-dkim-dmarc-dns-gdpr\/\" \/>\n<!-- \/ Yoast SEO plugin. -->","yoast_head_json":{"title":"An\u00e1lisis de Dominio Potenciado por IA: Eleve sus Par\u00e1metros de Correo Electr\u00f3nico con Informaci\u00f3n de SPF, DKIM, DMARC, DNS y GDPR - smtp mail server - professional SMTP service provider","robots":{"index":"index","follow":"follow","max-snippet":"max-snippet:-1","max-image-preview":"max-image-preview:large","max-video-preview":"max-video-preview:-1"},"canonical":"https:\/\/serversmtp.com\/es\/analisis-spf-dkim-dmarc-dns-gdpr\/","schema":{"@context":"https:\/\/schema.org","@graph":[{"@type":"WebPage","@id":"https:\/\/serversmtp.com\/es\/analisis-spf-dkim-dmarc-dns-gdpr\/","url":"https:\/\/serversmtp.com\/es\/analisis-spf-dkim-dmarc-dns-gdpr\/","name":"An\u00e1lisis de Dominio Potenciado por IA: Eleve sus Par\u00e1metros de Correo Electr\u00f3nico con Informaci\u00f3n de SPF, DKIM, DMARC, DNS y GDPR - smtp mail server - professional SMTP service provider","isPartOf":{"@id":"https:\/\/serversmtp.com\/#website"},"datePublished":"2024-02-07T10:42:53+00:00","dateModified":"2024-03-26T08:37:19+00:00","breadcrumb":{"@id":"https:\/\/serversmtp.com\/es\/analisis-spf-dkim-dmarc-dns-gdpr\/#breadcrumb"},"inLanguage":"es","potentialAction":[{"@type":"ReadAction","target":["https:\/\/serversmtp.com\/es\/analisis-spf-dkim-dmarc-dns-gdpr\/"]}]},{"@type":"BreadcrumbList","@id":"https:\/\/serversmtp.com\/es\/analisis-spf-dkim-dmarc-dns-gdpr\/#breadcrumb","itemListElement":[{"@type":"ListItem","position":1,"name":"Home","item":"https:\/\/serversmtp.com\/es\/"},{"@type":"ListItem","position":2,"name":"An\u00e1lisis de Dominio Potenciado por IA: Eleve sus Par\u00e1metros de Correo Electr\u00f3nico con Informaci\u00f3n de SPF, DKIM, DMARC, DNS y GDPR"}]},{"@type":"WebSite","@id":"https:\/\/serversmtp.com\/#website","url":"https:\/\/serversmtp.com\/","name":"smtp mail server - professional SMTP service provider","description":"smtp mail server - professional SMTP service provider","publisher":{"@id":"https:\/\/serversmtp.com\/#organization"},"potentialAction":[{"@type":"SearchAction","target":{"@type":"EntryPoint","urlTemplate":"https:\/\/serversmtp.com\/?s={search_term_string}"},"query-input":{"@type":"PropertyValueSpecification","valueRequired":true,"valueName":"search_term_string"}}],"inLanguage":"es"},{"@type":"Organization","@id":"https:\/\/serversmtp.com\/#organization","name":"Delivery Tech","url":"https:\/\/serversmtp.com\/","logo":{"@type":"ImageObject","inLanguage":"es","@id":"https:\/\/serversmtp.com\/#\/schema\/logo\/image\/","url":"https:\/\/serversmtp.com\/wp-content\/uploads\/2021\/11\/og-image-2.jpg","contentUrl":"https:\/\/serversmtp.com\/wp-content\/uploads\/2021\/11\/og-image-2.jpg","width":1200,"height":1128,"caption":"Delivery Tech"},"image":{"@id":"https:\/\/serversmtp.com\/#\/schema\/logo\/image\/"}}]}},"_links":{"self":[{"href":"https:\/\/serversmtp.com\/es\/wp-json\/wp\/v2\/pages\/19505"}],"collection":[{"href":"https:\/\/serversmtp.com\/es\/wp-json\/wp\/v2\/pages"}],"about":[{"href":"https:\/\/serversmtp.com\/es\/wp-json\/wp\/v2\/types\/page"}],"author":[{"embeddable":true,"href":"https:\/\/serversmtp.com\/es\/wp-json\/wp\/v2\/users\/2"}],"replies":[{"embeddable":true,"href":"https:\/\/serversmtp.com\/es\/wp-json\/wp\/v2\/comments?post=19505"}],"version-history":[{"count":3,"href":"https:\/\/serversmtp.com\/es\/wp-json\/wp\/v2\/pages\/19505\/revisions"}],"predecessor-version":[{"id":19679,"href":"https:\/\/serversmtp.com\/es\/wp-json\/wp\/v2\/pages\/19505\/revisions\/19679"}],"wp:attachment":[{"href":"https:\/\/serversmtp.com\/es\/wp-json\/wp\/v2\/media?parent=19505"}],"curies":[{"name":"wp","href":"https:\/\/api.w.org\/{rel}","templated":true}]}}