{"id":11226,"date":"2020-12-02T11:20:45","date_gmt":"2020-12-02T10:20:45","guid":{"rendered":"https:\/\/www.serversmtp.com\/?page_id=11226"},"modified":"2022-02-14T11:51:02","modified_gmt":"2022-02-14T10:51:02","slug":"amazon-ses-el-servicio-smtp-mas-barato","status":"publish","type":"page","link":"https:\/\/serversmtp.com\/es\/amazon-ses-el-servicio-smtp-mas-barato\/","title":{"rendered":"Amazon SES: el servicio SMTP m\u00e1s barato"},"content":{"rendered":"<style type=\"text\/css\">\n#get-it-free.g1-button {\n    color: #ffffff;\n    background-color: #93ba19;\n    border-color: #93ba19;\n    font-weight: 600;\n}\n.g1-section h2 {\n    font-weight: 600;\n}\n.g1-section h3 {\n    font-weight: 600;\n    font-size: 20px;\n}\n.g1-list--icon li {\n    border-style: none;\n}\n<\/style>\n<p>\u00bfEst\u00e1 buscando un <strong>servidor SMTP gratuito<\/strong> o el <strong>m\u00e1s barato<\/strong>? Se encuentra en el lugar correcto. Intentaremos guiarlo para que descubra el servicio de env\u00edo de correo electr\u00f3nico m\u00e1s barato del mercado y le explicaremos <strong>las ventajas, desventajas y alternativas<\/strong>.<\/p>\n<p>Pero primero tenga en cuenta dos consideraciones:<\/p>\n\n<ul id=\"\" class=\"g1-list g1-list--icon g1-list--simple \">\n<li><i class=\"fa fa-check g1-list__icon\"><\/i>barato no significa necesariamente conveniente<\/li>\n<li><i class=\"fa fa-check g1-list__icon\"><\/i>un servidor SMTP simple (como su servidor de correo saliente o proveedor &#8211; incluso Amazon SES) no es lo mismo que un smarthost. El primero gestiona el <strong>env\u00edo<\/strong>; el segundo gestiona la <strong>entregabilidad<\/strong><\/li>\n<\/ul>\n\n<div class=\"g1-space\" style=\"height: 30px;\"><\/div>\n<h2>Amazon SES: qu\u00e9 es y por qu\u00e9 es tan barato<\/h2>\n<p><img decoding=\"async\" src=\"https:\/\/serversmtp.com\/wp-content\/uploads\/2020\/11\/amazon-ses-come-funziona.png\" alt=\"Amazon SES: el servicio SMTP m\u00e1s barato\" width=\"711\" height=\"152\" \/><\/p>\n<p><strong>Amazon SES<\/strong> (Simple Email Service) es un servicio de correo electr\u00f3nico b\u00e1sico, escalable y basado en cloud para desarrolladores y parte del servicio Amazon WEB Services (AWS).<\/p>\n<p>Amazon nos dice que Amazon SES es adecuado para enviar:<\/p>\n\n<ul id=\"\" class=\"g1-list g1-list--icon g1-list--simple \">\n<li><i class=\"fa fa-check g1-list__icon\"><\/i>Emails transaccionales<\/li>\n<li><i class=\"fa fa-check g1-list__icon\"><\/i>Correos masivos<\/li>\n<li><i class=\"fa fa-check g1-list__icon\"><\/i>Campa\u00f1as de email marketing<\/li>\n<\/ul>\n\n<p>En nuestra opini\u00f3n, por razones que explicaremos m\u00e1s adelante, este tipo de servicio de correo electr\u00f3nico es m\u00e1s adecuado para enviar correos electr\u00f3nicos transaccionales que para enviar correos electr\u00f3nicos de marketing. Ahora, solo piense que <strong>Amazon SES<\/strong> no ofrece una plataforma completa que le permita estructurar el dise\u00f1o y las plantillas de los correos electr\u00f3nicos, caracter\u00edsticas fundamentales para una campa\u00f1a de email marketing exitosa.<\/p>\n<p>Amazon SES representa <strong>uno de los servicios de correo electr\u00f3nico<\/strong> m\u00e1s baratos disponibles. El costo es de $ 0.1 por cada 1000 correos electr\u00f3nicos enviados. Se paga por lo que se usa, con un modelo de suscripci\u00f3n que no posee un plan de prepago espec\u00edfico.<\/p>\n<div class=\"g1-space\" style=\"height: 30px;\"><\/div>\n<h2>La mayor ventaja de Amazon SES es el precio<\/h2>\n<p>Como acabamos de ver, Amazon SES es bastante econ\u00f3mico e incluso ofrece una versi\u00f3n gratuita para quienes usan la aplicaci\u00f3n de hosting Amazon EC2. Esta versi\u00f3n le permite enviar hasta 62,000 emails por mes de forma gratuita (los archivos adjuntos no est\u00e1n incluidos) y puede representar una gran oferta para las peque\u00f1as empresas que env\u00edan correos electr\u00f3nicos por debajo de ese umbral.<\/p>\n<p>La raz\u00f3n del bajo costo de Amazon SES es que es principalmente un servidor de env\u00edo y no un servicio completo capaz de garantizar una excelente entregabilidad y proveer estad\u00edsticas detalladas sobre el rendimiento de los emails enviados. B\u00e1sicamente, Amazon SES realiza una acci\u00f3n muy simple, que consiste en enviar una gran cantidad de correos electr\u00f3nicos desde una sola cuenta. El usuario se encuentra completamente solo en la gesti\u00f3n de su flujo de correo electr\u00f3nico y no podr\u00e1 analizar su trabajo a trav\u00e9s de <strong>reportes y estad\u00edsticas<\/strong> (herramientas realmente \u00fatiles para los profesionales del marketing).<\/p>\n<p>Amazon SES permite enviar una gran cantidad de mensajes transaccionales y lo hace muy bien, pero b\u00e1sicamente es una <strong>herramienta de env\u00edo simple<\/strong>. Fue construido para enviar correo electr\u00f3nico a trav\u00e9s de API, no para ofrecer una plataforma SMTP completa. Por ello es tan barato y no se puede comparar con otros servicios de correo electr\u00f3nico y API profesionales. Si espera algo diferente o adicional por parte de Amazon SES que enviar sus correos electr\u00f3nicos, corre el riesgo de decepcionarse.<\/p>\n<div class=\"g1-space\" style=\"height: 30px;\"><\/div>\n<h2>Pros y contras de Amazon SES<\/h2>\n<p>Intentemos analizar los pros y los contras de Amazon SES, <strong>uno de los servicios SMTP m\u00e1s baratos del mercado<\/strong>. \u00bfPor qu\u00e9 es tan popular y por qu\u00e9 no siempre representa la mejor opci\u00f3n para cada tipo de negocio?<\/p>\n<h3>Pros<\/h3>\n\n<ul id=\"\" class=\"g1-list g1-list--icon g1-list--simple \">\n<li><i class=\"fa fa-thumbs-up g1-list__icon\"><\/i>Precio bajo<\/li>\n<li><i class=\"fa fa-thumbs-up g1-list__icon\"><\/i>Plan gratuito para hasta 62.000 correos electr\u00f3nicos al mes<\/li>\n<li><i class=\"fa fa-thumbs-up g1-list__icon\"><\/i>F\u00e1cil integraci\u00f3n con otros servicios de AWS<\/li>\n<li><i class=\"fa fa-thumbs-up g1-list__icon\"><\/i>Gesti\u00f3n de los emails recibidos<\/li>\n<\/ul>\n\n<h3>Contras<\/h3>\n\n<ul id=\"\" class=\"g1-list g1-list--icon g1-list--simple \">\n<li><i class=\"fa fa-thumbs-down g1-list__icon\"><\/i>Ausencia de plantillas<\/li>\n<li><i class=\"fa fa-thumbs-down g1-list__icon\"><\/i>No ofrece un editor Drag &#038; Drop<\/li>\n<li><i class=\"fa fa-thumbs-down g1-list__icon\"><\/i>No ofrece estad\u00edsticas y an\u00e1lisis de mailings<\/li>\n<li><i class=\"fa fa-thumbs-down g1-list__icon\"><\/i>No ofrece soporte de entregabilidad<\/li>\n<li><i class=\"fa fa-thumbs-down g1-list__icon\"><\/i>Es dif\u00edcil de usar<\/li>\n<li><i class=\"fa fa-thumbs-down g1-list__icon\"><\/i>Integraci\u00f3n complicada con otros servicios<\/li>\n<li><i class=\"fa fa-thumbs-down g1-list__icon\"><\/i>Posibles problemas de entregabilidad con IP compartida<\/li>\n<\/ul>\n\n<p>Al analizar los pros y los contras, podemos confirmar que la principal ventaja de SES es su precio bajo. Si bien algunos usuarios informan que SES es <strong>dif\u00edcil de usar e integrar con otros servicios<\/strong> (adem\u00e1s de AWS), tambi\u00e9n debemos admitir que representa una gran herramienta para enviar correos electr\u00f3nicos, siempre y cuando su objetivo sea s\u00f3lo enviarlos, sin tener ninguna certeza de entrega y sin posibilidad de gestionar el resto de componentes de su campa\u00f1a de correo electr\u00f3nico (dise\u00f1o gr\u00e1fico y an\u00e1lisis de rendimiento, por ejemplo).<\/p>\n<p>Sin embargo, es dif\u00edcil pensar que una empresa solo se preocupa por enviar los los emails e ignora todo lo dem\u00e1s. Incluso pensando en enviar emails transaccionales, no se recomienda no trabajar en las <strong>plantillas <\/strong>y no analizar las <strong>estad\u00edsticas de env\u00edo<\/strong>.<\/p>\n<p>Los <strong>correos electr\u00f3nicos transaccionales<\/strong>, como explicamos en <a href=\"https:\/\/serversmtp.com\/es\/correos-electronicos-transaccionales-en-que-consisten\/\" title=\"Correos electr\u00f3nicos transaccionales: \u00bfen qu\u00e9 consisten?\">este art\u00edculo<\/a>, constituyen la tarjeta de presentaci\u00f3n de todos los negocios online y deben llegar a tiempo a la bandeja de entrada del destinatario. No s\u00f3lo eso, si su apariencia se estudia en detalle (por ejemplo, gracias al uso de plantillas atractivas y la inclusi\u00f3n de consejos de compra y c\u00f3digos promocionales), tambi\u00e9n pueden funcionar como potentes catalizadores para nuevas compras.<\/p>\n<p>Dado que estos son correos electr\u00f3nicos que los destinatarios esperan (seguimiento de un pedido, una solicitud de restablecimiento de contrase\u00f1a, etc.), tambi\u00e9n es vital que los mensajes transaccionales no terminen en spam. De lo contrario, el usuario perder\u00eda la confianza en su marca y, como consecuencia m\u00e1s amplia, correr\u00eda el riesgo de perder credibilidad a los ojos de todos los clientes. Esta \u00faltima consideraci\u00f3n explica por qu\u00e9 debe confiar en un servicio SMTP externo para asegurarse de que sus correos electr\u00f3nicos siempre lleguen a su destino.<\/p>\n<p>Las plataformas profesionales de gesti\u00f3n de correo electr\u00f3nico como turboSMTP y <a href=\"https:\/\/serversmtp.com\/es\/que-es-sendgrid\/\" title=\"\u00bfQu\u00e9 es SendGrid?\">SendGrid<\/a> garantizan mejores velocidades de entrega porque est\u00e1n dise\u00f1adas para resolver problemas de entregabilidad y cultivar relaciones con los principales proveedores de correo electr\u00f3nico para <strong>mantener las direcciones IP compartidas y dedicadas en la lista blanca<\/strong>.<\/p>\n<p>Otros beneficios de un servicio SMTP completo como turboSMTP son:<\/p>\n\n<ul id=\"\" class=\"g1-list g1-list--icon g1-list--simple \">\n<li><i class=\"fa fa-check g1-list__icon\"><\/i>Estad\u00edsticas en tiempo real que le permiten realizar un seguimiento de sus resultados y aprovechar al m\u00e1ximo su estrategia de correo electr\u00f3nico aprendiendo de sus errores<\/li>\n<li><i class=\"fa fa-check g1-list__icon\"><\/i>Editor Drag&#038;Drop para crear plantillas atractivas para correos electr\u00f3nicos comerciales y transaccionales<\/li>\n<li><i class=\"fa fa-check g1-list__icon\"><\/i>Soporte dedicado para problemas de entrega y planes de marketing<\/li>\n<li><i class=\"fa fa-check g1-list__icon\"><\/i>Facilidad de uso (lo que hace que estas plataformas sean utilizables por usuarios t\u00e9cnicos y no t\u00e9cnicos)<\/li>\n<\/ul>\n\n<div class=\"g1-space\" style=\"height: 30px;\"><\/div>\n<h2>\u00bfEst\u00e1 buscando un servicio SMTP gratuito o m\u00e1s econ\u00f3mico? Mejor uno profesional<\/h2>\n<p>Los <strong>servicios SMTP baratos o gratuitos como Amazon SES<\/strong> no ofrecen soporte, plantillas, estad\u00edsticas y otras herramientas valiosas espec\u00edficas para su estrategia de comunicaci\u00f3n. Esto significa que, una vez que se haya resuelto el problema de env\u00edo, tendr\u00e1 que hacer todo lo dem\u00e1s usted mismo y buscar una o m\u00e1s plataformas adicionales que le permitan monitorear el flujo de su correo electr\u00f3nico saliente, analizar los resultados y crear plantillas atractivas.<\/p>\n<p>Incluso en t\u00e9rminos de costos, <strong>esta estrategia no siempre es conveniente<\/strong>. S\u00f3lo puede considerarla si dirige una empresa muy grande que env\u00eda millones de emails al mes. Si no es as\u00ed, deber\u00eda considerar otras posibilidades.<\/p>\n<p>Gracias a un servicio SMTP profesional podr\u00e1 suscribir al plan que m\u00e1s se adapte a sus necesidades y tener acceso a una plataforma f\u00e1cil de usar que ofrece en una \u00fanica soluci\u00f3n:<\/p>\n\n<ul id=\"\" class=\"g1-list g1-list--icon g1-list--simple \">\n<li><i class=\"fa fa-check g1-list__icon\"><\/i>API de correo electr\u00f3nico profesional para desarrolladores<\/li>\n<li><i class=\"fa fa-check g1-list__icon\"><\/i>Env\u00edo de correos electr\u00f3nicos transaccionales<\/li>\n<li><i class=\"fa fa-check g1-list__icon\"><\/i>Env\u00edo de boletines<\/li>\n<li><i class=\"fa fa-check g1-list__icon\"><\/i>Seguimiento de correo electr\u00f3nico en tiempo real<\/li>\n<li><i class=\"fa fa-check g1-list__icon\"><\/i>Soporte de entregabilidad<\/li>\n<li><i class=\"fa fa-check g1-list__icon\"><\/i>Soporte al cliente 24\/7<\/li>\n<li><i class=\"fa fa-check g1-list__icon\"><\/i>IPs incluidas en la lista blanca<\/li>\n<li><i class=\"fa fa-check g1-list__icon\"><\/i>Restricciones de ISP omitidas<\/li>\n<li><i class=\"fa fa-check g1-list__icon\"><\/i>Editor de plantillas Drag &#038; Drop<\/li>\n<\/ul>\n\n<div class=\"g1-space\" style=\"height: 30px;\"><\/div>\n<h2 style=\"text-align: center;\">\u00a1No se enfoque solo en el precio!<\/h2>\n<h3 style=\"text-align: center; font-weight: 500;\">Es posible que un servicio SMTP gratuito o m\u00e1s barato no represente la mejor opci\u00f3n para sus necesidades<\/h3>\n<p style=\"margin-bottom: 0.4em; text-align: center;\"><a class=\"g1-button g1-button--medium g1-button--solid\" style=\"color: #ffffff; background-color: #93ba19; border-color: #93ba19; margin: 0.5em; padding: 1em 2em;\" href=\"https:\/\/serversmtp.com\/es\/signup\" title=\"Pruebe turboSMTP gratis\">PRUEBE TURBOSMTP GRATIS<\/a><a class=\"g1-button g1-button--medium g1-button--solid\" style=\"color: #ffffff; background-color: #f09e00; border-color: #f09e00;  margin: 0.5em; padding: 1em 2em;\" href=\"https:\/\/serversmtp.com\/es\/cart.php?carttpl=2clic\" title=\"Descubra nuestros planes\">DESCUBRA NUESTROS PLANES<\/a><\/p>\n<p>[\/section]<\/p>\n","protected":false},"excerpt":{"rendered":"<p>\u00bfEst\u00e1 buscando un servidor SMTP gratuito o el m\u00e1s barato? Se encuentra en el lugar correcto. Intentaremos guiarlo para que descubra el servicio de env\u00edo de correo electr\u00f3nico m\u00e1s barato del mercado y le explicaremos las ventajas, desventajas y alternativas. Pero primero tenga en cuenta dos consideraciones: Amazon SES: qu\u00e9 es y por qu\u00e9 es &#8230; <\/p>\n<p class=\"read-more-container\"><a title=\"Amazon SES: el servicio SMTP m\u00e1s barato\" class=\"read-more button\" href=\"https:\/\/serversmtp.com\/es\/amazon-ses-el-servicio-smtp-mas-barato\/#more-11226\" aria-label=\"Leer m\u00e1s sobre Amazon SES: el servicio SMTP m\u00e1s barato\">Discover more<\/a><\/p>\n","protected":false},"author":8,"featured_media":0,"parent":0,"menu_order":0,"comment_status":"closed","ping_status":"closed","template":"","meta":{"_eb_attr":"","inline_featured_image":false,"_monsterinsights_skip_tracking":false,"_monsterinsights_sitenote_active":false,"_monsterinsights_sitenote_note":"","_monsterinsights_sitenote_category":0,"footnotes":""},"class_list":["post-11226","page","type-page","status-publish"],"yoast_head":"<!-- This site is optimized with the Yoast SEO plugin v25.3.1 - https:\/\/yoast.com\/wordpress\/plugins\/seo\/ -->\n<title>Amazon SES: el servicio SMTP m\u00e1s barato<\/title>\n<meta name=\"description\" content=\"Descubra las ventajas y desventajas del servidor SMTP m\u00e1s barato del mercado.\" \/>\n<meta name=\"robots\" content=\"index, follow, max-snippet:-1, max-image-preview:large, max-video-preview:-1\" \/>\n<link rel=\"canonical\" href=\"https:\/\/serversmtp.com\/es\/amazon-ses-el-servicio-smtp-mas-barato\/\" \/>\n<meta name=\"twitter:label1\" content=\"Tiempo de lectura\" \/>\n\t<meta name=\"twitter:data1\" content=\"7 minutos\" \/>\n<!-- \/ Yoast SEO plugin. -->","yoast_head_json":{"title":"Amazon SES: el servicio SMTP m\u00e1s barato","description":"Descubra las ventajas y desventajas del servidor SMTP m\u00e1s barato del mercado.","robots":{"index":"index","follow":"follow","max-snippet":"max-snippet:-1","max-image-preview":"max-image-preview:large","max-video-preview":"max-video-preview:-1"},"canonical":"https:\/\/serversmtp.com\/es\/amazon-ses-el-servicio-smtp-mas-barato\/","twitter_misc":{"Tiempo de lectura":"7 minutos"},"schema":{"@context":"https:\/\/schema.org","@graph":[{"@type":"WebPage","@id":"https:\/\/serversmtp.com\/es\/amazon-ses-el-servicio-smtp-mas-barato\/","url":"https:\/\/serversmtp.com\/es\/amazon-ses-el-servicio-smtp-mas-barato\/","name":"Amazon SES: el servicio SMTP m\u00e1s barato","isPartOf":{"@id":"https:\/\/serversmtp.com\/#website"},"primaryImageOfPage":{"@id":"https:\/\/serversmtp.com\/es\/amazon-ses-el-servicio-smtp-mas-barato\/#primaryimage"},"image":{"@id":"https:\/\/serversmtp.com\/es\/amazon-ses-el-servicio-smtp-mas-barato\/#primaryimage"},"thumbnailUrl":"https:\/\/www.serversmtp.com\/wp-content\/uploads\/2020\/11\/amazon-ses-come-funziona.png","datePublished":"2020-12-02T10:20:45+00:00","dateModified":"2022-02-14T10:51:02+00:00","description":"Descubra las ventajas y desventajas del servidor SMTP m\u00e1s barato del mercado.","breadcrumb":{"@id":"https:\/\/serversmtp.com\/es\/amazon-ses-el-servicio-smtp-mas-barato\/#breadcrumb"},"inLanguage":"es","potentialAction":[{"@type":"ReadAction","target":["https:\/\/serversmtp.com\/es\/amazon-ses-el-servicio-smtp-mas-barato\/"]}]},{"@type":"ImageObject","inLanguage":"es","@id":"https:\/\/serversmtp.com\/es\/amazon-ses-el-servicio-smtp-mas-barato\/#primaryimage","url":"https:\/\/www.serversmtp.com\/wp-content\/uploads\/2020\/11\/amazon-ses-come-funziona.png","contentUrl":"https:\/\/www.serversmtp.com\/wp-content\/uploads\/2020\/11\/amazon-ses-come-funziona.png"},{"@type":"BreadcrumbList","@id":"https:\/\/serversmtp.com\/es\/amazon-ses-el-servicio-smtp-mas-barato\/#breadcrumb","itemListElement":[{"@type":"ListItem","position":1,"name":"Home","item":"https:\/\/serversmtp.com\/es\/"},{"@type":"ListItem","position":2,"name":"Amazon SES: el servicio SMTP m\u00e1s barato"}]},{"@type":"WebSite","@id":"https:\/\/serversmtp.com\/#website","url":"https:\/\/serversmtp.com\/","name":"smtp mail server - professional SMTP service provider","description":"smtp mail server - professional SMTP service provider","publisher":{"@id":"https:\/\/serversmtp.com\/#organization"},"potentialAction":[{"@type":"SearchAction","target":{"@type":"EntryPoint","urlTemplate":"https:\/\/serversmtp.com\/?s={search_term_string}"},"query-input":{"@type":"PropertyValueSpecification","valueRequired":true,"valueName":"search_term_string"}}],"inLanguage":"es"},{"@type":"Organization","@id":"https:\/\/serversmtp.com\/#organization","name":"Delivery Tech","url":"https:\/\/serversmtp.com\/","logo":{"@type":"ImageObject","inLanguage":"es","@id":"https:\/\/serversmtp.com\/#\/schema\/logo\/image\/","url":"https:\/\/serversmtp.com\/wp-content\/uploads\/2021\/11\/og-image-2.jpg","contentUrl":"https:\/\/serversmtp.com\/wp-content\/uploads\/2021\/11\/og-image-2.jpg","width":1200,"height":1128,"caption":"Delivery Tech"},"image":{"@id":"https:\/\/serversmtp.com\/#\/schema\/logo\/image\/"}}]}},"_links":{"self":[{"href":"https:\/\/serversmtp.com\/es\/wp-json\/wp\/v2\/pages\/11226"}],"collection":[{"href":"https:\/\/serversmtp.com\/es\/wp-json\/wp\/v2\/pages"}],"about":[{"href":"https:\/\/serversmtp.com\/es\/wp-json\/wp\/v2\/types\/page"}],"author":[{"embeddable":true,"href":"https:\/\/serversmtp.com\/es\/wp-json\/wp\/v2\/users\/8"}],"replies":[{"embeddable":true,"href":"https:\/\/serversmtp.com\/es\/wp-json\/wp\/v2\/comments?post=11226"}],"version-history":[{"count":2,"href":"https:\/\/serversmtp.com\/es\/wp-json\/wp\/v2\/pages\/11226\/revisions"}],"predecessor-version":[{"id":12608,"href":"https:\/\/serversmtp.com\/es\/wp-json\/wp\/v2\/pages\/11226\/revisions\/12608"}],"wp:attachment":[{"href":"https:\/\/serversmtp.com\/es\/wp-json\/wp\/v2\/media?parent=11226"}],"curies":[{"name":"wp","href":"https:\/\/api.w.org\/{rel}","templated":true}]}}