{"id":11067,"date":"2020-11-16T16:29:05","date_gmt":"2020-11-16T15:29:05","guid":{"rendered":"https:\/\/www.serversmtp.com\/?page_id=11067"},"modified":"2022-02-14T11:46:58","modified_gmt":"2022-02-14T10:46:58","slug":"que-es-sendgrid","status":"publish","type":"page","link":"https:\/\/serversmtp.com\/es\/que-es-sendgrid\/","title":{"rendered":"\u00bfQu\u00e9 es SendGrid?"},"content":{"rendered":"<style type=\"text\/css\">\n#landing_top {\n    background-size: cover;\n}\n#get-it-free.g1-button {\n    color: #ffffff;\n    background-color: #93ba19;\n    border-color: #93ba19;\n    font-weight: 600;\n}\n.g1-section h2 {\n    font-weight: 600;\n}\n.g1-section h3 {\n    font-weight: 600;\n    font-size: 20px;\n}\n.g1-list--icon li {\n    border-style: none;\n}\n.services-compare  td.light-blue {\n    background-color: #ffffff !important;\n}\n<\/style>\n<p><strong>SendGrid <\/strong>es una plataforma estadounidense para la gesti\u00f3n de correos electr\u00f3nicos transaccionales y comerciales. Gracias a las agresivas herramientas de marketing implementadas por la empresa, la plataforma en cloud SendGrid (tambi\u00e9n conocida como Twilio Sendgrid) es bien conocida por los especialistas en marketing. La empresa posee su sede en Estados Unidos (Denver, Colorado) y ofrece un servicio de atenci\u00f3n al cliente con el que no es f\u00e1cil interactuar y que <strong>no habla espa\u00f1ol<\/strong>.<\/p>\n<div class=\"g1-space\" style=\"height: 30px;\"><\/div>\n<h2>Existe s\u00f3lo una alternativa a SendGrid: turboSMTP<\/h2>\n<p>Have you been burned by an attempt to contact SendGrid customer service?<\/p>\n<p>\u00bfHa experimentado alguna experiencia anterior en la que ha intentado ponerse en contacto con el servicio al cliente de SendGrid durante horas y horas? \u00bfHa intentado todo, correos electr\u00f3nicos, tickets, llamadas telef\u00f3nicas, sin obtener la respuesta que necesitaba? Tal vez sea hora de buscar nuevas oportunidades. Los <a href=\"https:\/\/serversmtp.com\/es\/correos-electronicos-transaccionales-en-que-consisten\/\" title=\"Correos electr\u00f3nicos transaccionales: \u00bfen qu\u00e9 consisten?\">correos electr\u00f3nicos transaccionales<\/a> y los correos electr\u00f3nicos comerciales constituyen la tarjeta de presentaci\u00f3n de su negocio y ciertamente no usted no puede tener \u00e9xito sin ellos. Por esto es fundamental que optimice su tasa de entrega y posea a su disposici\u00f3n un equipo de expertos que se encargue de la gesti\u00f3n de los problemas de entregabilidad las 24 horas del d\u00eda y lo oriente en la elecci\u00f3n de la mejor estrategia de comunicaci\u00f3n por mensajer\u00eda, adaptada a su negocio y sus necesidades.<\/p>\n<p>En turboSMTP, le ofrecemos todo lo que pueda poseer con SendGrid:<\/p>\n\n<ul id=\"\" class=\"g1-list g1-list--icon g1-list--simple \">\n<li><i class=\"fa fa-check g1-list__icon\"><\/i>Env\u00edo de correos electr\u00f3nicos transaccionales y comerciales<\/li>\n<li><i class=\"fa fa-check g1-list__icon\"><\/i>Protecci\u00f3n de servidores y direcciones IP, permaneciendo en listas blancas<\/li>\n<li><i class=\"fa fa-check g1-list__icon\"><\/i><a href=\"https:\/\/serversmtp.com\/es\/api-de-correo-electronico-para-desarrolladores-smart\/\" title=\"API de correo electr\u00f3nico para desarrolladores smart\">API<\/a> y plugins para desarrolladores<\/li>\n<li><i class=\"fa fa-check g1-list__icon\"><\/i>Estad\u00edsticas completas en tiempo real<\/li>\n<li><i class=\"fa fa-check g1-list__icon\"><\/i>Editor de templates de newsletters<\/li>\n<\/ul>\n\n<p>Y tambi\u00e9n le garantizamos:<\/p>\n\n<ul id=\"\" class=\"g1-list g1-list--icon g1-list--simple \">\n<li><i class=\"fa fa-check g1-list__icon\"><\/i>servicio al cliente profesional<\/li>\n<li><i class=\"fa fa-check g1-list__icon\"><\/i>infraestructura confiable y escalable<\/li>\n<\/ul>\n\n<p>turboSMTP representa la mejor <strong>alternativa a SendGrid<\/strong> porque es un producto 100% profesional con un servicio al cliente que habla espa\u00f1ol, confiable y experto, disponible 24\/7.<\/p>\n<p>La m\u00e1xima entregabilidad es nuestro objetivo. Trabajamos constantemente para asegurarnos de que sus correos electr\u00f3nicos siempre lleguen a las bandejas de entrada de tus destinatarios. Nuestro compromiso consiste en garantizar la mejor experiencia posible gracias a nuestra plataforma personalizada, nuestra <strong>infraestructura confiable<\/strong>, nuestro sistema de entrega de correo electr\u00f3nico <strong>escalable <\/strong>y nuestro equipo profesional y dedicado.<\/p>\n<div class=\"g1-space\" style=\"height: 30px;\"><\/div>\n<h3 style=\"color: #005293 !important;\"><i id=\"ic1\" class=\"fa fa-support g1-icon g1-icon--none g1-icon--medium g1-icon--inherit \" ><\/i> Estamos orgullosos de nuestro servicio al profesional a clientes<\/h3>\n<p>Le ofrecemos la mejor relaci\u00f3n precio\/calidad. La asistencia profesional no posee precio. \u00bfQui\u00e9n puede resolver sus problemas de entregabilidad y qui\u00e9n puede ayudarle con sus estrategias de marketing si no es un equipo de expertos que realmente trabaja para usted en tiempo real?<\/p>\n<p>turboSMTP es el \u00fanico <strong>servidor SMTP<\/strong> que realmente ofrece un soporte personalizado eficiente, y en espa\u00f1ol a trav\u00e9s de tickets, chat y tel\u00e9fono. Esto representa nuestra principal diferencia con SendGrid y nos encontramos orgullosos de ello. Cada cliente es \u00fanico para nosotros y no es solo un n\u00famero.<\/p>\n<div class=\"g1-space\" style=\"height: 30px;\"><\/div>\n<h3 style=\"color: #005293 !important;\"><i id=\"ic2\" class=\"fa fa-server g1-icon g1-icon--none g1-icon--medium g1-icon--inherit \" ><\/i> Servidores y direcciones IP incluidos en la lista blanca<\/h3>\n<p>Utilizamos servidores totalmente fiables y seguros para garantizarte una tasa de entrega m\u00e1xima. Tenemos una estrecha relaci\u00f3n con los principales proveedores de correo electr\u00f3nico para mantener nuestros servidores siempre en la lista blanca.<\/p>\n<div class=\"g1-space\" style=\"height: 30px;\"><\/div>\n<h3 style=\"color: #005293 !important;\"><i id=\"ic3\" class=\"fa fa-user g1-icon g1-icon--none g1-icon--medium g1-icon--inherit \" ><\/i> Servicio de consultor\u00eda a medida<\/h3>\n<p>Nuestro equipo de t\u00e9cnicos y consultores ofrece un servicio al cliente las 24 horas, los 7 d\u00edas de la semana, que no solo gestiona los problemas de entregabilidad, sino que tambi\u00e9n se encuentra disponible para estudiar estrategias ad hoc para campa\u00f1as corporativas de marketing por correo electr\u00f3nico.<\/p>\n<p>Todos nuestros <strong>planes <\/strong>son <strong>personalizables <\/strong>seg\u00fan sus necesidades, que puede consultar en espa\u00f1ol directamente a nuestro servicio de atenci\u00f3n al cliente.<\/p>\n<div class=\"g1-space\" style=\"height: 20px;\"><\/div>\n<h3 style=\"color: #005293 !important;\"><i id=\"ic4\" class=\"fa fa-check g1-icon g1-icon--none g1-icon--medium g1-icon--inherit \" ><\/i> Tabla de comparaci\u00f3n de TurboSMTP VS SendGrid<\/h3>\n<div id=\"g1-table-1\" class=\"g1-table g1-table--solid services-compare\" style=\"margin-top: 2em;\">\n<table class=\"desktop-view\">\n<tbody>\n<tr>\n<th style=\"width: 50%;\"><\/th>\n<th style=\"width: 25%;\">turboSMTP<\/th>\n<th style=\"width: 25%;\">Sendgrid<\/th>\n<\/tr>\n<tr>\n<td>Interfaz de usuario en espa\u00f1ol<\/td>\n<td>\n<style type=\"text\/css\" scoped=\"scoped\">#icon-1.g1-icon { color: #3399ff; }<\/style>\n<p style=\"margin: 8px 0px;\"><i id=\"icon-1\" class=\"g1-icon g1-icon--none g1-icon--medium g1-icon--inherit  fa fa-check-square-o\"><\/i><\/p>\n<\/td>\n<td>\n<style type=\"text\/css\" scoped=\"scoped\">#icon-2.g1-icon { color: #ff3300; }<\/style>\n<p style=\"margin: 8px 0px;\"><i id=\"icon-2\" class=\"g1-icon g1-icon--none g1-icon--medium g1-icon--inherit  fa fa-close\"><\/i><\/p>\n<\/td>\n<\/tr>\n<tr>\n<td>Todos los servidores ubicados en su pa\u00eds<\/td>\n<td>\n<style type=\"text\/css\" scoped=\"scoped\">#icon-3.g1-icon { color: #3399ff; }<\/style>\n<p style=\"margin: 8px 0px;\"><i id=\"icon-3\" class=\"g1-icon g1-icon--none g1-icon--medium g1-icon--inherit  fa fa-check-square-o\"><\/i><\/p>\n<\/td>\n<td>\n<style type=\"text\/css\" scoped=\"scoped\">#icon-4.g1-icon { color: #ff3300; }<\/style>\n<p style=\"margin: 8px 0px;\"><i id=\"icon-4\" class=\"g1-icon g1-icon--none g1-icon--medium g1-icon--inherit  fa fa-close\"><\/i><\/p>\n<\/td>\n<\/tr>\n<tr>\n<td>Atenci\u00f3n al cliente 24\/7<\/td>\n<td>\n<style type=\"text\/css\" scoped=\"scoped\">#icon-5.g1-icon { color: #3399ff; }<\/style>\n<p style=\"margin: 8px 0px;\"><i id=\"icon-5\" class=\"g1-icon g1-icon--none g1-icon--medium g1-icon--inherit  fa fa-check-square-o\"><\/i><\/p>\n<\/td>\n<td>\n<style type=\"text\/css\" scoped=\"scoped\">#icon-6.g1-icon { color: #ff3300; }<\/style>\n<p style=\"margin: 8px 0px;\"><i id=\"icon-6\" class=\"g1-icon g1-icon--none g1-icon--medium g1-icon--inherit  fa fa-close\"><\/i><\/p>\n<\/td>\n<\/tr>\n<tr>\n<td>Soporte para entregabilidad personalizada<\/td>\n<td>\n<style type=\"text\/css\" scoped=\"scoped\">#icon-7.g1-icon { color: #3399ff; }<\/style>\n<p style=\"margin: 8px 0px;\"><i id=\"icon-7\" class=\"g1-icon g1-icon--none g1-icon--medium g1-icon--inherit  fa fa-check-square-o\"><\/i><\/p>\n<\/td>\n<td>\n<style type=\"text\/css\" scoped=\"scoped\">#icon-8.g1-icon { color: #ff3300; }<\/style>\n<p style=\"margin: 8px 0px;\"><i id=\"icon-8\" class=\"g1-icon g1-icon--none g1-icon--medium g1-icon--inherit  fa fa-close\"><\/i><\/p>\n<\/td>\n<\/tr>\n<tr>\n<td><strong>Trustpilot<\/strong> reviews<br \/>\n<small style=\"color: #999;\">datos actualizados a febrero de 2021<\/small><\/td>\n<td><img decoding=\"async\" width=\"348\" height=\"185\" src=\"https:\/\/serversmtp.com\/wp-content\/uploads\/2021\/04\/rated-2-esp.png\" style=\"max-width: 180px;\" alt=\"Opiniones de Trustpilot\"><\/td>\n<td><img decoding=\"async\" width=\"348\" height=\"185\" src=\"https:\/\/serversmtp.com\/wp-content\/uploads\/2021\/04\/rated-esp.png\" style=\"max-width: 180px;\" alt=\"Opiniones de Trustpilot\"><\/td>\n<\/tr>\n<tr>\n<td><\/td>\n<td style=\"text-align: center;\"><a id=\"g1-button-1\" class=\"g1-button g1-button--medium g1-button--solid g1-button--standard \" href=\"\/es\/cart.php\" title=\"Precios\"><i class=\"fa fa-shopping-cart\"><\/i>Precios<\/a><\/td>\n<td><\/td>\n<\/tr>\n<\/tbody>\n<\/table>\n<table class=\"mobile-view\">\n<tbody>\n<tr>\n<th class=\"light-blue\" style=\"width: 50%;\">turboSMTP<\/th>\n<th style=\"width: 50%;\">Sendgrid<\/th>\n<\/tr>\n<tr>\n<td colspan=\"2\">Interfaz de usuario en espa\u00f1ol<\/td>\n<\/tr>\n<tr>\n<td class=\"light-blue\">\n<style type=\"text\/css\" scoped=\"scoped\">#icon-9.g1-icon { color: #3399ff; }<\/style>\n<p><i id=\"icon-9\" class=\"g1-icon g1-icon--none g1-icon--medium g1-icon--inherit  fa fa-check-square-o\"><\/i><\/td>\n<td>\n<style type=\"text\/css\" scoped=\"scoped\">#icon-10.g1-icon { color: #ff3300; }<\/style>\n<p><i id=\"icon-10\" class=\"g1-icon g1-icon--none g1-icon--medium g1-icon--inherit  fa fa-close\"><\/i><\/td>\n<\/tr>\n<tr>\n<td colspan=\"2\">Todos los servidores ubicados en su pa\u00eds<\/td>\n<\/tr>\n<tr>\n<td class=\"light-blue\">\n<style type=\"text\/css\" scoped=\"scoped\">#icon-11.g1-icon { color: #3399ff; }<\/style>\n<p><i id=\"icon-11\" class=\"g1-icon g1-icon--none g1-icon--medium g1-icon--inherit  fa fa-check-square-o\"><\/i><\/td>\n<td>\n<style type=\"text\/css\" scoped=\"scoped\">#icon-12.g1-icon { color: #ff3300; }<\/style>\n<p><i id=\"icon-12\" class=\"g1-icon g1-icon--none g1-icon--medium g1-icon--inherit  fa fa-close\"><\/i><\/td>\n<\/tr>\n<tr>\n<td colspan=\"2\">Atenci\u00f3n al cliente 24\/7<\/td>\n<\/tr>\n<tr>\n<td class=\"light-blue\">\n<style type=\"text\/css\" scoped=\"scoped\">#icon-13.g1-icon { color: #3399ff; }<\/style>\n<p><i id=\"icon-13\" class=\"g1-icon g1-icon--none g1-icon--medium g1-icon--inherit  fa fa-check-square-o\"><\/i><\/td>\n<td>\n<style type=\"text\/css\" scoped=\"scoped\">#icon-14.g1-icon { color: #ff3300; }<\/style>\n<p><i id=\"icon-14\" class=\"g1-icon g1-icon--none g1-icon--medium g1-icon--inherit  fa fa-close\"><\/i><\/td>\n<\/tr>\n<tr>\n<td colspan=\"2\">Soporte para entregabilidad personalizada<\/td>\n<\/tr>\n<tr>\n<td class=\"light-blue\">\n<style type=\"text\/css\" scoped=\"scoped\">#icon-15.g1-icon { color: #3399ff; }<\/style>\n<p><i id=\"icon-15\" class=\"g1-icon g1-icon--none g1-icon--medium g1-icon--inherit  fa fa-check-square-o\"><\/i><\/td>\n<td>\n<style type=\"text\/css\" scoped=\"scoped\">#icon-16.g1-icon { color: #ff3300; }<\/style>\n<p><i id=\"icon-16\" class=\"g1-icon g1-icon--none g1-icon--medium g1-icon--inherit  fa fa-close\"><\/i><\/td>\n<\/tr>\n<tr>\n<td colspan=\"2\">Opiniones de <strong>Trustpilot<\/strong><br \/>\n<small style=\"color: #999;\">datos actualizados a febrero de 2021<\/small><\/td>\n<\/tr>\n<tr>\n<td class=\"light-blue\"><img decoding=\"async\" width=\"348\" height=\"185\" src=\"https:\/\/serversmtp.com\/wp-content\/uploads\/2021\/04\/rated-2-esp.png\" style=\"max-width: 180px;\" alt=\"Opiniones de Trustpilot\"><\/td>\n<td><img decoding=\"async\" width=\"348\" height=\"185\" src=\"https:\/\/serversmtp.com\/wp-content\/uploads\/2021\/04\/rated-esp.png\" style=\"max-width: 180px;\" alt=\"Opiniones de Trustpilot\"><\/td>\n<\/tr>\n<tr>\n<td class=\"light-blue\"><a id=\"g1-button-2\" class=\"g1-button g1-button--medium g1-button--solid g1-button--wide \" href=\"\/es\/cart.php\" title=\"Precios\"><i class=\"fa fa-shopping-cart\"><\/i>Precios<\/a><\/td>\n<td><\/td>\n<\/tr>\n<\/tbody>\n<\/table>\n<\/div>\n<div class=\"g1-space\" style=\"height: 30px;\"><\/div>\n<h2 style=\"text-align: center; font-weight: 500;\">Lleve su negocio de SendGrid a turboSMTP<br \/>\u00a1Le ayudaremos a hacerlo!<\/h2>\n<p style=\"margin-bottom: 0.4em; text-align: center;\"><a class=\"g1-button g1-button--medium g1-button--solid\" style=\"color: #ffffff; background-color: #93ba19; border-color: #93ba19; margin: 0.5em; padding: 1em 2em;\" href=\"https:\/\/serversmtp.com\/es\/signup\" title=\"Comience su prueba gratuita\">COMIENCE SU PRUEBA GRATUITA<\/a><a class=\"g1-button g1-button--medium g1-button--solid\" style=\"color: #ffffff; background-color: #f09e00; border-color: #f09e00;  margin: 0.5em; padding: 1em 2em;\" href=\"https:\/\/serversmtp.com\/es\/contact.php\" title=\"Cont\u00e1ctenos ahora\">CONT\u00c1CTENOS AHORA<\/a><\/p>\n","protected":false},"excerpt":{"rendered":"<p>SendGrid es una plataforma estadounidense para la gesti\u00f3n de correos electr\u00f3nicos transaccionales y comerciales. Gracias a las agresivas herramientas de marketing implementadas por la empresa, la plataforma en cloud SendGrid (tambi\u00e9n conocida como Twilio Sendgrid) es bien conocida por los especialistas en marketing. La empresa posee su sede en Estados Unidos (Denver, Colorado) y ofrece &#8230; <\/p>\n<p class=\"read-more-container\"><a title=\"\u00bfQu\u00e9 es SendGrid?\" class=\"read-more button\" href=\"https:\/\/serversmtp.com\/es\/que-es-sendgrid\/#more-11067\" aria-label=\"Leer m\u00e1s sobre \u00bfQu\u00e9 es SendGrid?\">Discover more<\/a><\/p>\n","protected":false},"author":8,"featured_media":0,"parent":0,"menu_order":0,"comment_status":"closed","ping_status":"closed","template":"","meta":{"_eb_attr":"","inline_featured_image":false,"_monsterinsights_skip_tracking":false,"_monsterinsights_sitenote_active":false,"_monsterinsights_sitenote_note":"","_monsterinsights_sitenote_category":0,"footnotes":""},"class_list":["post-11067","page","type-page","status-publish"],"yoast_head":"<!-- This site is optimized with the Yoast SEO plugin v25.3.1 - https:\/\/yoast.com\/wordpress\/plugins\/seo\/ -->\n<title>\u00bfQu\u00e9 es SendGrid? Descubra la alternativa<\/title>\n<meta name=\"description\" content=\"Env\u00ede correos electr\u00f3nicos transaccionales y comerciales con la alternativa a SendGrid con servicio al cliente y soporte completamente en espa\u00f1ol\" \/>\n<meta name=\"robots\" content=\"index, follow, max-snippet:-1, max-image-preview:large, max-video-preview:-1\" \/>\n<link rel=\"canonical\" href=\"https:\/\/serversmtp.com\/es\/que-es-sendgrid\/\" \/>\n<meta name=\"twitter:label1\" content=\"Tiempo de lectura\" \/>\n\t<meta name=\"twitter:data1\" content=\"4 minutos\" \/>\n<!-- \/ Yoast SEO plugin. -->","yoast_head_json":{"title":"\u00bfQu\u00e9 es SendGrid? Descubra la alternativa","description":"Env\u00ede correos electr\u00f3nicos transaccionales y comerciales con la alternativa a SendGrid con servicio al cliente y soporte completamente en espa\u00f1ol","robots":{"index":"index","follow":"follow","max-snippet":"max-snippet:-1","max-image-preview":"max-image-preview:large","max-video-preview":"max-video-preview:-1"},"canonical":"https:\/\/serversmtp.com\/es\/que-es-sendgrid\/","twitter_misc":{"Tiempo de lectura":"4 minutos"},"schema":{"@context":"https:\/\/schema.org","@graph":[{"@type":"WebPage","@id":"https:\/\/serversmtp.com\/es\/que-es-sendgrid\/","url":"https:\/\/serversmtp.com\/es\/que-es-sendgrid\/","name":"\u00bfQu\u00e9 es SendGrid? Descubra la alternativa","isPartOf":{"@id":"https:\/\/serversmtp.com\/fr\/#website"},"primaryImageOfPage":{"@id":"https:\/\/serversmtp.com\/es\/que-es-sendgrid\/#primaryimage"},"image":{"@id":"https:\/\/serversmtp.com\/es\/que-es-sendgrid\/#primaryimage"},"thumbnailUrl":"https:\/\/www.serversmtp.com\/wp-content\/uploads\/2021\/04\/rated-2-esp.png","datePublished":"2020-11-16T15:29:05+00:00","dateModified":"2022-02-14T10:46:58+00:00","description":"Env\u00ede correos electr\u00f3nicos transaccionales y comerciales con la alternativa a SendGrid con servicio al cliente y soporte completamente en espa\u00f1ol","breadcrumb":{"@id":"https:\/\/serversmtp.com\/es\/que-es-sendgrid\/#breadcrumb"},"inLanguage":"es","potentialAction":[{"@type":"ReadAction","target":["https:\/\/serversmtp.com\/es\/que-es-sendgrid\/"]}]},{"@type":"ImageObject","inLanguage":"es","@id":"https:\/\/serversmtp.com\/es\/que-es-sendgrid\/#primaryimage","url":"https:\/\/www.serversmtp.com\/wp-content\/uploads\/2021\/04\/rated-2-esp.png","contentUrl":"https:\/\/www.serversmtp.com\/wp-content\/uploads\/2021\/04\/rated-2-esp.png"},{"@type":"BreadcrumbList","@id":"https:\/\/serversmtp.com\/es\/que-es-sendgrid\/#breadcrumb","itemListElement":[{"@type":"ListItem","position":1,"name":"Home","item":"https:\/\/serversmtp.com\/es\/"},{"@type":"ListItem","position":2,"name":"\u00bfQu\u00e9 es SendGrid?"}]},{"@type":"WebSite","@id":"https:\/\/serversmtp.com\/fr\/#website","url":"https:\/\/serversmtp.com\/fr\/","name":"smtp mail server - professional SMTP service provider","description":"smtp mail server - professional SMTP service provider","publisher":{"@id":"https:\/\/serversmtp.com\/fr\/#organization"},"potentialAction":[{"@type":"SearchAction","target":{"@type":"EntryPoint","urlTemplate":"https:\/\/serversmtp.com\/fr\/?s={search_term_string}"},"query-input":{"@type":"PropertyValueSpecification","valueRequired":true,"valueName":"search_term_string"}}],"inLanguage":"es"},{"@type":"Organization","@id":"https:\/\/serversmtp.com\/fr\/#organization","name":"Delivery Tech","url":"https:\/\/serversmtp.com\/fr\/","logo":{"@type":"ImageObject","inLanguage":"es","@id":"https:\/\/serversmtp.com\/fr\/#\/schema\/logo\/image\/","url":"https:\/\/serversmtp.com\/wp-content\/uploads\/2021\/11\/og-image-2.jpg","contentUrl":"https:\/\/serversmtp.com\/wp-content\/uploads\/2021\/11\/og-image-2.jpg","width":1200,"height":1128,"caption":"Delivery Tech"},"image":{"@id":"https:\/\/serversmtp.com\/fr\/#\/schema\/logo\/image\/"}}]}},"_links":{"self":[{"href":"https:\/\/serversmtp.com\/es\/wp-json\/wp\/v2\/pages\/11067"}],"collection":[{"href":"https:\/\/serversmtp.com\/es\/wp-json\/wp\/v2\/pages"}],"about":[{"href":"https:\/\/serversmtp.com\/es\/wp-json\/wp\/v2\/types\/page"}],"author":[{"embeddable":true,"href":"https:\/\/serversmtp.com\/es\/wp-json\/wp\/v2\/users\/8"}],"replies":[{"embeddable":true,"href":"https:\/\/serversmtp.com\/es\/wp-json\/wp\/v2\/comments?post=11067"}],"version-history":[{"count":4,"href":"https:\/\/serversmtp.com\/es\/wp-json\/wp\/v2\/pages\/11067\/revisions"}],"predecessor-version":[{"id":12603,"href":"https:\/\/serversmtp.com\/es\/wp-json\/wp\/v2\/pages\/11067\/revisions\/12603"}],"wp:attachment":[{"href":"https:\/\/serversmtp.com\/es\/wp-json\/wp\/v2\/media?parent=11067"}],"curies":[{"name":"wp","href":"https:\/\/api.w.org\/{rel}","templated":true}]}}