{"id":11063,"date":"2020-11-16T14:11:04","date_gmt":"2020-11-16T13:11:04","guid":{"rendered":"https:\/\/www.serversmtp.com\/?page_id=11063"},"modified":"2021-01-12T14:53:02","modified_gmt":"2021-01-12T13:53:02","slug":"api-de-correo-electronico-para-desarrolladores-smart","status":"publish","type":"page","link":"https:\/\/serversmtp.com\/es\/api-de-correo-electronico-para-desarrolladores-smart\/","title":{"rendered":"API de correo electr\u00f3nico para desarrolladores smart"},"content":{"rendered":"<style type=\"text\/css\">\n#landing_top {\n    background-size: cover;\n}\n#get-it-free.g1-button {\n    color: #ffffff;\n    background-color: #93ba19;\n    border-color: #93ba19;\n    font-weight: 600;\n}\n.g1-section h2 {\n    font-weight: 600;\n}\n.g1-section h3 {\n    font-weight: 600;\n    font-size: 20px;\n}\n.g1-list--icon li {\n    border-style: none;\n}\n<\/style>\n<div id=\"landing_top\" class=\"g1-section gb-container \"  style=\"background-image:url(https:\/\/serversmtp.com\/wp-content\/uploads\/2018\/02\/background-turbosmtp-2017.png); background-repeat:no-repeat; background-position:center top; background-attachment:static; padding-bottom:40px; padding-top:50px;\"><div class=\"g1-layout-inner\">\n<h1 style=\"text-align: center; color: #fff; font-size: 3.4em; margin-bottom: 0.2em; font-weight: 600;\">API de correo electr\u00f3nico para desarrolladores smart<\/h1>\n<h2 style=\"text-align: center; color: #fff; font-size: 2em; margin-bottom: 0.6em; font-weight: 300;\">Env\u00ede boletines y correos electr\u00f3nicos transaccionales directamente desde su sitio con la API de turboSMTP<\/h2>\n<p style=\"margin-bottom: 0.4em; text-align: center;\"><a class=\"g1-button g1-button--medium g1-button--solid\" style=\"color: #ffffff; background-color: #93ba19; border-color: #93ba19; margin: 0.5em; padding: 1em 2em;\" href=\"https:\/\/serversmtp.com\/es\/signup\" title=\"Comience su prueba gratuita\">COMIENCE SU PRUEBA GRATUITA<\/a><a class=\"g1-button g1-button--medium g1-button--solid\" style=\"color: #ffffff; background-color: #f09e00; border-color: #f09e00;  margin: 0.5em; padding: 1em 2em;\" href=\"https:\/\/serversmtp.com\/es\/cart.php?carttpl=2clic\" title=\"Descubra nuestros planes\">DESCUBRA NUESTROS PLANES<\/a><\/p>\n<p style=\"margin-bottom: 0.4em; text-align: center; font-size: 14px; color: #fff;\">\u00bfTiene necesidades especiales? <a href=\"https:\/\/serversmtp.com\/es\/contact.php\" title=\"Cont\u00e1ctenos\">Cont\u00e1ctenos<\/a><\/p>\n<\/div><\/div>\n<div id=\"\" class=\"g1-section gb-container \"  style=\"background-repeat:no-repeat; background-position:center top; background-attachment:static; padding-bottom:40px; padding-top:40px;\"><div class=\"g1-layout-inner\">\n<p>\u00bfQui\u00e9n mejor que nosotros sabe lo dif\u00edcil que es administrar el correo desde su servidor, especialmente si se encuentra enfocado en desarrollar su aplicaci\u00f3n o sitio web?<\/p>\n<p>Teniendo en cuenta las necesidades que posee como desarrollador, hemos creado la soluci\u00f3n perfecta para una gesti\u00f3n de correo electr\u00f3nico sin preocupaciones para su sitio web, comercio electr\u00f3nico, software CMS y CRM o cualquier otro tipo de aplicaci\u00f3n. Gracias a <a href=\"https:\/\/serversmtp.com\/turbo-api\/\" target=\"_blank\" rel=\"noopener noreferrer\">nuestra <strong><\/a>API<\/strong> y nuestros <a href=\"https:\/\/serversmtp.com\/event-webhook-reference\/\" target=\"_blank\" rel=\"noopener noreferrer\">nuestra <strong><\/a>Webhook<\/strong>, podr\u00e1 integrar la infraestructura de correo electr\u00f3nico turboSMTP en su plataforma, pero hay m\u00e1s. \u00a1Ya no debe preocuparse por la <strong>entregabilidad <\/strong>y todos los dem\u00e1s problemas de administraci\u00f3n de correo electr\u00f3nico!<\/p>\n<div class=\"g1-space\" style=\"height: 30px;\"><\/div>\n<h2>Configure su servicio de API de correo electr\u00f3nico<\/h2>\n<p>Integre un <strong>smarthost de correo electr\u00f3nico escalable<\/strong> en su aplicaci\u00f3n. Al sincronizar nuestra aplicaci\u00f3n con su sitio web gracias a nuestro proveedor de API, puede:<\/p>\n\n<ul id=\"\" class=\"g1-list g1-list--icon g1-list--simple \">\n<li><i class=\"fa fa-check g1-list__icon\"><\/i>realizar una integraci\u00f3n completa de su sistema de back-office y administrar las suscripciones a su lista de correo agregando nuevos suscriptores y observando sus datos<\/li>\n<li><i class=\"fa fa-check g1-list__icon\"><\/i>enviar sus <strong>correos electr\u00f3nicos transaccionales<\/strong> directamente a trav\u00e9s de su sitio web o aplicaci\u00f3n y realizar un seguimiento de sus resultados<\/li>\n<li><i class=\"fa fa-check g1-list__icon\"><\/i>enviar <strong>boletines <\/strong>informativos personalizados a trav\u00e9s de su sitio web o aplicaci\u00f3n y realizar un seguimiento de los resultados.<\/li>\n<\/ul>\n\n<div class=\"g1-space\" style=\"height: 30px;\"><\/div>\n<h2>Env\u00ede correo electr\u00f3nico directamente desde su sitio web y &#8230;<\/h2>\n<h3>1. Obtenga su pase hacia la bandeja de entrada<\/h3>\n<p><img decoding=\"async\" src=\"https:\/\/serversmtp.com\/wp-content\/uploads\/2020\/11\/email-api-per-sviluppatori-smart.jpg\" alt=\"Obtenga su pase hacia la bandeja de entrada\" width=\"600\" height=\"276\"><\/p>\n<p>Su <strong>entregabilidad<\/strong> (<em>deliverability<\/em>) es nuestro objetivo. Cada correo electr\u00f3nico enviado cuenta y queremos que llegue a tantos contactos como sea posible, independientemente del tipo de correo electr\u00f3nico que necesite enviar (transaccional o comercial). No es f\u00e1cil acceder a las bandejas de entrada de sus destinatarios pero, sorpresa, \u00a1tenemos las llaves!<\/p>\n\n<ol id=\"\" class=\"g1-list g1-list--icon g1-list--simple \">\n<li><i class=\"fa fa-check g1-list__icon\"><\/i>Env\u00ede correos electr\u00f3nicos desde tu dominio y mejore su reputaci\u00f3n con los registros SPF, DKIM y DMARC<\/li>\n<li><i class=\"fa fa-check g1-list__icon\"><\/i>Perm\u00edtanos administrar los feedback loops y mantener buenas relaciones con los principales proveedores de correo electr\u00f3nico<\/li>\n<li><i class=\"fa fa-check g1-list__icon\"><\/i>No importa cu\u00e1ntos correos electr\u00f3nicos necesite enviar, nuestra API es confiables y escalable<\/li>\n<li><i class=\"fa fa-check g1-list__icon\"><\/i>Programe una consulta con nuestros expertos para estudiar un plan espec\u00edfico para su negocio<\/li>\n<\/ol>\n\n<div class=\"g1-space\" style=\"height: 20px;\"><\/div>\n<h3>2. Observe sus resultados<\/h3>\n<p><img decoding=\"async\" src=\"https:\/\/serversmtp.com\/wp-content\/uploads\/2020\/11\/email-api-per-sviluppatori-smart-2.jpg\" alt=\"Observe sus resultados\" width=\"600\" height=\"276\"><\/p>\n<p>Est\u00e1 siempre atento al rendimiento de sus emails. Al integrar nuestra API, puede monitorear el flujo de su correo electr\u00f3nico directamente desde su aplicaci\u00f3n o sitio web. Gracias a nuestro servicio profesional de an\u00e1lisis de email puede consultar <strong>estad\u00edsticas detalladas<\/strong> sobre:<\/p>\n\n<ul id=\"\" class=\"g1-list g1-list--icon g1-list--simple \">\n<li><i class=\"fa fa-check g1-list__icon\"><\/i>tasa de apertura<\/li>\n<li><i class=\"fa fa-check g1-list__icon\"><\/i>tasa de entrega<\/li>\n<li><i class=\"fa fa-check g1-list__icon\"><\/i>tasa de clics<\/li>\n<li><i class=\"fa fa-check g1-list__icon\"><\/i>CTR<\/li>\n<li><i class=\"fa fa-check g1-list__icon\"><\/i>Porcentaje de rebote (bounce rate)<\/li>\n<li><i class=\"fa fa-check g1-list__icon\"><\/i>puntuaci\u00f3n de spam<\/li>\n<\/ul>\n\n<p>Pero hay m\u00e1s. Tambi\u00e9n puede saber cu\u00e1ndo y cu\u00e1ntas veces leen sus correos electr\u00f3nicos, a qu\u00e9 hora y en qu\u00e9 dispositivo. Toda esta informaci\u00f3n le ayudar\u00e1 a estudiar la mejor estrategia de correo electr\u00f3nico para llegar a sus suscriptores.<\/p>\n<p>Usted es un desarrollador, por lo tanto sabe que pueden ocurrir errores y fallas, incluso cuando se trata de manejar el correo electr\u00f3nico. Al integrar su aplicaci\u00f3n con nuestra API, podr\u00e1 aprender m\u00e1s r\u00e1pido de sus errores de email marketing y diagnosticar todo tipo de problemas de entregabilidad en tiempo real.<\/p>\n<div class=\"g1-space\" style=\"height: 20px;\"><\/div>\n<h3>3. Conf\u00ede en el servicio al cliente que habla su idioma de desarrollador<\/h3>\n<p><img decoding=\"async\" src=\"https:\/\/serversmtp.com\/wp-content\/uploads\/2020\/11\/email-api-per-sviluppatori-smart-3.jpg\" alt=\"Customer Support That Speaks Your Language\" width=\"600\" height=\"330\"><\/p>\n<p>Nuestro equipo t\u00e9cnico est\u00e1 formado por personal altamente especializado, disponible 24 horas al d\u00eda, 7 d\u00edas a la semana para solucionar todos tus problemas de correo electr\u00f3nico. Como desarrollador, usted necesitar\u00e1 una gu\u00eda muy espec\u00edfica que se adapte a su caso. Contamos con un equipo de gesti\u00f3n de capacidad de entrega que se ocupa de la gesti\u00f3n de IP, colas de email, feedback loops y seguimiento.<\/p>\n<p>Dado que nuestros clientes requieren an\u00e1lisis sectoriales y personalizados, nuestro equipo de consultor\u00eda est\u00e1 integrado en la estructura t\u00e9cnica y habla su lenguaje de programaci\u00f3n. Nuestros expertos pueden ofrecer orientaci\u00f3n sobre la entregabilidad y buenos consejos para optimizar sus resultados.<\/p>\n<p>Confiando en un servicio externo para resolver el problema del correo electr\u00f3nico, tendr\u00e1 m\u00e1s tiempo para dedicar tanto al desarrollo de su aplicaci\u00f3n como a su sitio que en lugar de la elecci\u00f3n y gesti\u00f3n de tu estrategia de comunicaci\u00f3n email.<\/p>\n<div class=\"g1-space\" style=\"height: 30px;\"><\/div>\n<h2 style=\"text-align: center;\">Convi\u00e9rtase en el mejor desarrollador.<\/h2>\n<h3 style=\"text-align: center; font-weight: 500;\">Perm\u00edtanos administrar su flujo de email transaccional y comercial<\/h3>\n<p style=\"margin-bottom: 0.4em; text-align: center;\"><a class=\"g1-button g1-button--medium g1-button--solid\" style=\"color: #ffffff; background-color: #93ba19; border-color: #93ba19; margin: 0.5em; padding: 1em 2em;\" href=\"https:\/\/serversmtp.com\/es\/signup\" title=\"Pruebe la API de turboSMTP\">PRUEBE LA API DE TURBOSMTP<\/a><\/p>\n<\/div><\/div>\n","protected":false},"excerpt":{"rendered":"","protected":false},"author":8,"featured_media":0,"parent":0,"menu_order":0,"comment_status":"closed","ping_status":"closed","template":"g1_template_page_full_sections.php","meta":{"_eb_attr":"","inline_featured_image":false,"_monsterinsights_skip_tracking":false,"_monsterinsights_sitenote_active":false,"_monsterinsights_sitenote_note":"","_monsterinsights_sitenote_category":0,"footnotes":""},"class_list":["post-11063","page","type-page","status-publish"],"yoast_head":"<!-- This site is optimized with the Yoast SEO plugin v25.3.1 - https:\/\/yoast.com\/wordpress\/plugins\/seo\/ -->\n<title>API de email para desarrolladores - Prueba gratuita<\/title>\n<meta name=\"description\" content=\"Env\u00ede y siga emails transaccionales y comerciales directamente desde su sitio con la API de turboSMTP dise\u00f1ada para las necesidades de los programadores\" \/>\n<meta name=\"robots\" content=\"index, follow, max-snippet:-1, max-image-preview:large, max-video-preview:-1\" \/>\n<link rel=\"canonical\" href=\"https:\/\/serversmtp.com\/es\/api-de-correo-electronico-para-desarrolladores-smart\/\" \/>\n<meta name=\"twitter:label1\" content=\"Tiempo de lectura\" \/>\n\t<meta name=\"twitter:data1\" content=\"4 minutos\" \/>\n<!-- \/ Yoast SEO plugin. -->","yoast_head_json":{"title":"API de email para desarrolladores - Prueba gratuita","description":"Env\u00ede y siga emails transaccionales y comerciales directamente desde su sitio con la API de turboSMTP dise\u00f1ada para las necesidades de los programadores","robots":{"index":"index","follow":"follow","max-snippet":"max-snippet:-1","max-image-preview":"max-image-preview:large","max-video-preview":"max-video-preview:-1"},"canonical":"https:\/\/serversmtp.com\/es\/api-de-correo-electronico-para-desarrolladores-smart\/","twitter_misc":{"Tiempo de lectura":"4 minutos"},"schema":{"@context":"https:\/\/schema.org","@graph":[{"@type":"WebPage","@id":"https:\/\/serversmtp.com\/es\/api-de-correo-electronico-para-desarrolladores-smart\/","url":"https:\/\/serversmtp.com\/es\/api-de-correo-electronico-para-desarrolladores-smart\/","name":"API de email para desarrolladores - Prueba gratuita","isPartOf":{"@id":"https:\/\/serversmtp.com\/de\/#website"},"primaryImageOfPage":{"@id":"https:\/\/serversmtp.com\/es\/api-de-correo-electronico-para-desarrolladores-smart\/#primaryimage"},"image":{"@id":"https:\/\/serversmtp.com\/es\/api-de-correo-electronico-para-desarrolladores-smart\/#primaryimage"},"thumbnailUrl":"https:\/\/www.serversmtp.com\/wp-content\/uploads\/2020\/11\/email-api-per-sviluppatori-smart.jpg","datePublished":"2020-11-16T13:11:04+00:00","dateModified":"2021-01-12T13:53:02+00:00","description":"Env\u00ede y siga emails transaccionales y comerciales directamente desde su sitio con la API de turboSMTP dise\u00f1ada para las necesidades de los programadores","breadcrumb":{"@id":"https:\/\/serversmtp.com\/es\/api-de-correo-electronico-para-desarrolladores-smart\/#breadcrumb"},"inLanguage":"es","potentialAction":[{"@type":"ReadAction","target":["https:\/\/serversmtp.com\/es\/api-de-correo-electronico-para-desarrolladores-smart\/"]}]},{"@type":"ImageObject","inLanguage":"es","@id":"https:\/\/serversmtp.com\/es\/api-de-correo-electronico-para-desarrolladores-smart\/#primaryimage","url":"https:\/\/www.serversmtp.com\/wp-content\/uploads\/2020\/11\/email-api-per-sviluppatori-smart.jpg","contentUrl":"https:\/\/www.serversmtp.com\/wp-content\/uploads\/2020\/11\/email-api-per-sviluppatori-smart.jpg"},{"@type":"BreadcrumbList","@id":"https:\/\/serversmtp.com\/es\/api-de-correo-electronico-para-desarrolladores-smart\/#breadcrumb","itemListElement":[{"@type":"ListItem","position":1,"name":"Home","item":"https:\/\/serversmtp.com\/es\/"},{"@type":"ListItem","position":2,"name":"API de correo electr\u00f3nico para desarrolladores smart"}]},{"@type":"WebSite","@id":"https:\/\/serversmtp.com\/de\/#website","url":"https:\/\/serversmtp.com\/de\/","name":"smtp mail server - professional SMTP service provider","description":"smtp mail server - professional SMTP service provider","publisher":{"@id":"https:\/\/serversmtp.com\/de\/#organization"},"potentialAction":[{"@type":"SearchAction","target":{"@type":"EntryPoint","urlTemplate":"https:\/\/serversmtp.com\/de\/?s={search_term_string}"},"query-input":{"@type":"PropertyValueSpecification","valueRequired":true,"valueName":"search_term_string"}}],"inLanguage":"es"},{"@type":"Organization","@id":"https:\/\/serversmtp.com\/de\/#organization","name":"Delivery Tech","url":"https:\/\/serversmtp.com\/de\/","logo":{"@type":"ImageObject","inLanguage":"es","@id":"https:\/\/serversmtp.com\/de\/#\/schema\/logo\/image\/","url":"https:\/\/serversmtp.com\/wp-content\/uploads\/2021\/11\/og-image-2.jpg","contentUrl":"https:\/\/serversmtp.com\/wp-content\/uploads\/2021\/11\/og-image-2.jpg","width":1200,"height":1128,"caption":"Delivery Tech"},"image":{"@id":"https:\/\/serversmtp.com\/de\/#\/schema\/logo\/image\/"}}]}},"_links":{"self":[{"href":"https:\/\/serversmtp.com\/es\/wp-json\/wp\/v2\/pages\/11063"}],"collection":[{"href":"https:\/\/serversmtp.com\/es\/wp-json\/wp\/v2\/pages"}],"about":[{"href":"https:\/\/serversmtp.com\/es\/wp-json\/wp\/v2\/types\/page"}],"author":[{"embeddable":true,"href":"https:\/\/serversmtp.com\/es\/wp-json\/wp\/v2\/users\/8"}],"replies":[{"embeddable":true,"href":"https:\/\/serversmtp.com\/es\/wp-json\/wp\/v2\/comments?post=11063"}],"version-history":[{"count":6,"href":"https:\/\/serversmtp.com\/es\/wp-json\/wp\/v2\/pages\/11063\/revisions"}],"predecessor-version":[{"id":11260,"href":"https:\/\/serversmtp.com\/es\/wp-json\/wp\/v2\/pages\/11063\/revisions\/11260"}],"wp:attachment":[{"href":"https:\/\/serversmtp.com\/es\/wp-json\/wp\/v2\/media?parent=11063"}],"curies":[{"name":"wp","href":"https:\/\/api.w.org\/{rel}","templated":true}]}}