{"id":9956,"date":"2020-09-14T16:25:46","date_gmt":"2020-09-14T14:25:46","guid":{"rendered":"https:\/\/www.serversmtp.com\/?page_id=9956"},"modified":"2022-03-18T17:28:20","modified_gmt":"2022-03-18T16:28:20","slug":"office-365-smart-host-smtp-relay-de","status":"publish","type":"page","link":"https:\/\/serversmtp.com\/de\/office-365-smart-host-smtp-relay-de\/","title":{"rendered":"Office 365 Smarthost-Smtp-Relay"},"content":{"rendered":"<style type=\"text\/css\">\n#content p, #content li {\n    font-size: 16px;\n    color: #000000;\n}\nh1, h2, h3, h4 {\n    font-weight: 600;\n}\n.spaced li {\n    margin-bottom: 15px;\n}\n#get-it-free.g1-button {\n    color: #ffffff;\n    background-color: #93ba19;\n    border-color: #93ba19;\n    font-weight: 600;\n}\n<\/style>\n<p>Wenn Sie ein Office 365-Benutzer sind und <strong>turboSMTP <\/strong>als Relay-Smarthost verwenden m\u00f6chten, befolgen Sie diese Anweisungen. So richten Sie einen <strong>Smarthost f\u00fcr Office 365<\/strong> ein.<\/p>\n<div id=\"\" class=\"g1-message g1-message--info \" ><div class=\"g1-inner\">F\u00fcr EU-Kunden: Bitte ersetzen Sie <em>pro.turbo-smtp.com<\/em> durch <em>pro.eu.turbo-smtp.com<\/em><\/div><\/div>\n<ol class=\"spaced\">\n<li>Melden Sie sich bei Office 365 an und klicken Sie auf &#8220;Admin&#8221;<br \/>\n<a href=\"https:\/\/serversmtp.com\/wp-content\/uploads\/2020\/08\/office-365-smarthost-1.jpg\" data-g1-lightbox=\"smarthost\" title=\"Office 365 Smarthost-Setup\"><img decoding=\"async\" width=\"1312\" height=\"645\" src=\"https:\/\/serversmtp.com\/wp-content\/uploads\/2020\/08\/office-365-smarthost-1.jpg\" alt=\"Office 365 Smarthost-Setup\" style=\"margin-top: 15px; max-width: 70%;\"><\/a><\/li>\n<li>Im Microsoft 365 Admin Center gehen Sie zur Seite Setup> Benutzerdefinierte Domain einrichten> Ansicht<br \/>\n<a href=\"https:\/\/serversmtp.com\/wp-content\/uploads\/2020\/08\/office-365-smarthost-2.jpg\" data-g1-lightbox=\"smarthost\" title=\"Office 365 Smarthost-Setup\"><img decoding=\"async\" width=\"1308\" height=\"588\" src=\"https:\/\/serversmtp.com\/wp-content\/uploads\/2020\/08\/office-365-smarthost-2.jpg\" alt=\"Office 365 Smarthost-Setup\" style=\"margin-top: 15px; max-width: 70%;\"><\/a><\/li>\n<li>Klicken Sie auf DNS verwalten<br \/>\n<a href=\"https:\/\/serversmtp.com\/wp-content\/uploads\/2020\/08\/office-365-smarthost-3.jpg\" data-g1-lightbox=\"smarthost\" title=\"Office 365 Smarthost-Setup\"><img decoding=\"async\" width=\"1312\" height=\"234\" src=\"https:\/\/serversmtp.com\/wp-content\/uploads\/2020\/08\/office-365-smarthost-3.jpg\" alt=\"Office 365 Smarthost-Setup\" style=\"margin-top: 15px; max-width: 70%;\"><\/a><\/li>\n<li>Klicken Sie zum Erstellen eines DKIM-Datensatzes auf die Schaltfl\u00e4che Datensatz hinzuf\u00fcgen<br \/>\n<a href=\"https:\/\/serversmtp.com\/wp-content\/uploads\/2020\/08\/office-365-smarthost-4.jpg\" data-g1-lightbox=\"smarthost\" title=\"Office 365 Smarthost-Setup\"><img decoding=\"async\" width=\"1308\" height=\"542\" src=\"https:\/\/serversmtp.com\/wp-content\/uploads\/2020\/08\/office-365-smarthost-4.jpg\" alt=\"Office 365 Smarthost-Setup\" style=\"margin-top: 15px; max-width: 70%;\"><\/a><\/li>\n<li>W\u00e4hlen Sie die Option TXT oder CNAME aus dem Dropdown-Men\u00fc DNS-Typ ausw\u00e4hlen<\/li>\n<li>Geben Sie den von uns empfohlenen Hostnamen in das Feld Hostname oder Alias ein<\/li>\n<li>Geben Sie den Wert, den wir f\u00fcr Ihren CNAME-Datensatz empfehlen, in das Feld Points to Address ein und klicken Sie auf die Schaltfl\u00e4che Speichern<br \/>\n<a href=\"https:\/\/serversmtp.com\/wp-content\/uploads\/2020\/08\/office-365-smarthost-5.jpg\" data-g1-lightbox=\"smarthost\" title=\"Office 365 Smarthost-Setup\"><img decoding=\"async\" width=\"1308\" height=\"542\" src=\"https:\/\/serversmtp.com\/wp-content\/uploads\/2020\/08\/office-365-smarthost-5.jpg\" alt=\"Office 365 Smarthost-Setup\" style=\"margin-top: 15px; max-width: 70%;\"><\/a><\/li>\n<li>Sie finden den \u201eHostnamen\u201c und den \u201eWert\u201c im Abschnitt \u201eDKIM-Konfiguration\u201c Ihres turboSMTP-Dashboards<\/li>\n<\/ol>\n<div class=\"g1-space\" style=\"height: 20px;\"><\/div>\n<div  class=\"g1-divider g1-divider--none g1-divider--noicon \"><\/div>\n<h2 style=\"text-align: center; font-size: 3.1em; margin-bottom: 0.6em;\">Wenn Sie sehen m\u00f6chten wie ein <strong>Smarthost-Service<\/strong> funktioniert, testen Sie <strong>turboSMTP<\/strong><\/h2>\n<h3 style=\"text-align: center; font-weight: normal;\">Jedes Unternehmen ben\u00f6tigt einen Smtp-Relay-Smarthost f\u00fcr externe sowie interne Kommunikation. Ein Smarthost-E-Mail-Relay garantiert bessere Zustellbarkeit und Reputation, sch\u00fctzt Ihre Domain (niemand kann sich f\u00fcr Sie oder ein Mitglied Ihres Unternehmens ausgeben) und erm\u00f6glicht Ihnen, Ihre E-Mails und die Aktionen Ihrer Benutzer zu verfolgen.<br \/>\n<\/h3>\n<p style=\"text-align: center; margin-top: 2.3em;\"><a id=\"get-it-free\" class=\"g1-button g1-button--big g1-button--solid g1-button--standard button-landing-green\" href=\"https:\/\/serversmtp.com\/de\/tsmtpregistration1.php\" title=\"Kostenlos\"> &nbsp; &nbsp; &nbsp; &nbsp; KOSTENLOS  &nbsp; &nbsp; &nbsp; &nbsp; <\/a><\/p>\n<p style=\"text-align: center; margin-top: 2.3em;\"><a href=\"\/de\/smarthost-smtp-relay-was-ist-das\/\" title=\"Erfahren Sie mehr \u00fcber unseren Smarthost-Service\"> Erfahren Sie mehr \u00fcber unseren Smarthost-Relay-Service <\/a><\/p>\n","protected":false},"excerpt":{"rendered":"<p>Wenn Sie ein Office 365-Benutzer sind und turboSMTP als Relay-Smarthost verwenden m\u00f6chten, befolgen Sie diese Anweisungen. So richten Sie einen Smarthost f\u00fcr Office 365 ein. Melden Sie sich bei Office 365 an und klicken Sie auf &#8220;Admin&#8221; Im Microsoft 365 Admin Center gehen Sie zur Seite Setup> Benutzerdefinierte Domain einrichten> Ansicht Klicken Sie auf DNS &#8230; <\/p>\n<p class=\"read-more-container\"><a title=\"Office 365 Smarthost-Smtp-Relay\" class=\"read-more button\" href=\"https:\/\/serversmtp.com\/de\/office-365-smart-host-smtp-relay-de\/#more-9956\" aria-label=\"Mehr Informationen \u00fcber Office 365 Smarthost-Smtp-Relay\">Entdecke mehr<\/a><\/p>\n","protected":false},"author":8,"featured_media":0,"parent":0,"menu_order":0,"comment_status":"closed","ping_status":"closed","template":"","meta":{"_eb_attr":"","inline_featured_image":false,"_monsterinsights_skip_tracking":false,"_monsterinsights_sitenote_active":false,"_monsterinsights_sitenote_note":"","_monsterinsights_sitenote_category":0,"footnotes":""},"class_list":["post-9956","page","type-page","status-publish"],"yoast_head":"<!-- This site is optimized with the Yoast SEO plugin v25.3.1 - https:\/\/yoast.com\/wordpress\/plugins\/seo\/ -->\n<title>Office 365 Smarthost-Smtp-Relay - turboSMTP<\/title>\n<meta name=\"description\" content=\"Wenn Sie Office 365 als E-Mail-Server verwenden, k\u00f6nnen Sie turboSMTP als Ihren Smart Host konfigurieren.\" \/>\n<meta name=\"robots\" content=\"index, follow, max-snippet:-1, max-image-preview:large, max-video-preview:-1\" \/>\n<link rel=\"canonical\" href=\"https:\/\/serversmtp.com\/de\/office-365-smart-host-smtp-relay-de\/\" \/>\n<meta name=\"twitter:label1\" content=\"Gesch\u00e4tzte Lesezeit\" \/>\n\t<meta name=\"twitter:data1\" content=\"1\u00a0Minute\" \/>\n<!-- \/ Yoast SEO plugin. -->","yoast_head_json":{"title":"Office 365 Smarthost-Smtp-Relay - turboSMTP","description":"Wenn Sie Office 365 als E-Mail-Server verwenden, k\u00f6nnen Sie turboSMTP als Ihren Smart Host konfigurieren.","robots":{"index":"index","follow":"follow","max-snippet":"max-snippet:-1","max-image-preview":"max-image-preview:large","max-video-preview":"max-video-preview:-1"},"canonical":"https:\/\/serversmtp.com\/de\/office-365-smart-host-smtp-relay-de\/","twitter_misc":{"Gesch\u00e4tzte Lesezeit":"1\u00a0Minute"},"schema":{"@context":"https:\/\/schema.org","@graph":[{"@type":"WebPage","@id":"https:\/\/serversmtp.com\/de\/office-365-smart-host-smtp-relay-de\/","url":"https:\/\/serversmtp.com\/de\/office-365-smart-host-smtp-relay-de\/","name":"Office 365 Smarthost-Smtp-Relay - turboSMTP","isPartOf":{"@id":"https:\/\/serversmtp.com\/#website"},"primaryImageOfPage":{"@id":"https:\/\/serversmtp.com\/de\/office-365-smart-host-smtp-relay-de\/#primaryimage"},"image":{"@id":"https:\/\/serversmtp.com\/de\/office-365-smart-host-smtp-relay-de\/#primaryimage"},"thumbnailUrl":"https:\/\/serversmtp.com\/wp-content\/uploads\/2020\/08\/office-365-smarthost-1.jpg","datePublished":"2020-09-14T14:25:46+00:00","dateModified":"2022-03-18T16:28:20+00:00","description":"Wenn Sie Office 365 als E-Mail-Server verwenden, k\u00f6nnen Sie turboSMTP als Ihren Smart Host konfigurieren.","breadcrumb":{"@id":"https:\/\/serversmtp.com\/de\/office-365-smart-host-smtp-relay-de\/#breadcrumb"},"inLanguage":"de","potentialAction":[{"@type":"ReadAction","target":["https:\/\/serversmtp.com\/de\/office-365-smart-host-smtp-relay-de\/"]}]},{"@type":"ImageObject","inLanguage":"de","@id":"https:\/\/serversmtp.com\/de\/office-365-smart-host-smtp-relay-de\/#primaryimage","url":"https:\/\/serversmtp.com\/wp-content\/uploads\/2020\/08\/office-365-smarthost-1.jpg","contentUrl":"https:\/\/serversmtp.com\/wp-content\/uploads\/2020\/08\/office-365-smarthost-1.jpg"},{"@type":"BreadcrumbList","@id":"https:\/\/serversmtp.com\/de\/office-365-smart-host-smtp-relay-de\/#breadcrumb","itemListElement":[{"@type":"ListItem","position":1,"name":"Home","item":"https:\/\/serversmtp.com\/de\/"},{"@type":"ListItem","position":2,"name":"Office 365 Smarthost-Smtp-Relay"}]},{"@type":"WebSite","@id":"https:\/\/serversmtp.com\/#website","url":"https:\/\/serversmtp.com\/","name":"smtp mail server - professional SMTP service provider","description":"smtp mail server - professional SMTP service provider","publisher":{"@id":"https:\/\/serversmtp.com\/#organization"},"potentialAction":[{"@type":"SearchAction","target":{"@type":"EntryPoint","urlTemplate":"https:\/\/serversmtp.com\/?s={search_term_string}"},"query-input":{"@type":"PropertyValueSpecification","valueRequired":true,"valueName":"search_term_string"}}],"inLanguage":"de"},{"@type":"Organization","@id":"https:\/\/serversmtp.com\/#organization","name":"Delivery Tech","url":"https:\/\/serversmtp.com\/","logo":{"@type":"ImageObject","inLanguage":"de","@id":"https:\/\/serversmtp.com\/#\/schema\/logo\/image\/","url":"https:\/\/serversmtp.com\/wp-content\/uploads\/2021\/11\/og-image-2.jpg","contentUrl":"https:\/\/serversmtp.com\/wp-content\/uploads\/2021\/11\/og-image-2.jpg","width":1200,"height":1128,"caption":"Delivery Tech"},"image":{"@id":"https:\/\/serversmtp.com\/#\/schema\/logo\/image\/"}}]}},"_links":{"self":[{"href":"https:\/\/serversmtp.com\/de\/wp-json\/wp\/v2\/pages\/9956"}],"collection":[{"href":"https:\/\/serversmtp.com\/de\/wp-json\/wp\/v2\/pages"}],"about":[{"href":"https:\/\/serversmtp.com\/de\/wp-json\/wp\/v2\/types\/page"}],"author":[{"embeddable":true,"href":"https:\/\/serversmtp.com\/de\/wp-json\/wp\/v2\/users\/8"}],"replies":[{"embeddable":true,"href":"https:\/\/serversmtp.com\/de\/wp-json\/wp\/v2\/comments?post=9956"}],"version-history":[{"count":5,"href":"https:\/\/serversmtp.com\/de\/wp-json\/wp\/v2\/pages\/9956\/revisions"}],"predecessor-version":[{"id":12940,"href":"https:\/\/serversmtp.com\/de\/wp-json\/wp\/v2\/pages\/9956\/revisions\/12940"}],"wp:attachment":[{"href":"https:\/\/serversmtp.com\/de\/wp-json\/wp\/v2\/media?parent=9956"}],"curies":[{"name":"wp","href":"https:\/\/api.w.org\/{rel}","templated":true}]}}