{"id":9954,"date":"2020-09-14T16:19:51","date_gmt":"2020-09-14T14:19:51","guid":{"rendered":"https:\/\/www.serversmtp.com\/?page_id=9954"},"modified":"2025-10-22T11:42:47","modified_gmt":"2025-10-22T09:42:47","slug":"zimbra-smtp-smart-host-relay-de","status":"publish","type":"page","link":"https:\/\/serversmtp.com\/de\/zimbra-smtp-smart-host-relay-de\/","title":{"rendered":"Zimbra Smtp Smarthost Relay"},"content":{"rendered":"<style type=\"text\/css\">\n#content p, #content li {\n    font-size: 16px;\n    color: #000000;\n}\nh1, h2, h3, h4 {\n    font-weight: 600;\n}\n.spaced li {\n    margin-bottom: 15px;\n}\n#get-it-free.g1-button {\n    color: #ffffff;\n    background-color: #93ba19;\n    border-color: #93ba19;\n    font-weight: 600;\n}\n<\/style>\n<p>Befolgen Sie diese Anweisungen, um <strong>turboSMTP <\/strong>als Ihren <strong>Smtp-Relay-Smarthost <\/strong>f\u00fcr das Senden ausgehender E-Mails festzulegen, wenn Sie <strong>Zimbra <\/strong>(Version 8 oder h\u00f6her) verwenden. Es ist ein einfaches Verfahren, mit dem Sie sowohl Ihre Zustellrate als auch Ihre Domain-Sicherheit verbessern k\u00f6nnen!<\/p>\n<div id=\"\" class=\"g1-message g1-message--info \" ><div class=\"g1-inner\">F\u00fcr EU-Kunden: Bitte ersetzen Sie <em>pro.turbo-smtp.com<\/em> durch <em>pro.eu.turbo-smtp.com<\/em><\/div><\/div>\n<ol class=\"spaced\">\n<li>F\u00fchren Sie den folgenden Befehl aus:\n<pre>postmap \/opt\/zimbra\/conf\/relay_password<\/pre>\n<\/li>\n<li>F\u00fchren Sie den folgenden Befehl aus, um den Relay-Host und die Nummer des Ports zu \u00e4ndern\n<pre>zmprov ms `zmhostname` zimbraMtaRelayHost pro.turbo-smtp.com:587<\/pre>\n<\/li>\n<li>Richten Sie Ihre Anmeldeinformationen ein, indem Sie eine Textdatei wie die folgende erstellen. Ersetzen Sie <strong>USERNAME <\/strong>und <strong>PASSWORD <\/strong>durch Ihren Consumer Key und Consumer Secret (<a href=\"https:\/\/serversmtp.com\/de\/was-sind-api-schluessel-und-wie-erstellt-man-sie-mit-turbosmtp-ein-kompletter-leitfaden\/\" title=\"Wie Sie Ihre API-Keys erstellen\" target=\"_blank\" rel=\"noopener\">siehe wie Sie Ihre API-Keys erstellen<\/a>).\n<pre>echo pro.turbo-smtp.com USERNAME:PASSWORD > \/opt\/zimbra\/conf\/relay_password<\/pre>\n<\/li>\n<li>Erstellen Sie eine Postfix-Look-Up-Tabelle wie folgt:\n<pre>postmap \/opt\/zimbra\/conf\/relay_password<\/pre>\n<\/li>\n<li>Um zu \u00fcberpr\u00fcfen, ob die Tabelle korrekt erstellt wurde, starten Sie bitte den folgenden Befehl. Es sollte USERNAME: PASSWORD zur\u00fcckgeben\n<pre>postmap -q pro.turbo-smtp.com \/opt\/zimbra\/conf\/relay_password<\/pre>\n<\/li>\n<li>Konfigurieren Sie postfix f\u00fcr die Verwendung der neuen Passwortzuordnung, der SSL-Authentifizierung und des ausgehenden Servernamens, indem Sie die folgenden drei Befehle starten:\n<pre>zmprov ms `zmhostname` zimbraMtaSmtpSaslPasswordMaps lmdb:\/opt\/zimbra\/conf\/relay_password<\/pre>\n<pre>zmprov ms `zmhostname` zimbraMtaSmtpSaslAuthEnable yes<\/pre>\n<pre>zmprov ms `zmhostname` zimbraMtaSmtpCnameOverridesServername no<\/pre>\n<\/li>\n<li>Autorisieren Sie das TLS und die Klartextauthentifizierung\n<pre>zmprov ms `zmhostname` zimbraMtaSmtpSaslSecurityOptions noanonymous<\/pre>\n<pre>zmprov ms `zmhostname` zimbraMtaSmtpSaslSecurityOptions noanonymous<\/pre>\n<\/li>\n<\/ol>\n<div class=\"g1-space\" style=\"height: 20px;\"><\/div>\n<h2 style=\"text-align: center; font-size: 3.1em; margin-bottom: 0.6em;\">Wenn Sie sehen m\u00f6chten wie ein <strong>Smarthost-Service<\/strong> funktioniert, testen Sie <strong>turboSMTP<\/strong><\/h2>\n<h3 style=\"text-align: center; font-weight: normal;\">Jedes Unternehmen ben\u00f6tigt einen Smtp-Relay-Smarthost f\u00fcr externe sowie interne Kommunikation. Ein Smarthost garantiert bessere Zustellbarkeit und Reputation, sch\u00fctzt Ihre Domain (niemand kann sich f\u00fcr Sie oder ein Mitglied Ihres Unternehmens ausgeben) und erm\u00f6glicht Ihnen, Ihre E-Mails und die Aktionen Ihrer Benutzer zu verfolgen.<br \/>\n<\/h3>\n<p style=\"text-align: center; margin-top: 2.3em;\"><a id=\"get-it-free\" class=\"g1-button g1-button--big g1-button--solid g1-button--standard button-landing-green\" href=\"https:\/\/serversmtp.com\/de\/tsmtpregistration1.php\" title=\"Kostenlos\"> &nbsp; &nbsp; &nbsp; &nbsp; KOSTENLOS  &nbsp; &nbsp; &nbsp; &nbsp; <\/a><\/p>\n<p style=\"text-align: center; margin-top: 2.3em;\"><a href=\"\/de\/smarthost-smtp-relay-was-ist-das\/\" title=\"Erfahren Sie mehr \u00fcber unseren Relay-Smarthost-Service\"> Erfahren Sie mehr \u00fcber unseren Smarthost-Service <\/a><\/p>\n","protected":false},"excerpt":{"rendered":"<p>Befolgen Sie diese Anweisungen, um turboSMTP als Ihren Smtp-Relay-Smarthost f\u00fcr das Senden ausgehender E-Mails festzulegen, wenn Sie Zimbra (Version 8 oder h\u00f6her) verwenden. Es ist ein einfaches Verfahren, mit dem Sie sowohl Ihre Zustellrate als auch Ihre Domain-Sicherheit verbessern k\u00f6nnen! F\u00fchren Sie den folgenden Befehl aus: postmap \/opt\/zimbra\/conf\/relay_password F\u00fchren Sie den folgenden Befehl aus, um &#8230; <\/p>\n<p class=\"read-more-container\"><a title=\"Zimbra Smtp Smarthost Relay\" class=\"read-more button\" href=\"https:\/\/serversmtp.com\/de\/zimbra-smtp-smart-host-relay-de\/#more-9954\" aria-label=\"Mehr Informationen \u00fcber Zimbra Smtp Smarthost Relay\">Entdecke mehr<\/a><\/p>\n","protected":false},"author":8,"featured_media":0,"parent":0,"menu_order":0,"comment_status":"closed","ping_status":"closed","template":"","meta":{"_eb_attr":"","inline_featured_image":false,"_monsterinsights_skip_tracking":false,"_monsterinsights_sitenote_active":false,"_monsterinsights_sitenote_note":"","_monsterinsights_sitenote_category":0,"footnotes":""},"class_list":["post-9954","page","type-page","status-publish"],"yoast_head":"<!-- This site is optimized with the Yoast SEO plugin v25.3.1 - https:\/\/yoast.com\/wordpress\/plugins\/seo\/ -->\n<title>Zimbra Smtp Smarthost Relay - turboSMTP<\/title>\n<meta name=\"description\" content=\"Wenn Sie Zimbra als E-Mail-Server verwenden, k\u00f6nnen Sie turboSMTP als Ihren Smart Host konfigurieren.\" \/>\n<meta name=\"robots\" content=\"index, follow, max-snippet:-1, max-image-preview:large, max-video-preview:-1\" \/>\n<link rel=\"canonical\" href=\"https:\/\/serversmtp.com\/de\/zimbra-smtp-smart-host-relay-de\/\" \/>\n<meta name=\"twitter:label1\" content=\"Gesch\u00e4tzte Lesezeit\" \/>\n\t<meta name=\"twitter:data1\" content=\"1\u00a0Minute\" \/>\n<!-- \/ Yoast SEO plugin. -->","yoast_head_json":{"title":"Zimbra Smtp Smarthost Relay - turboSMTP","description":"Wenn Sie Zimbra als E-Mail-Server verwenden, k\u00f6nnen Sie turboSMTP als Ihren Smart Host konfigurieren.","robots":{"index":"index","follow":"follow","max-snippet":"max-snippet:-1","max-image-preview":"max-image-preview:large","max-video-preview":"max-video-preview:-1"},"canonical":"https:\/\/serversmtp.com\/de\/zimbra-smtp-smart-host-relay-de\/","twitter_misc":{"Gesch\u00e4tzte Lesezeit":"1\u00a0Minute"},"schema":{"@context":"https:\/\/schema.org","@graph":[{"@type":"WebPage","@id":"https:\/\/serversmtp.com\/de\/zimbra-smtp-smart-host-relay-de\/","url":"https:\/\/serversmtp.com\/de\/zimbra-smtp-smart-host-relay-de\/","name":"Zimbra Smtp Smarthost Relay - turboSMTP","isPartOf":{"@id":"https:\/\/serversmtp.com\/#website"},"datePublished":"2020-09-14T14:19:51+00:00","dateModified":"2025-10-22T09:42:47+00:00","description":"Wenn Sie Zimbra als E-Mail-Server verwenden, k\u00f6nnen Sie turboSMTP als Ihren Smart Host konfigurieren.","breadcrumb":{"@id":"https:\/\/serversmtp.com\/de\/zimbra-smtp-smart-host-relay-de\/#breadcrumb"},"inLanguage":"de","potentialAction":[{"@type":"ReadAction","target":["https:\/\/serversmtp.com\/de\/zimbra-smtp-smart-host-relay-de\/"]}]},{"@type":"BreadcrumbList","@id":"https:\/\/serversmtp.com\/de\/zimbra-smtp-smart-host-relay-de\/#breadcrumb","itemListElement":[{"@type":"ListItem","position":1,"name":"Home","item":"https:\/\/serversmtp.com\/de\/"},{"@type":"ListItem","position":2,"name":"Zimbra Smtp Smarthost Relay"}]},{"@type":"WebSite","@id":"https:\/\/serversmtp.com\/#website","url":"https:\/\/serversmtp.com\/","name":"smtp mail server - professional SMTP service provider","description":"smtp mail server - professional SMTP service provider","publisher":{"@id":"https:\/\/serversmtp.com\/#organization"},"potentialAction":[{"@type":"SearchAction","target":{"@type":"EntryPoint","urlTemplate":"https:\/\/serversmtp.com\/?s={search_term_string}"},"query-input":{"@type":"PropertyValueSpecification","valueRequired":true,"valueName":"search_term_string"}}],"inLanguage":"de"},{"@type":"Organization","@id":"https:\/\/serversmtp.com\/#organization","name":"Delivery Tech","url":"https:\/\/serversmtp.com\/","logo":{"@type":"ImageObject","inLanguage":"de","@id":"https:\/\/serversmtp.com\/#\/schema\/logo\/image\/","url":"https:\/\/serversmtp.com\/wp-content\/uploads\/2021\/11\/og-image-2.jpg","contentUrl":"https:\/\/serversmtp.com\/wp-content\/uploads\/2021\/11\/og-image-2.jpg","width":1200,"height":1128,"caption":"Delivery Tech"},"image":{"@id":"https:\/\/serversmtp.com\/#\/schema\/logo\/image\/"}}]}},"_links":{"self":[{"href":"https:\/\/serversmtp.com\/de\/wp-json\/wp\/v2\/pages\/9954"}],"collection":[{"href":"https:\/\/serversmtp.com\/de\/wp-json\/wp\/v2\/pages"}],"about":[{"href":"https:\/\/serversmtp.com\/de\/wp-json\/wp\/v2\/types\/page"}],"author":[{"embeddable":true,"href":"https:\/\/serversmtp.com\/de\/wp-json\/wp\/v2\/users\/8"}],"replies":[{"embeddable":true,"href":"https:\/\/serversmtp.com\/de\/wp-json\/wp\/v2\/comments?post=9954"}],"version-history":[{"count":6,"href":"https:\/\/serversmtp.com\/de\/wp-json\/wp\/v2\/pages\/9954\/revisions"}],"predecessor-version":[{"id":22520,"href":"https:\/\/serversmtp.com\/de\/wp-json\/wp\/v2\/pages\/9954\/revisions\/22520"}],"wp:attachment":[{"href":"https:\/\/serversmtp.com\/de\/wp-json\/wp\/v2\/media?parent=9954"}],"curies":[{"name":"wp","href":"https:\/\/api.w.org\/{rel}","templated":true}]}}