{"id":9952,"date":"2020-09-14T16:15:12","date_gmt":"2020-09-14T14:15:12","guid":{"rendered":"https:\/\/www.serversmtp.com\/?page_id=9952"},"modified":"2025-10-22T11:39:55","modified_gmt":"2025-10-22T09:39:55","slug":"mdaemon-smtp-smart-host-relay-service-de","status":"publish","type":"page","link":"https:\/\/serversmtp.com\/de\/mdaemon-smtp-smart-host-relay-service-de\/","title":{"rendered":"MDaemon E-Mail Smtp-Smarthost-Relay"},"content":{"rendered":"<style type=\"text\/css\">\n#content p, #content li {\n    font-size: 16px;\n    color: #000000;\n}\nh1, h2, h3, h4 {\n    font-weight: 600;\n}\n.spaced li {\n    margin-bottom: 15px;\n}\n#get-it-free.g1-button {\n    color: #ffffff;\n    background-color: #93ba19;\n    border-color: #93ba19;\n    font-weight: 600;\n}\n<\/style>\n<p>Wenn Sie <strong>MDaemon <\/strong>als E-Mail-Server verwenden, k\u00f6nnen Sie <strong>turboSMTP <\/strong>als Ihren Smtp-Smarthost-Relay konfigurieren. Dies verbessert Sicherheit und Zustellbarkeit Ihrer E-Mails. Und so geht es:<\/p>\n<div id=\"\" class=\"g1-message g1-message--info \" ><div class=\"g1-inner\">F\u00fcr EU-Kunden: Bitte ersetzen Sie <em>pro.turbo-smtp.com<\/em> durch <em>pro.eu.turbo-smtp.com<\/em><\/div><\/div>\n<ol class=\"spaced\">\n<li>Starten Sie MDaemon<\/li>\n<li>Folgen Sie dem Pfad: Setup> Servereinstellungen> Zustellung<br \/>\n<img decoding=\"async\" width=\"419\" height=\"237\" src=\"https:\/\/serversmtp.com\/wp-content\/uploads\/2020\/07\/smart-host-setup-mdaemon-1.png\" alt=\"Richten Sie den MDaemon Smarthost ein\" style=\"margin-top: 15px;\"><\/li>\n<li>Markieren Sie unter Nachrichten Routing die Option Alle ausgehenden E-Mails an einen Smarthost senden<\/li>\n<li>Geben Sie im Feld Standard-Smarthost pro.turbo-smtp.com ein<\/li>\n<li>Markieren Sie SMTP-Authentifizierung verwenden und geben Sie Ihren Consumer Key und Consumer Secret ein (<a href=\"https:\/\/serversmtp.com\/de\/was-sind-api-schluessel-und-wie-erstellt-man-sie-mit-turbosmtp-ein-kompletter-leitfaden\/\" title=\"Wie Sie Ihre API-Keys erstellen\" target=\"_blank\" rel=\"noopener\">siehe wie Sie Ihre API-Keys erstellen<\/a>).<\/li>\n<li>Klicken Sie auf \u00dcbernehmen und dann auf OK<br \/>\n<img decoding=\"async\" width=\"650\" height=\"509\" src=\"https:\/\/serversmtp.com\/wp-content\/uploads\/2020\/07\/smart-host-setup-mdaemon-2.png\" alt=\"Richten Sie den MDaemon Smarthost ein\" style=\"margin-top: 15px;\"><\/li>\n<li>\u00d6ffnen Sie im Men\u00fc Servereinstellungen den Port und geben Sie den Code ein: 25. turboSMTP unterst\u00fctzt auch die Ports 587 und 465<\/li>\n<li>Klicken Sie auf \u00dcbernehmen und dann auf OK<br \/>\n<img decoding=\"async\" width=\"530\" height=\"418\" src=\"https:\/\/serversmtp.com\/wp-content\/uploads\/2020\/07\/smart-host-setup-mdaemon-3.png\" alt=\"Richten Sie den MDaemon Smarthost ein\" style=\"margin-top: 15px;\"><\/li>\n<\/ol>\n<div class=\"g1-space\" style=\"height: 20px;\"><\/div>\n<div  class=\"g1-divider g1-divider--none g1-divider--noicon \"><\/div>\n<h2 style=\"text-align: center; font-size: 3.1em; margin-bottom: 0.6em;\">Wenn Sie sehen m\u00f6chten wie ein <strong>Relay-Smarthost-Service<\/strong> funktioniert, testen Sie <strong>turboSMTP<\/strong><\/h2>\n<h3 style=\"text-align: center; font-weight: normal;\">Jedes Unternehmen ben\u00f6tigt einen Smtp-Relay-Smarthost f\u00fcr externe sowie interne Kommunikation. Ein Smarthost garantiert bessere Zustellbarkeit und Reputation, sch\u00fctzt Ihre Domain (niemand kann sich f\u00fcr Sie oder ein Mitglied Ihres Unternehmens ausgeben) und erm\u00f6glicht Ihnen, Ihre E-Mails und die Aktionen Ihrer Benutzer zu verfolgen.<br \/>\n<\/h3>\n<p style=\"text-align: center; margin-top: 2.3em;\"><a id=\"get-it-free\" class=\"g1-button g1-button--big g1-button--solid g1-button--standard button-landing-green\" href=\"https:\/\/serversmtp.com\/de\/tsmtpregistration1.php\" title=\"Kostenlos\"> &nbsp; &nbsp; &nbsp; &nbsp; KOSTENLOS  &nbsp; &nbsp; &nbsp; &nbsp; <\/a><\/p>\n<p style=\"text-align: center; margin-top: 2.3em;\"><a href=\"\/de\/smarthost-smtp-relay-was-ist-das\/\" title=\"Erfahren Sie mehr \u00fcber unseren Smarthost-Service\"> Erfahren Sie mehr \u00fcber unseren Smarthost-Relay-Service <\/a><\/p>\n","protected":false},"excerpt":{"rendered":"<p>Wenn Sie MDaemon als E-Mail-Server verwenden, k\u00f6nnen Sie turboSMTP als Ihren Smtp-Smarthost-Relay konfigurieren. Dies verbessert Sicherheit und Zustellbarkeit Ihrer E-Mails. Und so geht es: Starten Sie MDaemon Folgen Sie dem Pfad: Setup> Servereinstellungen> Zustellung Markieren Sie unter Nachrichten Routing die Option Alle ausgehenden E-Mails an einen Smarthost senden Geben Sie im Feld Standard-Smarthost pro.turbo-smtp.com ein &#8230; <\/p>\n<p class=\"read-more-container\"><a title=\"MDaemon E-Mail Smtp-Smarthost-Relay\" class=\"read-more button\" href=\"https:\/\/serversmtp.com\/de\/mdaemon-smtp-smart-host-relay-service-de\/#more-9952\" aria-label=\"Mehr Informationen \u00fcber MDaemon E-Mail Smtp-Smarthost-Relay\">Entdecke mehr<\/a><\/p>\n","protected":false},"author":8,"featured_media":0,"parent":0,"menu_order":0,"comment_status":"closed","ping_status":"closed","template":"","meta":{"_eb_attr":"","inline_featured_image":false,"_monsterinsights_skip_tracking":false,"_monsterinsights_sitenote_active":false,"_monsterinsights_sitenote_note":"","_monsterinsights_sitenote_category":0,"footnotes":""},"class_list":["post-9952","page","type-page","status-publish"],"yoast_head":"<!-- This site is optimized with the Yoast SEO plugin v25.3.1 - https:\/\/yoast.com\/wordpress\/plugins\/seo\/ -->\n<title>MDaemon E-Mail Smtp-Smarthost-Relay - turboSMTP<\/title>\n<meta name=\"description\" content=\"Wenn Sie MDaemon als E-Mail-Server verwenden, k\u00f6nnen Sie turboSMTP als Ihren Smart Host konfigurieren.\" \/>\n<meta name=\"robots\" content=\"index, follow, max-snippet:-1, max-image-preview:large, max-video-preview:-1\" \/>\n<link rel=\"canonical\" href=\"https:\/\/serversmtp.com\/de\/mdaemon-smtp-smart-host-relay-service-de\/\" \/>\n<meta name=\"twitter:label1\" content=\"Gesch\u00e4tzte Lesezeit\" \/>\n\t<meta name=\"twitter:data1\" content=\"2\u00a0Minuten\" \/>\n<!-- \/ Yoast SEO plugin. -->","yoast_head_json":{"title":"MDaemon E-Mail Smtp-Smarthost-Relay - turboSMTP","description":"Wenn Sie MDaemon als E-Mail-Server verwenden, k\u00f6nnen Sie turboSMTP als Ihren Smart Host konfigurieren.","robots":{"index":"index","follow":"follow","max-snippet":"max-snippet:-1","max-image-preview":"max-image-preview:large","max-video-preview":"max-video-preview:-1"},"canonical":"https:\/\/serversmtp.com\/de\/mdaemon-smtp-smart-host-relay-service-de\/","twitter_misc":{"Gesch\u00e4tzte Lesezeit":"2\u00a0Minuten"},"schema":{"@context":"https:\/\/schema.org","@graph":[{"@type":"WebPage","@id":"https:\/\/serversmtp.com\/de\/mdaemon-smtp-smart-host-relay-service-de\/","url":"https:\/\/serversmtp.com\/de\/mdaemon-smtp-smart-host-relay-service-de\/","name":"MDaemon E-Mail Smtp-Smarthost-Relay - turboSMTP","isPartOf":{"@id":"https:\/\/serversmtp.com\/#website"},"primaryImageOfPage":{"@id":"https:\/\/serversmtp.com\/de\/mdaemon-smtp-smart-host-relay-service-de\/#primaryimage"},"image":{"@id":"https:\/\/serversmtp.com\/de\/mdaemon-smtp-smart-host-relay-service-de\/#primaryimage"},"thumbnailUrl":"https:\/\/serversmtp.com\/wp-content\/uploads\/2020\/07\/smart-host-setup-mdaemon-1.png","datePublished":"2020-09-14T14:15:12+00:00","dateModified":"2025-10-22T09:39:55+00:00","description":"Wenn Sie MDaemon als E-Mail-Server verwenden, k\u00f6nnen Sie turboSMTP als Ihren Smart Host konfigurieren.","breadcrumb":{"@id":"https:\/\/serversmtp.com\/de\/mdaemon-smtp-smart-host-relay-service-de\/#breadcrumb"},"inLanguage":"de","potentialAction":[{"@type":"ReadAction","target":["https:\/\/serversmtp.com\/de\/mdaemon-smtp-smart-host-relay-service-de\/"]}]},{"@type":"ImageObject","inLanguage":"de","@id":"https:\/\/serversmtp.com\/de\/mdaemon-smtp-smart-host-relay-service-de\/#primaryimage","url":"https:\/\/serversmtp.com\/wp-content\/uploads\/2020\/07\/smart-host-setup-mdaemon-1.png","contentUrl":"https:\/\/serversmtp.com\/wp-content\/uploads\/2020\/07\/smart-host-setup-mdaemon-1.png"},{"@type":"BreadcrumbList","@id":"https:\/\/serversmtp.com\/de\/mdaemon-smtp-smart-host-relay-service-de\/#breadcrumb","itemListElement":[{"@type":"ListItem","position":1,"name":"Home","item":"https:\/\/serversmtp.com\/de\/"},{"@type":"ListItem","position":2,"name":"MDaemon E-Mail Smtp-Smarthost-Relay"}]},{"@type":"WebSite","@id":"https:\/\/serversmtp.com\/#website","url":"https:\/\/serversmtp.com\/","name":"smtp mail server - professional SMTP service provider","description":"smtp mail server - professional SMTP service provider","publisher":{"@id":"https:\/\/serversmtp.com\/#organization"},"potentialAction":[{"@type":"SearchAction","target":{"@type":"EntryPoint","urlTemplate":"https:\/\/serversmtp.com\/?s={search_term_string}"},"query-input":{"@type":"PropertyValueSpecification","valueRequired":true,"valueName":"search_term_string"}}],"inLanguage":"de"},{"@type":"Organization","@id":"https:\/\/serversmtp.com\/#organization","name":"Delivery Tech","url":"https:\/\/serversmtp.com\/","logo":{"@type":"ImageObject","inLanguage":"de","@id":"https:\/\/serversmtp.com\/#\/schema\/logo\/image\/","url":"https:\/\/serversmtp.com\/wp-content\/uploads\/2021\/11\/og-image-2.jpg","contentUrl":"https:\/\/serversmtp.com\/wp-content\/uploads\/2021\/11\/og-image-2.jpg","width":1200,"height":1128,"caption":"Delivery Tech"},"image":{"@id":"https:\/\/serversmtp.com\/#\/schema\/logo\/image\/"}}]}},"_links":{"self":[{"href":"https:\/\/serversmtp.com\/de\/wp-json\/wp\/v2\/pages\/9952"}],"collection":[{"href":"https:\/\/serversmtp.com\/de\/wp-json\/wp\/v2\/pages"}],"about":[{"href":"https:\/\/serversmtp.com\/de\/wp-json\/wp\/v2\/types\/page"}],"author":[{"embeddable":true,"href":"https:\/\/serversmtp.com\/de\/wp-json\/wp\/v2\/users\/8"}],"replies":[{"embeddable":true,"href":"https:\/\/serversmtp.com\/de\/wp-json\/wp\/v2\/comments?post=9952"}],"version-history":[{"count":6,"href":"https:\/\/serversmtp.com\/de\/wp-json\/wp\/v2\/pages\/9952\/revisions"}],"predecessor-version":[{"id":22518,"href":"https:\/\/serversmtp.com\/de\/wp-json\/wp\/v2\/pages\/9952\/revisions\/22518"}],"wp:attachment":[{"href":"https:\/\/serversmtp.com\/de\/wp-json\/wp\/v2\/media?parent=9952"}],"curies":[{"name":"wp","href":"https:\/\/api.w.org\/{rel}","templated":true}]}}