{"id":9950,"date":"2020-09-14T16:09:44","date_gmt":"2020-09-14T14:09:44","guid":{"rendered":"https:\/\/www.serversmtp.com\/?page_id=9950"},"modified":"2025-10-22T11:37:27","modified_gmt":"2025-10-22T09:37:27","slug":"mailenable-smart-host-smtp-relay-provider-de","status":"publish","type":"page","link":"https:\/\/serversmtp.com\/de\/mailenable-smart-host-smtp-relay-provider-de\/","title":{"rendered":"MailEnable Smarthost-Smtp-Relay-Provider"},"content":{"rendered":"<style type=\"text\/css\">\n#content p, #content li {\n    font-size: 16px;\n    color: #000000;\n}\nh1, h2, h3, h4 {\n    font-weight: 600;\n}\n.spaced li {\n    margin-bottom: 15px;\n}\n#get-it-free.g1-button {\n    color: #ffffff;\n    background-color: #93ba19;\n    border-color: #93ba19;\n    font-weight: 600;\n}\n<\/style>\n<p>Haben Sie <strong>MailEnable <\/strong>installiert? Sie sollten <strong>turboSMTP <\/strong>als Ihren Smarthost-Smtp-Provider verwenden. Die zahlreichen Vorteile beinhalten bessere Sicherheit und eine h\u00f6here Zustellrate!<\/p>\n<div id=\"\" class=\"g1-message g1-message--info \" ><div class=\"g1-inner\">F\u00fcr EU-Kunden: Bitte ersetzen Sie <em>pro.turbo-smtp.com<\/em> durch <em>pro.eu.turbo-smtp.com<\/em><\/div><\/div>\n<p>To configure turboSMTP as your MailEnable Smtp-Relay-Smarthost follow these steps: <\/p>\n<ol class=\"spaced\">\n<li>Starten Sie die MailEnable Professional-Anwendung<br \/>\n<img decoding=\"async\" width=\"251\" height=\"179\" src=\"https:\/\/serversmtp.com\/wp-content\/uploads\/2020\/07\/smart-host-setup-mailenable-1.png\" alt=\"Richten Sie den MailEnable-Smarthost ein\" style=\"margin-top: 15px;\"><\/li>\n<li>Folgen Sie diesem Pfad: MailEnable Management> Server> [Ihr_Server]> Dienste und Konnektoren> SMTP> Aktionen> Eigenschaften<\/strong><br \/>\n<img decoding=\"async\" width=\"595\" height=\"558\" src=\"https:\/\/serversmtp.com\/wp-content\/uploads\/2020\/07\/smart-host-setup-mailenable-2.png\" alt=\"Richten Sie den MailEnable-Smarthost ein\" style=\"margin-top: 15px;\"><\/li>\n<li>W\u00e4hlen Sie in den SMTP-Eigenschaften Smarthost aus und vervollst\u00e4ndigen Sie die IP-Dom\u00e4ne mit pro.turbo-smtp.com. Geben Sie Ihren Consumer Key und Consumer Secret ein (<a href=\"https:\/\/serversmtp.com\/de\/was-sind-api-schluessel-und-wie-erstellt-man-sie-mit-turbosmtp-ein-kompletter-leitfaden\/\" title=\"Wie Sie Ihre API-Keys erstellen\" target=\"_blank\" rel=\"noopener\">siehe wie Sie Ihre API-Keys erstellen<\/a>) und aktivieren Sie das Kontrollk\u00e4stchen neben Domain Smarthosting hat Priorit\u00e4t<br \/>\n<img decoding=\"async\" width=\"382\" height=\"574\" src=\"https:\/\/serversmtp.com\/wp-content\/uploads\/2020\/07\/smart-host-setup-mailenable-3.png\" alt=\"Richten Sie den MailEnable-Smarthost ein\" style=\"margin-top: 15px;\"><\/li>\n<li>Gehen Sie zu Outbound<\/li>\n<li>Aktivieren Sie das Kontrollk\u00e4stchen neben Mit TLS senden, wenn der Remoteserver dies unterst\u00fctzt, und klicken Sie dann auf OK<br \/>\n<img decoding=\"async\" width=\"388\" height=\"585\" src=\"https:\/\/serversmtp.com\/wp-content\/uploads\/2020\/07\/smart-host-setup-mailenable-4.png\" alt=\"Richten Sie den MailEnable-Smarthost ein\" style=\"margin-top: 15px;\"><\/li>\n<\/ol>\n<div class=\"g1-space\" style=\"height: 20px;\"><\/div>\n<div  class=\"g1-divider g1-divider--none g1-divider--noicon \"><\/div>\n<h2 style=\"text-align: center; font-size: 3.1em; margin-bottom: 0.6em;\">Wenn Sie sehen m\u00f6chten wie ein <strong>Smarthost-Service<\/strong> funktioniert, testen Sie <strong>turboSMTP<\/strong><\/h2>\n<h3 style=\"text-align: center; font-weight: normal;\">Jedes Unternehmen ben\u00f6tigt einen Smtp-Relay-Smarthost f\u00fcr externe sowie interne Kommunikation. Ein Smarthost-E-Mail-Relay garantiert bessere Zustellbarkeit und Reputation, sch\u00fctzt Ihre Domain (niemand kann sich f\u00fcr Sie oder ein Mitglied Ihres Unternehmens ausgeben) und erm\u00f6glicht Ihnen, Ihre E-Mails und die Aktionen Ihrer Benutzer zu verfolgen.<br \/>\n<\/h3>\n<p style=\"text-align: center; margin-top: 2.3em;\"><a id=\"get-it-free\" class=\"g1-button g1-button--big g1-button--solid g1-button--standard button-landing-green\" href=\"https:\/\/serversmtp.com\/de\/tsmtpregistration1.php\" title=\"Kostenlos\"> &nbsp; &nbsp; &nbsp; &nbsp; KOSTENLOS  &nbsp; &nbsp; &nbsp; &nbsp; <\/a><\/p>\n<p style=\"text-align: center; margin-top: 2.3em;\"><a href=\"\/de\/smarthost-smtp-relay-was-ist-das\/\" title=\"Erfahren Sie mehr \u00fcber unseren Smarthost-Service\"> Erfahren Sie mehr \u00fcber unseren Relay-Smarthost-Service <\/a><\/p>\n","protected":false},"excerpt":{"rendered":"<p>Haben Sie MailEnable installiert? Sie sollten turboSMTP als Ihren Smarthost-Smtp-Provider verwenden. Die zahlreichen Vorteile beinhalten bessere Sicherheit und eine h\u00f6here Zustellrate! To configure turboSMTP as your MailEnable Smtp-Relay-Smarthost follow these steps: Starten Sie die MailEnable Professional-Anwendung Folgen Sie diesem Pfad: MailEnable Management> Server> [Ihr_Server]> Dienste und Konnektoren> SMTP> Aktionen> Eigenschaften W\u00e4hlen Sie in den SMTP-Eigenschaften &#8230; <\/p>\n<p class=\"read-more-container\"><a title=\"MailEnable Smarthost-Smtp-Relay-Provider\" class=\"read-more button\" href=\"https:\/\/serversmtp.com\/de\/mailenable-smart-host-smtp-relay-provider-de\/#more-9950\" aria-label=\"Mehr Informationen \u00fcber MailEnable Smarthost-Smtp-Relay-Provider\">Entdecke mehr<\/a><\/p>\n","protected":false},"author":8,"featured_media":0,"parent":0,"menu_order":0,"comment_status":"closed","ping_status":"closed","template":"","meta":{"_eb_attr":"","inline_featured_image":false,"_monsterinsights_skip_tracking":false,"_monsterinsights_sitenote_active":false,"_monsterinsights_sitenote_note":"","_monsterinsights_sitenote_category":0,"footnotes":""},"class_list":["post-9950","page","type-page","status-publish"],"yoast_head":"<!-- This site is optimized with the Yoast SEO plugin v25.3.1 - https:\/\/yoast.com\/wordpress\/plugins\/seo\/ -->\n<title>MailEnable Smarthost-Smtp-Relay-Provider - turboSMTP<\/title>\n<meta name=\"description\" content=\"Wenn Sie MailEnable als E-Mail-Server verwenden, k\u00f6nnen Sie turboSMTP als Ihren Smart Host konfigurieren.\" \/>\n<meta name=\"robots\" content=\"index, follow, max-snippet:-1, max-image-preview:large, max-video-preview:-1\" \/>\n<link rel=\"canonical\" href=\"https:\/\/serversmtp.com\/de\/mailenable-smart-host-smtp-relay-provider-de\/\" \/>\n<meta name=\"twitter:label1\" content=\"Gesch\u00e4tzte Lesezeit\" \/>\n\t<meta name=\"twitter:data1\" content=\"2\u00a0Minuten\" \/>\n<!-- \/ Yoast SEO plugin. -->","yoast_head_json":{"title":"MailEnable Smarthost-Smtp-Relay-Provider - turboSMTP","description":"Wenn Sie MailEnable als E-Mail-Server verwenden, k\u00f6nnen Sie turboSMTP als Ihren Smart Host konfigurieren.","robots":{"index":"index","follow":"follow","max-snippet":"max-snippet:-1","max-image-preview":"max-image-preview:large","max-video-preview":"max-video-preview:-1"},"canonical":"https:\/\/serversmtp.com\/de\/mailenable-smart-host-smtp-relay-provider-de\/","twitter_misc":{"Gesch\u00e4tzte Lesezeit":"2\u00a0Minuten"},"schema":{"@context":"https:\/\/schema.org","@graph":[{"@type":"WebPage","@id":"https:\/\/serversmtp.com\/de\/mailenable-smart-host-smtp-relay-provider-de\/","url":"https:\/\/serversmtp.com\/de\/mailenable-smart-host-smtp-relay-provider-de\/","name":"MailEnable Smarthost-Smtp-Relay-Provider - turboSMTP","isPartOf":{"@id":"https:\/\/serversmtp.com\/tr\/#website"},"primaryImageOfPage":{"@id":"https:\/\/serversmtp.com\/de\/mailenable-smart-host-smtp-relay-provider-de\/#primaryimage"},"image":{"@id":"https:\/\/serversmtp.com\/de\/mailenable-smart-host-smtp-relay-provider-de\/#primaryimage"},"thumbnailUrl":"https:\/\/serversmtp.com\/wp-content\/uploads\/2020\/07\/smart-host-setup-mailenable-1.png","datePublished":"2020-09-14T14:09:44+00:00","dateModified":"2025-10-22T09:37:27+00:00","description":"Wenn Sie MailEnable als E-Mail-Server verwenden, k\u00f6nnen Sie turboSMTP als Ihren Smart Host konfigurieren.","breadcrumb":{"@id":"https:\/\/serversmtp.com\/de\/mailenable-smart-host-smtp-relay-provider-de\/#breadcrumb"},"inLanguage":"de","potentialAction":[{"@type":"ReadAction","target":["https:\/\/serversmtp.com\/de\/mailenable-smart-host-smtp-relay-provider-de\/"]}]},{"@type":"ImageObject","inLanguage":"de","@id":"https:\/\/serversmtp.com\/de\/mailenable-smart-host-smtp-relay-provider-de\/#primaryimage","url":"https:\/\/serversmtp.com\/wp-content\/uploads\/2020\/07\/smart-host-setup-mailenable-1.png","contentUrl":"https:\/\/serversmtp.com\/wp-content\/uploads\/2020\/07\/smart-host-setup-mailenable-1.png"},{"@type":"BreadcrumbList","@id":"https:\/\/serversmtp.com\/de\/mailenable-smart-host-smtp-relay-provider-de\/#breadcrumb","itemListElement":[{"@type":"ListItem","position":1,"name":"Home","item":"https:\/\/serversmtp.com\/de\/"},{"@type":"ListItem","position":2,"name":"MailEnable Smarthost-Smtp-Relay-Provider"}]},{"@type":"WebSite","@id":"https:\/\/serversmtp.com\/tr\/#website","url":"https:\/\/serversmtp.com\/tr\/","name":"smtp mail server - professional SMTP service provider","description":"smtp mail server - professional SMTP service provider","publisher":{"@id":"https:\/\/serversmtp.com\/tr\/#organization"},"potentialAction":[{"@type":"SearchAction","target":{"@type":"EntryPoint","urlTemplate":"https:\/\/serversmtp.com\/tr\/?s={search_term_string}"},"query-input":{"@type":"PropertyValueSpecification","valueRequired":true,"valueName":"search_term_string"}}],"inLanguage":"de"},{"@type":"Organization","@id":"https:\/\/serversmtp.com\/tr\/#organization","name":"Delivery Tech","url":"https:\/\/serversmtp.com\/tr\/","logo":{"@type":"ImageObject","inLanguage":"de","@id":"https:\/\/serversmtp.com\/tr\/#\/schema\/logo\/image\/","url":"https:\/\/serversmtp.com\/wp-content\/uploads\/2021\/11\/og-image-2.jpg","contentUrl":"https:\/\/serversmtp.com\/wp-content\/uploads\/2021\/11\/og-image-2.jpg","width":1200,"height":1128,"caption":"Delivery Tech"},"image":{"@id":"https:\/\/serversmtp.com\/tr\/#\/schema\/logo\/image\/"}}]}},"_links":{"self":[{"href":"https:\/\/serversmtp.com\/de\/wp-json\/wp\/v2\/pages\/9950"}],"collection":[{"href":"https:\/\/serversmtp.com\/de\/wp-json\/wp\/v2\/pages"}],"about":[{"href":"https:\/\/serversmtp.com\/de\/wp-json\/wp\/v2\/types\/page"}],"author":[{"embeddable":true,"href":"https:\/\/serversmtp.com\/de\/wp-json\/wp\/v2\/users\/8"}],"replies":[{"embeddable":true,"href":"https:\/\/serversmtp.com\/de\/wp-json\/wp\/v2\/comments?post=9950"}],"version-history":[{"count":6,"href":"https:\/\/serversmtp.com\/de\/wp-json\/wp\/v2\/pages\/9950\/revisions"}],"predecessor-version":[{"id":22516,"href":"https:\/\/serversmtp.com\/de\/wp-json\/wp\/v2\/pages\/9950\/revisions\/22516"}],"wp:attachment":[{"href":"https:\/\/serversmtp.com\/de\/wp-json\/wp\/v2\/media?parent=9950"}],"curies":[{"name":"wp","href":"https:\/\/api.w.org\/{rel}","templated":true}]}}