{"id":9948,"date":"2020-09-14T16:04:16","date_gmt":"2020-09-14T14:04:16","guid":{"rendered":"https:\/\/www.serversmtp.com\/?page_id=9948"},"modified":"2022-03-18T17:20:24","modified_gmt":"2022-03-18T16:20:24","slug":"lotus-domino-administrator-ibm-smarthost-relay-einrichten-von-turbosmtp-de","status":"publish","type":"page","link":"https:\/\/serversmtp.com\/de\/lotus-domino-administrator-ibm-smarthost-relay-einrichten-von-turbosmtp-de\/","title":{"rendered":"Lotus Domino Administrator IBM Smarthost-Smtp-Relay &#8211; Einrichten von turboSMTP"},"content":{"rendered":"<style type=\"text\/css\">\n#content p, #content li {\n    font-size: 16px;\n    color: #000000;\n}\nh1, h2, h3, h4 {\n    font-weight: 600;\n}\n.spaced li {\n    margin-bottom: 15px;\n}\n#get-it-free.g1-button {\n    color: #ffffff;\n    background-color: #93ba19;\n    border-color: #93ba19;\n    font-weight: 600;\n}\n<\/style>\n<p>Wenn Sie <strong>Lotus Domino<\/strong> verwenden und <strong>turboSMTP als Smtp-Relay-Smarthost<\/strong> verwenden m\u00f6chten, gehen Sie wie folgt vor. Sie k\u00f6nnen die Zustellbarkeit und Sicherheit Ihrer E-Mails verbessern!<\/p>\n<div id=\"\" class=\"g1-message g1-message--info \" ><div class=\"g1-inner\">F\u00fcr EU-Kunden: Bitte ersetzen Sie <em>pro.turbo-smtp.com<\/em> durch <em>pro.eu.turbo-smtp.com<\/em><\/div><\/div>\n<ol class=\"spaced\">\n<li>Befolgen Sie das Lotus Domino Server-Handbuch, <a href=\"https:\/\/www.ibm.com\/search?lang=en&#038;cc=us&#038;q=%22Configuring%20Domino%20to%20send%20mail%20to%20a%20relay%20host%20or%20firewall%22\" target=\"_blank\" rel=\"nofollow noopener noreferrer\"><strong>Konfigurieren von Domino zum Senden von E-Mails an einen Relay-Host oder eine Firewall<\/strong><\/a><\/li>\n<li>Vervollst\u00e4ndigen Sie den Abschnitt Relay-Host mit dem SMTP-Servernamen <em>pro.turbo-smtp.com<\/em> <\/li>\n<li>Folgen Sie auf der Registerkarte <em>Router\/SMTP<\/em> (im Konfigurationsdokument Ihres Servers) diesem Pfad: <em>Einschr\u00e4nkungen und Steuerelemente> Eingehende SMTP-Steuerelemente> Eingehende Steuerelemente f\u00fcr eingehende Empf\u00e4nger > <\/em> <\/li>\n<li>Aktivieren <em>Sie jetzt \u00dcberpr\u00fcfen, ob lokale Dom\u00e4nen Empf\u00e4nger im Domino-Verzeichnis vorhanden sind<\/em> <\/li>\n<\/ol>\n<div class=\"g1-space\" style=\"height: 20px;\"><\/div>\n<div  class=\"g1-divider g1-divider--none g1-divider--noicon \"><\/div>\n<h2 style=\"text-align: center; font-size: 3.1em; margin-bottom: 0.6em;\">Wenn Sie sehen m\u00f6chten wie ein <strong>Smarthost-Service<\/strong> funktioniert, testen Sie <strong>turboSMTP<\/strong><\/h2>\n<h3 style=\"text-align: center; font-weight: normal;\">Jedes Unternehmen ben\u00f6tigt einen Smtp-Relay-Smarthost f\u00fcr externe sowie interne Kommunikation. Ein Smarthost-e-Mail-Relay garantiert bessere Zustellbarkeit und Reputation, sch\u00fctzt Ihre Domain (niemand kann sich f\u00fcr Sie oder ein Mitglied Ihres Unternehmens ausgeben) und erm\u00f6glicht Ihnen, Ihre E-Mails und die Aktionen Ihrer Benutzer zu verfolgen.<br \/>\n<\/h3>\n<p style=\"text-align: center; margin-top: 2.3em;\"><a id=\"get-it-free\" class=\"g1-button g1-button--big g1-button--solid g1-button--standard button-landing-green\" href=\"https:\/\/serversmtp.com\/de\/tsmtpregistration1.php\" title=\"Kostenlos\"> &nbsp; &nbsp; &nbsp; &nbsp; KOSTENLOS  &nbsp; &nbsp; &nbsp; &nbsp; <\/a><\/p>\n<p style=\"text-align: center; margin-top: 2.3em;\"><a href=\"\/de\/smarthost-smtp-relay-was-ist-das\/\" title=\"Erfahren Sie mehr \u00fcber unseren Smarthost-Service\"> Erfahren Sie mehr \u00fcber unseren Smarthost-Relay-Service <\/a><\/p>\n","protected":false},"excerpt":{"rendered":"<p>Wenn Sie Lotus Domino verwenden und turboSMTP als Smtp-Relay-Smarthost verwenden m\u00f6chten, gehen Sie wie folgt vor. Sie k\u00f6nnen die Zustellbarkeit und Sicherheit Ihrer E-Mails verbessern! Befolgen Sie das Lotus Domino Server-Handbuch, Konfigurieren von Domino zum Senden von E-Mails an einen Relay-Host oder eine Firewall Vervollst\u00e4ndigen Sie den Abschnitt Relay-Host mit dem SMTP-Servernamen pro.turbo-smtp.com Folgen Sie &#8230; <\/p>\n<p class=\"read-more-container\"><a title=\"Lotus Domino Administrator IBM Smarthost-Smtp-Relay &#8211; Einrichten von turboSMTP\" class=\"read-more button\" href=\"https:\/\/serversmtp.com\/de\/lotus-domino-administrator-ibm-smarthost-relay-einrichten-von-turbosmtp-de\/#more-9948\" aria-label=\"Mehr Informationen \u00fcber Lotus Domino Administrator IBM Smarthost-Smtp-Relay &#8211; Einrichten von turboSMTP\">Entdecke mehr<\/a><\/p>\n","protected":false},"author":8,"featured_media":0,"parent":0,"menu_order":0,"comment_status":"closed","ping_status":"closed","template":"","meta":{"_eb_attr":"","inline_featured_image":false,"_monsterinsights_skip_tracking":false,"_monsterinsights_sitenote_active":false,"_monsterinsights_sitenote_note":"","_monsterinsights_sitenote_category":0,"footnotes":""},"class_list":["post-9948","page","type-page","status-publish"],"yoast_head":"<!-- This site is optimized with the Yoast SEO plugin v25.3.1 - https:\/\/yoast.com\/wordpress\/plugins\/seo\/ -->\n<title>Lotus Domino IBM Smarthost - turbosmtp<\/title>\n<meta name=\"description\" content=\"Wenn Sie Lotus Domino IBM als E-Mail-Server verwenden, k\u00f6nnen Sie turboSMTP als Ihren Smart Host konfigurieren.\" \/>\n<meta name=\"robots\" content=\"index, follow, max-snippet:-1, max-image-preview:large, max-video-preview:-1\" \/>\n<link rel=\"canonical\" href=\"https:\/\/serversmtp.com\/de\/lotus-domino-administrator-ibm-smarthost-relay-einrichten-von-turbosmtp-de\/\" \/>\n<meta name=\"twitter:label1\" content=\"Gesch\u00e4tzte Lesezeit\" \/>\n\t<meta name=\"twitter:data1\" content=\"1\u00a0Minute\" \/>\n<!-- \/ Yoast SEO plugin. -->","yoast_head_json":{"title":"Lotus Domino IBM Smarthost - turbosmtp","description":"Wenn Sie Lotus Domino IBM als E-Mail-Server verwenden, k\u00f6nnen Sie turboSMTP als Ihren Smart Host konfigurieren.","robots":{"index":"index","follow":"follow","max-snippet":"max-snippet:-1","max-image-preview":"max-image-preview:large","max-video-preview":"max-video-preview:-1"},"canonical":"https:\/\/serversmtp.com\/de\/lotus-domino-administrator-ibm-smarthost-relay-einrichten-von-turbosmtp-de\/","twitter_misc":{"Gesch\u00e4tzte Lesezeit":"1\u00a0Minute"},"schema":{"@context":"https:\/\/schema.org","@graph":[{"@type":"WebPage","@id":"https:\/\/serversmtp.com\/de\/lotus-domino-administrator-ibm-smarthost-relay-einrichten-von-turbosmtp-de\/","url":"https:\/\/serversmtp.com\/de\/lotus-domino-administrator-ibm-smarthost-relay-einrichten-von-turbosmtp-de\/","name":"Lotus Domino IBM Smarthost - turbosmtp","isPartOf":{"@id":"https:\/\/serversmtp.com\/#website"},"datePublished":"2020-09-14T14:04:16+00:00","dateModified":"2022-03-18T16:20:24+00:00","description":"Wenn Sie Lotus Domino IBM als E-Mail-Server verwenden, k\u00f6nnen Sie turboSMTP als Ihren Smart Host konfigurieren.","breadcrumb":{"@id":"https:\/\/serversmtp.com\/de\/lotus-domino-administrator-ibm-smarthost-relay-einrichten-von-turbosmtp-de\/#breadcrumb"},"inLanguage":"de","potentialAction":[{"@type":"ReadAction","target":["https:\/\/serversmtp.com\/de\/lotus-domino-administrator-ibm-smarthost-relay-einrichten-von-turbosmtp-de\/"]}]},{"@type":"BreadcrumbList","@id":"https:\/\/serversmtp.com\/de\/lotus-domino-administrator-ibm-smarthost-relay-einrichten-von-turbosmtp-de\/#breadcrumb","itemListElement":[{"@type":"ListItem","position":1,"name":"Home","item":"https:\/\/serversmtp.com\/de\/"},{"@type":"ListItem","position":2,"name":"Lotus Domino Administrator IBM Smarthost-Smtp-Relay &#8211; Einrichten von turboSMTP"}]},{"@type":"WebSite","@id":"https:\/\/serversmtp.com\/#website","url":"https:\/\/serversmtp.com\/","name":"smtp mail server - professional SMTP service provider","description":"smtp mail server - professional SMTP service provider","publisher":{"@id":"https:\/\/serversmtp.com\/#organization"},"potentialAction":[{"@type":"SearchAction","target":{"@type":"EntryPoint","urlTemplate":"https:\/\/serversmtp.com\/?s={search_term_string}"},"query-input":{"@type":"PropertyValueSpecification","valueRequired":true,"valueName":"search_term_string"}}],"inLanguage":"de"},{"@type":"Organization","@id":"https:\/\/serversmtp.com\/#organization","name":"Delivery Tech","url":"https:\/\/serversmtp.com\/","logo":{"@type":"ImageObject","inLanguage":"de","@id":"https:\/\/serversmtp.com\/#\/schema\/logo\/image\/","url":"https:\/\/serversmtp.com\/wp-content\/uploads\/2021\/11\/og-image-2.jpg","contentUrl":"https:\/\/serversmtp.com\/wp-content\/uploads\/2021\/11\/og-image-2.jpg","width":1200,"height":1128,"caption":"Delivery Tech"},"image":{"@id":"https:\/\/serversmtp.com\/#\/schema\/logo\/image\/"}}]}},"_links":{"self":[{"href":"https:\/\/serversmtp.com\/de\/wp-json\/wp\/v2\/pages\/9948"}],"collection":[{"href":"https:\/\/serversmtp.com\/de\/wp-json\/wp\/v2\/pages"}],"about":[{"href":"https:\/\/serversmtp.com\/de\/wp-json\/wp\/v2\/types\/page"}],"author":[{"embeddable":true,"href":"https:\/\/serversmtp.com\/de\/wp-json\/wp\/v2\/users\/8"}],"replies":[{"embeddable":true,"href":"https:\/\/serversmtp.com\/de\/wp-json\/wp\/v2\/comments?post=9948"}],"version-history":[{"count":5,"href":"https:\/\/serversmtp.com\/de\/wp-json\/wp\/v2\/pages\/9948\/revisions"}],"predecessor-version":[{"id":12936,"href":"https:\/\/serversmtp.com\/de\/wp-json\/wp\/v2\/pages\/9948\/revisions\/12936"}],"wp:attachment":[{"href":"https:\/\/serversmtp.com\/de\/wp-json\/wp\/v2\/media?parent=9948"}],"curies":[{"name":"wp","href":"https:\/\/api.w.org\/{rel}","templated":true}]}}