{"id":9946,"date":"2020-09-14T15:58:22","date_gmt":"2020-09-14T13:58:22","guid":{"rendered":"https:\/\/www.serversmtp.com\/?page_id=9946"},"modified":"2025-10-22T11:34:09","modified_gmt":"2025-10-22T09:34:09","slug":"gsuite-smart-host-smtp-relay-provider-de","status":"publish","type":"page","link":"https:\/\/serversmtp.com\/de\/gsuite-smart-host-smtp-relay-provider-de\/","title":{"rendered":"GSuite Smarthost-Smtp-Relay-Provider"},"content":{"rendered":"<style type=\"text\/css\">\n#content p, #content li {\n    font-size: 16px;\n    color: #000000;\n}\nh1, h2, h3, h4 {\n    font-weight: 600;\n}\n.spaced li {\n    margin-bottom: 15px;\n}\n#get-it-free.g1-button {\n    color: #ffffff;\n    background-color: #93ba19;\n    border-color: #93ba19;\n    font-weight: 600;\n}\n<\/style>\n<p>Verwenden Sie Gsuite als Server, m\u00f6chten aber <strong>turboSMTP <\/strong>als Smarthost-Smtp-Relay verwenden? Standardm\u00e4\u00dfig unterst\u00fctzt Gsuite nur einen eigenen Server f\u00fcr die Zustellung ausgehender E-Mails. Sie k\u00f6nnen Gsuite jedoch so einrichten, dass Benutzer anderer Dom\u00e4nen einen Relay-Smarthost-Provider f\u00fcr ihre ausgehenden E-Mails angeben k\u00f6nnen.<\/p>\n<div id=\"\" class=\"g1-message g1-message--info \" ><div class=\"g1-inner\">F\u00fcr EU-Kunden: Bitte ersetzen Sie <em>pro.turbo-smtp.com<\/em> durch <em>pro.eu.turbo-smtp.com<\/em><\/div><\/div>\n<p>Und so geht es:<\/p>\n<ol class=\"spaced\">\n<li>Erlauben Sie Benutzern die Verwendung eines ausgehenden Gateways. Melden Sie sich mit einem Administratorkonto bei Ihrer Google Admin Console an. Folgen Sie dem Pfad Apps> G Suite> GMail> Endbenutzerzugriff. W\u00e4hlen Sie im Abschnitt Ausgehende Gateways pro Benutzer zulassen die Option Benutzern erlauben, E-Mails \u00fcber einen externen SMTP-Server zu senden, wenn Sie eine Absenderadresse konfigurieren, die au\u00dferhalb Ihrer E-Mail-Dom\u00e4nen gehostet wird. Im Zweifelsfall konsultieren Sie den <a href=\"https:\/\/support.google.com\/a\/answer\/176054?hl=en\" target=\"_blank\" rel=\"nofollow noopener noreferrer\"><strong>Google-Support<\/strong><\/a>.<br \/>\n<img decoding=\"async\" width=\"501\" height=\"381\" src=\"https:\/\/serversmtp.com\/wp-content\/uploads\/2020\/07\/setup-gsuite-smart-host-1.png\" alt=\"Richten Sie Gsuite Smarthost ein\" style=\"margin-top: 15px;\"><\/li>\n<li>Befolgen Sie diese <a href=\"https:\/\/support.google.com\/mail\/answer\/22370\" target=\"_blank\" rel=\"nofollow noopener noreferrer\"><strong>Anleitung<\/strong><\/a>, in der beschrieben wird, wie Benutzer ihre eigene E-Mail-Adresse hinzuf\u00fcgen k\u00f6nnen. Geben Sie den Servernamen (pro.turbo-smtp.com) und Ihren Consumer Key und Consumer Secret ein (<a href=\"https:\/\/serversmtp.com\/de\/was-sind-api-schluessel-und-wie-erstellt-man-sie-mit-turbosmtp-ein-kompletter-leitfaden\/\" title=\"Wie Sie Ihre API-Keys erstellen\" target=\"_blank\" rel=\"noopener\">siehe wie Sie Ihre API-Keys erstellen<\/a>).<br \/>\n<img decoding=\"async\" width=\"619\" height=\"306\" src=\"https:\/\/serversmtp.com\/wp-content\/uploads\/2020\/07\/setup-gsuite-smart-host.png\" alt=\"Richten Sie Gsuite Smarthost ein\" style=\"margin-top: 15px;\"><\/li>\n<\/ol>\n<div class=\"g1-space\" style=\"height: 20px;\"><\/div>\n<div  class=\"g1-divider g1-divider--none g1-divider--noicon \"><\/div>\n<h2 style=\"text-align: center; font-size: 3.1em; margin-bottom: 0.6em;\">Wenn Sie sehen m\u00f6chten wie ein <strong>Relay-Smarthost-Service<\/strong> funktioniert, testen Sie <strong>turboSMTP<\/strong><\/h2>\n<h3 style=\"text-align: center; font-weight: normal;\">Jedes Unternehmen ben\u00f6tigt einen Smarthost-Smtp-Provider f\u00fcr externe sowie interne Kommunikation. Ein Smarthost garantiert bessere Zustellbarkeit und Reputation, sch\u00fctzt Ihre Domain (niemand kann sich f\u00fcr Sie oder ein Mitglied Ihres Unternehmens ausgeben) und erm\u00f6glicht Ihnen, Ihre E-Mails und die Aktionen Ihrer Benutzer zu verfolgen.<br \/>\n<\/h3>\n<p style=\"text-align: center; margin-top: 2.3em;\"><a id=\"get-it-free\" class=\"g1-button g1-button--big g1-button--solid g1-button--standard button-landing-green\" href=\"https:\/\/serversmtp.com\/de\/tsmtpregistration1.php\" title=\"Kostenlos\"> &nbsp; &nbsp; &nbsp; &nbsp; KOSTENLOS  &nbsp; &nbsp; &nbsp; &nbsp; <\/a><\/p>\n<p style=\"text-align: center; margin-top: 2.3em;\"><a href=\"\/de\/smarthost-smtp-relay-was-ist-das\/\" title=\"Erfahren Sie mehr \u00fcber unseren Smarthost-Service\"> Erfahren Sie mehr \u00fcber unseren Relay-Smarthost-Service <\/a><\/p>\n","protected":false},"excerpt":{"rendered":"<p>Verwenden Sie Gsuite als Server, m\u00f6chten aber turboSMTP als Smarthost-Smtp-Relay verwenden? Standardm\u00e4\u00dfig unterst\u00fctzt Gsuite nur einen eigenen Server f\u00fcr die Zustellung ausgehender E-Mails. Sie k\u00f6nnen Gsuite jedoch so einrichten, dass Benutzer anderer Dom\u00e4nen einen Relay-Smarthost-Provider f\u00fcr ihre ausgehenden E-Mails angeben k\u00f6nnen. Und so geht es: Erlauben Sie Benutzern die Verwendung eines ausgehenden Gateways. Melden Sie &#8230; <\/p>\n<p class=\"read-more-container\"><a title=\"GSuite Smarthost-Smtp-Relay-Provider\" class=\"read-more button\" href=\"https:\/\/serversmtp.com\/de\/gsuite-smart-host-smtp-relay-provider-de\/#more-9946\" aria-label=\"Mehr Informationen \u00fcber GSuite Smarthost-Smtp-Relay-Provider\">Entdecke mehr<\/a><\/p>\n","protected":false},"author":8,"featured_media":0,"parent":0,"menu_order":0,"comment_status":"closed","ping_status":"closed","template":"","meta":{"_eb_attr":"","inline_featured_image":false,"_monsterinsights_skip_tracking":false,"_monsterinsights_sitenote_active":false,"_monsterinsights_sitenote_note":"","_monsterinsights_sitenote_category":0,"footnotes":""},"class_list":["post-9946","page","type-page","status-publish"],"yoast_head":"<!-- This site is optimized with the Yoast SEO plugin v25.3.1 - https:\/\/yoast.com\/wordpress\/plugins\/seo\/ -->\n<title>GSuite Smarthost-Smtp-Relay-Provider - turboSMTP<\/title>\n<meta name=\"description\" content=\"Wenn Sie GSuite als E-Mail-Server verwenden, k\u00f6nnen Sie turboSMTP als Ihren Smart Host konfigurieren.\" \/>\n<meta name=\"robots\" content=\"index, follow, max-snippet:-1, max-image-preview:large, max-video-preview:-1\" \/>\n<link rel=\"canonical\" href=\"https:\/\/serversmtp.com\/de\/gsuite-smart-host-smtp-relay-provider-de\/\" \/>\n<meta name=\"twitter:label1\" content=\"Gesch\u00e4tzte Lesezeit\" \/>\n\t<meta name=\"twitter:data1\" content=\"2\u00a0Minuten\" \/>\n<!-- \/ Yoast SEO plugin. -->","yoast_head_json":{"title":"GSuite Smarthost-Smtp-Relay-Provider - turboSMTP","description":"Wenn Sie GSuite als E-Mail-Server verwenden, k\u00f6nnen Sie turboSMTP als Ihren Smart Host konfigurieren.","robots":{"index":"index","follow":"follow","max-snippet":"max-snippet:-1","max-image-preview":"max-image-preview:large","max-video-preview":"max-video-preview:-1"},"canonical":"https:\/\/serversmtp.com\/de\/gsuite-smart-host-smtp-relay-provider-de\/","twitter_misc":{"Gesch\u00e4tzte Lesezeit":"2\u00a0Minuten"},"schema":{"@context":"https:\/\/schema.org","@graph":[{"@type":"WebPage","@id":"https:\/\/serversmtp.com\/de\/gsuite-smart-host-smtp-relay-provider-de\/","url":"https:\/\/serversmtp.com\/de\/gsuite-smart-host-smtp-relay-provider-de\/","name":"GSuite Smarthost-Smtp-Relay-Provider - turboSMTP","isPartOf":{"@id":"https:\/\/serversmtp.com\/it\/#website"},"primaryImageOfPage":{"@id":"https:\/\/serversmtp.com\/de\/gsuite-smart-host-smtp-relay-provider-de\/#primaryimage"},"image":{"@id":"https:\/\/serversmtp.com\/de\/gsuite-smart-host-smtp-relay-provider-de\/#primaryimage"},"thumbnailUrl":"https:\/\/serversmtp.com\/wp-content\/uploads\/2020\/07\/setup-gsuite-smart-host-1.png","datePublished":"2020-09-14T13:58:22+00:00","dateModified":"2025-10-22T09:34:09+00:00","description":"Wenn Sie GSuite als E-Mail-Server verwenden, k\u00f6nnen Sie turboSMTP als Ihren Smart Host konfigurieren.","breadcrumb":{"@id":"https:\/\/serversmtp.com\/de\/gsuite-smart-host-smtp-relay-provider-de\/#breadcrumb"},"inLanguage":"de","potentialAction":[{"@type":"ReadAction","target":["https:\/\/serversmtp.com\/de\/gsuite-smart-host-smtp-relay-provider-de\/"]}]},{"@type":"ImageObject","inLanguage":"de","@id":"https:\/\/serversmtp.com\/de\/gsuite-smart-host-smtp-relay-provider-de\/#primaryimage","url":"https:\/\/serversmtp.com\/wp-content\/uploads\/2020\/07\/setup-gsuite-smart-host-1.png","contentUrl":"https:\/\/serversmtp.com\/wp-content\/uploads\/2020\/07\/setup-gsuite-smart-host-1.png"},{"@type":"BreadcrumbList","@id":"https:\/\/serversmtp.com\/de\/gsuite-smart-host-smtp-relay-provider-de\/#breadcrumb","itemListElement":[{"@type":"ListItem","position":1,"name":"Home","item":"https:\/\/serversmtp.com\/de\/"},{"@type":"ListItem","position":2,"name":"GSuite Smarthost-Smtp-Relay-Provider"}]},{"@type":"WebSite","@id":"https:\/\/serversmtp.com\/it\/#website","url":"https:\/\/serversmtp.com\/it\/","name":"smtp mail server - professional SMTP service provider","description":"smtp mail server - professional SMTP service provider","publisher":{"@id":"https:\/\/serversmtp.com\/it\/#organization"},"potentialAction":[{"@type":"SearchAction","target":{"@type":"EntryPoint","urlTemplate":"https:\/\/serversmtp.com\/it\/?s={search_term_string}"},"query-input":{"@type":"PropertyValueSpecification","valueRequired":true,"valueName":"search_term_string"}}],"inLanguage":"de"},{"@type":"Organization","@id":"https:\/\/serversmtp.com\/it\/#organization","name":"Delivery Tech","url":"https:\/\/serversmtp.com\/it\/","logo":{"@type":"ImageObject","inLanguage":"de","@id":"https:\/\/serversmtp.com\/it\/#\/schema\/logo\/image\/","url":"https:\/\/serversmtp.com\/wp-content\/uploads\/2021\/11\/og-image-2.jpg","contentUrl":"https:\/\/serversmtp.com\/wp-content\/uploads\/2021\/11\/og-image-2.jpg","width":1200,"height":1128,"caption":"Delivery Tech"},"image":{"@id":"https:\/\/serversmtp.com\/it\/#\/schema\/logo\/image\/"}}]}},"_links":{"self":[{"href":"https:\/\/serversmtp.com\/de\/wp-json\/wp\/v2\/pages\/9946"}],"collection":[{"href":"https:\/\/serversmtp.com\/de\/wp-json\/wp\/v2\/pages"}],"about":[{"href":"https:\/\/serversmtp.com\/de\/wp-json\/wp\/v2\/types\/page"}],"author":[{"embeddable":true,"href":"https:\/\/serversmtp.com\/de\/wp-json\/wp\/v2\/users\/8"}],"replies":[{"embeddable":true,"href":"https:\/\/serversmtp.com\/de\/wp-json\/wp\/v2\/comments?post=9946"}],"version-history":[{"count":6,"href":"https:\/\/serversmtp.com\/de\/wp-json\/wp\/v2\/pages\/9946\/revisions"}],"predecessor-version":[{"id":22515,"href":"https:\/\/serversmtp.com\/de\/wp-json\/wp\/v2\/pages\/9946\/revisions\/22515"}],"wp:attachment":[{"href":"https:\/\/serversmtp.com\/de\/wp-json\/wp\/v2\/media?parent=9946"}],"curies":[{"name":"wp","href":"https:\/\/api.w.org\/{rel}","templated":true}]}}