{"id":9944,"date":"2020-09-14T15:51:04","date_gmt":"2020-09-14T13:51:04","guid":{"rendered":"https:\/\/www.serversmtp.com\/?page_id=9944"},"modified":"2025-10-22T11:32:43","modified_gmt":"2025-10-22T09:32:43","slug":"qmail-smarthost-email-relay-service","status":"publish","type":"page","link":"https:\/\/serversmtp.com\/de\/qmail-smarthost-email-relay-service\/","title":{"rendered":"Qmail Smarthost-E-Mail-Relay"},"content":{"rendered":"<style type=\"text\/css\">\n#content p, #content li {\n    font-size: 16px;\n    color: #000000;\n}\nh1, h2, h3, h4 {\n    font-weight: 600;\n}\n.spaced li {\n    margin-bottom: 15px;\n}\n#get-it-free.g1-button {\n    color: #ffffff;\n    background-color: #93ba19;\n    border-color: #93ba19;\n    font-weight: 600;\n}\n<\/style>\n<p>Wenn Sie ein <strong>Qmail<\/strong>-Benutzer sind und <strong>turboSMTP als Relay-Smarthost<\/strong> verwenden m\u00f6chten, m\u00fcssen Sie einen Patch verwenden. In Qmail ist keine SMTP-Authentifizierungsfunktion installiert. So f\u00fcgen Sie den Patch hinzu, greifen auf unseren Smarthost-E-Mail-Relay zu und verbessern Ihre Zustellbarkeit und Sicherheit Ihres E-Mail-Systems.<\/p>\n<div id=\"\" class=\"g1-message g1-message--info \" ><div class=\"g1-inner\">F\u00fcr EU-Kunden: Bitte ersetzen Sie <em>pro.turbo-smtp.com<\/em> durch <em>pro.eu.turbo-smtp.com<\/em><\/div><\/div>\n<ol class=\"spaced\">\n<li><a href=\"http:\/\/www.ingorohloff.de\/soft\/qmail-remote-auth.patch\" target=\"_blank\" rel=\"nofollow noopener noreferrer\"><strong>Patch herunterladen<\/strong><\/a><\/li>\n<li>Kopieren Sie den Patch in den Quellordner von Qmail<\/li>\n<li>Stoppen Sie Qmail<\/li>\n<li>F\u00fchren Sie im Quellordner von Qmail den folgenden Befehl aus:\n<pre>patch < qmail-remote-auth.patch\r\nmake setup check<\/pre>\n<\/li>\n<li>Da sich die Steuerdateien normalerweise im Ordner \/var\/qmail\/control\/ befinden, legen Sie eine smtproutes-Steuerdatei fest, indem Sie diesen Code eingeben:\n<pre>:pro.turbo-smtp.com:587\r\n\/\/ Ports 587, 465 und 25 k\u00f6nnen ebenfalls verwendet werden.<\/pre>\n<\/li>\n<li>Erstellen Sie die Remotesecrets-Steuerdatei mithilfe des folgenden Inhalts:\n<pre>pro.turbo-smtp.com:USERNAME:PASSWORD<\/pre>\n<\/li>\n<li>Ersetzen Sie Benutzername und Passwort durch Ihren Consumer Key und Consumer Secret (<a href=\"https:\/\/serversmtp.com\/de\/was-sind-api-schluessel-und-wie-erstellt-man-sie-mit-turbosmtp-ein-kompletter-leitfaden\/\" title=\"Wie Sie Ihre API-Keys erstellen\" target=\"_blank\" rel=\"noopener\">siehe wie Sie Ihre API-Keys erstellen<\/a>).<\/li>\n<li>Starten Sie Qmail<\/li>\n<\/ol>\n<p>Um sicherzustellen, dass Sie Ihre Qmail-Einstellungen ordnungsgem\u00e4\u00df eingerichtet haben, testen Sie sie sowohl mit Ihrem E-Mail-Client als auch mit qmail-inject. F\u00fchren Sie den folgenden Befehl aus, um qmail-inject zu verwenden:<\/p>\n<pre>echo to: recipient@example.com | \/var\/qmail\/bin\/qmail-inject<\/pre>\n<div class=\"g1-space\" style=\"height: 20px;\"><\/div>\n<div  class=\"g1-divider g1-divider--none g1-divider--noicon \"><\/div>\n<h2 style=\"text-align: center; font-size: 3.1em; margin-bottom: 0.6em;\">Wenn Sie sehen m\u00f6chten wie ein <strong>Smarthost-Service<\/strong> funktioniert, testen Sie <strong>turboSMTP<\/strong><\/h2>\n<h3 style=\"text-align: center; font-weight: normal;\">Jedes Unternehmen ben\u00f6tigt einen Relay-Smarthost f\u00fcr externe sowie interne Kommunikation. Ein Smarthost-E-Mail-Relay garantiert bessere Zustellbarkeit und Reputation, sch\u00fctzt Ihre Domain (niemand kann sich f\u00fcr Sie oder ein Mitglied Ihres Unternehmens ausgeben) und erm\u00f6glicht Ihnen, Ihre E-Mails und die Aktionen Ihrer Benutzer zu verfolgen.<br \/>\n<\/h3>\n<p style=\"text-align: center; margin-top: 2.3em;\"><a id=\"get-it-free\" class=\"g1-button g1-button--big g1-button--solid g1-button--standard button-landing-green\" href=\"https:\/\/serversmtp.com\/de\/tsmtpregistration1.php\" title=\"Kostenlos\"> &nbsp; &nbsp; &nbsp; &nbsp; KOSTENLOS  &nbsp; &nbsp; &nbsp; &nbsp; <\/a><\/p>\n<p style=\"text-align: center; margin-top: 2.3em;\"><a href=\"\/de\/smarthost-email-relay-was-ist-das\/\" title=\"Erfahren Sie mehr \u00fcber unseren Smarthost-Service\"> Erfahren Sie mehr \u00fcber unseren Smarthost-Relay-Service <\/a><\/p>\n","protected":false},"excerpt":{"rendered":"<p>Wenn Sie ein Qmail-Benutzer sind und turboSMTP als Relay-Smarthost verwenden m\u00f6chten, m\u00fcssen Sie einen Patch verwenden. In Qmail ist keine SMTP-Authentifizierungsfunktion installiert. So f\u00fcgen Sie den Patch hinzu, greifen auf unseren Smarthost-E-Mail-Relay zu und verbessern Ihre Zustellbarkeit und Sicherheit Ihres E-Mail-Systems. Patch herunterladen Kopieren Sie den Patch in den Quellordner von Qmail Stoppen Sie Qmail &#8230; <\/p>\n<p class=\"read-more-container\"><a title=\"Qmail Smarthost-E-Mail-Relay\" class=\"read-more button\" href=\"https:\/\/serversmtp.com\/de\/qmail-smarthost-email-relay-service\/#more-9944\" aria-label=\"Mehr Informationen \u00fcber Qmail Smarthost-E-Mail-Relay\">Entdecke mehr<\/a><\/p>\n","protected":false},"author":8,"featured_media":0,"parent":0,"menu_order":0,"comment_status":"closed","ping_status":"closed","template":"","meta":{"_eb_attr":"","inline_featured_image":false,"_monsterinsights_skip_tracking":false,"_monsterinsights_sitenote_active":false,"_monsterinsights_sitenote_note":"","_monsterinsights_sitenote_category":0,"footnotes":""},"class_list":["post-9944","page","type-page","status-publish"],"yoast_head":"<!-- This site is optimized with the Yoast SEO plugin v25.3.1 - https:\/\/yoast.com\/wordpress\/plugins\/seo\/ -->\n<title>Qmail Smarthost-E-Mail-Relay - turboSMTP<\/title>\n<meta name=\"description\" content=\"Wenn Sie Qmail als E-Mail-Server verwenden, k\u00f6nnen Sie turboSMTP als Ihren Smart Host konfigurieren.\" \/>\n<meta name=\"robots\" content=\"index, follow, max-snippet:-1, max-image-preview:large, max-video-preview:-1\" \/>\n<link rel=\"canonical\" href=\"https:\/\/serversmtp.com\/de\/qmail-smarthost-email-relay-service\/\" \/>\n<meta name=\"twitter:label1\" content=\"Gesch\u00e4tzte Lesezeit\" \/>\n\t<meta name=\"twitter:data1\" content=\"1\u00a0Minute\" \/>\n<!-- \/ Yoast SEO plugin. -->","yoast_head_json":{"title":"Qmail Smarthost-E-Mail-Relay - turboSMTP","description":"Wenn Sie Qmail als E-Mail-Server verwenden, k\u00f6nnen Sie turboSMTP als Ihren Smart Host konfigurieren.","robots":{"index":"index","follow":"follow","max-snippet":"max-snippet:-1","max-image-preview":"max-image-preview:large","max-video-preview":"max-video-preview:-1"},"canonical":"https:\/\/serversmtp.com\/de\/qmail-smarthost-email-relay-service\/","twitter_misc":{"Gesch\u00e4tzte Lesezeit":"1\u00a0Minute"},"schema":{"@context":"https:\/\/schema.org","@graph":[{"@type":"WebPage","@id":"https:\/\/serversmtp.com\/de\/qmail-smarthost-email-relay-service\/","url":"https:\/\/serversmtp.com\/de\/qmail-smarthost-email-relay-service\/","name":"Qmail Smarthost-E-Mail-Relay - turboSMTP","isPartOf":{"@id":"https:\/\/serversmtp.com\/#website"},"datePublished":"2020-09-14T13:51:04+00:00","dateModified":"2025-10-22T09:32:43+00:00","description":"Wenn Sie Qmail als E-Mail-Server verwenden, k\u00f6nnen Sie turboSMTP als Ihren Smart Host konfigurieren.","breadcrumb":{"@id":"https:\/\/serversmtp.com\/de\/qmail-smarthost-email-relay-service\/#breadcrumb"},"inLanguage":"de","potentialAction":[{"@type":"ReadAction","target":["https:\/\/serversmtp.com\/de\/qmail-smarthost-email-relay-service\/"]}]},{"@type":"BreadcrumbList","@id":"https:\/\/serversmtp.com\/de\/qmail-smarthost-email-relay-service\/#breadcrumb","itemListElement":[{"@type":"ListItem","position":1,"name":"Home","item":"https:\/\/serversmtp.com\/de\/"},{"@type":"ListItem","position":2,"name":"Qmail Smarthost-E-Mail-Relay"}]},{"@type":"WebSite","@id":"https:\/\/serversmtp.com\/#website","url":"https:\/\/serversmtp.com\/","name":"smtp mail server - professional SMTP service provider","description":"smtp mail server - professional SMTP service provider","publisher":{"@id":"https:\/\/serversmtp.com\/#organization"},"potentialAction":[{"@type":"SearchAction","target":{"@type":"EntryPoint","urlTemplate":"https:\/\/serversmtp.com\/?s={search_term_string}"},"query-input":{"@type":"PropertyValueSpecification","valueRequired":true,"valueName":"search_term_string"}}],"inLanguage":"de"},{"@type":"Organization","@id":"https:\/\/serversmtp.com\/#organization","name":"Delivery Tech","url":"https:\/\/serversmtp.com\/","logo":{"@type":"ImageObject","inLanguage":"de","@id":"https:\/\/serversmtp.com\/#\/schema\/logo\/image\/","url":"https:\/\/serversmtp.com\/wp-content\/uploads\/2021\/11\/og-image-2.jpg","contentUrl":"https:\/\/serversmtp.com\/wp-content\/uploads\/2021\/11\/og-image-2.jpg","width":1200,"height":1128,"caption":"Delivery Tech"},"image":{"@id":"https:\/\/serversmtp.com\/#\/schema\/logo\/image\/"}}]}},"_links":{"self":[{"href":"https:\/\/serversmtp.com\/de\/wp-json\/wp\/v2\/pages\/9944"}],"collection":[{"href":"https:\/\/serversmtp.com\/de\/wp-json\/wp\/v2\/pages"}],"about":[{"href":"https:\/\/serversmtp.com\/de\/wp-json\/wp\/v2\/types\/page"}],"author":[{"embeddable":true,"href":"https:\/\/serversmtp.com\/de\/wp-json\/wp\/v2\/users\/8"}],"replies":[{"embeddable":true,"href":"https:\/\/serversmtp.com\/de\/wp-json\/wp\/v2\/comments?post=9944"}],"version-history":[{"count":5,"href":"https:\/\/serversmtp.com\/de\/wp-json\/wp\/v2\/pages\/9944\/revisions"}],"predecessor-version":[{"id":22514,"href":"https:\/\/serversmtp.com\/de\/wp-json\/wp\/v2\/pages\/9944\/revisions\/22514"}],"wp:attachment":[{"href":"https:\/\/serversmtp.com\/de\/wp-json\/wp\/v2\/media?parent=9944"}],"curies":[{"name":"wp","href":"https:\/\/api.w.org\/{rel}","templated":true}]}}