{"id":9942,"date":"2020-09-14T15:44:46","date_gmt":"2020-09-14T13:44:46","guid":{"rendered":"https:\/\/www.serversmtp.com\/?page_id=9942"},"modified":"2025-10-22T11:27:35","modified_gmt":"2025-10-22T09:27:35","slug":"microsoft-iis-smtp-smarthost-relay-service-de","status":"publish","type":"page","link":"https:\/\/serversmtp.com\/de\/microsoft-iis-smtp-smarthost-relay-service-de\/","title":{"rendered":"Microsoft IIS smtp Relay-Smarthost-Service"},"content":{"rendered":"<style type=\"text\/css\">\n#content p, #content li {\n    font-size: 16px;\n    color: #000000;\n}\nh1, h2, h3, h4 {\n    font-weight: 600;\n}\n.spaced li {\n    margin-bottom: 15px;\n}\n#get-it-free.g1-button {\n    color: #ffffff;\n    background-color: #93ba19;\n    border-color: #93ba19;\n    font-weight: 600;\n}\n<\/style>\n<p>Selbst wenn Sie ein Microsoft IIS-Benutzer sind, k\u00f6nnen Sie turboSMTP als Smarthost-Smtp-Service verwenden, um Ihre E-Mails zu senden und Ihre Zustellrate zu verbessern. Um einen Microsoft IIS-SMTP-Smarthost zu verwenden, w\u00e4hlen Sie Ihre IIS-Version aus und f\u00fchren Sie die folgenden Schritte aus:<\/p>\n<div id=\"\" class=\"g1-message g1-message--info \" ><div class=\"g1-inner\">F\u00fcr EU-Kunden: Bitte ersetzen Sie <em>pro.turbo-smtp.com<\/em> durch <em>pro.eu.turbo-smtp.com<\/em><\/div><\/div>\n<div class=\"g1-space\" style=\"height: 30px;\"><\/div>\n<h2>IIS 7- und IIS 8-Konfiguration<\/h2>\n<ol class=\"spaced\">\n<li>\u00d6ffnen Sie den IIS 7.0 \/ 7.5-Manager und klicken Sie auf Ihre Site<\/li>\n<li>Doppelklicken Sie im neuen Fenster auf SMTP-E-Mail<br \/>\n<img decoding=\"async\" width=\"483\" height=\"369\" src=\"https:\/\/serversmtp.com\/wp-content\/uploads\/2020\/07\/smarthost-microsoft-iis-1.png\" alt=\"Microsoft IIS smtp Smarthost- Setup\" style=\"margin-top: 15px;\"><\/li>\n<li>Geben Sie die E-Mail-Adresse des Absenders in den Abschnitt E-Mail-Adresse ein<\/li>\n<li>Aktivieren Sie das Kontrollk\u00e4stchen neben E-Mail an SMTP-Server senden<\/li>\n<li>Geben Sie localhost in den Abschnitt SMTP-Server ein<\/li>\n<li>Geben Sie 25 in den Port-Abschnitt ein<\/li>\n<li>Aktivieren Sie das Kontrollk\u00e4stchen neben \u201eAnmeldeinformationen in den Authentifizierungseinstellungen angeben\u201c, geben Sie Ihren Consumer Key und Consumer Secret ein (<a href=\"https:\/\/serversmtp.com\/de\/was-sind-api-schluessel-und-wie-erstellt-man-sie-mit-turbosmtp-ein-kompletter-leitfaden\/\" title=\"Wie Sie Ihre API-Keys erstellen\" target=\"_blank\" rel=\"noopener\">siehe wie Sie Ihre API-Keys erstellen<\/a>), best\u00e4tigen Sie diese und klicken Sie auf \u00dcbernehmen.<br \/>\n<img decoding=\"async\" width=\"538\" height=\"541\" src=\"https:\/\/serversmtp.com\/wp-content\/uploads\/2020\/07\/smarthost-microsoft-iis-2.png\" alt=\"Microsoft IIS smtp Smarthost- Setup\" style=\"margin-top: 15px;\"><\/li>\n<\/ol>\n<div class=\"g1-space\" style=\"height: 30px;\"><\/div>\n<h2>Aktivieren Sie turboSMTP Smarthost-Smtp-Relay in Microsoft IIS<\/h2>\n<ol class=\"spaced\">\n<li>Folgen Sie dem Pfad: Start> Alle Programme> Verwaltung> Server-Manager<\/li>\n<li>Klicken Sie auf Features und dann auf Features hinzuf\u00fcgen<\/li>\n<li>W\u00e4hlen Sie aus der Liste SMTP-Server aus. W\u00e4hlen Sie im neuen Fenster Add Require Role Services hinzuf\u00fcgen, um die ben\u00f6tigten IIS-Role-Services hinzuzuf\u00fcgen<\/li>\n<li>Klicken Sie zweimal auf Weiter und \u00fcberpr\u00fcfen Sie die von Ihnen hinzugef\u00fcgten Role-Services. Wenn Sie zufrieden sind, klicken Sie auf Weiter und dann auf Installieren.<\/li>\n<\/ol>\n<div class=\"g1-space\" style=\"height: 30px;\"><\/div>\n<h2>So richten Sie IIS 6.0 ein, um ausgehende E-Mails an turboSMTP weiterzuleiten<\/h2>\n<ol class=\"spaced\">\n<li>Folgen Sie dem Pfad: Start> Alle Programme> Verwaltung> IIS 6.0 Manager<\/li>\n<li>Klicken Sie mit der rechten Maustaste auf den virtuellen SMTP-Server Nr. 1<\/li>\n<li>W\u00e4hlen Sie Eigenschaften, klicken Sie auf das K\u00e4stchen, w\u00e4hlen Sie Eigenschaften und verwenden Sie die Ortszeit f\u00fcr Dateinamen und Rollover<\/li>\n<li>W\u00e4hlen Sie Erweitert<\/li>\n<li>\u00dcberpr\u00fcfen Sie alle folgenden Felder: Datum, Uhrzeit, Client-IP-Adresse, Benutzername, Dienstname, Servername, Server-IP-Adresse, Server-Port, Methode, Protokollstatus, gesendete Bytes, Protokollversion und Host<\/li>\n<li>Klicken Sie auf die Registerkarte Zugriff<\/li>\n<li>W\u00e4hlen Sie Relay<\/li>\n<li>Klicken Sie auf Hinzuf\u00fcgen, geben Sie 127.0.0.1 ein und klicken Sie auf OK. Die IP wird nun in die Liste der zul\u00e4ssigen IPs aufgenommen<\/li>\n<li>Klicken Sie auf OK Nur die Liste unten<\/li>\n<li>Geben Sie 127.0.0.1 in den IP-Abschnitt ein<\/li>\n<li>Klicken Sie auf OK, um zur Registerkarte Zugriff zur\u00fcckzukehren, und w\u00e4hlen Sie Zustellung aus. Klicken Sie nun auf Ausgehende Sicherheit<\/li>\n<li>Geben Sie im Feld Basisauthentifizierung Ihren Consumer Key und Consumer Secret ein (<a href=\"https:\/\/serversmtp.com\/de\/was-sind-api-schluessel-und-wie-erstellt-man-sie-mit-turbosmtp-ein-kompletter-leitfaden\/\" title=\"Wie Sie Ihre API-Keys erstellen\" target=\"_blank\" rel=\"noopener\">siehe wie Sie Ihre API-Keys erstellen<\/a>).<\/li>\n<li>Klicken Sie auf OK und dann auf Erweitert. <\/li>\n<li>Geben Sie pro.turbo-smtp.com in den Abschnitt Smarthost ein<\/li>\n<li>Klicken Sie zweimal auf OK und schlie\u00dfen Sie<\/li>\n<li>Konfigurieren Sie jetzt eine SMTP-Dom\u00e4ne, die Nachrichten an turboSMTP weiterleitet<\/li>\n<\/ol>\n<div class=\"g1-space\" style=\"height: 30px;\"><\/div>\n<h2>So testen Sie den Microsoft IIS Smtp-Relay-Smarthost<\/h2>\n<ol class=\"spaced\">\n<li>Geben Sie in den Eingabeaufforderungen telnet localhost 25 ein, um Telnet unter Windows zu \u00f6ffnen<\/li>\n<li>Geben Sie die folgenden Befehle ein und dr\u00fccken Sie jeweils die Eingabetaste\n<pre>EHLO yourdomain.com\r\nMAIL FROM: test@yourdomain.com\r\nRCPT TO: recipient@anotherdomain.com\r\nDATA\r\nDies ist eine Test-E-Mail f\u00fcr den Einsatz von turboSMTP.\r\n.<\/pre>\n<\/li>\n<li>Wenn die Prozedur funktioniert hat, wird folgender R\u00fcckkehrcode angezeigt:<br \/> \n<pre>250\u2026.Queued mail for delivery<\/pre>\n<\/li>\n<\/ol>\n<div class=\"g1-space\" style=\"height: 20px;\"><\/div>\n<div  class=\"g1-divider g1-divider--none g1-divider--noicon \"><\/div>\n<h2 style=\"text-align: center; font-size: 3.1em; margin-bottom: 0.6em;\">Wenn Sie sehen m\u00f6chten wie ein <strong>Smarthost-Service<\/strong> funktioniert, testen Sie <strong>turboSMTP<\/strong><\/h2>\n<h3 style=\"text-align: center; font-weight: normal;\">Jedes Unternehmen ben\u00f6tigt einen Smtp-Relay-Smarthost f\u00fcr externe sowie interne Kommunikation. Ein Smarthost-E-Mail-Relay garantiert bessere Zustellbarkeit und Reputation, sch\u00fctzt Ihre Domain (niemand kann sich f\u00fcr Sie oder ein Mitglied Ihres Unternehmens ausgeben) und erm\u00f6glicht Ihnen, Ihre E-Mails und die Aktionen Ihrer Benutzer zu verfolgen.<br \/>\n<\/h3>\n<p style=\"text-align: center; margin-top: 2.3em;\"><a id=\"get-it-free\" class=\"g1-button g1-button--big g1-button--solid g1-button--standard button-landing-green\" href=\"https:\/\/serversmtp.com\/de\/tsmtpregistration1.php\" title=\"Kostenlos\"> &nbsp; &nbsp; &nbsp; &nbsp; KOSTENLOS  &nbsp; &nbsp; &nbsp; &nbsp; <\/a><\/p>\n<p style=\"text-align: center; margin-top: 2.3em;\"><a href=\"\/de\/smarthost-smtp-relay-was-ist-das\/\" title=\"Erfahren Sie mehr \u00fcber unseren Smarthost-Service\"> Erfahren Sie mehr \u00fcber unseren Smarthost-Relay-Service <\/a><\/p>\n","protected":false},"excerpt":{"rendered":"<p>Selbst wenn Sie ein Microsoft IIS-Benutzer sind, k\u00f6nnen Sie turboSMTP als Smarthost-Smtp-Service verwenden, um Ihre E-Mails zu senden und Ihre Zustellrate zu verbessern. Um einen Microsoft IIS-SMTP-Smarthost zu verwenden, w\u00e4hlen Sie Ihre IIS-Version aus und f\u00fchren Sie die folgenden Schritte aus: IIS 7- und IIS 8-Konfiguration \u00d6ffnen Sie den IIS 7.0 \/ 7.5-Manager und klicken &#8230; <\/p>\n<p class=\"read-more-container\"><a title=\"Microsoft IIS smtp Relay-Smarthost-Service\" class=\"read-more button\" href=\"https:\/\/serversmtp.com\/de\/microsoft-iis-smtp-smarthost-relay-service-de\/#more-9942\" aria-label=\"Mehr Informationen \u00fcber Microsoft IIS smtp Relay-Smarthost-Service\">Entdecke mehr<\/a><\/p>\n","protected":false},"author":8,"featured_media":0,"parent":0,"menu_order":0,"comment_status":"closed","ping_status":"closed","template":"","meta":{"_eb_attr":"","inline_featured_image":false,"_monsterinsights_skip_tracking":false,"_monsterinsights_sitenote_active":false,"_monsterinsights_sitenote_note":"","_monsterinsights_sitenote_category":0,"footnotes":""},"class_list":["post-9942","page","type-page","status-publish"],"yoast_head":"<!-- This site is optimized with the Yoast SEO plugin v25.3.1 - https:\/\/yoast.com\/wordpress\/plugins\/seo\/ -->\n<title>Microsoft IIS smtp Relay-Smarthost-Service - turboSMTP<\/title>\n<meta name=\"description\" content=\"Wenn Sie Microsoft IIS als E-Mail-Server verwenden, k\u00f6nnen Sie turboSMTP als Ihren Smart Host konfigurieren.\" \/>\n<meta name=\"robots\" content=\"index, follow, max-snippet:-1, max-image-preview:large, max-video-preview:-1\" \/>\n<link rel=\"canonical\" href=\"https:\/\/serversmtp.com\/de\/microsoft-iis-smtp-smarthost-relay-service-de\/\" \/>\n<meta name=\"twitter:label1\" content=\"Gesch\u00e4tzte Lesezeit\" \/>\n\t<meta name=\"twitter:data1\" content=\"3\u00a0Minuten\" \/>\n<!-- \/ Yoast SEO plugin. -->","yoast_head_json":{"title":"Microsoft IIS smtp Relay-Smarthost-Service - turboSMTP","description":"Wenn Sie Microsoft IIS als E-Mail-Server verwenden, k\u00f6nnen Sie turboSMTP als Ihren Smart Host konfigurieren.","robots":{"index":"index","follow":"follow","max-snippet":"max-snippet:-1","max-image-preview":"max-image-preview:large","max-video-preview":"max-video-preview:-1"},"canonical":"https:\/\/serversmtp.com\/de\/microsoft-iis-smtp-smarthost-relay-service-de\/","twitter_misc":{"Gesch\u00e4tzte Lesezeit":"3\u00a0Minuten"},"schema":{"@context":"https:\/\/schema.org","@graph":[{"@type":"WebPage","@id":"https:\/\/serversmtp.com\/de\/microsoft-iis-smtp-smarthost-relay-service-de\/","url":"https:\/\/serversmtp.com\/de\/microsoft-iis-smtp-smarthost-relay-service-de\/","name":"Microsoft IIS smtp Relay-Smarthost-Service - turboSMTP","isPartOf":{"@id":"https:\/\/serversmtp.com\/de\/#website"},"primaryImageOfPage":{"@id":"https:\/\/serversmtp.com\/de\/microsoft-iis-smtp-smarthost-relay-service-de\/#primaryimage"},"image":{"@id":"https:\/\/serversmtp.com\/de\/microsoft-iis-smtp-smarthost-relay-service-de\/#primaryimage"},"thumbnailUrl":"https:\/\/serversmtp.com\/wp-content\/uploads\/2020\/07\/smarthost-microsoft-iis-1.png","datePublished":"2020-09-14T13:44:46+00:00","dateModified":"2025-10-22T09:27:35+00:00","description":"Wenn Sie Microsoft IIS als E-Mail-Server verwenden, k\u00f6nnen Sie turboSMTP als Ihren Smart Host konfigurieren.","breadcrumb":{"@id":"https:\/\/serversmtp.com\/de\/microsoft-iis-smtp-smarthost-relay-service-de\/#breadcrumb"},"inLanguage":"de","potentialAction":[{"@type":"ReadAction","target":["https:\/\/serversmtp.com\/de\/microsoft-iis-smtp-smarthost-relay-service-de\/"]}]},{"@type":"ImageObject","inLanguage":"de","@id":"https:\/\/serversmtp.com\/de\/microsoft-iis-smtp-smarthost-relay-service-de\/#primaryimage","url":"https:\/\/serversmtp.com\/wp-content\/uploads\/2020\/07\/smarthost-microsoft-iis-1.png","contentUrl":"https:\/\/serversmtp.com\/wp-content\/uploads\/2020\/07\/smarthost-microsoft-iis-1.png"},{"@type":"BreadcrumbList","@id":"https:\/\/serversmtp.com\/de\/microsoft-iis-smtp-smarthost-relay-service-de\/#breadcrumb","itemListElement":[{"@type":"ListItem","position":1,"name":"Home","item":"https:\/\/serversmtp.com\/de\/"},{"@type":"ListItem","position":2,"name":"Microsoft IIS smtp Relay-Smarthost-Service"}]},{"@type":"WebSite","@id":"https:\/\/serversmtp.com\/de\/#website","url":"https:\/\/serversmtp.com\/de\/","name":"smtp mail server - professional SMTP service provider","description":"smtp mail server - professional SMTP service provider","publisher":{"@id":"https:\/\/serversmtp.com\/de\/#organization"},"potentialAction":[{"@type":"SearchAction","target":{"@type":"EntryPoint","urlTemplate":"https:\/\/serversmtp.com\/de\/?s={search_term_string}"},"query-input":{"@type":"PropertyValueSpecification","valueRequired":true,"valueName":"search_term_string"}}],"inLanguage":"de"},{"@type":"Organization","@id":"https:\/\/serversmtp.com\/de\/#organization","name":"Delivery Tech","url":"https:\/\/serversmtp.com\/de\/","logo":{"@type":"ImageObject","inLanguage":"de","@id":"https:\/\/serversmtp.com\/de\/#\/schema\/logo\/image\/","url":"https:\/\/serversmtp.com\/wp-content\/uploads\/2021\/11\/og-image-2.jpg","contentUrl":"https:\/\/serversmtp.com\/wp-content\/uploads\/2021\/11\/og-image-2.jpg","width":1200,"height":1128,"caption":"Delivery Tech"},"image":{"@id":"https:\/\/serversmtp.com\/de\/#\/schema\/logo\/image\/"}}]}},"_links":{"self":[{"href":"https:\/\/serversmtp.com\/de\/wp-json\/wp\/v2\/pages\/9942"}],"collection":[{"href":"https:\/\/serversmtp.com\/de\/wp-json\/wp\/v2\/pages"}],"about":[{"href":"https:\/\/serversmtp.com\/de\/wp-json\/wp\/v2\/types\/page"}],"author":[{"embeddable":true,"href":"https:\/\/serversmtp.com\/de\/wp-json\/wp\/v2\/users\/8"}],"replies":[{"embeddable":true,"href":"https:\/\/serversmtp.com\/de\/wp-json\/wp\/v2\/comments?post=9942"}],"version-history":[{"count":6,"href":"https:\/\/serversmtp.com\/de\/wp-json\/wp\/v2\/pages\/9942\/revisions"}],"predecessor-version":[{"id":22512,"href":"https:\/\/serversmtp.com\/de\/wp-json\/wp\/v2\/pages\/9942\/revisions\/22512"}],"wp:attachment":[{"href":"https:\/\/serversmtp.com\/de\/wp-json\/wp\/v2\/media?parent=9942"}],"curies":[{"name":"wp","href":"https:\/\/api.w.org\/{rel}","templated":true}]}}