{"id":9940,"date":"2020-09-14T15:34:59","date_gmt":"2020-09-14T13:34:59","guid":{"rendered":"https:\/\/www.serversmtp.com\/?page_id=9940"},"modified":"2025-10-22T11:23:25","modified_gmt":"2025-10-22T09:23:25","slug":"exim-smarthost-smtp-relay-provider-de","status":"publish","type":"page","link":"https:\/\/serversmtp.com\/de\/exim-smarthost-smtp-relay-provider-de\/","title":{"rendered":"Exim Smarthost-Smtp-Relay-Provider"},"content":{"rendered":"<style type=\"text\/css\">\n#content p, #content li {\n    font-size: 16px;\n    color: #000000;\n}\nh1, h2, h3, h4 {\n    font-weight: 600;\n}\n.spaced li {\n    margin-bottom: 15px;\n}\n#get-it-free.g1-button {\n    color: #ffffff;\n    background-color: #93ba19;\n    border-color: #93ba19;\n    font-weight: 600;\n}\n<\/style>\n<p>Wenn Sie <strong>Exim 4<\/strong> verwenden und Ihre E-Mail-Zustellbarkeit verbessern m\u00f6chten, ist die Wahl unseres <strong>turboSMTP <\/strong>Smarthost-Smtp-Relay-Provider eine gute Idee. So <strong>richten Sie einen Smarthost f\u00fcr Ihr Exim<\/strong> ein.  <\/p>\n<div id=\"\" class=\"g1-message g1-message--info \" ><div class=\"g1-inner\">F\u00fcr EU-Kunden: Bitte ersetzen Sie <em>pro.turbo-smtp.com<\/em> durch <em>pro.eu.turbo-smtp.com<\/em><\/div><\/div>\n<div class=\"g1-space\" style=\"height: 30px;\"><\/div>\n<h2>EExim Smarthost-Konfiguration<\/h2>\n<pre>dc_eximconfig_configtype='smarthost'\r\ndc_other_hostnames=''\r\ndc_local_interfaces='127.0.0.1'\r\ndc_readhost='your.server.name'\r\ndc_relay_domains=''\r\ndc_minimaldns='false'\r\ndc_relay_nets=''\r\ndc_smarthost='pro.turbo-smtp.com::587'\r\nCFILEMODE='644'\r\ndc_use_split_config='false'\r\ndc_hide_mailname='true'\r\ndc_mailname_in_oh='true'<\/pre>\n<p>Die vorherige Konfigurationsdatei finden Sie unter \/etc\/exim4\/update-exim4.conf.conf. Wir verwenden die Datei vom Ubuntu Server 10.4 nur als Beispiel.<\/p>\n<p>Aktivieren Sie in \/etc\/exim4\/exim4.conf.localmacros das TLS::<\/p>\n<pre>MAIN_TLS_ENABLE = 1<\/pre>\n<p>Geben Sie in \/etc\/exim4\/passwd.client Ihren Consumer Key und Consumer Secret ein (<a href=\"https:\/\/serversmtp.com\/de\/was-sind-api-schluessel-und-wie-erstellt-man-sie-mit-turbosmtp-ein-kompletter-leitfaden\/\" title=\"Wie Sie Ihre API-Keys erstellen\" target=\"_blank\" rel=\"noopener\">siehe wie Sie Ihre API-Keys erstellen<\/a>), damit Exim 4 auf <strong>turboSMTP<\/strong> zugreifen kann:<\/p>\n<pre>*:turboSMTPusername:turboSMTPpassword<\/pre>\n<p>Speichern und Exim neu starten:<\/p>\n<pre>$ \/etc\/init.d\/exim4 restart<\/pre>\n<div class=\"g1-space\" style=\"height: 30px;\"><\/div>\n<h2>Exim Relay-Smarthost mit CPanel<\/h2>\n<p>Wenn Sie mit CPanel arbeiten, aber m\u00f6chten, dass <strong>turboSMTP <\/strong>als Smarthost Ihre E-Mails sendet, folgen Sie bitte diesem Pfad: Main> Service Configuration> Exim Configuration Editor> Advanced Editor. F\u00fcgen Sie den folgenden Code in das AUTH-Feld ein:<\/p>\n<pre>begin authenticators\r\n\r\nturbosmtp_login:\r\n  driver = plaintext\r\n  public_name = LOGIN\r\n  client_send = : YourturboSMTPUsername : YourturboSMTPPassword<\/pre>\n<p>F\u00fcgen Sie nun eine Route in das Feld Router Configuration und einen Transport in das Feld Transport Configuration ein:<\/p>\n<pre>send_via_turbosmtp:\r\n  driver = manualroute\r\n  domains = ! +local_domains\r\n  transport = pro.turbo-smtp\r\n  route_list = \"* pro.turbo-smtp.com::587 byname\"\r\n  host_find_failed = defer\r\n  no_more<\/pre>\n<pre>turbosmtp_smtp:\r\n  driver = smtp\r\n  hosts = pro.turbo-smtp.com\r\n  hosts_require_auth = <; $host_address\r\n  hosts_require_tls = <; $host_address<\/pre>\n<p>Speichern und Exim neu starten<\/p>\n<pre>$ \/etc\/init.d\/exim4 restart<\/pre>\n<div class=\"g1-space\" style=\"height: 20px;\"><\/div>\n<div  class=\"g1-divider g1-divider--none g1-divider--noicon \"><\/div>\n<h2 style=\"text-align: center; font-size: 3.1em; margin-bottom: 0.6em;\">Wenn Sie sehen m\u00f6chten wie ein <strong>Smarthost-Service<\/strong> funktioniert, testen Sie <strong>turboSMTP<\/strong><\/h2>\n<h3 style=\"text-align: center; font-weight: normal;\">Jedes Unternehmen ben\u00f6tigt einen Smtp-Relay-Smarthost f\u00fcr externe sowie interne Kommunikation. Ein Smarthost garantiert bessere Zustellbarkeit und Reputation, sch\u00fctzt Ihre Domain (niemand kann sich f\u00fcr Sie oder ein Mitglied Ihres Unternehmens ausgeben) und erm\u00f6glicht Ihnen, Ihre E-Mails und die Aktionen Ihrer Benutzer zu verfolgen.<br \/>\n<\/h3>\n<p style=\"text-align: center; margin-top: 2.3em;\"><a id=\"get-it-free\" class=\"g1-button g1-button--big g1-button--solid g1-button--standard button-landing-green\" href=\"https:\/\/serversmtp.com\/de\/tsmtpregistration1.php\" title=\"Kostenlos\"> &nbsp; &nbsp; &nbsp; &nbsp; KOSTENLOS  &nbsp; &nbsp; &nbsp; &nbsp; <\/a><\/p>\n<p style=\"text-align: center; margin-top: 2.3em;\"><a href=\"\/de\/smarthost-smtp-relay-was-ist-das\/\" title=\"Erfahren Sie mehr \u00fcber unseren Smarthost-Service\"> Erfahren Sie mehr \u00fcber unseren Smarthost-Relay-Service <\/a><\/p>\n","protected":false},"excerpt":{"rendered":"<p>Wenn Sie Exim 4 verwenden und Ihre E-Mail-Zustellbarkeit verbessern m\u00f6chten, ist die Wahl unseres turboSMTP Smarthost-Smtp-Relay-Provider eine gute Idee. So richten Sie einen Smarthost f\u00fcr Ihr Exim ein. EExim Smarthost-Konfiguration dc_eximconfig_configtype=&#8217;smarthost&#8217; dc_other_hostnames=&#8221; dc_local_interfaces=&#8217;127.0.0.1&#8242; dc_readhost=&#8217;your.server.name&#8217; dc_relay_domains=&#8221; dc_minimaldns=&#8217;false&#8217; dc_relay_nets=&#8221; dc_smarthost=&#8217;pro.turbo-smtp.com::587&#8242; CFILEMODE=&#8217;644&#8242; dc_use_split_config=&#8217;false&#8217; dc_hide_mailname=&#8217;true&#8217; dc_mailname_in_oh=&#8217;true&#8217; Die vorherige Konfigurationsdatei finden Sie unter \/etc\/exim4\/update-exim4.conf.conf. Wir verwenden die Datei vom Ubuntu &#8230; <\/p>\n<p class=\"read-more-container\"><a title=\"Exim Smarthost-Smtp-Relay-Provider\" class=\"read-more button\" href=\"https:\/\/serversmtp.com\/de\/exim-smarthost-smtp-relay-provider-de\/#more-9940\" aria-label=\"Mehr Informationen \u00fcber Exim Smarthost-Smtp-Relay-Provider\">Entdecke mehr<\/a><\/p>\n","protected":false},"author":8,"featured_media":0,"parent":0,"menu_order":0,"comment_status":"closed","ping_status":"closed","template":"","meta":{"_eb_attr":"","inline_featured_image":false,"_monsterinsights_skip_tracking":false,"_monsterinsights_sitenote_active":false,"_monsterinsights_sitenote_note":"","_monsterinsights_sitenote_category":0,"footnotes":""},"class_list":["post-9940","page","type-page","status-publish"],"yoast_head":"<!-- This site is optimized with the Yoast SEO plugin v25.3.1 - https:\/\/yoast.com\/wordpress\/plugins\/seo\/ -->\n<title>Exim Smarthost-Smtp-Relay-Provider - turboSMTP<\/title>\n<meta name=\"description\" content=\"Wenn Sie Exim als E-Mail-Server verwenden, k\u00f6nnen Sie turboSMTP als Ihren Smart Host konfigurieren.\" \/>\n<meta name=\"robots\" content=\"index, follow, max-snippet:-1, max-image-preview:large, max-video-preview:-1\" \/>\n<link rel=\"canonical\" href=\"https:\/\/serversmtp.com\/de\/exim-smarthost-smtp-relay-provider-de\/\" \/>\n<meta name=\"twitter:label1\" content=\"Gesch\u00e4tzte Lesezeit\" \/>\n\t<meta name=\"twitter:data1\" content=\"1\u00a0Minute\" \/>\n<!-- \/ Yoast SEO plugin. -->","yoast_head_json":{"title":"Exim Smarthost-Smtp-Relay-Provider - turboSMTP","description":"Wenn Sie Exim als E-Mail-Server verwenden, k\u00f6nnen Sie turboSMTP als Ihren Smart Host konfigurieren.","robots":{"index":"index","follow":"follow","max-snippet":"max-snippet:-1","max-image-preview":"max-image-preview:large","max-video-preview":"max-video-preview:-1"},"canonical":"https:\/\/serversmtp.com\/de\/exim-smarthost-smtp-relay-provider-de\/","twitter_misc":{"Gesch\u00e4tzte Lesezeit":"1\u00a0Minute"},"schema":{"@context":"https:\/\/schema.org","@graph":[{"@type":"WebPage","@id":"https:\/\/serversmtp.com\/de\/exim-smarthost-smtp-relay-provider-de\/","url":"https:\/\/serversmtp.com\/de\/exim-smarthost-smtp-relay-provider-de\/","name":"Exim Smarthost-Smtp-Relay-Provider - turboSMTP","isPartOf":{"@id":"https:\/\/serversmtp.com\/de\/#website"},"datePublished":"2020-09-14T13:34:59+00:00","dateModified":"2025-10-22T09:23:25+00:00","description":"Wenn Sie Exim als E-Mail-Server verwenden, k\u00f6nnen Sie turboSMTP als Ihren Smart Host konfigurieren.","breadcrumb":{"@id":"https:\/\/serversmtp.com\/de\/exim-smarthost-smtp-relay-provider-de\/#breadcrumb"},"inLanguage":"de","potentialAction":[{"@type":"ReadAction","target":["https:\/\/serversmtp.com\/de\/exim-smarthost-smtp-relay-provider-de\/"]}]},{"@type":"BreadcrumbList","@id":"https:\/\/serversmtp.com\/de\/exim-smarthost-smtp-relay-provider-de\/#breadcrumb","itemListElement":[{"@type":"ListItem","position":1,"name":"Home","item":"https:\/\/serversmtp.com\/de\/"},{"@type":"ListItem","position":2,"name":"Exim Smarthost-Smtp-Relay-Provider"}]},{"@type":"WebSite","@id":"https:\/\/serversmtp.com\/de\/#website","url":"https:\/\/serversmtp.com\/de\/","name":"smtp mail server - professional SMTP service provider","description":"smtp mail server - professional SMTP service provider","publisher":{"@id":"https:\/\/serversmtp.com\/de\/#organization"},"potentialAction":[{"@type":"SearchAction","target":{"@type":"EntryPoint","urlTemplate":"https:\/\/serversmtp.com\/de\/?s={search_term_string}"},"query-input":{"@type":"PropertyValueSpecification","valueRequired":true,"valueName":"search_term_string"}}],"inLanguage":"de"},{"@type":"Organization","@id":"https:\/\/serversmtp.com\/de\/#organization","name":"Delivery Tech","url":"https:\/\/serversmtp.com\/de\/","logo":{"@type":"ImageObject","inLanguage":"de","@id":"https:\/\/serversmtp.com\/de\/#\/schema\/logo\/image\/","url":"https:\/\/serversmtp.com\/wp-content\/uploads\/2021\/11\/og-image-2.jpg","contentUrl":"https:\/\/serversmtp.com\/wp-content\/uploads\/2021\/11\/og-image-2.jpg","width":1200,"height":1128,"caption":"Delivery Tech"},"image":{"@id":"https:\/\/serversmtp.com\/de\/#\/schema\/logo\/image\/"}}]}},"_links":{"self":[{"href":"https:\/\/serversmtp.com\/de\/wp-json\/wp\/v2\/pages\/9940"}],"collection":[{"href":"https:\/\/serversmtp.com\/de\/wp-json\/wp\/v2\/pages"}],"about":[{"href":"https:\/\/serversmtp.com\/de\/wp-json\/wp\/v2\/types\/page"}],"author":[{"embeddable":true,"href":"https:\/\/serversmtp.com\/de\/wp-json\/wp\/v2\/users\/8"}],"replies":[{"embeddable":true,"href":"https:\/\/serversmtp.com\/de\/wp-json\/wp\/v2\/comments?post=9940"}],"version-history":[{"count":6,"href":"https:\/\/serversmtp.com\/de\/wp-json\/wp\/v2\/pages\/9940\/revisions"}],"predecessor-version":[{"id":22511,"href":"https:\/\/serversmtp.com\/de\/wp-json\/wp\/v2\/pages\/9940\/revisions\/22511"}],"wp:attachment":[{"href":"https:\/\/serversmtp.com\/de\/wp-json\/wp\/v2\/media?parent=9940"}],"curies":[{"name":"wp","href":"https:\/\/api.w.org\/{rel}","templated":true}]}}