{"id":9938,"date":"2020-09-14T12:52:41","date_gmt":"2020-09-14T10:52:41","guid":{"rendered":"https:\/\/www.serversmtp.com\/?page_id=9938"},"modified":"2025-10-22T11:21:07","modified_gmt":"2025-10-22T09:21:07","slug":"exchange-smart-host-smtp-relay-de","status":"publish","type":"page","link":"https:\/\/serversmtp.com\/de\/exchange-smart-host-smtp-relay-de\/","title":{"rendered":"Exchange Smtp-Relay-Smarthost"},"content":{"rendered":"<style type=\"text\/css\">\n#content p, #content li {\n    font-size: 16px;\n    color: #000000;\n}\nh1, h2, h3, h4 {\n    font-weight: 600;\n}\n.spaced li {\n    margin-bottom: 15px;\n}\n#get-it-free.g1-button {\n    color: #ffffff;\n    background-color: #93ba19;\n    border-color: #93ba19;\n    font-weight: 600;\n}\n<\/style>\n<p>Die Verwendung eines Smtp-Relay-Smarthosts zum Senden Ihrer E-Mails als <strong>Exchange-Benutzer<\/strong> ist nicht einfach. Wir helfen Ihnen gerne dabei. W\u00e4hlen Sie Ihre Exchange-Version und befolgen Sie die entsprechenden Anweisungen:<\/p>\n<div id=\"\" class=\"g1-message g1-message--info \" ><div class=\"g1-inner\">F\u00fcr EU-Kunden: Bitte ersetzen Sie <em>pro.turbo-smtp.com<\/em> durch <em>pro.eu.turbo-smtp.com<\/em><\/div><\/div>\n<div class=\"g1-space\" style=\"height: 30px;\"><\/div>\n<h2>Exchange 2003 Smarthost-E-mail-Relay<\/h2>\n<p>Wenn Sie \u00fcber ein Exchange 2003-Konto verf\u00fcgen und <strong>turboSMTP <\/strong>als Smarthost zur Verbesserung der Zustellbarkeit Ihrer gesendeten E-mails verwenden m\u00f6chten, gehen Sie wie folgt vor:<\/p>\n<ol class=\"spaced\">\n<li>\u00d6ffnen Sie den Exchange-System-Manager<\/li>\n<li>Klicken Sie links neben den Servern auf die Plus-Schaltfl\u00e4che (+) und erweitern Sie Organisation -> Protokolle> SMTP<\/li>\n<li>W\u00e4hlen Sie Eigenschaften aus, indem Sie mit der rechten Maustaste auf den virtuellen Standard-SMTP-Server klicken<\/li>\n<li>Auf der Registerkarte Zustellung klicken Sie auf die Schaltfl\u00e4che Ausgehende Sicherheit<\/li>\n<li>Aktivieren Sie die Option Standardauthentifizierung und dann das Kontrollk\u00e4stchen TLS-Verschl\u00fcsselung erforderlich. Geben Sie abschlie\u00dfend Ihren Consumer Key und Consumer Secret ein (<a href=\"https:\/\/serversmtp.com\/de\/was-sind-api-schluessel-und-wie-erstellt-man-sie-mit-turbosmtp-ein-kompletter-leitfaden\/\" title=\"Wie Sie Ihre API-Keys erstellen\" target=\"_blank\" rel=\"noopener\">siehe wie Sie Ihre API-Keys erstellen<\/a>).\n<\/li>\n<li>Klicken Sie auf die Schaltfl\u00e4che Erweitert<\/li>\n<li>F\u00fcllen Sie das Feld Smarthost mit pro.turbo-smtp.com aus und klicken Sie auf OK<\/li>\n<\/ol>\n<p>So erweitern Sie den Ordner &#8220;Connectors&#8221;:<\/p>\n<ol class=\"spaced\">\n<li>Klicken Sie mit der rechten Maustaste auf den SMTP-Connector und w\u00e4hlen Sie Eigenschaften, um den Ordner Connectors zu erweitern<\/li>\n<li>W\u00e4hlen Sie auf der Registerkarte &#8220;Allgemein&#8221; die Option &#8220;Alle E-Mails \u00fcber diesen Connector an die folgenden Smarthosts weiterleiten&#8221;. Geben Sie dann den SMTP-Server Ihres Kontos ein und klicken Sie auf &#8220;OK&#8221;<\/li>\n<li>W\u00e4hlen Sie auf der Registerkarte Erweitert die Option ETRN\/TURN aus und klicken Sie auf Ausgehende Sicherheit<\/li>\n<li>Klicken Sie auf Basisauthentifizierung und dann auf \u00c4ndern. Geben Sie abschlie\u00dfend Ihren Consumer Key und Consumer Secret ein (<a href=\"https:\/\/serversmtp.com\/de\/was-sind-api-schluessel-und-wie-erstellt-man-sie-mit-turbosmtp-ein-kompletter-leitfaden\/\" title=\"Wie Sie Ihre API-Keys erstellen\" target=\"_blank\" rel=\"noopener\">siehe wie Sie Ihre API-Keys erstellen<\/a>) und klicken Sie auf OK.\n<\/li>\n<\/ol>\n<div class=\"g1-space\" style=\"height: 30px;\"><\/div>\n<h2>Exchange 2007 und 2010 Smarthost-Smtp-Relay<\/h2>\n<p>Wenn Sie \u00fcber ein Microsoft Exchange 2007- oder 2010-Konto verf\u00fcgen, m\u00fcssen Sie in der Exchange-Verwaltungskonsole einen Sendeconnector konfigurieren, um <strong>turboSMTP <\/strong>als Exchange-Smarthost zu verwenden:<\/p>\n<ol class=\"spaced\">\n<li>Melden Sie sich bei Exchange 2010 an<\/li>\n<li>Folgen Sie ab dem Hauptmen\u00fc dem Pfad: Start> Alle Programme> Microsoft Exchange Server 2010> Exchange-Verwaltungskonsole<\/li>\n<li>W\u00e4hlen Sie Hub-Transport aus der Liste Organisationskonfiguration aus<\/li>\n<li>Klicken Sie in der Aktion-Seitenleiste auf Neuer Absender-Connector<\/li>\n<li>Geben Sie dem zweiten Connector einen Namen, w\u00e4hlen Sie Internet aus dem Dropdown-Men\u00fc, gefolgt von Verwendungszweck, dann klicken Sie auf Weiter. Mit dieser Aktion kann Exchange Nachrichten \u00fcber einen externen Smarthost senden<\/li>\n<li>Klicken Sie auf Hinzuf\u00fcgen, um die Adressen oder Dom\u00e4nen hinzuzuf\u00fcgen, an die der Absender-Connector zum Senden von E-Mails berechtigt ist. Wenn Sie den Absender-Connector zum Senden von Nachrichten an alle im Internet autorisieren m\u00f6chten, geben Sie im Adressraum ein &#8220;*&#8221; ein. Klicken Sie auf Weiter<\/li>\n<li>W\u00e4hlen Sie auf der Seite Netzwerkeinstellungen die Option \u201eMail durch die folgenden Smarthosts weiterleiten\u201c aus und klicken Sie auf Hinzuf\u00fcgen<\/li>\n<li>W\u00e4hlen Sie den vollqualifizierten Dom\u00e4nennamen (FQDN) aus und f\u00fcgen Sie <em>pro.turbo-smtp.com<\/em> ein<\/li>\n<li>Auf der Seite Smarthost-Authentifizierungseinstellungen konfigurieren, w\u00e4hlen Sie die Option Standardauthentifizierung und dann Basisauthentifizierung \u00fcber TLS aus. Geben Sie abschlie\u00dfend Ihren Consumer Key und Consumer Secret ein (<a href=\"https:\/\/serversmtp.com\/de\/was-sind-api-schluessel-und-wie-erstellt-man-sie-mit-turbosmtp-ein-kompletter-leitfaden\/\" title=\"Wie Sie Ihre API-Keys erstellen\" target=\"_blank\" rel=\"noopener\">siehe wie Sie Ihre API-Keys erstellen<\/a>) und klicken Sie auf Weiter.<\/li>\n<li>Ihr Exchange-Server sollte automatisch angezeigt werden. Um andere Server in Ihrer Domain zu verwenden, klicken Sie auf Hinzuf\u00fcgen, um sie einzuschlie\u00dfen. Klicken Sie nun auf Weiter<\/li>\n<li>\u00dcberpr\u00fcfen Sie die Einstellungen und klicken Sie auf Neu<\/li>\n<li>Wenn die Konfiguration erfolgreich ist, klicken Sie auf beenden<\/li>\n<\/ol>\n<div class=\"g1-space\" style=\"height: 30px;\"><\/div>\n<h2>Exchange 2016 und 2019 Smtp-Relay-Smarthost<\/h2>\n<p>F\u00fcr die neuesten Versionen von Exchange f\u00fchren Sie die folgenden Schritte aus. F\u00fcr diese Version ben\u00f6tigen Sie einen Absender-Connector.<\/p>\n<ol class=\"spaced\">\n<li>\u00d6ffnen Sie die Exchange-Systemsteuerung<\/li>\n<li>Melden Sie sich als Administrator an<\/li>\n<li>Folgen Sie dem Pfad Nachrichtenfluss > Connector senden > +<br \/>\n<img decoding=\"async\" width=\"1010\" height=\"337\" src=\"https:\/\/serversmtp.com\/wp-content\/uploads\/2020\/07\/smarthost-exchange-1.png\" alt=\"Richten Sie den Exchange-Smarthost ein\" style=\"margin-top: 15px;\"><\/li>\n<li>F\u00fcllen Sie das Feld Name mit pro.turbo-smtp.com aus. W\u00e4hlen Sie im Men\u00fc Typ die Option Benutzerdefiniert und klicken Sie auf Weiter<br \/>\n<img decoding=\"async\" width=\"465\" height=\"411\" src=\"https:\/\/serversmtp.com\/wp-content\/uploads\/2020\/07\/smarthost-exchange-2.png\" alt=\"Richten Sie den Exchange-Smarthost ein\" style=\"margin-top: 15px;\"><\/li>\n<li>W\u00e4hlen Sie Mail \u00fcber Smarthosts weiterleiten<\/li>\n<li>Klicken Sie auf Hinzuf\u00fcgen (+), geben Sie pro.turbo-smtp.com ein und speichern Sie. Klicken Sie auf Weiter<br \/>\n<img decoding=\"async\" width=\"668\" height=\"504\" src=\"https:\/\/serversmtp.com\/wp-content\/uploads\/2020\/07\/smarthost-exchange-3-1.png\" alt=\"Richten Sie den Exchange-Smarthost ein\" style=\"margin-top: 15px;\"><\/li>\n<li>Gehen Sie zu Standardauthentifizierung, starten Sie das TLS, Geben Sie Ihren Consumer Key und Consumer Secret ein (<a href=\"https:\/\/serversmtp.com\/de\/was-sind-api-schluessel-und-wie-erstellt-man-sie-mit-turbosmtp-ein-kompletter-leitfaden\/\" title=\"Wie Sie Ihre API-Keys erstellen\" target=\"_blank\" rel=\"noopener\">siehe wie Sie Ihre API-Keys erstellen<\/a>) und klicken Sie auf Weiter.<br \/>\n<img decoding=\"async\" width=\"668\" height=\"502\" src=\"https:\/\/serversmtp.com\/wp-content\/uploads\/2020\/07\/smarthost-exchange-4.png\" alt=\"Richten Sie den Exchange-Smarthost ein\" style=\"margin-top: 15px;\"><\/li>\n<li>Jetzt m\u00fcssen Sie die Postfachserver ausw\u00e4hlen, die Sie zum Senden ausgehender E-Mails an turboSMTP verwenden m\u00f6chten. Gehen Sie zum Quellserver und f\u00fcgen sie hinzu (+)<br \/>\n<img decoding=\"async\" width=\"638\" height=\"376\" src=\"https:\/\/serversmtp.com\/wp-content\/uploads\/2020\/07\/smarthost-exchange-6.png\" alt=\"Richten Sie den Exchange-Smarthost ein\" style=\"margin-top: 15px;\"><\/li>\n<li>Klicken Sie abschlie\u00dfend auf Beenden<\/li>\n<\/ol>\n<div class=\"g1-space\" style=\"height: 20px;\"><\/div>\n<div  class=\"g1-divider g1-divider--none g1-divider--noicon \"><\/div>\n<h2 style=\"text-align: center; font-size: 3.1em; margin-bottom: 0.6em;\">Wenn Sie sehen m\u00f6chten wie ein <strong>Smarthost-Service<\/strong> funktioniert, testen Sie <strong>turboSMTP<\/strong><\/h2>\n<h3 style=\"text-align: center; font-weight: normal;\">Jedes Unternehmen ben\u00f6tigt einen Relay-Smarthost f\u00fcr externe sowie interne Kommunikation. Ein Smarthost-Smtp-Relay garantiert bessere Zustellbarkeit und Reputation, sch\u00fctzt Ihre Domain (niemand kann sich f\u00fcr Sie oder ein Mitglied Ihres Unternehmens ausgeben) und erm\u00f6glicht Ihnen, Ihre E-Mails und die Aktionen Ihrer Benutzer zu verfolgen.<br \/>\n<\/h3>\n<p style=\"text-align: center; margin-top: 2.3em;\"><a id=\"get-it-free\" class=\"g1-button g1-button--big g1-button--solid g1-button--standard button-landing-green\" href=\"https:\/\/serversmtp.com\/de\/tsmtpregistration1.php\" title=\"Kostenlos\"> &nbsp; &nbsp; &nbsp; &nbsp; KOSTENLOS  &nbsp; &nbsp; &nbsp; &nbsp; <\/a><\/p>\n<p style=\"text-align: center; margin-top: 2.3em;\"><a href=\"\/de\/smarthost-smtp-relay-was-ist-das\/\" title=\"Erfahren Sie mehr \u00fcber unseren Smarthost-Service\"> Erfahren Sie mehr \u00fcber unseren Smarthost-relay-Service <\/a><\/p>\n","protected":false},"excerpt":{"rendered":"<p>Die Verwendung eines Smtp-Relay-Smarthosts zum Senden Ihrer E-Mails als Exchange-Benutzer ist nicht einfach. Wir helfen Ihnen gerne dabei. W\u00e4hlen Sie Ihre Exchange-Version und befolgen Sie die entsprechenden Anweisungen: Exchange 2003 Smarthost-E-mail-Relay Wenn Sie \u00fcber ein Exchange 2003-Konto verf\u00fcgen und turboSMTP als Smarthost zur Verbesserung der Zustellbarkeit Ihrer gesendeten E-mails verwenden m\u00f6chten, gehen Sie wie folgt &#8230; <\/p>\n<p class=\"read-more-container\"><a title=\"Exchange Smtp-Relay-Smarthost\" class=\"read-more button\" href=\"https:\/\/serversmtp.com\/de\/exchange-smart-host-smtp-relay-de\/#more-9938\" aria-label=\"Mehr Informationen \u00fcber Exchange Smtp-Relay-Smarthost\">Entdecke mehr<\/a><\/p>\n","protected":false},"author":8,"featured_media":0,"parent":0,"menu_order":0,"comment_status":"closed","ping_status":"closed","template":"","meta":{"_eb_attr":"","inline_featured_image":false,"_monsterinsights_skip_tracking":false,"_monsterinsights_sitenote_active":false,"_monsterinsights_sitenote_note":"","_monsterinsights_sitenote_category":0,"footnotes":""},"class_list":["post-9938","page","type-page","status-publish"],"yoast_head":"<!-- This site is optimized with the Yoast SEO plugin v25.3.1 - https:\/\/yoast.com\/wordpress\/plugins\/seo\/ -->\n<title>Exchange Smtp-Relay-Smarthost - turboSMTP<\/title>\n<meta name=\"description\" content=\"Wenn Sie Exchange als E-Mail-Server verwenden, k\u00f6nnen Sie turboSMTP als Ihren Smart Host konfigurieren.\" \/>\n<meta name=\"robots\" content=\"index, follow, max-snippet:-1, max-image-preview:large, max-video-preview:-1\" \/>\n<link rel=\"canonical\" href=\"https:\/\/serversmtp.com\/de\/exchange-smart-host-smtp-relay-de\/\" \/>\n<meta name=\"twitter:label1\" content=\"Gesch\u00e4tzte Lesezeit\" \/>\n\t<meta name=\"twitter:data1\" content=\"5\u00a0Minuten\" \/>\n<!-- \/ Yoast SEO plugin. -->","yoast_head_json":{"title":"Exchange Smtp-Relay-Smarthost - turboSMTP","description":"Wenn Sie Exchange als E-Mail-Server verwenden, k\u00f6nnen Sie turboSMTP als Ihren Smart Host konfigurieren.","robots":{"index":"index","follow":"follow","max-snippet":"max-snippet:-1","max-image-preview":"max-image-preview:large","max-video-preview":"max-video-preview:-1"},"canonical":"https:\/\/serversmtp.com\/de\/exchange-smart-host-smtp-relay-de\/","twitter_misc":{"Gesch\u00e4tzte Lesezeit":"5\u00a0Minuten"},"schema":{"@context":"https:\/\/schema.org","@graph":[{"@type":"WebPage","@id":"https:\/\/serversmtp.com\/de\/exchange-smart-host-smtp-relay-de\/","url":"https:\/\/serversmtp.com\/de\/exchange-smart-host-smtp-relay-de\/","name":"Exchange Smtp-Relay-Smarthost - turboSMTP","isPartOf":{"@id":"https:\/\/serversmtp.com\/#website"},"primaryImageOfPage":{"@id":"https:\/\/serversmtp.com\/de\/exchange-smart-host-smtp-relay-de\/#primaryimage"},"image":{"@id":"https:\/\/serversmtp.com\/de\/exchange-smart-host-smtp-relay-de\/#primaryimage"},"thumbnailUrl":"https:\/\/serversmtp.com\/wp-content\/uploads\/2020\/07\/smarthost-exchange-1.png","datePublished":"2020-09-14T10:52:41+00:00","dateModified":"2025-10-22T09:21:07+00:00","description":"Wenn Sie Exchange als E-Mail-Server verwenden, k\u00f6nnen Sie turboSMTP als Ihren Smart Host konfigurieren.","breadcrumb":{"@id":"https:\/\/serversmtp.com\/de\/exchange-smart-host-smtp-relay-de\/#breadcrumb"},"inLanguage":"de","potentialAction":[{"@type":"ReadAction","target":["https:\/\/serversmtp.com\/de\/exchange-smart-host-smtp-relay-de\/"]}]},{"@type":"ImageObject","inLanguage":"de","@id":"https:\/\/serversmtp.com\/de\/exchange-smart-host-smtp-relay-de\/#primaryimage","url":"https:\/\/serversmtp.com\/wp-content\/uploads\/2020\/07\/smarthost-exchange-1.png","contentUrl":"https:\/\/serversmtp.com\/wp-content\/uploads\/2020\/07\/smarthost-exchange-1.png"},{"@type":"BreadcrumbList","@id":"https:\/\/serversmtp.com\/de\/exchange-smart-host-smtp-relay-de\/#breadcrumb","itemListElement":[{"@type":"ListItem","position":1,"name":"Home","item":"https:\/\/serversmtp.com\/de\/"},{"@type":"ListItem","position":2,"name":"Exchange Smtp-Relay-Smarthost"}]},{"@type":"WebSite","@id":"https:\/\/serversmtp.com\/#website","url":"https:\/\/serversmtp.com\/","name":"smtp mail server - professional SMTP service provider","description":"smtp mail server - professional SMTP service provider","publisher":{"@id":"https:\/\/serversmtp.com\/#organization"},"potentialAction":[{"@type":"SearchAction","target":{"@type":"EntryPoint","urlTemplate":"https:\/\/serversmtp.com\/?s={search_term_string}"},"query-input":{"@type":"PropertyValueSpecification","valueRequired":true,"valueName":"search_term_string"}}],"inLanguage":"de"},{"@type":"Organization","@id":"https:\/\/serversmtp.com\/#organization","name":"Delivery Tech","url":"https:\/\/serversmtp.com\/","logo":{"@type":"ImageObject","inLanguage":"de","@id":"https:\/\/serversmtp.com\/#\/schema\/logo\/image\/","url":"https:\/\/serversmtp.com\/wp-content\/uploads\/2021\/11\/og-image-2.jpg","contentUrl":"https:\/\/serversmtp.com\/wp-content\/uploads\/2021\/11\/og-image-2.jpg","width":1200,"height":1128,"caption":"Delivery Tech"},"image":{"@id":"https:\/\/serversmtp.com\/#\/schema\/logo\/image\/"}}]}},"_links":{"self":[{"href":"https:\/\/serversmtp.com\/de\/wp-json\/wp\/v2\/pages\/9938"}],"collection":[{"href":"https:\/\/serversmtp.com\/de\/wp-json\/wp\/v2\/pages"}],"about":[{"href":"https:\/\/serversmtp.com\/de\/wp-json\/wp\/v2\/types\/page"}],"author":[{"embeddable":true,"href":"https:\/\/serversmtp.com\/de\/wp-json\/wp\/v2\/users\/8"}],"replies":[{"embeddable":true,"href":"https:\/\/serversmtp.com\/de\/wp-json\/wp\/v2\/comments?post=9938"}],"version-history":[{"count":6,"href":"https:\/\/serversmtp.com\/de\/wp-json\/wp\/v2\/pages\/9938\/revisions"}],"predecessor-version":[{"id":22510,"href":"https:\/\/serversmtp.com\/de\/wp-json\/wp\/v2\/pages\/9938\/revisions\/22510"}],"wp:attachment":[{"href":"https:\/\/serversmtp.com\/de\/wp-json\/wp\/v2\/media?parent=9938"}],"curies":[{"name":"wp","href":"https:\/\/api.w.org\/{rel}","templated":true}]}}