{"id":9936,"date":"2020-09-14T12:30:11","date_gmt":"2020-09-14T10:30:11","guid":{"rendered":"https:\/\/www.serversmtp.com\/?page_id=9936"},"modified":"2025-10-22T11:15:48","modified_gmt":"2025-10-22T09:15:48","slug":"sendmail-smart-host-smtp-relay-service-de","status":"publish","type":"page","link":"https:\/\/serversmtp.com\/de\/sendmail-smart-host-smtp-relay-service-de\/","title":{"rendered":"Sendmail Smarthost-Smtp-Relay-Service"},"content":{"rendered":"<style type=\"text\/css\">\n#content p, #content li {\n    font-size: 16px;\n    color: #000000;\n}\nh1, h2, h3, h4 {\n    font-weight: 600;\n}\n.spaced li {\n    margin-bottom: 15px;\n}\n#get-it-free.g1-button {\n    color: #ffffff;\n    background-color: #93ba19;\n    border-color: #93ba19;\n    font-weight: 600;\n}\n<\/style>\n<p>Wenn Sie <strong>Sendmail <\/strong>als E-Mail-Server verwenden, k\u00f6nnen Sie Ihre Zustellbarkeit verbessern, indem Sie einen <strong>turboSMTP Smarthost-Relay<\/strong> konfigurieren. Sie werden als zuverl\u00e4ssiger E-Mail-Absender erkannt und sch\u00fctzen sich vor Identit\u00e4tsdiebstahl. Folgen Sie diesem Pfad, um unseren Smtp-Relay-Smarthost in Sendmail einzurichten:<\/p>\n<div id=\"\" class=\"g1-message g1-message--info \" ><div class=\"g1-inner\">F\u00fcr EU-Kunden: Bitte ersetzen Sie <em>pro.turbo-smtp.com<\/em> durch <em>pro.eu.turbo-smtp.com<\/em><\/div><\/div>\n<p>Legen Sie zun\u00e4chst Ihren Consumer Key und Consumer Secret (<a href=\"https:\/\/serversmtp.com\/de\/was-sind-api-schluessel-und-wie-erstellt-man-sie-mit-turbosmtp-ein-kompletter-leitfaden\/\" title=\"Wie Sie Ihre API-Keys erstellen\" target=\"_blank\" rel=\"noopener\">siehe wie Sie Ihre API-Keys erstellen<\/a>) in <strong>\/etc\/mail\/access<\/strong> fest<\/p>\n<pre>AuthInfo:pro.turbo-smtp.com \"U:yourUserName\" \"P:yourPassword\" \"M:PLAIN\"<\/pre>\n<p>Legen Sie in <strong>\/etc\/mail\/sendmail.mc<\/strong>, nach der ersten Zeile  (<em>#dnl define(&#8216;SMART_HOST&#8217;, &#8216;smtp.your.provider&#8217;)dnl<\/em>), ) Ihre Smarthost-Definition fest: <\/p>\n<pre>define(`SMART_HOST', `pro.turbo-smtp.com')dnl\r\nFEATURE(`access_db')dnl\r\ndefine(`RELAY_MAILER_ARGS', `TCP $h 587')dnl\r\ndefine(`ESMTP_MAILER_ARGS', `TCP $h 587')dnl<\/pre>\n<p>Aktualisieren Sie die Dateien <em>sendmail.cf<\/em> und <em>access.db<\/em>, um den Vorgang abzuschlie\u00dfen. Hinweis: Sie m\u00fcssen diese Befehle als &#8216;su&#8217; oder &#8216;root&#8217; ausf\u00fchren<\/p>\n<pre>$ cd \/etc\/mail\r\n$ m4 sendmail.mc >sendmail.cf\r\n$ makemap hash access < access<\/pre>\n<p>Starten Sie Sendmail schlie\u00dflich neu und folgen Sie dabei dem Pfad, der Ihrer Sendmail-Version entspricht:<\/p>\n<p>\u00c4ltere Versionen:<\/p>\n<pre>$ \/etc\/init.d\/sendmail restart<\/pre>\n<p>F\u00fcr neuere Versionen:<\/p>\n<pre>$ service sendmail restart<\/pre>\n<div class=\"g1-space\" style=\"height: 20px;\"><\/div>\n<div  class=\"g1-divider g1-divider--none g1-divider--noicon \"><\/div>\n<h2 style=\"text-align: center; font-size: 3.1em; margin-bottom: 0.6em;\">Wenn Sie sehen m\u00f6chten wie ein <strong>Smarthost-Service<\/strong> funktioniert, testen Sie <strong>turboSMTP<\/strong><\/h2>\n<h3 style=\"text-align: center; font-weight: normal;\">Jedes Unternehmen ben\u00f6tigt einen Smarthost-Relay f\u00fcr externe sowie interne Kommunikation. Ein Smarthost garantiert bessere Zustellbarkeit und Reputation, sch\u00fctzt Ihre Domain (niemand kann sich f\u00fcr Sie oder ein Mitglied Ihres Unternehmens ausgeben) und erm\u00f6glicht Ihnen, Ihre E-Mails und die Aktionen Ihrer Benutzer zu verfolgen.<br \/>\n<\/h3>\n<p style=\"text-align: center; margin-top: 2.3em;\"><a id=\"get-it-free\" class=\"g1-button g1-button--big g1-button--solid g1-button--standard button-landing-green\" href=\"https:\/\/serversmtp.com\/de\/tsmtpregistration1.php\" title=\"Kostenlos\"> &nbsp; &nbsp; &nbsp; &nbsp; KOSTENLOS  &nbsp; &nbsp; &nbsp; &nbsp; <\/a><\/p>\n<p style=\"text-align: center; margin-top: 2.3em;\"><a href=\"\/de\/smarthost-smtp-relay-was-ist-das\/\" title=\"Erfahren Sie mehr \u00fcber unseren Smarthost-Service\"> Erfahren Sie mehr \u00fcber unseren Smarthost-Relay-Service <\/a><\/p>\n","protected":false},"excerpt":{"rendered":"<p>Wenn Sie Sendmail als E-Mail-Server verwenden, k\u00f6nnen Sie Ihre Zustellbarkeit verbessern, indem Sie einen turboSMTP Smarthost-Relay konfigurieren. Sie werden als zuverl\u00e4ssiger E-Mail-Absender erkannt und sch\u00fctzen sich vor Identit\u00e4tsdiebstahl. Folgen Sie diesem Pfad, um unseren Smtp-Relay-Smarthost in Sendmail einzurichten: Legen Sie zun\u00e4chst Ihren Consumer Key und Consumer Secret (siehe wie Sie Ihre API-Keys erstellen) in \/etc\/mail\/access &#8230; <\/p>\n<p class=\"read-more-container\"><a title=\"Sendmail Smarthost-Smtp-Relay-Service\" class=\"read-more button\" href=\"https:\/\/serversmtp.com\/de\/sendmail-smart-host-smtp-relay-service-de\/#more-9936\" aria-label=\"Mehr Informationen \u00fcber Sendmail Smarthost-Smtp-Relay-Service\">Entdecke mehr<\/a><\/p>\n","protected":false},"author":8,"featured_media":0,"parent":0,"menu_order":0,"comment_status":"closed","ping_status":"closed","template":"","meta":{"_eb_attr":"","inline_featured_image":false,"_monsterinsights_skip_tracking":false,"_monsterinsights_sitenote_active":false,"_monsterinsights_sitenote_note":"","_monsterinsights_sitenote_category":0,"footnotes":""},"class_list":["post-9936","page","type-page","status-publish"],"yoast_head":"<!-- This site is optimized with the Yoast SEO plugin v25.3.1 - https:\/\/yoast.com\/wordpress\/plugins\/seo\/ -->\n<title>Sendmail Smarthost-Smtp-Relay-Service - turboSMTP<\/title>\n<meta name=\"description\" content=\"Wenn Sie Sendmail als E-Mail-Server verwenden, k\u00f6nnen Sie turboSMTP als Ihren Smart Host konfigurieren. Dies verbessert Ihre Sicherheit und Zustellbarkeit.\" \/>\n<meta name=\"robots\" content=\"index, follow, max-snippet:-1, max-image-preview:large, max-video-preview:-1\" \/>\n<link rel=\"canonical\" href=\"https:\/\/serversmtp.com\/de\/sendmail-smart-host-smtp-relay-service-de\/\" \/>\n<meta name=\"twitter:label1\" content=\"Gesch\u00e4tzte Lesezeit\" \/>\n\t<meta name=\"twitter:data1\" content=\"1\u00a0Minute\" \/>\n<!-- \/ Yoast SEO plugin. -->","yoast_head_json":{"title":"Sendmail Smarthost-Smtp-Relay-Service - turboSMTP","description":"Wenn Sie Sendmail als E-Mail-Server verwenden, k\u00f6nnen Sie turboSMTP als Ihren Smart Host konfigurieren. Dies verbessert Ihre Sicherheit und Zustellbarkeit.","robots":{"index":"index","follow":"follow","max-snippet":"max-snippet:-1","max-image-preview":"max-image-preview:large","max-video-preview":"max-video-preview:-1"},"canonical":"https:\/\/serversmtp.com\/de\/sendmail-smart-host-smtp-relay-service-de\/","twitter_misc":{"Gesch\u00e4tzte Lesezeit":"1\u00a0Minute"},"schema":{"@context":"https:\/\/schema.org","@graph":[{"@type":"WebPage","@id":"https:\/\/serversmtp.com\/de\/sendmail-smart-host-smtp-relay-service-de\/","url":"https:\/\/serversmtp.com\/de\/sendmail-smart-host-smtp-relay-service-de\/","name":"Sendmail Smarthost-Smtp-Relay-Service - turboSMTP","isPartOf":{"@id":"https:\/\/serversmtp.com\/it\/#website"},"datePublished":"2020-09-14T10:30:11+00:00","dateModified":"2025-10-22T09:15:48+00:00","description":"Wenn Sie Sendmail als E-Mail-Server verwenden, k\u00f6nnen Sie turboSMTP als Ihren Smart Host konfigurieren. Dies verbessert Ihre Sicherheit und Zustellbarkeit.","breadcrumb":{"@id":"https:\/\/serversmtp.com\/de\/sendmail-smart-host-smtp-relay-service-de\/#breadcrumb"},"inLanguage":"de","potentialAction":[{"@type":"ReadAction","target":["https:\/\/serversmtp.com\/de\/sendmail-smart-host-smtp-relay-service-de\/"]}]},{"@type":"BreadcrumbList","@id":"https:\/\/serversmtp.com\/de\/sendmail-smart-host-smtp-relay-service-de\/#breadcrumb","itemListElement":[{"@type":"ListItem","position":1,"name":"Home","item":"https:\/\/serversmtp.com\/de\/"},{"@type":"ListItem","position":2,"name":"Sendmail Smarthost-Smtp-Relay-Service"}]},{"@type":"WebSite","@id":"https:\/\/serversmtp.com\/it\/#website","url":"https:\/\/serversmtp.com\/it\/","name":"smtp mail server - professional SMTP service provider","description":"smtp mail server - professional SMTP service provider","publisher":{"@id":"https:\/\/serversmtp.com\/it\/#organization"},"potentialAction":[{"@type":"SearchAction","target":{"@type":"EntryPoint","urlTemplate":"https:\/\/serversmtp.com\/it\/?s={search_term_string}"},"query-input":{"@type":"PropertyValueSpecification","valueRequired":true,"valueName":"search_term_string"}}],"inLanguage":"de"},{"@type":"Organization","@id":"https:\/\/serversmtp.com\/it\/#organization","name":"Delivery Tech","url":"https:\/\/serversmtp.com\/it\/","logo":{"@type":"ImageObject","inLanguage":"de","@id":"https:\/\/serversmtp.com\/it\/#\/schema\/logo\/image\/","url":"https:\/\/serversmtp.com\/wp-content\/uploads\/2021\/11\/og-image-2.jpg","contentUrl":"https:\/\/serversmtp.com\/wp-content\/uploads\/2021\/11\/og-image-2.jpg","width":1200,"height":1128,"caption":"Delivery Tech"},"image":{"@id":"https:\/\/serversmtp.com\/it\/#\/schema\/logo\/image\/"}}]}},"_links":{"self":[{"href":"https:\/\/serversmtp.com\/de\/wp-json\/wp\/v2\/pages\/9936"}],"collection":[{"href":"https:\/\/serversmtp.com\/de\/wp-json\/wp\/v2\/pages"}],"about":[{"href":"https:\/\/serversmtp.com\/de\/wp-json\/wp\/v2\/types\/page"}],"author":[{"embeddable":true,"href":"https:\/\/serversmtp.com\/de\/wp-json\/wp\/v2\/users\/8"}],"replies":[{"embeddable":true,"href":"https:\/\/serversmtp.com\/de\/wp-json\/wp\/v2\/comments?post=9936"}],"version-history":[{"count":6,"href":"https:\/\/serversmtp.com\/de\/wp-json\/wp\/v2\/pages\/9936\/revisions"}],"predecessor-version":[{"id":22509,"href":"https:\/\/serversmtp.com\/de\/wp-json\/wp\/v2\/pages\/9936\/revisions\/22509"}],"wp:attachment":[{"href":"https:\/\/serversmtp.com\/de\/wp-json\/wp\/v2\/media?parent=9936"}],"curies":[{"name":"wp","href":"https:\/\/api.w.org\/{rel}","templated":true}]}}