{"id":9934,"date":"2020-09-14T12:24:38","date_gmt":"2020-09-14T10:24:38","guid":{"rendered":"https:\/\/www.serversmtp.com\/?page_id=9934"},"modified":"2025-10-22T11:13:57","modified_gmt":"2025-10-22T09:13:57","slug":"postfix-smart-host-smtp-relay-de","status":"publish","type":"page","link":"https:\/\/serversmtp.com\/de\/postfix-smart-host-smtp-relay-de\/","title":{"rendered":"Postfix Smart-Host-Smtp-Relay"},"content":{"rendered":"<style type=\"text\/css\">\n#content p, #content li {\n    font-size: 16px;\n    color: #000000;\n}\nh1, h2, h3, h4 {\n    font-weight: 600;\n}\n.spaced li {\n    margin-bottom: 15px;\n}\n#get-it-free.g1-button {\n    color: #ffffff;\n    background-color: #93ba19;\n    border-color: #93ba19;\n    font-weight: 600;\n}\n<\/style>\n<p>Die Verwendung von Postfix bedeutet nicht, dass Sie <strong>turboSMTP <\/strong>nicht auch als Smarthost w\u00e4hlen k\u00f6nnen. Tats\u00e4chlich tr\u00e4gt ein Smarthost dazu bei, Ihre E-Mail-Zustellbarkeit zu verbessern! So richten Sie <strong>turboSMTP<\/strong> als Relay-Smarthost ein, wenn Sie Postfix verwenden.<\/p>\n<div id=\"\" class=\"g1-message g1-message--info \" ><div class=\"g1-inner\">F\u00fcr EU-Kunden: Bitte ersetzen Sie <em>pro.turbo-smtp.com<\/em> durch <em>pro.eu.turbo-smtp.com<\/em><\/div><\/div>\n<div class=\"g1-space\" style=\"height: 30px;\"><\/div>\n<h2>Postfix Relay-Smarthost-Konfiguration<\/h2>\n<p>Befolgen Sie diese Anweisungen, um die Postfix-Konfiguration zu aktualisieren und <strong>turboSMTP <\/strong>als Smarthost zu verwenden:<\/p>\n<ol class=\"spaced\">\n<li>\u00d6ffnen Sie die Postfix-Konfigurationsdatei \/etc\/postfix\/main.cf und f\u00fcgen Sie den folgenden Code ein:\n<pre>smtp_sasl_auth_enable = yes\r\nsmtp_sasl_password_maps = hash:\/etc\/postfix\/sasl_passwd\r\nsmtp_sasl_security_options = noanonymous\r\nsmtp_sasl_tls_security_options = noanonymous\r\nsmtp_tls_security_level = encrypt\r\nheader_size_limit = 4096000\r\nrelayhost = [pro.turbo-smtp.com]:587<\/pre>\n<\/li>\n<li>Geben Sie in die Datei \/etc\/postfix\/sasl_passwd (die Sie m\u00f6glicherweise von Grund auf neu erstellen m\u00fcssen) Ihren Consumer Key und Consumer Secret ein (<a href=\"https:\/\/serversmtp.com\/de\/was-sind-api-schluessel-und-wie-erstellt-man-sie-mit-turbosmtp-ein-kompletter-leitfaden\/\" title=\"Wie Sie Ihre API-Keys erstellen\" target=\"_blank\" rel=\"noopener\">siehe wie Sie Ihre API-Keys erstellen<\/a>):\n<pre>[pro.turbo-smtp.com]:587 yourturboSMTPUsername:yourturboSMTPPassword<\/pre>\n<\/li>\n<li>Aktualisieren Sie Postfix-Hashtabellen mit dem Befehl postmap\n<pre>$ sudo chmod 600 \/etc\/postfix\/sasl_passwd\r\n$ sudo postmap \/etc\/postfix\/sasl_passwd<\/pre>\n<\/li>\n<li>Starten Sie Postfix neu\n<pre>$ sudo systemctl restart postfix<\/pre>\n<\/li>\n<li>Jetzt k\u00f6nnen Sie die fehlende Modulabh\u00e4ngigkeit \u00fcber ein yum oder ein apt-get installieren:\n<pre>$ apt-get install libsasl2-modules<\/pre>\n<pre>$ yum install cyrus-sasl-plain<\/pre>\n<\/li>\n<\/ol>\n<div class=\"g1-space\" style=\"height: 20px;\"><\/div>\n<div  class=\"g1-divider g1-divider--none g1-divider--noicon \"><\/div>\n<h2 style=\"text-align: center; font-size: 3.1em; margin-bottom: 0.6em;\">Wenn Sie sehen m\u00f6chten wie ein <strong>Smarthost-Service<\/strong> funktioniert, testen Sie <strong>turboSMTP<\/strong><\/h2>\n<h3 style=\"text-align: center; font-weight: normal;\">Jedes Unternehmen ben\u00f6tigt einen Smarthost f\u00fcr externe sowie interne Kommunikation. Ein Smtp-Relay-Smarthost garantiert bessere Zustellbarkeit und Reputation, sch\u00fctzt Ihre Domain (niemand kann sich f\u00fcr Sie oder ein Mitglied Ihres Unternehmens ausgeben) und erm\u00f6glicht Ihnen, Ihre E-Mails und die Aktionen Ihrer Benutzer zu verfolgen.<br \/>\n<\/h3>\n<p style=\"text-align: center; margin-top: 2.3em;\"><a id=\"get-it-free\" class=\"g1-button g1-button--big g1-button--solid g1-button--standard button-landing-green\" href=\"https:\/\/serversmtp.com\/de\/tsmtpregistration1.php\" title=\"Kostenlos\"> &nbsp; &nbsp; &nbsp; &nbsp; KOSTENLOS  &nbsp; &nbsp; &nbsp; &nbsp; <\/a><\/p>\n<p style=\"text-align: center; margin-top: 2.3em;\"><a href=\"\/de\/smarthost-smtp-relay-was-ist-das\/\" title=\"Erfahren Sie mehr \u00fcber unseren Smarthost-Service\"> Erfahren Sie mehr \u00fcber unseren Relay-Smarthost-Service <\/a><\/p>\n","protected":false},"excerpt":{"rendered":"<p>Die Verwendung von Postfix bedeutet nicht, dass Sie turboSMTP nicht auch als Smarthost w\u00e4hlen k\u00f6nnen. Tats\u00e4chlich tr\u00e4gt ein Smarthost dazu bei, Ihre E-Mail-Zustellbarkeit zu verbessern! So richten Sie turboSMTP als Relay-Smarthost ein, wenn Sie Postfix verwenden. Postfix Relay-Smarthost-Konfiguration Befolgen Sie diese Anweisungen, um die Postfix-Konfiguration zu aktualisieren und turboSMTP als Smarthost zu verwenden: \u00d6ffnen Sie &#8230; <\/p>\n<p class=\"read-more-container\"><a title=\"Postfix Smart-Host-Smtp-Relay\" class=\"read-more button\" href=\"https:\/\/serversmtp.com\/de\/postfix-smart-host-smtp-relay-de\/#more-9934\" aria-label=\"Mehr Informationen \u00fcber Postfix Smart-Host-Smtp-Relay\">Entdecke mehr<\/a><\/p>\n","protected":false},"author":8,"featured_media":0,"parent":0,"menu_order":0,"comment_status":"closed","ping_status":"closed","template":"","meta":{"_eb_attr":"","inline_featured_image":false,"_monsterinsights_skip_tracking":false,"_monsterinsights_sitenote_active":false,"_monsterinsights_sitenote_note":"","_monsterinsights_sitenote_category":0,"footnotes":""},"class_list":["post-9934","page","type-page","status-publish"],"yoast_head":"<!-- This site is optimized with the Yoast SEO plugin v25.3.1 - https:\/\/yoast.com\/wordpress\/plugins\/seo\/ -->\n<title>Postfix Smart-Host-Smtp-Relay - turboSMTP<\/title>\n<meta name=\"description\" content=\"Wenn Sie Postfix als E-Mail-Server verwenden, k\u00f6nnen Sie turboSMTP als Ihren Smart Host konfigurieren.\" \/>\n<meta name=\"robots\" content=\"index, follow, max-snippet:-1, max-image-preview:large, max-video-preview:-1\" \/>\n<link rel=\"canonical\" href=\"https:\/\/serversmtp.com\/de\/postfix-smart-host-smtp-relay-de\/\" \/>\n<meta name=\"twitter:label1\" content=\"Gesch\u00e4tzte Lesezeit\" \/>\n\t<meta name=\"twitter:data1\" content=\"1\u00a0Minute\" \/>\n<!-- \/ Yoast SEO plugin. -->","yoast_head_json":{"title":"Postfix Smart-Host-Smtp-Relay - turboSMTP","description":"Wenn Sie Postfix als E-Mail-Server verwenden, k\u00f6nnen Sie turboSMTP als Ihren Smart Host konfigurieren.","robots":{"index":"index","follow":"follow","max-snippet":"max-snippet:-1","max-image-preview":"max-image-preview:large","max-video-preview":"max-video-preview:-1"},"canonical":"https:\/\/serversmtp.com\/de\/postfix-smart-host-smtp-relay-de\/","twitter_misc":{"Gesch\u00e4tzte Lesezeit":"1\u00a0Minute"},"schema":{"@context":"https:\/\/schema.org","@graph":[{"@type":"WebPage","@id":"https:\/\/serversmtp.com\/de\/postfix-smart-host-smtp-relay-de\/","url":"https:\/\/serversmtp.com\/de\/postfix-smart-host-smtp-relay-de\/","name":"Postfix Smart-Host-Smtp-Relay - turboSMTP","isPartOf":{"@id":"https:\/\/serversmtp.com\/sv\/#website"},"datePublished":"2020-09-14T10:24:38+00:00","dateModified":"2025-10-22T09:13:57+00:00","description":"Wenn Sie Postfix als E-Mail-Server verwenden, k\u00f6nnen Sie turboSMTP als Ihren Smart Host konfigurieren.","breadcrumb":{"@id":"https:\/\/serversmtp.com\/de\/postfix-smart-host-smtp-relay-de\/#breadcrumb"},"inLanguage":"de","potentialAction":[{"@type":"ReadAction","target":["https:\/\/serversmtp.com\/de\/postfix-smart-host-smtp-relay-de\/"]}]},{"@type":"BreadcrumbList","@id":"https:\/\/serversmtp.com\/de\/postfix-smart-host-smtp-relay-de\/#breadcrumb","itemListElement":[{"@type":"ListItem","position":1,"name":"Home","item":"https:\/\/serversmtp.com\/de\/"},{"@type":"ListItem","position":2,"name":"Postfix Smart-Host-Smtp-Relay"}]},{"@type":"WebSite","@id":"https:\/\/serversmtp.com\/sv\/#website","url":"https:\/\/serversmtp.com\/sv\/","name":"smtp mail server - professional SMTP service provider","description":"smtp mail server - professional SMTP service provider","publisher":{"@id":"https:\/\/serversmtp.com\/sv\/#organization"},"potentialAction":[{"@type":"SearchAction","target":{"@type":"EntryPoint","urlTemplate":"https:\/\/serversmtp.com\/sv\/?s={search_term_string}"},"query-input":{"@type":"PropertyValueSpecification","valueRequired":true,"valueName":"search_term_string"}}],"inLanguage":"de"},{"@type":"Organization","@id":"https:\/\/serversmtp.com\/sv\/#organization","name":"Delivery Tech","url":"https:\/\/serversmtp.com\/sv\/","logo":{"@type":"ImageObject","inLanguage":"de","@id":"https:\/\/serversmtp.com\/sv\/#\/schema\/logo\/image\/","url":"https:\/\/serversmtp.com\/wp-content\/uploads\/2021\/11\/og-image-2.jpg","contentUrl":"https:\/\/serversmtp.com\/wp-content\/uploads\/2021\/11\/og-image-2.jpg","width":1200,"height":1128,"caption":"Delivery Tech"},"image":{"@id":"https:\/\/serversmtp.com\/sv\/#\/schema\/logo\/image\/"}}]}},"_links":{"self":[{"href":"https:\/\/serversmtp.com\/de\/wp-json\/wp\/v2\/pages\/9934"}],"collection":[{"href":"https:\/\/serversmtp.com\/de\/wp-json\/wp\/v2\/pages"}],"about":[{"href":"https:\/\/serversmtp.com\/de\/wp-json\/wp\/v2\/types\/page"}],"author":[{"embeddable":true,"href":"https:\/\/serversmtp.com\/de\/wp-json\/wp\/v2\/users\/8"}],"replies":[{"embeddable":true,"href":"https:\/\/serversmtp.com\/de\/wp-json\/wp\/v2\/comments?post=9934"}],"version-history":[{"count":7,"href":"https:\/\/serversmtp.com\/de\/wp-json\/wp\/v2\/pages\/9934\/revisions"}],"predecessor-version":[{"id":22508,"href":"https:\/\/serversmtp.com\/de\/wp-json\/wp\/v2\/pages\/9934\/revisions\/22508"}],"wp:attachment":[{"href":"https:\/\/serversmtp.com\/de\/wp-json\/wp\/v2\/media?parent=9934"}],"curies":[{"name":"wp","href":"https:\/\/api.w.org\/{rel}","templated":true}]}}