{"id":5686,"date":"2019-11-28T15:49:44","date_gmt":"2019-11-28T14:49:44","guid":{"rendered":"https:\/\/serversmtp.com\/?page_id=5686"},"modified":"2022-02-11T09:26:44","modified_gmt":"2022-02-11T08:26:44","slug":"regelmaessiger-taetigkeitsbericht-per-e-mail","status":"publish","type":"page","link":"https:\/\/serversmtp.com\/de\/regelmaessiger-taetigkeitsbericht-per-e-mail\/","title":{"rendered":"Regelm\u00e4\u00dfiger T\u00e4tigkeitsbericht per E-Mail"},"content":{"rendered":"<h4><em>Mit TurboSMTP profitieren Sie von unserem <a href=\"https:\/\/dashboard.serversmtp.com\">fortschrittlichen Dashboard<\/a>, das eine genaue Echtzeit- Statistik der Klicks und \u00d6ffnungen anbietet. Sie wissen jedes Mal, wer und wann mit Ihren E-Mails in Wechselwirkung getreten hat.<\/em><\/h4>\n<p>Dar\u00fcber hinaus k\u00f6nnen Sie <strong>die Aktualisierungen der Aktivit\u00e4ten Ihres Kontos direkt in Ihrem Posteingang erhalten<\/strong>. Der Bericht enth\u00e4lt<strong> alle Daten zur Leistung Ihrer E-Mail<\/strong>, n\u00e4mlich der Anzahl der gesendeten, zugestellten, ge\u00f6ffneten, angeklickten auf CTAs , unzustellbaren, abgemeldeten und als Spam gekennzeichneten Nachrichten.<\/p>\n<p>Sie k\u00f6nnen <strong>den Bericht im CSV-Format herunterladen<\/strong> oder direkt die Empf\u00e4ngerlisten \u00fcberpr\u00fcfen, die mit Ihren E-Mails interagiert haben. All dies erhalten Sie mit einer ordentlichen und auff\u00e4lligen Tabelle wie folgden :<\/p>\n<p><a href=\"https:\/\/serversmtp.com\/wp-content\/uploads\/2019\/11\/reports-en.jpg\"><img decoding=\"async\" class=\"aligncenter wp-image-5672 size-full\" src=\"https:\/\/serversmtp.com\/wp-content\/uploads\/2019\/11\/reports-en.jpg\" alt=\"\" width=\"900\" height=\"649\" srcset=\"https:\/\/serversmtp.com\/wp-content\/uploads\/2019\/11\/reports-en.jpg 900w, https:\/\/serversmtp.com\/wp-content\/uploads\/2019\/11\/reports-en-300x216.jpg 300w, https:\/\/serversmtp.com\/wp-content\/uploads\/2019\/11\/reports-en-768x554.jpg 768w, https:\/\/serversmtp.com\/wp-content\/uploads\/2019\/11\/reports-en-636x459.jpg 636w, https:\/\/serversmtp.com\/wp-content\/uploads\/2019\/11\/reports-en-320x231.jpg 320w, https:\/\/serversmtp.com\/wp-content\/uploads\/2019\/11\/reports-en-239x172.jpg 239w\" sizes=\"(max-width: 900px) 100vw, 900px\" \/><\/a><\/p>\n<p>Suchen Sie im Men\u00fc &#8220;Extras&#8221;, um diese Funktion zu aktivieren. Sie k\u00f6nnen <strong>das Startdatum f\u00fcr den Zeitraum festlegen<\/strong>, f\u00fcr den Sie die Berichte erhalten m\u00f6chten. Sie werden Ihnen <strong>t\u00e4glich<\/strong>, <strong>w\u00f6chentlich<\/strong> oder <strong>monatlich<\/strong> nach Ihrer Wahl geliefert.<\/p>\n<h3><em>Nie war es einfacher, die Ergebnisse Ihrer Mailing-Aktivit\u00e4ten unter Kontrolle zu halten.<\/em><\/h3>\n<p><iframe title=\"Regular activities\u2019 report\" width=\"1200\" height=\"675\" src=\"https:\/\/www.youtube.com\/embed\/5KFA_yzsuxE?feature=oembed\" frameborder=\"0\" allow=\"accelerometer; autoplay; clipboard-write; encrypted-media; gyroscope; picture-in-picture\" allowfullscreen><\/iframe><\/p>\n","protected":false},"excerpt":{"rendered":"<p>Mit TurboSMTP profitieren Sie von unserem fortschrittlichen Dashboard, das eine genaue Echtzeit- Statistik der Klicks und \u00d6ffnungen anbietet. Sie wissen jedes Mal, wer und wann mit Ihren E-Mails in Wechselwirkung getreten hat. Dar\u00fcber hinaus k\u00f6nnen Sie die Aktualisierungen der Aktivit\u00e4ten Ihres Kontos direkt in Ihrem Posteingang erhalten. Der Bericht enth\u00e4lt alle Daten zur Leistung Ihrer &#8230; <\/p>\n<p class=\"read-more-container\"><a title=\"Regelm\u00e4\u00dfiger T\u00e4tigkeitsbericht per E-Mail\" class=\"read-more button\" href=\"https:\/\/serversmtp.com\/de\/regelmaessiger-taetigkeitsbericht-per-e-mail\/#more-5686\" aria-label=\"Mehr Informationen \u00fcber Regelm\u00e4\u00dfiger T\u00e4tigkeitsbericht per E-Mail\">Entdecke mehr<\/a><\/p>\n","protected":false},"author":2,"featured_media":0,"parent":0,"menu_order":0,"comment_status":"closed","ping_status":"closed","template":"","meta":{"_eb_attr":"","inline_featured_image":false,"_monsterinsights_skip_tracking":false,"_monsterinsights_sitenote_active":false,"_monsterinsights_sitenote_note":"","_monsterinsights_sitenote_category":0,"footnotes":""},"class_list":["post-5686","page","type-page","status-publish"],"yoast_head":"<!-- This site is optimized with the Yoast SEO plugin v25.3.1 - https:\/\/yoast.com\/wordpress\/plugins\/seo\/ -->\n<title>Regelm\u00e4\u00dfiger T\u00e4tigkeitsbericht per E-Mail - smtp mail server - professional SMTP service provider<\/title>\n<meta name=\"robots\" content=\"index, follow, max-snippet:-1, max-image-preview:large, max-video-preview:-1\" \/>\n<link rel=\"canonical\" href=\"https:\/\/serversmtp.com\/de\/regelmaessiger-taetigkeitsbericht-per-e-mail\/\" \/>\n<meta name=\"twitter:label1\" content=\"Gesch\u00e4tzte Lesezeit\" \/>\n\t<meta name=\"twitter:data1\" content=\"1\u00a0Minute\" \/>\n<!-- \/ Yoast SEO plugin. -->","yoast_head_json":{"title":"Regelm\u00e4\u00dfiger T\u00e4tigkeitsbericht per E-Mail - smtp mail server - professional SMTP service provider","robots":{"index":"index","follow":"follow","max-snippet":"max-snippet:-1","max-image-preview":"max-image-preview:large","max-video-preview":"max-video-preview:-1"},"canonical":"https:\/\/serversmtp.com\/de\/regelmaessiger-taetigkeitsbericht-per-e-mail\/","twitter_misc":{"Gesch\u00e4tzte Lesezeit":"1\u00a0Minute"},"schema":{"@context":"https:\/\/schema.org","@graph":[{"@type":"WebPage","@id":"https:\/\/serversmtp.com\/de\/regelmaessiger-taetigkeitsbericht-per-e-mail\/","url":"https:\/\/serversmtp.com\/de\/regelmaessiger-taetigkeitsbericht-per-e-mail\/","name":"Regelm\u00e4\u00dfiger T\u00e4tigkeitsbericht per E-Mail - smtp mail server - professional SMTP service provider","isPartOf":{"@id":"https:\/\/serversmtp.com\/#website"},"primaryImageOfPage":{"@id":"https:\/\/serversmtp.com\/de\/regelmaessiger-taetigkeitsbericht-per-e-mail\/#primaryimage"},"image":{"@id":"https:\/\/serversmtp.com\/de\/regelmaessiger-taetigkeitsbericht-per-e-mail\/#primaryimage"},"thumbnailUrl":"https:\/\/serversmtp.com\/wp-content\/uploads\/2019\/11\/reports-en.jpg","datePublished":"2019-11-28T14:49:44+00:00","dateModified":"2022-02-11T08:26:44+00:00","breadcrumb":{"@id":"https:\/\/serversmtp.com\/de\/regelmaessiger-taetigkeitsbericht-per-e-mail\/#breadcrumb"},"inLanguage":"de","potentialAction":[{"@type":"ReadAction","target":["https:\/\/serversmtp.com\/de\/regelmaessiger-taetigkeitsbericht-per-e-mail\/"]}]},{"@type":"ImageObject","inLanguage":"de","@id":"https:\/\/serversmtp.com\/de\/regelmaessiger-taetigkeitsbericht-per-e-mail\/#primaryimage","url":"https:\/\/serversmtp.com\/wp-content\/uploads\/2019\/11\/reports-en.jpg","contentUrl":"https:\/\/serversmtp.com\/wp-content\/uploads\/2019\/11\/reports-en.jpg"},{"@type":"BreadcrumbList","@id":"https:\/\/serversmtp.com\/de\/regelmaessiger-taetigkeitsbericht-per-e-mail\/#breadcrumb","itemListElement":[{"@type":"ListItem","position":1,"name":"Home","item":"https:\/\/serversmtp.com\/de\/"},{"@type":"ListItem","position":2,"name":"Regelm\u00e4\u00dfiger T\u00e4tigkeitsbericht per E-Mail"}]},{"@type":"WebSite","@id":"https:\/\/serversmtp.com\/#website","url":"https:\/\/serversmtp.com\/","name":"smtp mail server - professional SMTP service provider","description":"smtp mail server - professional SMTP service provider","publisher":{"@id":"https:\/\/serversmtp.com\/#organization"},"potentialAction":[{"@type":"SearchAction","target":{"@type":"EntryPoint","urlTemplate":"https:\/\/serversmtp.com\/?s={search_term_string}"},"query-input":{"@type":"PropertyValueSpecification","valueRequired":true,"valueName":"search_term_string"}}],"inLanguage":"de"},{"@type":"Organization","@id":"https:\/\/serversmtp.com\/#organization","name":"Delivery Tech","url":"https:\/\/serversmtp.com\/","logo":{"@type":"ImageObject","inLanguage":"de","@id":"https:\/\/serversmtp.com\/#\/schema\/logo\/image\/","url":"https:\/\/serversmtp.com\/wp-content\/uploads\/2021\/11\/og-image-2.jpg","contentUrl":"https:\/\/serversmtp.com\/wp-content\/uploads\/2021\/11\/og-image-2.jpg","width":1200,"height":1128,"caption":"Delivery Tech"},"image":{"@id":"https:\/\/serversmtp.com\/#\/schema\/logo\/image\/"}}]}},"_links":{"self":[{"href":"https:\/\/serversmtp.com\/de\/wp-json\/wp\/v2\/pages\/5686"}],"collection":[{"href":"https:\/\/serversmtp.com\/de\/wp-json\/wp\/v2\/pages"}],"about":[{"href":"https:\/\/serversmtp.com\/de\/wp-json\/wp\/v2\/types\/page"}],"author":[{"embeddable":true,"href":"https:\/\/serversmtp.com\/de\/wp-json\/wp\/v2\/users\/2"}],"replies":[{"embeddable":true,"href":"https:\/\/serversmtp.com\/de\/wp-json\/wp\/v2\/comments?post=5686"}],"version-history":[{"count":6,"href":"https:\/\/serversmtp.com\/de\/wp-json\/wp\/v2\/pages\/5686\/revisions"}],"predecessor-version":[{"id":5737,"href":"https:\/\/serversmtp.com\/de\/wp-json\/wp\/v2\/pages\/5686\/revisions\/5737"}],"wp:attachment":[{"href":"https:\/\/serversmtp.com\/de\/wp-json\/wp\/v2\/media?parent=5686"}],"curies":[{"name":"wp","href":"https:\/\/api.w.org\/{rel}","templated":true}]}}