{"id":4238,"date":"2018-06-27T14:21:33","date_gmt":"2018-06-27T12:21:33","guid":{"rendered":"https:\/\/serversmtp.com\/?page_id=4238"},"modified":"2026-01-15T15:11:22","modified_gmt":"2026-01-15T14:11:22","slug":"sicherheit","status":"publish","type":"page","link":"https:\/\/serversmtp.com\/de\/datenschutzerklarung-eu-verordnung-2016-79-dsgvo\/sicherheit\/","title":{"rendered":"Sicherheit"},"content":{"rendered":"<p><img decoding=\"async\" class=\"noBorders aligncenter wp-image-7025 size-full\" src=\"https:\/\/emailchef.com\/wp-content\/uploads\/2018\/05\/gdpr-protect.png\" alt=\"\" width=\"1280\" height=\"700\" \/><\/p>\n<ul class=\"g1-grid\"><li class=\"g1-column g1-one-fourth g1-valign-top\">\n<h4>Technische Ma\u00dfnahmen<\/h4>\n<\/li><!-- -->\n<li class=\"g1-column g1-three-fourth g1-valign-top\">\n<p>eDisplay Srl misst der Sicherheit und Integrit\u00e4t deiner personenbezogenen Daten h\u00f6chste Bedeutung bei.<br \/>\nIn \u00dcbereinstimmung mit der DSGVO verpflichten wir uns t\u00e4glich, alle notwendigen Vorsichtsma\u00dfnahmen zu treffen, um die Sicherheit deiner Daten zu gew\u00e4hrleisten und sie insbesondere zu sch\u00fctzen vor:<\/p>\n\n<ul id=\"\" class=\"g1-list g1-list--upper-alpha g1-list--none \">\n<li>unbeabsichtigter oder unrechtm\u00e4\u00dfiger Zerst\u00f6rung;<\/li>\n<li>unbeabsichtigtem oder unrechtm\u00e4\u00dfigem Verlust;<\/li>\n<li>unbeabsichtigter oder unrechtm\u00e4\u00dfiger Ver\u00e4nderung;<\/li>\n<li>Weitergabe oder Offenlegung an unbefugte Personen;<\/li>\n<li>unbefugtem Zugriff;<\/li>\n<li>unrechtm\u00e4\u00dfiger Verarbeitung.<\/li>\n<\/ul>\n\n<p>Zu diesem Zweck haben wir branchen\u00fcbliche technische Sicherheitsma\u00dfnahmen eingef\u00fchrt:<\/p>\n\n<ul id=\"\" class=\"g1-list g1-list--upper-alpha g1-list--none \">\n<li>mehrstufige Firewalls;<\/li>\n<li>bew\u00e4hrte Antivirensoftware und Erkennung von Eindringversuchen;<\/li>\n<li>verschl\u00fcsselte Daten\u00fcbertragung mittels SSL\/HTTPS\/VPN-Technologien.<\/li>\n<\/ul>\n\n<p>Zum Schutz personenbezogener Daten vor unbefugter Offenlegung setzen wir speziell entwickelte Verschl\u00fcsselungsmethoden sowie Algorithmen ein, die die Sicherheit von Transaktionen, Zugriffen und Datensicherungen gew\u00e4hrleisten.<br \/>\nWir stellen die Genauigkeit und den korrekten Umgang mit den Daten sicher:<\/p>\n\n<ul id=\"\" class=\"g1-list g1-list--upper-alpha g1-list--none \">\n<li>durch geeignete elektronische, physische und organisatorische Verfahren zum Schutz und zur Wahrung der \u00fcber unsere Dienste erhobenen Daten;<\/li>\n<li>durch eine angemessene Schulung unseres Personals, das spezifische Anweisungen f\u00fcr den Zugriff auf Daten erhalten hat, in \u00dcbereinstimmung mit den Vorgaben der DSGVO.<\/li>\n<\/ul>\n\n<p>Bitte beachte jedoch, dass es derzeit keinen absoluten Schutz vor Cyberangriffen oder Hackerangriffen gibt. Sollte es zu einer Sicherheitsverletzung (Data Breach) kommen, verpflichten wir uns, dich unverz\u00fcglich zu informieren und alle verf\u00fcgbaren Ma\u00dfnahmen zu ergreifen, um den Angriff zu neutralisieren und die Auswirkungen zu minimieren.<br \/>\nSolltest du infolge einer Sicherheitsverletzung einen Schaden erleiden, verpflichten wir uns, dir jede notwendige Unterst\u00fctzung zu leisten, damit du deine Rechte geltend machen kannst.<br \/>\nFalls der entstandene Schaden in einem Ausnahmefall auf ein schwerwiegendes Verschulden von eDisplay Srl zur\u00fcckzuf\u00fchren ist, leisten wir eine Entsch\u00e4digung bis zur Haftungsgrenze gem\u00e4\u00df unseren Allgemeinen Nutzungsbedingungen.<br \/>\nWenn ein Nutzer, ein Empf\u00e4nger aus Kontaktlisten oder ein Hacker eine Sicherheitsverletzung entdeckt und ausnutzt, macht er sich strafbar. eDisplay Srl wird alle erforderlichen Ma\u00dfnahmen ergreifen \u2013 einschlie\u00dflich der Einreichung einer Beschwerde und\/oder rechtlicher Schritte \u2013, um die Daten und Rechte unserer Nutzer sowie unsere eigenen zu sch\u00fctzen und m\u00f6gliche Auswirkungen zu begrenzen.  <\/p>\n<p>Die oben genannten Ma\u00dfnahmen dienen dem Schutz deiner Daten. Da du jedoch Nutzer unserer Dienste, Anwendungen oder Software bist, bist du verpflichtet, folgende Ma\u00dfnahmen zu ergreifen:<\/p>\n\n<ul id=\"\" class=\"g1-list g1-list--upper-alpha g1-list--none \">\n<li>die Authentifizierung der Personen zu kontrollieren, die Zugriff auf die Daten haben;<\/li>\n<li>ein individuelles und ausreichend sicheres Passwort zu verwenden und dieses regelm\u00e4\u00dfig zu \u00e4ndern sowie nicht unbeaufsichtigt zu lassen;<\/li>\n<li>sicherzustellen, dass geeignete Sicherheitsma\u00dfnahmen f\u00fcr Daten getroffen werden, die \u00fcber ungesch\u00fctzte Kommunikationskan\u00e4le \u00fcbertragen und von eDisplay Srl verarbeitet werden.<\/li>\n<\/ul>\n\n<p>Ziel dieser technischen Ma\u00dfnahmen ist es, deine Daten f\u00fcr unbefugte Personen unverst\u00e4ndlich oder unzug\u00e4nglich zu machen.<br \/>\nBei Fragen zur Sicherheit unserer Dienste, Anwendungen und Software bitten wir dich, unser technisches Support-Team \u00fcber unsere offiziellen Kan\u00e4le zu kontaktieren: E-Mail, Online-Chat und Telefon.<\/p>\n<\/li><!-- --><\/ul>\n<div  class=\"g1-divider g1-divider--none g1-divider--noicon \"><\/div>\n<ul class=\"g1-grid\"><li class=\"g1-column g1-one-fourth g1-valign-top\">\n<h4>Umgang mit Datenschutzverletzungen <em>(Data Breach)<\/em><\/h4>\n<\/li><!-- -->\n<li class=\"g1-column g1-three-fourth g1-valign-top\">\n<p>Artikel 33 der DSGVO verpflichtet den Verantwortlichen, eine Verletzung des Schutzes personenbezogener Daten (Data Breach) der Aufsichtsbeh\u00f6rde innerhalb von 72 Stunden nach Bekanntwerden zu melden.<\/p>\n<p>Es lassen sich drei Arten von Datenschutzverletzungen unterscheiden:<\/p>\n\n<ul id=\"\" class=\"g1-list g1-list--upper-alpha g1-list--none \">\n<li>Verletzung der Vertraulichkeit, wenn eine unbefugte oder unbeabsichtigte Offenlegung oder ein Zugriff auf personenbezogene Daten erfolgt;<\/li>\n<li>Verletzung der Integrit\u00e4t, wenn eine unbefugte oder unbeabsichtigte Ver\u00e4nderung personenbezogener Daten erfolgt;<\/li>\n<li>Verletzung der Verf\u00fcgbarkeit, wenn personenbezogene Daten unbeabsichtigt oder unbefugt verloren gehen, unzug\u00e4nglich werden oder zerst\u00f6rt werden.<\/li>\n<\/ul>\n\n<p>Sollte eine solche Verletzung auch deine Daten betreffen, wird dich eDisplay Srl als Auftragsverarbeiter der Daten wie folgt informieren:<\/p>\n\n<ul id=\"\" class=\"g1-list g1-list--upper-alpha g1-list--none \">\n<li>pers\u00f6nlich und direkt;<\/li>\n<li>durch eine \u00f6ffentliche Mitteilung oder eine vergleichbar wirksame Ma\u00dfnahme, falls eine direkte pers\u00f6nliche Mitteilung einen unverh\u00e4ltnism\u00e4\u00dfigen Aufwand erfordern w\u00fcrde.<\/li>\n<\/ul>\n\n<p>Bitte beachte stets, dass du als Nutzer der Verantwortliche f\u00fcr die Datenverarbeitung bist; daher liegt es in deiner Verantwortung, deine Kontakte in den Listen unverz\u00fcglich \u00fcber die Verletzung zu informieren.<br \/>\nIn diesem Fall kannst du die erfolgte Verletzung auf folgende Weise mitteilen:<\/p>\n\n<ul id=\"\" class=\"g1-list g1-list--upper-alpha g1-list--none \">\n<li>pers\u00f6nlich und direkt an deine Kontakte;<\/li>\n<li>durch eine \u00f6ffentliche oder ebenso wirksame Mitteilung, die alle von der Datenschutzverletzung betroffenen Kontakte erreicht.<\/li>\n<\/ul>\n\n<p>Die direkte Mitteilung an deine Kontakte muss sich deutlich von deinen \u00fcblichen Mitteilungen unterscheiden: Der Hinweis auf die Datenschutzverletzung muss klar, eindeutig und aufmerksamkeitsstark sein.<br \/>\nBesonders relevant sind hierbei Artikel 24 und 32 der DSGVO, die den Verantwortlichen verpflichten:<\/p>\n\n<ul id=\"\" class=\"g1-list g1-list--upper-alpha g1-list--none \">\n<li>geeignete technische und organisatorische Ma\u00dfnahmen zu ergreifen, um die Einhaltung der DSGVO sicherzustellen;<\/li>\n<li>nachweisen zu k\u00f6nnen, dass die Datenverarbeitung in \u00dcbereinstimmung mit der DSGVO erfolgt ist;<\/li>\n<li>die genannten Ma\u00dfnahmen bei Bedarf zu \u00fcberpr\u00fcfen und zu aktualisieren;<\/li>\n<li>ein dem Risiko angemessenes Sicherheitsniveau zu gew\u00e4hrleisten.<\/li>\n<\/ul>\n\n<\/li><!-- --><\/ul>\n<div  class=\"g1-divider g1-divider--none g1-divider--noicon \"><\/div>\n<ul class=\"g1-grid\"><li class=\"g1-column g1-one-fourth g1-valign-top\">\n<h4>Autorisierter Datenzugriff f\u00fcr Kundenservice und technischen Support<\/h4>\n<\/li><!-- -->\n<li class=\"g1-column g1-three-fourth g1-valign-top\">\n<p>Die erhobenen Daten werden verwendet, sofern dies erforderlich oder zweckdienlich ist, um folgende Ziele zu erreichen:<\/p>\n\n<ul id=\"\" class=\"g1-list g1-list--upper-alpha g1-list--none \">\n<li>technischen Support f\u00fcr Nutzer im Zusammenhang mit den von eDisplay Srl erbrachten Diensten, die die Verantwortlichen der Datenverarbeitung oder deren Kontaktlisten betreffen;<\/li>\n<li>Telefonanrufe oder E-Mails zur Abwicklung gesch\u00e4ftlicher Vereinbarungen;<\/li>\n<li>direkte oder indirekte kommerzielle Beratung.<\/li>\n<\/ul>\n\n<p>Deine Daten k\u00f6nnen von Mitarbeitern von eDisplay Srl oder von Dritten verarbeitet werden, die je nach Fall als externe Auftragsverarbeiter benannt werden. Der Eigent\u00fcmer bzw. Verantwortliche der personenbezogenen Daten wird jeweils \u00fcber die Art der Verarbeitung informiert.<\/p>\n<\/li><!-- --><\/ul>\n<div  class=\"g1-divider g1-divider--none g1-divider--noicon \"><\/div>\n<ul class=\"g1-grid\"><li class=\"g1-column g1-one-fourth g1-valign-top\">\n<h4>Datenminimierung und Archivierung<\/h4>\n<\/li><!-- -->\n<li class=\"g1-column g1-three-fourth g1-valign-top\">\n<p>Wir haben technische und organisatorische Ma\u00dfnahmen getroffen, um den Grundsatz der Datenminimierung zu gew\u00e4hrleisten: Die verarbeiteten Daten sind stets angemessen, relevant und auf das f\u00fcr die angegebenen Zwecke notwendige Ma\u00df beschr\u00e4nkt.<br \/>\nDie Verarbeitung von Daten zu statistischen Zwecken, zur Archivierung im \u00f6ffentlichen Interesse oder zu wissenschaftlichen bzw. historischen Forschungszwecken unterliegt geeigneten Garantien zum Schutz der Rechte und Freiheiten der betroffenen Person, gem\u00e4\u00df den Vorgaben der DSGVO.<\/p>\n<\/li><!-- --><\/ul>\n","protected":false},"excerpt":{"rendered":"","protected":false},"author":2,"featured_media":0,"parent":4233,"menu_order":5,"comment_status":"closed","ping_status":"closed","template":"","meta":{"_eb_attr":"","inline_featured_image":false,"_monsterinsights_skip_tracking":false,"_monsterinsights_sitenote_active":false,"_monsterinsights_sitenote_note":"","_monsterinsights_sitenote_category":0,"footnotes":""},"class_list":["post-4238","page","type-page","status-publish"],"yoast_head":"<!-- This site is optimized with the Yoast SEO plugin v25.3.1 - https:\/\/yoast.com\/wordpress\/plugins\/seo\/ -->\n<title>Sicherheit - smtp mail server - professional SMTP service provider<\/title>\n<meta name=\"robots\" content=\"index, follow, max-snippet:-1, max-image-preview:large, max-video-preview:-1\" \/>\n<link rel=\"canonical\" href=\"https:\/\/serversmtp.com\/de\/datenschutzerklarung-eu-verordnung-2016-79-dsgvo\/sicherheit\/\" \/>\n<meta name=\"twitter:label1\" content=\"Gesch\u00e4tzte Lesezeit\" \/>\n\t<meta name=\"twitter:data1\" content=\"3\u00a0Minuten\" \/>\n<!-- \/ Yoast SEO plugin. -->","yoast_head_json":{"title":"Sicherheit - smtp mail server - professional SMTP service provider","robots":{"index":"index","follow":"follow","max-snippet":"max-snippet:-1","max-image-preview":"max-image-preview:large","max-video-preview":"max-video-preview:-1"},"canonical":"https:\/\/serversmtp.com\/de\/datenschutzerklarung-eu-verordnung-2016-79-dsgvo\/sicherheit\/","twitter_misc":{"Gesch\u00e4tzte Lesezeit":"3\u00a0Minuten"},"schema":{"@context":"https:\/\/schema.org","@graph":[{"@type":"WebPage","@id":"https:\/\/serversmtp.com\/de\/datenschutzerklarung-eu-verordnung-2016-79-dsgvo\/sicherheit\/","url":"https:\/\/serversmtp.com\/de\/datenschutzerklarung-eu-verordnung-2016-79-dsgvo\/sicherheit\/","name":"Sicherheit - smtp mail server - professional SMTP service provider","isPartOf":{"@id":"https:\/\/serversmtp.com\/#website"},"primaryImageOfPage":{"@id":"https:\/\/serversmtp.com\/de\/datenschutzerklarung-eu-verordnung-2016-79-dsgvo\/sicherheit\/#primaryimage"},"image":{"@id":"https:\/\/serversmtp.com\/de\/datenschutzerklarung-eu-verordnung-2016-79-dsgvo\/sicherheit\/#primaryimage"},"thumbnailUrl":"https:\/\/emailchef.com\/wp-content\/uploads\/2018\/05\/gdpr-protect.png","datePublished":"2018-06-27T12:21:33+00:00","dateModified":"2026-01-15T14:11:22+00:00","breadcrumb":{"@id":"https:\/\/serversmtp.com\/de\/datenschutzerklarung-eu-verordnung-2016-79-dsgvo\/sicherheit\/#breadcrumb"},"inLanguage":"de","potentialAction":[{"@type":"ReadAction","target":["https:\/\/serversmtp.com\/de\/datenschutzerklarung-eu-verordnung-2016-79-dsgvo\/sicherheit\/"]}]},{"@type":"ImageObject","inLanguage":"de","@id":"https:\/\/serversmtp.com\/de\/datenschutzerklarung-eu-verordnung-2016-79-dsgvo\/sicherheit\/#primaryimage","url":"https:\/\/emailchef.com\/wp-content\/uploads\/2018\/05\/gdpr-protect.png","contentUrl":"https:\/\/emailchef.com\/wp-content\/uploads\/2018\/05\/gdpr-protect.png"},{"@type":"BreadcrumbList","@id":"https:\/\/serversmtp.com\/de\/datenschutzerklarung-eu-verordnung-2016-79-dsgvo\/sicherheit\/#breadcrumb","itemListElement":[{"@type":"ListItem","position":1,"name":"Home","item":"https:\/\/serversmtp.com\/de\/"},{"@type":"ListItem","position":2,"name":"DSGVO &#8211; Einf\u00fchrung &#8211; Ziele","item":"https:\/\/serversmtp.com\/de\/datenschutzerklarung-eu-verordnung-2016-79-dsgvo\/"},{"@type":"ListItem","position":3,"name":"Sicherheit"}]},{"@type":"WebSite","@id":"https:\/\/serversmtp.com\/#website","url":"https:\/\/serversmtp.com\/","name":"smtp mail server - professional SMTP service provider","description":"smtp mail server - professional SMTP service provider","publisher":{"@id":"https:\/\/serversmtp.com\/#organization"},"potentialAction":[{"@type":"SearchAction","target":{"@type":"EntryPoint","urlTemplate":"https:\/\/serversmtp.com\/?s={search_term_string}"},"query-input":{"@type":"PropertyValueSpecification","valueRequired":true,"valueName":"search_term_string"}}],"inLanguage":"de"},{"@type":"Organization","@id":"https:\/\/serversmtp.com\/#organization","name":"Delivery Tech","url":"https:\/\/serversmtp.com\/","logo":{"@type":"ImageObject","inLanguage":"de","@id":"https:\/\/serversmtp.com\/#\/schema\/logo\/image\/","url":"https:\/\/serversmtp.com\/wp-content\/uploads\/2021\/11\/og-image-2.jpg","contentUrl":"https:\/\/serversmtp.com\/wp-content\/uploads\/2021\/11\/og-image-2.jpg","width":1200,"height":1128,"caption":"Delivery Tech"},"image":{"@id":"https:\/\/serversmtp.com\/#\/schema\/logo\/image\/"}}]}},"_links":{"self":[{"href":"https:\/\/serversmtp.com\/de\/wp-json\/wp\/v2\/pages\/4238"}],"collection":[{"href":"https:\/\/serversmtp.com\/de\/wp-json\/wp\/v2\/pages"}],"about":[{"href":"https:\/\/serversmtp.com\/de\/wp-json\/wp\/v2\/types\/page"}],"author":[{"embeddable":true,"href":"https:\/\/serversmtp.com\/de\/wp-json\/wp\/v2\/users\/2"}],"replies":[{"embeddable":true,"href":"https:\/\/serversmtp.com\/de\/wp-json\/wp\/v2\/comments?post=4238"}],"version-history":[{"count":4,"href":"https:\/\/serversmtp.com\/de\/wp-json\/wp\/v2\/pages\/4238\/revisions"}],"predecessor-version":[{"id":23043,"href":"https:\/\/serversmtp.com\/de\/wp-json\/wp\/v2\/pages\/4238\/revisions\/23043"}],"up":[{"embeddable":true,"href":"https:\/\/serversmtp.com\/de\/wp-json\/wp\/v2\/pages\/4233"}],"wp:attachment":[{"href":"https:\/\/serversmtp.com\/de\/wp-json\/wp\/v2\/media?parent=4238"}],"curies":[{"name":"wp","href":"https:\/\/api.w.org\/{rel}","templated":true}]}}