{"id":4237,"date":"2018-06-27T14:21:06","date_gmt":"2018-06-27T12:21:06","guid":{"rendered":"https:\/\/serversmtp.com\/?page_id=4237"},"modified":"2026-01-15T15:09:07","modified_gmt":"2026-01-15T14:09:07","slug":"zugriff-export-aenderung-und-entfernung-von-informationen","status":"publish","type":"page","link":"https:\/\/serversmtp.com\/de\/datenschutzerklarung-eu-verordnung-2016-79-dsgvo\/zugriff-export-aenderung-und-entfernung-von-informationen\/","title":{"rendered":"Zugriff, Export, \u00c4nderung und Entfernung von Informationen"},"content":{"rendered":"<p><img decoding=\"async\" class=\"aligncenter size-full wp-image-4044\" src=\"https:\/\/serversmtp.com\/wp-content\/uploads\/2018\/06\/gdpr-esporta.png\" alt=\"\" width=\"1280\" height=\"700\" srcset=\"https:\/\/serversmtp.com\/wp-content\/uploads\/2018\/06\/gdpr-esporta.png 1280w, https:\/\/serversmtp.com\/wp-content\/uploads\/2018\/06\/gdpr-esporta-300x164.png 300w, https:\/\/serversmtp.com\/wp-content\/uploads\/2018\/06\/gdpr-esporta-768x420.png 768w, https:\/\/serversmtp.com\/wp-content\/uploads\/2018\/06\/gdpr-esporta-1024x560.png 1024w, https:\/\/serversmtp.com\/wp-content\/uploads\/2018\/06\/gdpr-esporta-968x529.png 968w, https:\/\/serversmtp.com\/wp-content\/uploads\/2018\/06\/gdpr-esporta-636x348.png 636w, https:\/\/serversmtp.com\/wp-content\/uploads\/2018\/06\/gdpr-esporta-320x175.png 320w, https:\/\/serversmtp.com\/wp-content\/uploads\/2018\/06\/gdpr-esporta-239x131.png 239w\" sizes=\"(max-width: 1280px) 100vw, 1280px\" \/><\/p>\n<ul class=\"g1-grid\"><li class=\"g1-column g1-one-fourth g1-valign-top\">\n<h4>Recht auf Auskunft, Berichtigung und Widerspruch<\/h4>\n<\/li><!-- -->\n<li class=\"g1-column g1-three-fourth g1-valign-top\">\n<p>Wir haben Mechanismen und Verfahren vorgesehen, die dir jederzeit und aus berechtigten Gr\u00fcnden die M\u00f6glichkeit geben:<\/p>\n\n<ul id=\"\" class=\"g1-list g1-list--upper-alpha g1-list--none \">\n<li>der Verarbeitung der Daten zu widersprechen;<\/li>\n<li>die L\u00f6schung, \u00c4nderung oder Aktualisierung aller deiner in unserem Besitz befindlichen personenbezogenen Informationen zu verlangen.<\/li>\n<\/ul>\n\n<p>eDisplay Srl erm\u00f6glicht es dir, deine Daten jederzeit zu \u00e4ndern, indem du \u00fcber unsere Portale auf dein eigenes Profil zugreifst oder indem du uns unter der in der Datenschutzsektion der Website angegebenen E-Mail-Adresse kontaktierst, auf die sich der jeweilige Dienst bezieht.<br \/>\nDu kannst dich von unserem Newsletter abmelden oder dich daf\u00fcr entscheiden, keine weiteren kommerziellen Mitteilungen per E-Mail zu erhalten: Verwende dazu einfach den Abmeldelink, der in jeder E-Mail enthalten ist.<br \/>\nDu kannst Antr\u00e4ge auf L\u00f6schung, \u00c4nderung oder Aktualisierung aller personenbezogenen Informationen auch auf elektronischem Wege \u00fcber die entsprechenden Formulare einreichen oder uns per E-Mail informieren.<br \/>\nSolche Antr\u00e4ge werden innerhalb einer maximalen Frist von 30 Tagen ohne unangemessene Verz\u00f6gerung bearbeitet; dabei begr\u00fcnden wir gegebenenfalls unsere Entscheidung, dem Antrag nicht stattzugeben.<br \/>\nFalls eDisplay Srl als Auftragsverarbeiter t\u00e4tig ist, unterst\u00fctzen wir den Verantwortlichen im Sinne des Kooperationsprinzips bei der Bearbeitung der oben genannten Antr\u00e4ge.<\/p>\n<\/li><!-- --><\/ul>\n<div  class=\"g1-divider g1-divider--none g1-divider--noicon \"><\/div>\n<ul class=\"g1-grid\"><li class=\"g1-column g1-one-fourth g1-valign-top\">\n<h4>Recht auf Vergessenwerden<\/h4>\n<\/li><!-- -->\n<li class=\"g1-column g1-three-fourth g1-valign-top\">\n<p>Wir haben alle erforderlichen Verfahren eingerichtet, um dein Recht auf Vergessenwerden zu gew\u00e4hrleisten, das dir die L\u00f6schung deiner personenbezogenen Daten erm\u00f6glicht.<br \/>\nAuf deinen berechtigten Antrag hin werden wir deine Daten l\u00f6schen; sie werden dann keiner weiteren Verarbeitung unterzogen und sind f\u00fcr die Zwecke, f\u00fcr die sie zuvor erhoben oder verarbeitet wurden, nicht mehr erforderlich.<br \/>\nDu hast die M\u00f6glichkeit, deine Einwilligung zu widerrufen oder der Verarbeitung der Daten zu widersprechen, wenn du der Ansicht bist, dass diese nicht mit der vorliegenden Verordnung im Einklang steht.<br \/>\nUm dieses Recht auszu\u00fcben, musst du nachweisen, dass du tats\u00e4chlich die antragstellende Person bist, indem du uns Dokumente \u00fcbermittelst, die deine Identit\u00e4t belegen; au\u00dferdem solltest du deine Entscheidung begr\u00fcnden.<br \/>\nSobald wir deine Mitteilung erhalten haben, werden wir dir so schnell wie m\u00f6glich die Best\u00e4tigung und den Nachweis \u00fcber die erfolgte L\u00f6schung deiner Daten \u00fcbermitteln.<\/p>\n<\/li><!-- --><\/ul>\n<div  class=\"g1-divider g1-divider--none g1-divider--noicon \"><\/div>\n<ul class=\"g1-grid\"><li class=\"g1-column g1-one-fourth g1-valign-top\">\n<h4>Recht auf Daten\u00fcbertragbarkeit<\/h4>\n<\/li><!-- -->\n<li class=\"g1-column g1-three-fourth g1-valign-top\">\n<p>Um die Kontrolle \u00fcber deine Daten weiter zu st\u00e4rken, hast du \u2013 sofern sie automatisiert verarbeitet werden \u2013 die M\u00f6glichkeit, sie aus unseren Anwendungen herunterzuladen.<br \/>\nDie Daten werden in einem strukturierten, g\u00e4ngigen und maschinenlesbaren Format bereitgestellt (z. B. f\u00fcr Computer, Smartphone, Tablet usw.).<br \/>\nAuf diese Weise k\u00f6nnen die Dateien mit deinen personenbezogenen Daten an einen anderen Verantwortlichen \u00fcbermittelt werden, wodurch dein Recht auf Daten\u00fcbertragbarkeit gew\u00e4hrleistet wird.<\/p>\n<\/li><!-- --><\/ul>\n<div  class=\"g1-divider g1-divider--none g1-divider--noicon \"><\/div>\n<ul class=\"g1-grid\"><li class=\"g1-column g1-one-fourth g1-valign-top\">\n<h4>Recht auf Widerruf der Einwilligung zur Datenverarbeitung<\/h4>\n<\/li><!-- -->\n<li class=\"g1-column g1-three-fourth g1-valign-top\">\n<p>Wenn du unsere Werbe-E-Mails nicht mehr erhalten m\u00f6chtest, folge den Abmeldeanweisungen aus unserer Kontaktliste, die in jeder E-Mail enthalten sind.<br \/>\nBitte beachte: Der Widerruf der Einwilligung zur Datenverarbeitung \u2013 soweit er sich auf die Nutzung eines kostenlos angebotenen Dienstes bezieht \u2013 setzt die Bereitstellung dieses Dienstes ipso iure aus.<\/p>\n<\/li><!-- --><\/ul>\n<div  class=\"g1-divider g1-divider--none g1-divider--noicon \"><\/div>\n<ul class=\"g1-grid\"><li class=\"g1-column g1-one-fourth g1-valign-top\">\n<h4>Recht auf Widerruf der Einwilligung zur Datenverarbeitung f\u00fcr Personen in Kundenlisten<\/h4>\n<\/li><!-- -->\n<li class=\"g1-column g1-three-fourth g1-valign-top\">\n<p>Wenn du in der Kontaktliste eines unserer Nutzer eingetragen bist, weisen wir darauf hin, dass wir lediglich als Auftragsverarbeiter handeln, w\u00e4hrend unser Nutzer der Verantwortliche ist: Ihm obliegt die L\u00f6schung oder Aktualisierung deiner Daten.<br \/>\nWenn du keine Mitteilungen mehr erhalten m\u00f6chtest, die von einem unserer Nutzer versendet werden, empfehlen wir dir, dich \u00fcber den Abmeldelink in der erhaltenen E-Mail abzumelden oder den betreffenden Nutzer direkt zu kontaktieren, um deine Anfrage mitzuteilen.<br \/>\nWenn du uns den Widerruf der Einwilligung zur Verarbeitung deiner Daten mitteilst, wird eDisplay Srl die Anfrage an den Nutzer weiterleiten, der deinen Kontakt in seiner Liste f\u00fchrt; er ist jedoch daf\u00fcr verantwortlich, deine Daten zu entfernen oder zu aktualisieren.<\/p>\n<\/li><!-- --><\/ul>\n","protected":false},"excerpt":{"rendered":"","protected":false},"author":2,"featured_media":0,"parent":4233,"menu_order":4,"comment_status":"closed","ping_status":"closed","template":"","meta":{"_eb_attr":"","inline_featured_image":false,"_monsterinsights_skip_tracking":false,"_monsterinsights_sitenote_active":false,"_monsterinsights_sitenote_note":"","_monsterinsights_sitenote_category":0,"footnotes":""},"class_list":["post-4237","page","type-page","status-publish"],"yoast_head":"<!-- This site is optimized with the Yoast SEO plugin v25.3.1 - https:\/\/yoast.com\/wordpress\/plugins\/seo\/ -->\n<title>Zugriff, Export, \u00c4nderung und Entfernung von Informationen - smtp mail server - professional SMTP service provider<\/title>\n<meta name=\"robots\" content=\"index, follow, max-snippet:-1, max-image-preview:large, max-video-preview:-1\" \/>\n<link rel=\"canonical\" href=\"https:\/\/serversmtp.com\/de\/datenschutzerklarung-eu-verordnung-2016-79-dsgvo\/zugriff-export-aenderung-und-entfernung-von-informationen\/\" \/>\n<meta name=\"twitter:label1\" content=\"Gesch\u00e4tzte Lesezeit\" \/>\n\t<meta name=\"twitter:data1\" content=\"3\u00a0Minuten\" \/>\n<!-- \/ Yoast SEO plugin. -->","yoast_head_json":{"title":"Zugriff, Export, \u00c4nderung und Entfernung von Informationen - smtp mail server - professional SMTP service provider","robots":{"index":"index","follow":"follow","max-snippet":"max-snippet:-1","max-image-preview":"max-image-preview:large","max-video-preview":"max-video-preview:-1"},"canonical":"https:\/\/serversmtp.com\/de\/datenschutzerklarung-eu-verordnung-2016-79-dsgvo\/zugriff-export-aenderung-und-entfernung-von-informationen\/","twitter_misc":{"Gesch\u00e4tzte Lesezeit":"3\u00a0Minuten"},"schema":{"@context":"https:\/\/schema.org","@graph":[{"@type":"WebPage","@id":"https:\/\/serversmtp.com\/de\/datenschutzerklarung-eu-verordnung-2016-79-dsgvo\/zugriff-export-aenderung-und-entfernung-von-informationen\/","url":"https:\/\/serversmtp.com\/de\/datenschutzerklarung-eu-verordnung-2016-79-dsgvo\/zugriff-export-aenderung-und-entfernung-von-informationen\/","name":"Zugriff, Export, \u00c4nderung und Entfernung von Informationen - smtp mail server - professional SMTP service provider","isPartOf":{"@id":"https:\/\/serversmtp.com\/de\/#website"},"primaryImageOfPage":{"@id":"https:\/\/serversmtp.com\/de\/datenschutzerklarung-eu-verordnung-2016-79-dsgvo\/zugriff-export-aenderung-und-entfernung-von-informationen\/#primaryimage"},"image":{"@id":"https:\/\/serversmtp.com\/de\/datenschutzerklarung-eu-verordnung-2016-79-dsgvo\/zugriff-export-aenderung-und-entfernung-von-informationen\/#primaryimage"},"thumbnailUrl":"https:\/\/serversmtp.com\/wp-content\/uploads\/2018\/06\/gdpr-esporta.png","datePublished":"2018-06-27T12:21:06+00:00","dateModified":"2026-01-15T14:09:07+00:00","breadcrumb":{"@id":"https:\/\/serversmtp.com\/de\/datenschutzerklarung-eu-verordnung-2016-79-dsgvo\/zugriff-export-aenderung-und-entfernung-von-informationen\/#breadcrumb"},"inLanguage":"de","potentialAction":[{"@type":"ReadAction","target":["https:\/\/serversmtp.com\/de\/datenschutzerklarung-eu-verordnung-2016-79-dsgvo\/zugriff-export-aenderung-und-entfernung-von-informationen\/"]}]},{"@type":"ImageObject","inLanguage":"de","@id":"https:\/\/serversmtp.com\/de\/datenschutzerklarung-eu-verordnung-2016-79-dsgvo\/zugriff-export-aenderung-und-entfernung-von-informationen\/#primaryimage","url":"https:\/\/serversmtp.com\/wp-content\/uploads\/2018\/06\/gdpr-esporta.png","contentUrl":"https:\/\/serversmtp.com\/wp-content\/uploads\/2018\/06\/gdpr-esporta.png"},{"@type":"BreadcrumbList","@id":"https:\/\/serversmtp.com\/de\/datenschutzerklarung-eu-verordnung-2016-79-dsgvo\/zugriff-export-aenderung-und-entfernung-von-informationen\/#breadcrumb","itemListElement":[{"@type":"ListItem","position":1,"name":"Home","item":"https:\/\/serversmtp.com\/de\/"},{"@type":"ListItem","position":2,"name":"DSGVO &#8211; Einf\u00fchrung &#8211; Ziele","item":"https:\/\/serversmtp.com\/de\/datenschutzerklarung-eu-verordnung-2016-79-dsgvo\/"},{"@type":"ListItem","position":3,"name":"Zugriff, Export, \u00c4nderung und Entfernung von Informationen"}]},{"@type":"WebSite","@id":"https:\/\/serversmtp.com\/de\/#website","url":"https:\/\/serversmtp.com\/de\/","name":"smtp mail server - professional SMTP service provider","description":"smtp mail server - professional SMTP service provider","publisher":{"@id":"https:\/\/serversmtp.com\/de\/#organization"},"potentialAction":[{"@type":"SearchAction","target":{"@type":"EntryPoint","urlTemplate":"https:\/\/serversmtp.com\/de\/?s={search_term_string}"},"query-input":{"@type":"PropertyValueSpecification","valueRequired":true,"valueName":"search_term_string"}}],"inLanguage":"de"},{"@type":"Organization","@id":"https:\/\/serversmtp.com\/de\/#organization","name":"Delivery Tech","url":"https:\/\/serversmtp.com\/de\/","logo":{"@type":"ImageObject","inLanguage":"de","@id":"https:\/\/serversmtp.com\/de\/#\/schema\/logo\/image\/","url":"https:\/\/serversmtp.com\/wp-content\/uploads\/2021\/11\/og-image-2.jpg","contentUrl":"https:\/\/serversmtp.com\/wp-content\/uploads\/2021\/11\/og-image-2.jpg","width":1200,"height":1128,"caption":"Delivery Tech"},"image":{"@id":"https:\/\/serversmtp.com\/de\/#\/schema\/logo\/image\/"}}]}},"_links":{"self":[{"href":"https:\/\/serversmtp.com\/de\/wp-json\/wp\/v2\/pages\/4237"}],"collection":[{"href":"https:\/\/serversmtp.com\/de\/wp-json\/wp\/v2\/pages"}],"about":[{"href":"https:\/\/serversmtp.com\/de\/wp-json\/wp\/v2\/types\/page"}],"author":[{"embeddable":true,"href":"https:\/\/serversmtp.com\/de\/wp-json\/wp\/v2\/users\/2"}],"replies":[{"embeddable":true,"href":"https:\/\/serversmtp.com\/de\/wp-json\/wp\/v2\/comments?post=4237"}],"version-history":[{"count":5,"href":"https:\/\/serversmtp.com\/de\/wp-json\/wp\/v2\/pages\/4237\/revisions"}],"predecessor-version":[{"id":23041,"href":"https:\/\/serversmtp.com\/de\/wp-json\/wp\/v2\/pages\/4237\/revisions\/23041"}],"up":[{"embeddable":true,"href":"https:\/\/serversmtp.com\/de\/wp-json\/wp\/v2\/pages\/4233"}],"wp:attachment":[{"href":"https:\/\/serversmtp.com\/de\/wp-json\/wp\/v2\/media?parent=4237"}],"curies":[{"name":"wp","href":"https:\/\/api.w.org\/{rel}","templated":true}]}}