{"id":4236,"date":"2018-06-27T14:20:32","date_gmt":"2018-06-27T12:20:32","guid":{"rendered":"https:\/\/serversmtp.com\/?page_id=4236"},"modified":"2026-01-15T15:07:52","modified_gmt":"2026-01-15T14:07:52","slug":"wie-delivery-tech-ihre-informationen-verwendet","status":"publish","type":"page","link":"https:\/\/serversmtp.com\/de\/datenschutzerklarung-eu-verordnung-2016-79-dsgvo\/wie-delivery-tech-ihre-informationen-verwendet\/","title":{"rendered":"Wie Edisplay Ihre Informationen verwendet"},"content":{"rendered":"<p><img decoding=\"async\" class=\"aligncenter size-full wp-image-4046\" src=\"https:\/\/serversmtp.com\/wp-content\/uploads\/2018\/06\/GDPR-intro.png\" alt=\"\" width=\"1280\" height=\"700\" srcset=\"https:\/\/serversmtp.com\/wp-content\/uploads\/2018\/06\/GDPR-intro.png 1280w, https:\/\/serversmtp.com\/wp-content\/uploads\/2018\/06\/GDPR-intro-300x164.png 300w, https:\/\/serversmtp.com\/wp-content\/uploads\/2018\/06\/GDPR-intro-768x420.png 768w, https:\/\/serversmtp.com\/wp-content\/uploads\/2018\/06\/GDPR-intro-1024x560.png 1024w, https:\/\/serversmtp.com\/wp-content\/uploads\/2018\/06\/GDPR-intro-968x529.png 968w, https:\/\/serversmtp.com\/wp-content\/uploads\/2018\/06\/GDPR-intro-636x348.png 636w, https:\/\/serversmtp.com\/wp-content\/uploads\/2018\/06\/GDPR-intro-320x175.png 320w, https:\/\/serversmtp.com\/wp-content\/uploads\/2018\/06\/GDPR-intro-239x131.png 239w\" sizes=\"(max-width: 1280px) 100vw, 1280px\" \/><\/p>\n<ul class=\"g1-grid\"><li class=\"g1-column g1-one-fourth g1-valign-top\">\n<h4>Zweck und Ziele der Datenverarbeitung \u2013 Rechtsgrundlagen als Verantwortlicher<\/h4>\n<\/li><!-- -->\n<li class=\"g1-column g1-three-fourth g1-valign-top\">\n<p>Wir verarbeiten deine Informationen, um unsere Ziele sowie die Ziele Dritter zu verfolgen, und wenden geeignete Schutzma\u00dfnahmen an, um deine Privatsph\u00e4re zu sch\u00fctzen.<\/p>\n<p>Der Hauptzweck der Erhebung personenbezogener Daten besteht darin, ein sicheres, optimales, effizientes und personalisiertes Erlebnis zu bieten. Um dieses Ziel zu erreichen, informieren wir dich dar\u00fcber, dass wir berechtigte Interessen verfolgen, wie in Art. 6 DSGVO zur Rechtm\u00e4\u00dfigkeit der Verarbeitung vorgesehen: \u00abEin berechtigtes Interesse des Verantwortlichen kann auch die Verarbeitung personenbezogener Daten sein, die zur Betrugspr\u00e4vention unbedingt erforderlich ist. Die Verarbeitung personenbezogener Daten zum Zwecke der Direktwerbung kann als eine einem berechtigten Interesse dienende Verarbeitung betrachtet werden\u00bb.<\/p>\n<p>Wir versichern dir, dass deine Daten ausschlie\u00dflich zu folgenden Zwecken verwendet werden:<\/p>\n\n<ul id=\"\" class=\"g1-list g1-list--upper-alpha g1-list--none \">\n<li><strong>Die Nutzung unserer Dienste zu f\u00f6rdern<\/strong>. Wenn du Informationen anforderst oder dich f\u00fcr kostenlose Dienste registrierst und uns dabei deine Daten hinterl\u00e4sst, k\u00f6nnen wir dich telefonisch kontaktieren oder dir eine E-Mail senden:\n<ul id=\"\" class=\"g1-list g1-list--upper-alpha g1-list--none \" style=\"list-style-type: lower-alpha;\">\n<li>um dich um ein Feedback zu bitten;<\/li>\n<li>um dir vorzuschlagen, dich f\u00fcr einen unserer Dienste, Anwendungen oder Softwarel\u00f6sungen zu registrieren.<\/li>\n<\/ul>\n<p>Wenn du bereits einen unserer Dienste (kostenlos oder kostenpflichtig) nutzt und wir der Auffassung sind, dass du von einem weiteren Dienst, einer Anwendung oder Software von eDisplay Srl profitieren k\u00f6nntest, k\u00f6nnen wir dir hierzu eine E-Mail senden oder dich kontaktieren, um dir informative und werbliche Inhalte zuzusenden \u2013 entsprechend deinen Marketingpr\u00e4ferenzen.<\/li>\n<li><strong>Zur Rechnungsstellung oder zum Versand von Zahlungshinweisen<\/strong>. Wir k\u00f6nnen deine Daten verwenden, um dir E-Mails mit Rechnungen, Quittungen oder Mahnungen zu senden. Wir nutzen Dritte f\u00fcr die sichere Abwicklung von Kreditkartentransaktionen und \u00fcbermitteln diesen Dritten Abrechnungsdaten, um deine Bestellungen und Zahlungen zu verarbeiten.<\/li>\n<li><strong>Zum Versand von Systembenachrichtigungen<\/strong>. Du kannst Mitteilungen zu Diensten, Anwendungen oder Software von eDisplay Srl erhalten, die du nutzt. Ziel ist es, dich zu informieren im Falle von:\n<ul id=\"\" class=\"g1-list g1-list--upper-alpha g1-list--none \" style=\"list-style-type: lower-alpha;\">\n<li>vor\u00fcbergehenden oder dauerhaften \u00c4nderungen unserer Dienste, Anwendungen oder Software;<\/li>\n<li>\u00c4nderungen der Nutzungsbedingungen;<\/li>\n<li>geplanten Unterbrechungen;<\/li>\n<li>neuen Funktionen;<\/li>\n<li>Versionsaktualisierungen;<\/li>\n<li>Hinweisen auf Missbrauch oder eine Verletzung des Schutzes personenbezogener Daten (auch <em>Data Breach<\/em> genannt);<\/li>\n<li>Aktualisierungen und \u00c4nderungen unserer Datenschutzerkl\u00e4rung.<\/li>\n<\/ul>\n<\/li>\n<li><strong>Zur Bereitstellung von Support<\/strong>. Wir k\u00f6nnen mit dir oder mit den Abonnenten deiner Kontaktliste kommunizieren, um Unterst\u00fctzung und Support in Bezug auf die genutzten Dienste, Anwendungen und Software bereitzustellen.<\/li>\n<li><strong>Aus rechtlichen Gr\u00fcnden<\/strong>. Du kannst Mitteilungen rechtlicher Art erhalten, z. B. zur Einhaltung gerichtlicher Anordnungen.<\/li>\n<li><strong>Zur Bereitstellung von Informationen an Vertreter und Berater, einschlie\u00dflich Anw\u00e4lte und Steuerberater<\/strong>. Zur Einhaltung gesetzlicher, buchhalterischer oder sicherheitsrelevanter Anforderungen k\u00f6nnen deine Informationen verwendet werden.<\/li>\n<li><strong>Zur Beantwortung berechtigter Anfragen \u00f6ffentlicher Beh\u00f6rden<\/strong>. Wenn eine \u00f6ffentliche Beh\u00f6rde eine berechtigte Anfrage stellt, die durch Anforderungen der nationalen Sicherheit oder durch die Durchsetzung des Gesetzes begr\u00fcndet ist, k\u00f6nnen deine Daten verwendet werden.<\/li>\n<li><strong>Zur \u00dcbertragung deiner Informationen im Falle von Verkauf, Fusion, Konsolidierung, Liquidation, Reorganisation oder \u00dcbernahme<\/strong>. In diesem Fall unterliegt jeder K\u00e4ufer unseren Verpflichtungen gem\u00e4\u00df dieser Datenschutzerkl\u00e4rung, einschlie\u00dflich der Rechte auf Zugriff und Wahlm\u00f6glichkeiten. Wir informieren dich \u00fcber die \u00c4nderung, indem wir dir eine E-Mail senden oder einen Hinweis auf unserer Website ver\u00f6ffentlichen.<\/li>\n<\/ul>\n\n<\/li><!-- --><\/ul>\n<div  class=\"g1-divider g1-divider--none g1-divider--noicon \"><\/div>\n<ul class=\"g1-grid\"><li class=\"g1-column g1-one-fourth g1-valign-top\">\n<h4>Wann eDisplay Srl deine Informationen weitergibt \u2013 Empf\u00e4nger der Daten<\/h4>\n<\/li><!-- -->\n<li class=\"g1-column g1-three-fourth g1-valign-top\">\n<p>Die erhobenen personenbezogenen Daten sind f\u00fcr kommerzielle, buchhalterische und technische Supportleistungen von eDisplay Srl bestimmt; au\u00dferdem k\u00f6nnen sie an Auftragnehmer \u00fcbermittelt werden, an die sich eDisplay Srl im Rahmen der Durchf\u00fchrung der Dienste wendet.<br \/>\nPersonenbezogene Daten d\u00fcrfen ohne deine ausdr\u00fcckliche Einwilligung nicht zu Marketingzwecken an Dritte weitergegeben werden. Die Offenlegung personenbezogener Daten, die du uns zur Verf\u00fcgung gestellt hast, gegen\u00fcber Dritten kann nur in den folgenden F\u00e4llen erfolgen:<\/p>\n\n<ul id=\"\" class=\"g1-list g1-list--upper-alpha g1-list--none \">\n<li>mit deiner Genehmigung;<\/li>\n<li>auf Anfrage zust\u00e4ndiger Rechtsbeh\u00f6rden, aufgrund eines gerichtlichen Ersuchens oder im Rahmen eines Rechtsstreits.<\/li>\n<\/ul>\n\n<\/li><!-- --><\/ul>\n<div  class=\"g1-divider g1-divider--none g1-divider--noicon \"><\/div>\n<ul class=\"g1-grid\"><li class=\"g1-column g1-one-fourth g1-valign-top\">\n<h4>Zweck und Ziele der Datenverarbeitung als Auftragsverarbeiter \u2013 B2B-Nutzer<\/h4>\n<\/li><!-- -->\n<li class=\"g1-column g1-three-fourth g1-valign-top\">\n<p>Wenn du unsere Dienste nutzt, kannst du personenbezogene Informationen, die du von deinen Abonnenten oder von anderen Personen erhoben hast, in unser System importieren. Wir haben keine direkte Beziehung zu deinen Abonnenten oder zu anderen Personen als dir; daher liegt es in deiner Verantwortung sicherzustellen, dass du \u00fcber die entsprechende Berechtigung zur Erhebung und Verarbeitung der Daten dieser betroffenen Personen verf\u00fcgst.<br \/>\nIn \u00dcbereinstimmung mit den einschl\u00e4gigen Vorgaben der DSGVO k\u00f6nnen wir deine personenbezogenen Informationen oder die deiner Abonnenten an Unternehmen \u00fcbermitteln, die uns unterst\u00fctzen und uns helfen, unsere Dienste sicherzustellen.<br \/>\nZu statistischen oder Forschungszwecken k\u00f6nnen wir die \u00fcber unsere Dienste erhobenen Informationen in Kategorien einteilen. Konkret sprechen wir von:<\/p>\n\n<ul id=\"\" class=\"g1-list g1-list--upper-alpha g1-list--none \">\n<li>Daten, die du uns direkt zur Verf\u00fcgung stellst;<\/li>\n<li>Daten, die von dir erhoben werden;<\/li>\n<li>Daten, die unterschiedslos von den Abonnenten deiner Listen erhoben werden.<\/li>\n<\/ul>\n\n<\/li><!-- --><\/ul>\n<div  class=\"g1-divider g1-divider--none g1-divider--noicon \"><\/div>\n<ul class=\"g1-grid\"><li class=\"g1-column g1-one-fourth g1-valign-top\">\n<h4>Datenverarbeitung zur Bereitstellung, Unterst\u00fctzung und Verbesserung der von uns angebotenen Dienste sowie zur Abgabe von Empfehlungen<\/h4>\n<\/li><!-- -->\n<li class=\"g1-column g1-three-fourth g1-valign-top\">\n<p>Wir erheben Daten zu legitimen und klar definierten Zwecken:<\/p>\n\n<ul id=\"\" class=\"g1-list g1-list--upper-alpha g1-list--none \">\n<li><strong>um bessere Dienste anzubieten und dir immer genauere Statistiken bereitzustellen<\/strong>, die dir helfen, die Performance deiner Kampagnen und die Zustellrate von E-Mails zu erh\u00f6hen;<\/li>\n<li><strong>um neue Funktionen hinzuzuf\u00fcgen<\/strong>, um unseren Nutzern das bestm\u00f6gliche Angebot zu gew\u00e4hrleisten;<\/li>\n<li><strong>um dir Produkte oder Dienstleistungen vorzuschlagen, die interessant sein k\u00f6nnten<\/strong> oder f\u00fcr dich bzw. die Abonnenten deiner Listen relevant sein k\u00f6nnten (einige dieser Vorschl\u00e4ge werden von unseren \u201eData-Science\u201c-Algorithmen generiert).<\/li>\n<\/ul>\n\n<p>Profiling erm\u00f6glicht es uns, personenbezogene Informationen mit anderen Informationen zu kombinieren, die wir \u00fcber dich erheben oder erhalten (z. B. Informationen von unseren Partnern, die Kreditkartenzahlungen abwickeln), um dir auf Grundlage deiner Pr\u00e4ferenzen oder Einschr\u00e4nkungen personalisierte Dienste bereitzustellen oder zu Werbe- bzw. Targeting-Zwecken gem\u00e4\u00df dieser Datenschutzerkl\u00e4rung.<br \/>\nWenn wir personenbezogene Informationen auf diese Weise mit anderen Informationen kombinieren, verarbeiten wir sie unter strikter Einhaltung s\u00e4mtlicher anwendbarer Sicherheitsma\u00dfnahmen f\u00fcr die Verarbeitung personenbezogener Daten, die in dieser Datenschutzerkl\u00e4rung enthalten sind.<\/p>\n<\/li><!-- --><\/ul>\n<div  class=\"g1-divider g1-divider--none g1-divider--noicon \"><\/div>\n<ul class=\"g1-grid\"><li class=\"g1-column g1-one-fourth g1-valign-top\">\n<h4>Profiling<\/h4>\n<\/li><!-- -->\n<li class=\"g1-column g1-three-fourth g1-valign-top\">\n<p>Wir verarbeiten deine Daten auch zu Zwecken des Direktmarketings; du hast jedoch jederzeit die M\u00f6glichkeit, dieser Art von T\u00e4tigkeit zu widersprechen. Au\u00dferdem wirst du stets dar\u00fcber informiert, wie, wo und wann wir diese Ma\u00dfnahme anwenden.<br \/>\nIn unseren Diensten findet keine automatisierte Verarbeitung statt, die rechtliche Wirkungen entfalten k\u00f6nnte, die dich betreffen, oder die dich in \u00e4hnlicher Weise erheblich beeintr\u00e4chtigt.<\/p>\n<\/li><!-- --><\/ul>\n","protected":false},"excerpt":{"rendered":"","protected":false},"author":2,"featured_media":0,"parent":4233,"menu_order":3,"comment_status":"closed","ping_status":"closed","template":"","meta":{"_eb_attr":"","inline_featured_image":false,"_monsterinsights_skip_tracking":false,"_monsterinsights_sitenote_active":false,"_monsterinsights_sitenote_note":"","_monsterinsights_sitenote_category":0,"footnotes":""},"class_list":["post-4236","page","type-page","status-publish"],"yoast_head":"<!-- This site is optimized with the Yoast SEO plugin v25.3.1 - https:\/\/yoast.com\/wordpress\/plugins\/seo\/ -->\n<title>Wie Edisplay Ihre Informationen verwendet - smtp mail server - professional SMTP service provider<\/title>\n<meta name=\"robots\" content=\"index, follow, max-snippet:-1, max-image-preview:large, max-video-preview:-1\" \/>\n<link rel=\"canonical\" href=\"https:\/\/serversmtp.com\/de\/datenschutzerklarung-eu-verordnung-2016-79-dsgvo\/wie-delivery-tech-ihre-informationen-verwendet\/\" \/>\n<meta name=\"twitter:label1\" content=\"Gesch\u00e4tzte Lesezeit\" \/>\n\t<meta name=\"twitter:data1\" content=\"5\u00a0Minuten\" \/>\n<!-- \/ Yoast SEO plugin. -->","yoast_head_json":{"title":"Wie Edisplay Ihre Informationen verwendet - smtp mail server - professional SMTP service provider","robots":{"index":"index","follow":"follow","max-snippet":"max-snippet:-1","max-image-preview":"max-image-preview:large","max-video-preview":"max-video-preview:-1"},"canonical":"https:\/\/serversmtp.com\/de\/datenschutzerklarung-eu-verordnung-2016-79-dsgvo\/wie-delivery-tech-ihre-informationen-verwendet\/","twitter_misc":{"Gesch\u00e4tzte Lesezeit":"5\u00a0Minuten"},"schema":{"@context":"https:\/\/schema.org","@graph":[{"@type":"WebPage","@id":"https:\/\/serversmtp.com\/de\/datenschutzerklarung-eu-verordnung-2016-79-dsgvo\/wie-delivery-tech-ihre-informationen-verwendet\/","url":"https:\/\/serversmtp.com\/de\/datenschutzerklarung-eu-verordnung-2016-79-dsgvo\/wie-delivery-tech-ihre-informationen-verwendet\/","name":"Wie Edisplay Ihre Informationen verwendet - smtp mail server - professional SMTP service provider","isPartOf":{"@id":"https:\/\/serversmtp.com\/#website"},"primaryImageOfPage":{"@id":"https:\/\/serversmtp.com\/de\/datenschutzerklarung-eu-verordnung-2016-79-dsgvo\/wie-delivery-tech-ihre-informationen-verwendet\/#primaryimage"},"image":{"@id":"https:\/\/serversmtp.com\/de\/datenschutzerklarung-eu-verordnung-2016-79-dsgvo\/wie-delivery-tech-ihre-informationen-verwendet\/#primaryimage"},"thumbnailUrl":"https:\/\/serversmtp.com\/wp-content\/uploads\/2018\/06\/GDPR-intro.png","datePublished":"2018-06-27T12:20:32+00:00","dateModified":"2026-01-15T14:07:52+00:00","breadcrumb":{"@id":"https:\/\/serversmtp.com\/de\/datenschutzerklarung-eu-verordnung-2016-79-dsgvo\/wie-delivery-tech-ihre-informationen-verwendet\/#breadcrumb"},"inLanguage":"de","potentialAction":[{"@type":"ReadAction","target":["https:\/\/serversmtp.com\/de\/datenschutzerklarung-eu-verordnung-2016-79-dsgvo\/wie-delivery-tech-ihre-informationen-verwendet\/"]}]},{"@type":"ImageObject","inLanguage":"de","@id":"https:\/\/serversmtp.com\/de\/datenschutzerklarung-eu-verordnung-2016-79-dsgvo\/wie-delivery-tech-ihre-informationen-verwendet\/#primaryimage","url":"https:\/\/serversmtp.com\/wp-content\/uploads\/2018\/06\/GDPR-intro.png","contentUrl":"https:\/\/serversmtp.com\/wp-content\/uploads\/2018\/06\/GDPR-intro.png"},{"@type":"BreadcrumbList","@id":"https:\/\/serversmtp.com\/de\/datenschutzerklarung-eu-verordnung-2016-79-dsgvo\/wie-delivery-tech-ihre-informationen-verwendet\/#breadcrumb","itemListElement":[{"@type":"ListItem","position":1,"name":"Home","item":"https:\/\/serversmtp.com\/de\/"},{"@type":"ListItem","position":2,"name":"DSGVO &#8211; Einf\u00fchrung &#8211; Ziele","item":"https:\/\/serversmtp.com\/de\/datenschutzerklarung-eu-verordnung-2016-79-dsgvo\/"},{"@type":"ListItem","position":3,"name":"Wie Edisplay Ihre Informationen verwendet"}]},{"@type":"WebSite","@id":"https:\/\/serversmtp.com\/#website","url":"https:\/\/serversmtp.com\/","name":"smtp mail server - professional SMTP service provider","description":"smtp mail server - professional SMTP service provider","publisher":{"@id":"https:\/\/serversmtp.com\/#organization"},"potentialAction":[{"@type":"SearchAction","target":{"@type":"EntryPoint","urlTemplate":"https:\/\/serversmtp.com\/?s={search_term_string}"},"query-input":{"@type":"PropertyValueSpecification","valueRequired":true,"valueName":"search_term_string"}}],"inLanguage":"de"},{"@type":"Organization","@id":"https:\/\/serversmtp.com\/#organization","name":"Delivery Tech","url":"https:\/\/serversmtp.com\/","logo":{"@type":"ImageObject","inLanguage":"de","@id":"https:\/\/serversmtp.com\/#\/schema\/logo\/image\/","url":"https:\/\/serversmtp.com\/wp-content\/uploads\/2021\/11\/og-image-2.jpg","contentUrl":"https:\/\/serversmtp.com\/wp-content\/uploads\/2021\/11\/og-image-2.jpg","width":1200,"height":1128,"caption":"Delivery Tech"},"image":{"@id":"https:\/\/serversmtp.com\/#\/schema\/logo\/image\/"}}]}},"_links":{"self":[{"href":"https:\/\/serversmtp.com\/de\/wp-json\/wp\/v2\/pages\/4236"}],"collection":[{"href":"https:\/\/serversmtp.com\/de\/wp-json\/wp\/v2\/pages"}],"about":[{"href":"https:\/\/serversmtp.com\/de\/wp-json\/wp\/v2\/types\/page"}],"author":[{"embeddable":true,"href":"https:\/\/serversmtp.com\/de\/wp-json\/wp\/v2\/users\/2"}],"replies":[{"embeddable":true,"href":"https:\/\/serversmtp.com\/de\/wp-json\/wp\/v2\/comments?post=4236"}],"version-history":[{"count":4,"href":"https:\/\/serversmtp.com\/de\/wp-json\/wp\/v2\/pages\/4236\/revisions"}],"predecessor-version":[{"id":23039,"href":"https:\/\/serversmtp.com\/de\/wp-json\/wp\/v2\/pages\/4236\/revisions\/23039"}],"up":[{"embeddable":true,"href":"https:\/\/serversmtp.com\/de\/wp-json\/wp\/v2\/pages\/4233"}],"wp:attachment":[{"href":"https:\/\/serversmtp.com\/de\/wp-json\/wp\/v2\/media?parent=4236"}],"curies":[{"name":"wp","href":"https:\/\/api.w.org\/{rel}","templated":true}]}}