{"id":4235,"date":"2018-06-27T14:19:38","date_gmt":"2018-06-27T12:19:38","guid":{"rendered":"https:\/\/serversmtp.com\/?page_id=4235"},"modified":"2026-01-15T15:06:11","modified_gmt":"2026-01-15T14:06:11","slug":"wie-delivery-tech-daten-sammelt","status":"publish","type":"page","link":"https:\/\/serversmtp.com\/de\/datenschutzerklarung-eu-verordnung-2016-79-dsgvo\/wie-delivery-tech-daten-sammelt\/","title":{"rendered":"Wie Edisplay Daten sammelt"},"content":{"rendered":"<p><img decoding=\"async\" class=\"aligncenter size-full wp-image-4048\" src=\"https:\/\/serversmtp.com\/wp-content\/uploads\/2018\/06\/GDPR-raccolta.png\" alt=\"\" width=\"1280\" height=\"700\" srcset=\"https:\/\/serversmtp.com\/wp-content\/uploads\/2018\/06\/GDPR-raccolta.png 1280w, https:\/\/serversmtp.com\/wp-content\/uploads\/2018\/06\/GDPR-raccolta-300x164.png 300w, https:\/\/serversmtp.com\/wp-content\/uploads\/2018\/06\/GDPR-raccolta-768x420.png 768w, https:\/\/serversmtp.com\/wp-content\/uploads\/2018\/06\/GDPR-raccolta-1024x560.png 1024w, https:\/\/serversmtp.com\/wp-content\/uploads\/2018\/06\/GDPR-raccolta-968x529.png 968w, https:\/\/serversmtp.com\/wp-content\/uploads\/2018\/06\/GDPR-raccolta-636x348.png 636w, https:\/\/serversmtp.com\/wp-content\/uploads\/2018\/06\/GDPR-raccolta-320x175.png 320w, https:\/\/serversmtp.com\/wp-content\/uploads\/2018\/06\/GDPR-raccolta-239x131.png 239w\" sizes=\"(max-width: 1280px) 100vw, 1280px\" \/><\/p>\n<ul class=\"g1-grid\"><li class=\"g1-column g1-one-fourth g1-valign-top\">\n<h4>Automatisch von unseren Anwendungen erhobene Daten w\u00e4hrend deiner Aktivit\u00e4ten auf der Website und bei der Nutzung unserer Dienste<\/h4>\n<\/li><!-- -->\n<li class=\"g1-column g1-three-fourth g1-valign-top\">\n<p>Wenn du unsere Dienste nutzt oder eine unserer Websites besuchst, k\u00f6nnen wir \u00fcber System-Logdateien Informationen \u00fcber dich erfassen, wie zum Beispiel:<\/p>\n\n<ul id=\"\" class=\"g1-list g1-list--upper-alpha g1-list--none \">\n<li>deine IP-Adresse;<\/li>\n<li>dein Betriebssystem;<\/li>\n<li>deine ID sowie dein Browsertyp;<\/li>\n<li>deine GPS-Koordinaten.<\/li>\n<\/ul>\n\n<p>Auch deine Aktivit\u00e4ten beim Surfen auf unserer Website k\u00f6nnen nachverfolgt werden, und zwar mittels:<\/p>\n\n<ul id=\"\" class=\"g1-list g1-list--upper-alpha g1-list--none \">\n<li>Tracking-Technologien (wie z. B. Google Analytics) oder \u00e4hnlichen Technologien auf unserer Website, die zur Verwaltung, zur Analyse von Trends, zur Nachverfolgung der Nutzer verwendet werden, um zu verstehen, wie die Website genutzt wird, und um zielgerichtete Werbung anzubieten;<\/li>\n<li>Cookies, um deine Browsereinstellungen zu optimieren.<\/li>\n<\/ul>\n\n<p>Wenn wir eine E-Mail an Abonnenten eines Dienstes oder einer Kontaktliste versenden, k\u00f6nnen wir bestimmte Verhaltensweisen nachverfolgen: Dies geschieht mithilfe von Web Beacons oder Pixel-Tags, propriet\u00e4ren Tracking-Technologien, die in unseren E-Mails enthalten sind und es uns erm\u00f6glichen, die Leistung von E-Mail-Kampagnen zu messen und die angebotenen Funktionen f\u00fcr bestimmte Nutzersegmente zu verbessern.<br \/>\nWeb Beacons erm\u00f6glichen es, Informationen dar\u00fcber zu erfassen, wann du eine E-Mail \u00f6ffnest, deine IP-Adresse, deinen Browser, den Typ des E-Mail-Clients sowie andere \u00e4hnliche Details. Wir setzen Web Beacons auch in E-Mails ein, die nicht Teil eines Massenversands sind.<br \/>\nDie erhobenen Daten werden anschlie\u00dfend verwendet, um dir Berichte dar\u00fcber bereitzustellen, wie deine E-Mail-Kampagne durchgef\u00fchrt und zugestellt wurde und welche Aktionen die Abonnenten deiner Kontaktliste vorgenommen haben.<\/p>\n<p>Wenn du uns kontaktierst und aktiv mit uns interagierst, erfassen wir zudem die Daten, die du dem technischen Support oder dem Kundenservice zur Verf\u00fcgung stellst, w\u00e4hrend du unsere elektronischen Systeme (Online-Chat, Foren, Telefon) nutzt. Diese Informationen werden erfasst als:<\/p>\n\n<ul id=\"\" class=\"g1-list g1-list--upper-alpha g1-list--none \">\n<li>Teile der Logdateien;<\/li>\n<li>Datenbanken von Drittanbietern.<\/li>\n<\/ul>\n\n<p>Zu deiner Beruhigung weisen wir darauf hin, dass diese Daten nicht mit zus\u00e4tzlichen personenbezogenen Informationen verkn\u00fcpft sind und verwendet werden, um:<\/p>\n\n<ul id=\"\" class=\"g1-list g1-list--upper-alpha g1-list--none \">\n<li>anonyme statistische Informationen zu gewinnen;<\/li>\n<li>Kontrollanforderungen hinsichtlich der Nutzungsmodalit\u00e4ten der Dienste zu erf\u00fcllen;<\/li>\n<li>die Feststellung von Verantwortlichkeiten im Falle hypothetischer Computerstraftaten zu erm\u00f6glichen;<\/li>\n<li>deine Supportanfragen nachzuverfolgen, um Probleme schnell und umfassend zu l\u00f6sen;<\/li>\n<li>Informationen dar\u00fcber zu erhalten, wie und wann du unsere Dienste, Anwendungen und Software nutzt, um diese sowohl f\u00fcr dich als auch f\u00fcr alle unsere Nutzer zu verbessern.<\/li>\n<\/ul>\n\n<\/li><!-- --><\/ul>\n<div  class=\"g1-divider g1-divider--none g1-divider--noicon \"><\/div>\n<ul class=\"g1-grid\"><li class=\"g1-column g1-one-fourth g1-valign-top\">\n<h4>Freiwillig zur Nutzung der Dienste bereitgestellte Daten<\/h4>\n<\/li><!-- -->\n<li class=\"g1-column g1-three-fourth g1-valign-top\">\n<p>In vielen F\u00e4llen stellst du uns freiwillig Informationen zur Verf\u00fcgung, die wir erfassen, um dir die von dir angeforderten Leistungen bereitzustellen, insbesondere wenn:<\/p>\n\n<ul id=\"\" class=\"g1-list g1-list--upper-alpha g1-list--none \">\n<li>du dich registrierst und unsere Dienste, Anwendungen und Software nutzt;<\/li>\n<li>du Unterst\u00fctzung durch unser Kundenserviceteam anforderst;<\/li>\n<li>du uns eine Mitteilung per E-Mail sendest;<\/li>\n<li>du ein Kontaktformular ausf\u00fcllst;<\/li>\n<li>du die Dienste mit einer anderen Website oder einem anderen Webdienst integrierst;<\/li>\n<li>du in irgendeiner Form mit uns kommunizierst (auch telefonisch).<\/li>\n<\/ul>\n\n<p>Diese Informationen k\u00f6nnen deinen Vor- und Nachnamen sowie die Daten eines deiner Kunden, die physische Adresse, die E-Mail-Adresse, die Telefonnummer sowie Angaben zu Geschlecht, Beruf, Standort, Kaufhistorie und weitere demografische Informationen umfassen.<br \/>\nIndem du uns diese Informationen zur Verf\u00fcgung stellst, erkl\u00e4rst du dich damit einverstanden, dass sie von uns erhoben, verwendet, in die Vereinigten Staaten \u00fcbertragen und gespeichert werden, wie in unseren DPA und in dieser Datenschutzerkl\u00e4rung beschrieben.<\/p>\n<\/li><!-- --><\/ul>\n<div  class=\"g1-divider g1-divider--none g1-divider--noicon \"><\/div>\n<ul class=\"g1-grid\"><li class=\"g1-column g1-one-fourth g1-valign-top\">\n<h4>Einwilligung zur Datenverarbeitung<\/h4>\n<\/li><!-- -->\n<li class=\"g1-column g1-three-fourth g1-valign-top\">\n<p><strong>Wir haben eine Erkl\u00e4rung zur Einwilligung in die Datenverarbeitung vorgesehen<\/strong>, die in verst\u00e4ndlicher und leicht zug\u00e4nglicher Form ohne missbr\u00e4uchliche Klauseln erstellt wurde. Du kannst jederzeit eine wirklich freie Entscheidung treffen.<br \/>\nBei der Erteilung oder Verweigerung der Einwilligung musst du Folgendes ber\u00fccksichtigen:<\/p>\n\n<ul id=\"\" class=\"g1-list g1-list--upper-alpha g1-list--none \">\n<li>die Notwendigkeit, einer gesetzlichen Verpflichtung nachzukommen, der auch eDisplay als Verantwortlicher f\u00fcr die Verarbeitung unterliegt;<\/li>\n<li>die Notwendigkeit der Durchf\u00fchrung eines Vertrags zur Erbringung eines Dienstes, an dem du interessiert bist;<\/li>\n<li>m\u00f6gliche vorvertragliche Ma\u00dfnahmen zur Bearbeitung von Angebotsanfragen oder zur Nutzung von Demoversionen.<\/li>\n<\/ul>\n\n<p>Du hast jederzeit die M\u00f6glichkeit, deine Einwilligung durch eine eindeutige best\u00e4tigende Handlung zu erteilen, mit der du deinen freien, spezifischen und informierten Willen zur Annahme der Verarbeitung deiner personenbezogenen Daten zum Ausdruck bringst.<br \/>\nJe nach Fall versteht man unter einer \u201eeindeutigen best\u00e4tigenden Handlung\u201c:<\/p>\n\n<ul id=\"\" class=\"g1-list g1-list--upper-alpha g1-list--none \">\n<li>eine schriftliche Erkl\u00e4rung in Papierform;<\/li>\n<li>eine Mitteilung \u00fcber elektronische Mittel (z. B. online auszuf\u00fcllende Formulare) oder in Papierform;<\/li>\n<li>eine m\u00fcndliche Erkl\u00e4rung im Rahmen eines dokumentierten Verfahrens.<\/li>\n<\/ul>\n\n<p>Erfolgt die Mitteilung \u00fcber ein auf der Website auszuf\u00fcllendes Formular, musst du aktiv ein entsprechendes K\u00e4stchen ausw\u00e4hlen: Mit dieser Handlung gibst du klar zu erkennen, dass du der vorgeschlagenen Verarbeitung bewusst zugestimmt hast.<br \/>\nIn anderen F\u00e4llen musst du ein K\u00e4stchen auf einem Papierformular ankreuzen oder bei einer m\u00fcndlichen Mitteilung ausdr\u00fccklich das Wort \u201eJA\u201c auf die Frage der mit der Einholung der Einwilligung betrauten Person erkl\u00e4ren; diese Handlung wird aufgezeichnet und gilt als Nachweis deiner Einwilligung.<br \/>\nDu kannst jederzeit gem\u00e4\u00df den Regeln der DSGVO und den jeweiligen Bedingungen entscheiden, der Verarbeitung deiner Daten zu widersprechen.<\/p>\n<\/li><!-- --><\/ul>\n<div  class=\"g1-divider g1-divider--none g1-divider--noicon \"><\/div>\n<ul class=\"g1-grid\"><li class=\"g1-column g1-one-fourth g1-valign-top\">\n<h4>Aufbewahrung der Daten \u2013 Dauer und Modalit\u00e4ten der Verarbeitung<\/h4>\n<\/li><!-- -->\n<li class=\"g1-column g1-three-fourth g1-valign-top\">\n<p>Wir von eDisplay Srl bem\u00fchen uns, deine Daten \u2013 beschr\u00e4nkt auf die von dir bereitgestellten Informationen \u2013 korrekt und aktuell zu halten. Wir bewahren deine Informationen so lange auf, wie dein Konto aktiv ist, oder so lange, wie es f\u00fcr die Erbringung unserer Dienste erforderlich ist.<br \/>\nDar\u00fcber hinaus k\u00f6nnen wir deine Informationen aufbewahren und verwenden, um unseren gesetzlichen Verpflichtungen nachzukommen, Streitigkeiten beizulegen, Missbrauch zu verhindern und unsere Vereinbarungen durchzusetzen.<br \/>\nDie Daten, die wir zur Erf\u00fcllung vertraglicher Verpflichtungen erheben, sowie Informationen dar\u00fcber, wie und wann du unsere Dienste nutzt, speichern wir in aktiven Datenbanken, Logdateien oder anderen Arten von Datenspeichersystemen, die ordnungsgem\u00e4\u00df gesch\u00fctzt und verschl\u00fcsselt sind.<br \/>\nInsbesondere:<\/p>\n\n<ul id=\"\" class=\"g1-list g1-list--upper-alpha g1-list--none \">\n<li><strong>personenbezogene Daten zur Erf\u00fcllung vertraglicher Bedingungen<\/strong> werden in gesch\u00fctzten <strong>Verwaltungsdatenbanken<\/strong> auf unseren Servern f\u00fcr die <strong>im Vertrag vorgesehene Dauer<\/strong> gespeichert;<\/li>\n<li><strong>personenbezogene Daten, die im Zusammenhang mit vertraglichen und abrechnungsbezogenen Verpflichtungen erhoben werden<\/strong>, werden mittels gesch\u00fctzter <strong>Backups<\/strong> auf unseren Servern f\u00fcr einen <strong>Zeitraum von 5 Jahren<\/strong> nach Beendigung des Vertragsverh\u00e4ltnisses aufbewahrt; als Beendigung des Vertragsverh\u00e4ltnisses gilt die ausdr\u00fcckliche K\u00fcndigung des Vertrags durch den Nutzer, durch eDisplay Srl oder die Nichtnutzung der Dienste \u00fcber einen im DPA festgelegten Zeitraum;<\/li>\n<li><strong>personenbezogene Daten, die f\u00fcr den Zugriff auf unsere Dienste, Anwendungen und Software erhoben werden<\/strong>, sowohl kostenpflichtig als auch als Demo verf\u00fcgbar, mit Zugriff \u00fcber Benutzername und Passwort des jeweiligen Kontos, werden auf unseren Servern in einer <strong>f\u00fcr aktive Konten zug\u00e4nglichen Datenbank<\/strong> gespeichert und anschlie\u00dfend \u00fcber <strong>gesch\u00fctzte Backups<\/strong> auf unseren Servern <strong>f\u00fcr die gesamte Dauer der Nutzung des Dienstes<\/strong> aufbewahrt oder im Falle einer K\u00fcndigung <strong>f\u00fcr 12 Monate archiviert und gespeichert<\/strong>.<\/li>\n<\/ul>\n\n<p>eDisplay Srl ist nicht verpflichtet, alle deine Daten dauerhaft zu speichern: Du kannst auf bestimmte Daten zugreifen, solange ein aktiver Vertrag besteht, sowohl kostenpflichtig als auch kostenlos, und f\u00fcr einen Zeitraum, der je nach Art der Daten und dem gew\u00e4hlten Tarif variiert. Die von uns gespeicherten Informationen k\u00f6nnen Statistiken zu deinem Konto, Inhalte deiner E-Mails, Kontaktlisten usw. umfassen.<\/p>\n<p><strong>Daten, die im Rahmen eines beruflichen Kontakts<\/strong> wie Lebensl\u00e4ufe eingehen, werden archiviert und ordnungsgem\u00e4\u00df <strong>auf PCs gesch\u00fctzt<\/strong> in den daf\u00fcr vorgesehenen Ordnern der Personalabteilung gespeichert, <strong>f\u00fcr den Zeitraum, der zur Durchf\u00fchrung der Personalauswahl erforderlich ist<\/strong>.<br \/>\n<strong>Daten, die \u00fcber Kontaktformulare f\u00fcr allgemeine Informationsanfragen eingehen<\/strong>, werden entsprechend der Art der Anfrage verarbeitet und innerhalb der daf\u00fcr vorgesehenen Fristen beantwortet; gleichzeitig werden sie <strong>ausschlie\u00dflich dem autorisierten Personal zug\u00e4nglich gemacht und aufbewahrt<\/strong>.<\/p>\n<\/li><!-- --><\/ul>\n<div  class=\"g1-divider g1-divider--none g1-divider--noicon \"><\/div>\n<ul class=\"g1-grid\"><li class=\"g1-column g1-one-fourth g1-valign-top\">\n<h4>Daten in den Kontaktlisten unserer Kunden<\/h4>\n<\/li><!-- -->\n<li class=\"g1-column g1-three-fourth g1-valign-top\">\n<p>Wenn du unsere Dienste nutzt, haben wir Zugriff auf die in den E-Mail-Kontaktlisten deines Kontos enthaltenen Informationen sowie auf den Betreff und den Inhalt der von dir versendeten E-Mails.<br \/>\nDiese Daten werden auf sicheren Servern gespeichert, und nur eine begrenzte Anzahl von Personen ist berechtigt, darauf zuzugreifen, insbesondere zur Erbringung von Supportleistungen.<br \/>\nDu kannst deine Kontaktlisten jederzeit einfach aus deinen Konten abrufen, indem du das Exportverfahren nutzt. Dar\u00fcber hinaus ist es jederzeit m\u00f6glich, Kontakte in deinen Konten zu \u00e4ndern und\/oder zu l\u00f6schen.<br \/>\nIn keinem Fall wird eDisplay Srl deine Kontaktlisten an Dritte verkaufen, weitergeben oder vermieten oder sie f\u00fcr andere als die in dieser Datenschutzerkl\u00e4rung festgelegten Zwecke verwenden. Wir nutzen die Informationen deiner Kontaktlisten ausschlie\u00dflich f\u00fcr rechtliche Zwecke, Abrechnungszwecke und gegebenenfalls zur Erstellung aggregierter und nicht systematischer Statistiken, um dir die bestm\u00f6glichen Dienste bereitzustellen.<br \/>\nDenke daran, dass du der Ersteller deiner Kontaktlisten und der zugeh\u00f6rigen E-Mail-Kampagnen bist; daher giltst du gem\u00e4\u00df DSGVO als Verantwortlicher f\u00fcr die Datenverarbeitung, w\u00e4hrend eDisplay Srl ausschlie\u00dflich als Auftragsverarbeiter handelt.<a name=\"cookies\"><\/a><\/p>\n<\/li><!-- --><\/ul>\n<div  class=\"g1-divider g1-divider--none g1-divider--noicon \"><\/div>\n<ul class=\"g1-grid\"><li class=\"g1-column g1-one-fourth g1-valign-top\">\n<h4>Cookies<\/h4>\n<\/li><!-- -->\n<li class=\"g1-column g1-three-fourth g1-valign-top\">\n<p>Einige unserer Webseiten verwenden \u201eCookies\u201c und andere Tracking-Technologien. Ein \u201eCookie\u201c ist eine kleine Textdatei, die beispielsweise dazu verwendet werden kann, Informationen \u00fcber die Aktivit\u00e4ten auf einer Website zu sammeln. Einige Cookies und \u00e4hnliche Technologien k\u00f6nnen dazu dienen, zuvor von einem Webnutzer angegebene personenbezogene Daten abzurufen. Die meisten Browser erm\u00f6glichen es dem Nutzer, Cookies zu kontrollieren, einschlie\u00dflich der Option, sie zu akzeptieren oder abzulehnen sowie zu l\u00f6schen.<\/p>\n<p>Die meisten Browser k\u00f6nnen so eingestellt werden, dass sie eine Benachrichtigung anzeigen, wenn ein Cookie empfangen wird, oder dass Cookies direkt \u00fcber den Browser blockiert werden. Es ist jedoch zu beachten, dass bei der Entscheidung, Cookies zu l\u00f6schen oder zu blockieren, der Benutzername und das Passwort erneut eingegeben werden m\u00fcssen, um auf bestimmte Bereiche der Website zuzugreifen.<\/p>\n<p>Tracking-Technologien k\u00f6nnen Informationen wie Internet-Domain und Hostnamen, IP-Adresse, verwendeten Browser- und Betriebssystemtyp, Klickpfade sowie Datum und Uhrzeit des Zugriffs auf unsere Website erfassen. Die Verwendung von Cookies und anderen Tracking-Technologien erm\u00f6glicht es uns, unsere Website und dein Surferlebnis zu verbessern. Dar\u00fcber hinaus k\u00f6nnen wir Informationen, die keine personenbezogenen Daten enthalten, zu statistischen Zwecken analysieren.<\/p>\n<\/li><!-- --><\/ul>\n","protected":false},"excerpt":{"rendered":"","protected":false},"author":2,"featured_media":0,"parent":4233,"menu_order":2,"comment_status":"closed","ping_status":"closed","template":"","meta":{"_eb_attr":"","inline_featured_image":false,"_monsterinsights_skip_tracking":false,"_monsterinsights_sitenote_active":false,"_monsterinsights_sitenote_note":"","_monsterinsights_sitenote_category":0,"footnotes":""},"class_list":["post-4235","page","type-page","status-publish"],"yoast_head":"<!-- This site is optimized with the Yoast SEO plugin v25.3.1 - https:\/\/yoast.com\/wordpress\/plugins\/seo\/ -->\n<title>Wie Edisplay Daten sammelt - smtp mail server - professional SMTP service provider<\/title>\n<meta name=\"robots\" content=\"index, follow, max-snippet:-1, max-image-preview:large, max-video-preview:-1\" \/>\n<link rel=\"canonical\" href=\"https:\/\/serversmtp.com\/de\/datenschutzerklarung-eu-verordnung-2016-79-dsgvo\/wie-delivery-tech-daten-sammelt\/\" \/>\n<meta name=\"twitter:label1\" content=\"Gesch\u00e4tzte Lesezeit\" \/>\n\t<meta name=\"twitter:data1\" content=\"8\u00a0Minuten\" \/>\n<!-- \/ Yoast SEO plugin. -->","yoast_head_json":{"title":"Wie Edisplay Daten sammelt - smtp mail server - professional SMTP service provider","robots":{"index":"index","follow":"follow","max-snippet":"max-snippet:-1","max-image-preview":"max-image-preview:large","max-video-preview":"max-video-preview:-1"},"canonical":"https:\/\/serversmtp.com\/de\/datenschutzerklarung-eu-verordnung-2016-79-dsgvo\/wie-delivery-tech-daten-sammelt\/","twitter_misc":{"Gesch\u00e4tzte Lesezeit":"8\u00a0Minuten"},"schema":{"@context":"https:\/\/schema.org","@graph":[{"@type":"WebPage","@id":"https:\/\/serversmtp.com\/de\/datenschutzerklarung-eu-verordnung-2016-79-dsgvo\/wie-delivery-tech-daten-sammelt\/","url":"https:\/\/serversmtp.com\/de\/datenschutzerklarung-eu-verordnung-2016-79-dsgvo\/wie-delivery-tech-daten-sammelt\/","name":"Wie Edisplay Daten sammelt - smtp mail server - professional SMTP service provider","isPartOf":{"@id":"https:\/\/serversmtp.com\/sv\/#website"},"primaryImageOfPage":{"@id":"https:\/\/serversmtp.com\/de\/datenschutzerklarung-eu-verordnung-2016-79-dsgvo\/wie-delivery-tech-daten-sammelt\/#primaryimage"},"image":{"@id":"https:\/\/serversmtp.com\/de\/datenschutzerklarung-eu-verordnung-2016-79-dsgvo\/wie-delivery-tech-daten-sammelt\/#primaryimage"},"thumbnailUrl":"https:\/\/serversmtp.com\/wp-content\/uploads\/2018\/06\/GDPR-raccolta.png","datePublished":"2018-06-27T12:19:38+00:00","dateModified":"2026-01-15T14:06:11+00:00","breadcrumb":{"@id":"https:\/\/serversmtp.com\/de\/datenschutzerklarung-eu-verordnung-2016-79-dsgvo\/wie-delivery-tech-daten-sammelt\/#breadcrumb"},"inLanguage":"de","potentialAction":[{"@type":"ReadAction","target":["https:\/\/serversmtp.com\/de\/datenschutzerklarung-eu-verordnung-2016-79-dsgvo\/wie-delivery-tech-daten-sammelt\/"]}]},{"@type":"ImageObject","inLanguage":"de","@id":"https:\/\/serversmtp.com\/de\/datenschutzerklarung-eu-verordnung-2016-79-dsgvo\/wie-delivery-tech-daten-sammelt\/#primaryimage","url":"https:\/\/serversmtp.com\/wp-content\/uploads\/2018\/06\/GDPR-raccolta.png","contentUrl":"https:\/\/serversmtp.com\/wp-content\/uploads\/2018\/06\/GDPR-raccolta.png"},{"@type":"BreadcrumbList","@id":"https:\/\/serversmtp.com\/de\/datenschutzerklarung-eu-verordnung-2016-79-dsgvo\/wie-delivery-tech-daten-sammelt\/#breadcrumb","itemListElement":[{"@type":"ListItem","position":1,"name":"Home","item":"https:\/\/serversmtp.com\/de\/"},{"@type":"ListItem","position":2,"name":"DSGVO &#8211; Einf\u00fchrung &#8211; Ziele","item":"https:\/\/serversmtp.com\/de\/datenschutzerklarung-eu-verordnung-2016-79-dsgvo\/"},{"@type":"ListItem","position":3,"name":"Wie Edisplay Daten sammelt"}]},{"@type":"WebSite","@id":"https:\/\/serversmtp.com\/sv\/#website","url":"https:\/\/serversmtp.com\/sv\/","name":"smtp mail server - professional SMTP service provider","description":"smtp mail server - professional SMTP service provider","publisher":{"@id":"https:\/\/serversmtp.com\/sv\/#organization"},"potentialAction":[{"@type":"SearchAction","target":{"@type":"EntryPoint","urlTemplate":"https:\/\/serversmtp.com\/sv\/?s={search_term_string}"},"query-input":{"@type":"PropertyValueSpecification","valueRequired":true,"valueName":"search_term_string"}}],"inLanguage":"de"},{"@type":"Organization","@id":"https:\/\/serversmtp.com\/sv\/#organization","name":"Delivery Tech","url":"https:\/\/serversmtp.com\/sv\/","logo":{"@type":"ImageObject","inLanguage":"de","@id":"https:\/\/serversmtp.com\/sv\/#\/schema\/logo\/image\/","url":"https:\/\/serversmtp.com\/wp-content\/uploads\/2021\/11\/og-image-2.jpg","contentUrl":"https:\/\/serversmtp.com\/wp-content\/uploads\/2021\/11\/og-image-2.jpg","width":1200,"height":1128,"caption":"Delivery Tech"},"image":{"@id":"https:\/\/serversmtp.com\/sv\/#\/schema\/logo\/image\/"}}]}},"_links":{"self":[{"href":"https:\/\/serversmtp.com\/de\/wp-json\/wp\/v2\/pages\/4235"}],"collection":[{"href":"https:\/\/serversmtp.com\/de\/wp-json\/wp\/v2\/pages"}],"about":[{"href":"https:\/\/serversmtp.com\/de\/wp-json\/wp\/v2\/types\/page"}],"author":[{"embeddable":true,"href":"https:\/\/serversmtp.com\/de\/wp-json\/wp\/v2\/users\/2"}],"replies":[{"embeddable":true,"href":"https:\/\/serversmtp.com\/de\/wp-json\/wp\/v2\/comments?post=4235"}],"version-history":[{"count":6,"href":"https:\/\/serversmtp.com\/de\/wp-json\/wp\/v2\/pages\/4235\/revisions"}],"predecessor-version":[{"id":23037,"href":"https:\/\/serversmtp.com\/de\/wp-json\/wp\/v2\/pages\/4235\/revisions\/23037"}],"up":[{"embeddable":true,"href":"https:\/\/serversmtp.com\/de\/wp-json\/wp\/v2\/pages\/4233"}],"wp:attachment":[{"href":"https:\/\/serversmtp.com\/de\/wp-json\/wp\/v2\/media?parent=4235"}],"curies":[{"name":"wp","href":"https:\/\/api.w.org\/{rel}","templated":true}]}}